{"id":2119,"date":"2024-10-16T12:03:50","date_gmt":"2024-10-16T12:03:50","guid":{"rendered":"https:\/\/www.jy-electric.com\/?post_type=product&#038;p=2119"},"modified":"2025-03-09T11:35:07","modified_gmt":"2025-03-09T11:35:07","slug":"ha-clear-cover-surface-waterproof-outdoor-waterproof-enclosure","status":"publish","type":"product","link":"https:\/\/www.jyiele.com\/pl\/product\/ha-clear-cover-surface-waterproof-outdoor-waterproof-enclosure\/","title":{"rendered":"Wodoodporna obudowa zewn\u0119trzna z przezroczyst\u0105 pokryw\u0105 serii HA"},"content":{"rendered":"<h2>Kluczowe cechy i zalety:<\/h2>\n<p><strong>Ukryta klamra:<\/strong> Elegancka konstrukcja z ukryt\u0105 klamr\u0105 zapewnia dodatkow\u0105 ochron\u0119 i schludny wygl\u0105d.<br \/>\n<strong>Wodoodporny i py\u0142oszczelny:<\/strong> Stopie\u0144 ochrony IP65 z uszczelnionymi otworami na \u015bruby i wodoodpornymi paskami zapewnia maksymaln\u0105 ochron\u0119 przed wod\u0105 i py\u0142em.<br \/>\n<strong>Odporno\u015b\u0107 na uderzenia:<\/strong> Stopie\u0144 ochrony IK08 zapewnia wysok\u0105 odporno\u015b\u0107 na uderzenia, odpowiedni\u0105 do pracy w trudnych warunkach.<br \/>\n<strong>\u0141atwa instalacja:<\/strong> Wst\u0119pnie wywiercone otwory monta\u017cowe i zarezerwowane porty sprawiaj\u0105, \u017ce konfiguracja jest szybka i prosta.<br \/>\n<strong>Odporno\u015b\u0107 na promieniowanie UV i warunki atmosferyczne:<\/strong> Wytrzyma\u0142e materia\u0142y ABS\/PC chroni\u0105 przed promieniowaniem UV i korozj\u0105, idealnie nadaj\u0105c si\u0119 do u\u017cytku na zewn\u0105trz.<\/p>\n<h2 class=\"wp-block-heading\">Specyfikacja produktu<\/h2>\n<figure class=\"wp-block-table\">\n<div class=\"scroll\">\n<table>\n<tbody>\n<tr>\n<td>Model<\/td>\n<td>Sposoby<\/td>\n<td>Stopie\u0144 ochrony IP<\/td>\n<td>Rozmiary produktu (d\u0142. * szer. * wys.) mm<\/td>\n<td>waga produktu<\/td>\n<\/tr>\n<tr>\n<td>HA-4<\/td>\n<td>4ways<\/td>\n<td>IP65<\/td>\n<td>140*210*100<\/td>\n<td>0,49 KG<\/td>\n<\/tr>\n<tr>\n<td>HA-8<\/td>\n<td>8 sposob\u00f3w<\/td>\n<td>IP65<\/td>\n<td>215*210*100<\/td>\n<td>0,66 KG<\/td>\n<\/tr>\n<tr>\n<td>HA-12<\/td>\n<td>12ways<\/td>\n<td>IP65<\/td>\n<td>300*260*140<\/td>\n<td>1,32 KG<\/td>\n<\/tr>\n<tr>\n<td>HA-18<\/td>\n<td>15 sposob\u00f3w<\/td>\n<td>IP65<\/td>\n<td>410*285*140<\/td>\n<td>1.9JKG<\/td>\n<\/tr>\n<tr>\n<td>HA-24<\/td>\n<td>18 sposob\u00f3w<\/td>\n<td>IP65<\/td>\n<td>415*300*140<\/td>\n<td>2,1 KG<\/td>\n<\/tr>\n<tr>\n<td>HA-36<\/td>\n<td>24 sposoby<\/td>\n<td>IP65<\/td>\n<td>570*300*140<\/td>\n<td>3 KG<\/td>\n<\/tr>\n<\/tbody>\n<\/table>\n<\/div>\n<\/figure>","protected":false},"excerpt":{"rendered":"<p>Seria HA Clear Cover Surface Waterproof Outdoor Waterproof Enclosure, wykonana z odpornego na uderzenia poliw\u0119glanu lub ABS, jest idealna do trudnych warunk\u00f3w zewn\u0119trznych i przemys\u0142owych.<\/p>\n<p>Model nr: HA-4<br \/>\nMateria\u0142 obudowy: ABS\/PC<br \/>\nKlasa odporno\u015bci na uderzenia: IK08<br \/>\nStopie\u0144 ochrony: IP65<br \/>\nKolor: jasnoszary<br \/>\nWymiary: 140210100mm<br \/>\nZdolno\u015b\u0107 produkcyjna: 100 000 jednostek\/miesi\u0105c<br \/>\nZakres zastosowa\u0144: Budynki wysokie, zewn\u0119trzne systemy elektryczne<\/p>","protected":false},"featured_media":2124,"template":"","meta":{"site-sidebar-layout":"default","site-content-layout":"","ast-site-content-layout":"default","site-content-style":"default","site-sidebar-style":"default","ast-global-header-display":"","ast-banner-title-visibility":"","ast-main-header-display":"","ast-hfb-above-header-display":"","ast-hfb-below-header-display":"","ast-hfb-mobile-header-display":"","site-post-title":"","ast-breadcrumbs-content":"","ast-featured-img":"","footer-sml-layout":"","ast-disable-related-posts":"","theme-transparent-header-meta":"default","adv-header-id-meta":"","stick-header-meta":"","header-above-stick-meta":"","header-main-stick-meta":"","header-below-stick-meta":"","astra-migrate-meta-layouts":"set","ast-page-background-enabled":"default","ast-page-background-meta":{"desktop":{"background-color":"var(--ast-global-color-4)","background-image":"","background-repeat":"repeat","background-position":"center center","background-size":"auto","background-attachment":"scroll","background-type":"","background-media":"","overlay-type":"","overlay-color":"","overlay-opacity":"","overlay-gradient":""},"tablet":{"background-color":"","background-image":"","background-repeat":"repeat","background-position":"center center","background-size":"auto","background-attachment":"scroll","background-type":"","background-media":"","overlay-type":"","overlay-color":"","overlay-opacity":"","overlay-gradient":""},"mobile":{"background-color":"","background-image":"","background-repeat":"repeat","background-position":"center center","background-size":"auto","background-attachment":"scroll","background-type":"","background-media":"","overlay-type":"","overlay-color":"","overlay-opacity":"","overlay-gradient":""}},"ast-content-background-meta":{"desktop":{"background-color":"var(--ast-global-color-5)","background-image":"","background-repeat":"repeat","background-position":"center center","background-size":"auto","background-attachment":"scroll","background-type":"","background-media":"","overlay-type":"","overlay-color":"","overlay-opacity":"","overlay-gradient":""},"tablet":{"background-color":"var(--ast-global-color-5)","background-image":"","background-repeat":"repeat","background-position":"center center","background-size":"auto","background-attachment":"scroll","background-type":"","background-media":"","overlay-type":"","overlay-color":"","overlay-opacity":"","overlay-gradient":""},"mobile":{"background-color":"var(--ast-global-color-5)","background-image":"","background-repeat":"repeat","background-position":"center center","background-size":"auto","background-attachment":"scroll","background-type":"","background-media":"","overlay-type":"","overlay-color":"","overlay-opacity":"","overlay-gradient":""}}},"product_brand":[],"product_cat":[23],"product_tag":[],"class_list":{"0":"post-2119","1":"product","2":"type-product","3":"status-publish","4":"has-post-thumbnail","6":"product_cat-waterproof-plastic-enclosure","7":"desktop-align-left","8":"tablet-align-left","9":"mobile-align-left","11":"first","12":"instock","13":"shipping-taxable","14":"product-type-simple"},"yoast_head":"<!-- This site is optimized with the Yoast SEO plugin v24.8.1 - https:\/\/yoast.com\/wordpress\/plugins\/seo\/ -->\n<title>Clear Cover Surface Outdoor Waterproof Enclosure Manufacturer - JYIELE<\/title>\n<meta name=\"robots\" content=\"index, follow, max-snippet:-1, max-image-preview:large, max-video-preview:-1\" \/>\n<link rel=\"canonical\" href=\"https:\/\/www.jyiele.com\/pl\/product\/ha-clear-cover-surface-waterproof-outdoor-waterproof-enclosure\/\" \/>\n<meta property=\"og:locale\" content=\"pl_PL\" \/>\n<meta property=\"og:type\" content=\"article\" \/>\n<meta property=\"og:title\" content=\"Clear Cover Surface Outdoor Waterproof Enclosure Manufacturer - JYIELE\" \/>\n<meta property=\"og:description\" content=\"The HA Series Clear Cover Surface Waterproof Outdoor Waterproof Enclosure, made from impact-resistant polycarbonate or ABS, are ideal for tough outdoor and industrial environments.  Model NO.: HA-4 Shell Material: ABS\/PC Impact Rating: IK08 Protection Rating: IP65 Color: Light Gray Dimensions: 140210100mm Production Capacity: 100,000 units\/month Application Range: High-rise Buildings, Outdoor Electrical Systems\" \/>\n<meta property=\"og:url\" content=\"https:\/\/www.jyiele.com\/pl\/product\/ha-clear-cover-surface-waterproof-outdoor-waterproof-enclosure\/\" \/>\n<meta property=\"og:site_name\" content=\"JYIELE\" \/>\n<meta property=\"article:modified_time\" content=\"2025-03-09T11:35:07+00:00\" \/>\n<meta property=\"og:image\" content=\"https:\/\/www.jyiele.com\/wp-content\/uploads\/2024\/10\/HA-Series-Clear-Cover-Surface-Waterproof-Outdoor-Waterproof-Enclosure.webp\" \/>\n\t<meta property=\"og:image:width\" content=\"800\" \/>\n\t<meta property=\"og:image:height\" content=\"800\" \/>\n\t<meta property=\"og:image:type\" content=\"image\/webp\" \/>\n<meta name=\"twitter:card\" content=\"summary_large_image\" \/>\n<meta name=\"twitter:label1\" content=\"Szacowany czas czytania\" \/>\n\t<meta name=\"twitter:data1\" content=\"1 minuta\" \/>\n<script type=\"application\/ld+json\" class=\"yoast-schema-graph\">{\"@context\":\"https:\/\/schema.org\",\"@graph\":[{\"@type\":\"WebPage\",\"@id\":\"https:\/\/www.jyiele.com\/product\/ha-clear-cover-surface-waterproof-outdoor-waterproof-enclosure\/\",\"url\":\"https:\/\/www.jyiele.com\/product\/ha-clear-cover-surface-waterproof-outdoor-waterproof-enclosure\/\",\"name\":\"Clear Cover Surface Outdoor Waterproof Enclosure Manufacturer - JYIELE\",\"isPartOf\":{\"@id\":\"https:\/\/www.jyiele.com\/#website\"},\"primaryImageOfPage\":{\"@id\":\"https:\/\/www.jyiele.com\/product\/ha-clear-cover-surface-waterproof-outdoor-waterproof-enclosure\/#primaryimage\"},\"image\":{\"@id\":\"https:\/\/www.jyiele.com\/product\/ha-clear-cover-surface-waterproof-outdoor-waterproof-enclosure\/#primaryimage\"},\"thumbnailUrl\":\"https:\/\/www.jyiele.com\/wp-content\/uploads\/2024\/10\/HA-Series-Clear-Cover-Surface-Waterproof-Outdoor-Waterproof-Enclosure.webp\",\"datePublished\":\"2024-10-16T12:03:50+00:00\",\"dateModified\":\"2025-03-09T11:35:07+00:00\",\"breadcrumb\":{\"@id\":\"https:\/\/www.jyiele.com\/product\/ha-clear-cover-surface-waterproof-outdoor-waterproof-enclosure\/#breadcrumb\"},\"inLanguage\":\"pl-PL\",\"potentialAction\":[{\"@type\":\"ReadAction\",\"target\":[\"https:\/\/www.jyiele.com\/product\/ha-clear-cover-surface-waterproof-outdoor-waterproof-enclosure\/\"]}]},{\"@type\":\"ImageObject\",\"inLanguage\":\"pl-PL\",\"@id\":\"https:\/\/www.jyiele.com\/product\/ha-clear-cover-surface-waterproof-outdoor-waterproof-enclosure\/#primaryimage\",\"url\":\"https:\/\/www.jyiele.com\/wp-content\/uploads\/2024\/10\/HA-Series-Clear-Cover-Surface-Waterproof-Outdoor-Waterproof-Enclosure.webp\",\"contentUrl\":\"https:\/\/www.jyiele.com\/wp-content\/uploads\/2024\/10\/HA-Series-Clear-Cover-Surface-Waterproof-Outdoor-Waterproof-Enclosure.webp\",\"width\":800,\"height\":800,\"caption\":\"HA Series Clear Cover Surface Waterproof Outdoor Waterproof Enclosure\"},{\"@type\":\"BreadcrumbList\",\"@id\":\"https:\/\/www.jyiele.com\/product\/ha-clear-cover-surface-waterproof-outdoor-waterproof-enclosure\/#breadcrumb\",\"itemListElement\":[{\"@type\":\"ListItem\",\"position\":1,\"name\":\"Home\",\"item\":\"https:\/\/www.jyiele.com\/\"},{\"@type\":\"ListItem\",\"position\":2,\"name\":\"Product\",\"item\":\"https:\/\/www.jyiele.com\/product\/\"},{\"@type\":\"ListItem\",\"position\":3,\"name\":\"Waterproof Plastic Enclosure\",\"item\":\"https:\/\/www.jyiele.com\/ja\/product-category\/waterproof-plastic-enclosure\/\"},{\"@type\":\"ListItem\",\"position\":4,\"name\":\"HA Series Clear Cover Surface Waterproof Outdoor Waterproof Enclosure\"}]},{\"@type\":\"WebSite\",\"@id\":\"https:\/\/www.jyiele.com\/#website\",\"url\":\"https:\/\/www.jyiele.com\/\",\"name\":\"JYIELE\",\"description\":\"Vacuum Circuit Breaker manufacturer\",\"publisher\":{\"@id\":\"https:\/\/www.jyiele.com\/#organization\"},\"potentialAction\":[{\"@type\":\"SearchAction\",\"target\":{\"@type\":\"EntryPoint\",\"urlTemplate\":\"https:\/\/www.jyiele.com\/?s={search_term_string}\"},\"query-input\":{\"@type\":\"PropertyValueSpecification\",\"valueRequired\":true,\"valueName\":\"search_term_string\"}}],\"inLanguage\":\"pl-PL\"},{\"@type\":\"Organization\",\"@id\":\"https:\/\/www.jyiele.com\/#organization\",\"name\":\"JYIELE\",\"url\":\"https:\/\/www.jyiele.com\/\",\"logo\":{\"@type\":\"ImageObject\",\"inLanguage\":\"pl-PL\",\"@id\":\"https:\/\/www.jyiele.com\/#\/schema\/logo\/image\/\",\"url\":\"https:\/\/www.jyiele.com\/wp-content\/uploads\/2024\/09\/cropped-jyele-1.webp\",\"contentUrl\":\"https:\/\/www.jyiele.com\/wp-content\/uploads\/2024\/09\/cropped-jyele-1.webp\",\"width\":137,\"height\":60,\"caption\":\"JYIELE\"},\"image\":{\"@id\":\"https:\/\/www.jyiele.com\/#\/schema\/logo\/image\/\"}}]}<\/script>\n<!-- \/ Yoast SEO plugin. -->","yoast_head_json":{"title":"Przezroczysta obudowa zewn\u0119trzna wodoodporna Producent - JYIELE","robots":{"index":"index","follow":"follow","max-snippet":"max-snippet:-1","max-image-preview":"max-image-preview:large","max-video-preview":"max-video-preview:-1"},"canonical":"https:\/\/www.jyiele.com\/pl\/product\/ha-clear-cover-surface-waterproof-outdoor-waterproof-enclosure\/","og_locale":"pl_PL","og_type":"article","og_title":"Clear Cover Surface Outdoor Waterproof Enclosure Manufacturer - JYIELE","og_description":"The HA Series Clear Cover Surface Waterproof Outdoor Waterproof Enclosure, made from impact-resistant polycarbonate or ABS, are ideal for tough outdoor and industrial environments.  Model NO.: HA-4 Shell Material: ABS\/PC Impact Rating: IK08 Protection Rating: IP65 Color: Light Gray Dimensions: 140210100mm Production Capacity: 100,000 units\/month Application Range: High-rise Buildings, Outdoor Electrical Systems","og_url":"https:\/\/www.jyiele.com\/pl\/product\/ha-clear-cover-surface-waterproof-outdoor-waterproof-enclosure\/","og_site_name":"JYIELE","article_modified_time":"2025-03-09T11:35:07+00:00","og_image":[{"width":800,"height":800,"url":"https:\/\/www.jyiele.com\/wp-content\/uploads\/2024\/10\/HA-Series-Clear-Cover-Surface-Waterproof-Outdoor-Waterproof-Enclosure.webp","type":"image\/webp"}],"twitter_card":"summary_large_image","twitter_misc":{"Szacowany czas czytania":"1 minuta"},"schema":{"@context":"https:\/\/schema.org","@graph":[{"@type":"WebPage","@id":"https:\/\/www.jyiele.com\/product\/ha-clear-cover-surface-waterproof-outdoor-waterproof-enclosure\/","url":"https:\/\/www.jyiele.com\/product\/ha-clear-cover-surface-waterproof-outdoor-waterproof-enclosure\/","name":"Przezroczysta obudowa zewn\u0119trzna wodoodporna Producent - JYIELE","isPartOf":{"@id":"https:\/\/www.jyiele.com\/#website"},"primaryImageOfPage":{"@id":"https:\/\/www.jyiele.com\/product\/ha-clear-cover-surface-waterproof-outdoor-waterproof-enclosure\/#primaryimage"},"image":{"@id":"https:\/\/www.jyiele.com\/product\/ha-clear-cover-surface-waterproof-outdoor-waterproof-enclosure\/#primaryimage"},"thumbnailUrl":"https:\/\/www.jyiele.com\/wp-content\/uploads\/2024\/10\/HA-Series-Clear-Cover-Surface-Waterproof-Outdoor-Waterproof-Enclosure.webp","datePublished":"2024-10-16T12:03:50+00:00","dateModified":"2025-03-09T11:35:07+00:00","breadcrumb":{"@id":"https:\/\/www.jyiele.com\/product\/ha-clear-cover-surface-waterproof-outdoor-waterproof-enclosure\/#breadcrumb"},"inLanguage":"pl-PL","potentialAction":[{"@type":"ReadAction","target":["https:\/\/www.jyiele.com\/product\/ha-clear-cover-surface-waterproof-outdoor-waterproof-enclosure\/"]}]},{"@type":"ImageObject","inLanguage":"pl-PL","@id":"https:\/\/www.jyiele.com\/product\/ha-clear-cover-surface-waterproof-outdoor-waterproof-enclosure\/#primaryimage","url":"https:\/\/www.jyiele.com\/wp-content\/uploads\/2024\/10\/HA-Series-Clear-Cover-Surface-Waterproof-Outdoor-Waterproof-Enclosure.webp","contentUrl":"https:\/\/www.jyiele.com\/wp-content\/uploads\/2024\/10\/HA-Series-Clear-Cover-Surface-Waterproof-Outdoor-Waterproof-Enclosure.webp","width":800,"height":800,"caption":"HA Series Clear Cover Surface Waterproof Outdoor Waterproof Enclosure"},{"@type":"BreadcrumbList","@id":"https:\/\/www.jyiele.com\/product\/ha-clear-cover-surface-waterproof-outdoor-waterproof-enclosure\/#breadcrumb","itemListElement":[{"@type":"ListItem","position":1,"name":"Home","item":"https:\/\/www.jyiele.com\/"},{"@type":"ListItem","position":2,"name":"Product","item":"https:\/\/www.jyiele.com\/product\/"},{"@type":"ListItem","position":3,"name":"Waterproof Plastic Enclosure","item":"https:\/\/www.jyiele.com\/ja\/product-category\/waterproof-plastic-enclosure\/"},{"@type":"ListItem","position":4,"name":"HA Series Clear Cover Surface Waterproof Outdoor Waterproof Enclosure"}]},{"@type":"WebSite","@id":"https:\/\/www.jyiele.com\/#website","url":"https:\/\/www.jyiele.com\/","name":"JYIELE","description":"Producent wy\u0142\u0105cznik\u00f3w pr\u00f3\u017cniowych","publisher":{"@id":"https:\/\/www.jyiele.com\/#organization"},"potentialAction":[{"@type":"SearchAction","target":{"@type":"EntryPoint","urlTemplate":"https:\/\/www.jyiele.com\/?s={search_term_string}"},"query-input":{"@type":"PropertyValueSpecification","valueRequired":true,"valueName":"search_term_string"}}],"inLanguage":"pl-PL"},{"@type":"Organization","@id":"https:\/\/www.jyiele.com\/#organization","name":"JYIELE","url":"https:\/\/www.jyiele.com\/","logo":{"@type":"ImageObject","inLanguage":"pl-PL","@id":"https:\/\/www.jyiele.com\/#\/schema\/logo\/image\/","url":"https:\/\/www.jyiele.com\/wp-content\/uploads\/2024\/09\/cropped-jyele-1.webp","contentUrl":"https:\/\/www.jyiele.com\/wp-content\/uploads\/2024\/09\/cropped-jyele-1.webp","width":137,"height":60,"caption":"JYIELE"},"image":{"@id":"https:\/\/www.jyiele.com\/#\/schema\/logo\/image\/"}}]}},"_links":{"self":[{"href":"https:\/\/www.jyiele.com\/pl\/wp-json\/wp\/v2\/product\/2119","targetHints":{"allow":["GET"]}}],"collection":[{"href":"https:\/\/www.jyiele.com\/pl\/wp-json\/wp\/v2\/product"}],"about":[{"href":"https:\/\/www.jyiele.com\/pl\/wp-json\/wp\/v2\/types\/product"}],"version-history":[{"count":3,"href":"https:\/\/www.jyiele.com\/pl\/wp-json\/wp\/v2\/product\/2119\/revisions"}],"predecessor-version":[{"id":2126,"href":"https:\/\/www.jyiele.com\/pl\/wp-json\/wp\/v2\/product\/2119\/revisions\/2126"}],"wp:featuredmedia":[{"embeddable":true,"href":"https:\/\/www.jyiele.com\/pl\/wp-json\/wp\/v2\/media\/2124"}],"wp:attachment":[{"href":"https:\/\/www.jyiele.com\/pl\/wp-json\/wp\/v2\/media?parent=2119"}],"wp:term":[{"taxonomy":"product_brand","embeddable":true,"href":"https:\/\/www.jyiele.com\/pl\/wp-json\/wp\/v2\/product_brand?post=2119"},{"taxonomy":"product_cat","embeddable":true,"href":"https:\/\/www.jyiele.com\/pl\/wp-json\/wp\/v2\/product_cat?post=2119"},{"taxonomy":"product_tag","embeddable":true,"href":"https:\/\/www.jyiele.com\/pl\/wp-json\/wp\/v2\/product_tag?post=2119"}],"curies":[{"name":"wp","href":"https:\/\/api.w.org\/{rel}","templated":true}]}}