{"id":2127,"date":"2024-10-16T12:24:44","date_gmt":"2024-10-16T12:24:44","guid":{"rendered":"https:\/\/www.jy-electric.com\/?post_type=product&#038;p=2127"},"modified":"2024-10-16T12:24:44","modified_gmt":"2024-10-16T12:24:44","slug":"abs-plastic-transparent-connectivity-waterproof-box-ip-67-protection-window-hood","status":"publish","type":"product","link":"https:\/\/www.jyiele.com\/pl\/product\/abs-plastic-transparent-connectivity-waterproof-box-ip-67-protection-window-hood\/","title":{"rendered":"Plastik ABS Przezroczyste z\u0142\u0105cze Wodoodporna skrzynka IP 67 Ochrona Os\u0142ona okna"},"content":{"rendered":"<h2>Zalety i kluczowe cechy produktu:<\/h2>\n<p>Wodoodporno\u015b\u0107 i py\u0142oszczelno\u015b\u0107 IP67: Zapewnia dobr\u0105 ochron\u0119 przed wod\u0105 i py\u0142em w trudnych warunkach.<br \/>\nTrwa\u0142e materia\u0142y: Wykonane z wysokiej jako\u015bci tworzywa ABS\/PC zapewniaj\u0105cego odporno\u015b\u0107 na uderzenia do IK07\/IK08 i ognioodporno\u015b\u0107 UL94V-0.<br \/>\nMo\u017cliwo\u015b\u0107 dostosowania projektu: Mo\u017ce by\u0107 produkowany w r\u00f3\u017cnych rozmiarach i specyfikacjach zgodnie z wymaganiami klienta.<br \/>\nWodoodporno\u015b\u0107 360 stopni: Wodoodporno\u015b\u0107 mo\u017ce osi\u0105gn\u0105\u0107 nawet IP68.<br \/>\nOdporno\u015b\u0107 chemiczna i termiczna: Odporno\u015b\u0107 na temperatur\u0119 do 80\u00b0C i wi\u0119kszo\u015b\u0107 chemikali\u00f3w.<br \/>\nUniwersalne zastosowanie: Znajduje szerokie zastosowanie w wielu aplikacjach wewn\u0119trznych i zewn\u0119trznych, takich jak systemy przemys\u0142owe i \u015brodowiskowe.<br \/>\n\u0141atwa instalacja: Konstrukcja podstawy zacisk\u00f3w u\u0142atwia pod\u0142\u0105czenie i monta\u017c.<\/p>\n<figure class=\"wp-block-table\">\n<div class=\"scroll\">\n<table>\n<tbody>\n<tr>\n<td>Funkcja: wodoodporny, py\u0142oszczelny, odporny na 80 stopni<\/td>\n<td><\/td>\n<\/tr>\n<tr>\n<td>Opakowanie transportowe: karton<\/td>\n<td>Pochodzenie: Zhejiang, Chiny<\/td>\n<\/tr>\n<tr>\n<td>Specyfikacja:2P-18P<\/td>\n<td>Kod HS: 3926909090<\/td>\n<\/tr>\n<\/tbody>\n<\/table>\n<\/div>\n<\/figure>\n<figure class=\"wp-block-table\">\n<div class=\"scroll\">\n<table>\n<tbody>\n<tr>\n<td>Materia\u0142<\/td>\n<td>ABS \\ PC Nowy materia\u0142<\/td>\n<\/tr>\n<tr>\n<td>Waterdicht Niveau<\/td>\n<td>IP67<\/td>\n<\/tr>\n<tr>\n<td>Vlamvertragende Cijfer<\/td>\n<td>UL94V-0 jest aanpasbare<\/td>\n<\/tr>\n<tr>\n<td>Certyfikacja<\/td>\n<td>RoHS; UL(Materia); SGS; CE; IP67<\/td>\n<\/tr>\n<tr>\n<td>Funkcja<\/td>\n<td>\u017bu\u017cel, hittebestendigheid, Koude weerstand, Chemische weerstand, Uitstekende elektrische prestaties glad oppervlak enz. .....<\/td>\n<\/tr>\n<tr>\n<td>Cecha<\/td>\n<td>Pier\u015bcie\u0144 zasilaj\u0105cy jest wyposa\u017cony w 360-stopniowe zasilanie, ma dobr\u0105 widoczno\u015b\u0107, a stopie\u0144 ochrony IP mo\u017ce wynosi\u0107 do ip68. Obudowa jest wyposa\u017cona w podstaw\u0119 terminala umo\u017cliwiaj\u0105c\u0105 pod\u0142\u0105czenie terminali.<\/td>\n<\/tr>\n<tr>\n<td>Slagvastheid Rating van Plastic<\/td>\n<td>ABS w IK07, PC w 08<\/td>\n<\/tr>\n<tr>\n<td>Toepassing<\/td>\n<td>Aansluitdoos Waterdichte dla r\u00f3\u017cnych specyfikacji<\/td>\n<\/tr>\n<tr>\n<td>Verwerking produktu<\/td>\n<td>W zwi\u0105zku z tym, \u017ce jest to klant eisen<\/td>\n<\/tr>\n<tr>\n<td>Product Maat<\/td>\n<td>Oferujemy szeroki zakres us\u0142ug konsultingowych i serwisowych.<\/td>\n<\/tr>\n<tr>\n<td>Verpakking<\/td>\n<td>Klantenservice<\/td>\n<\/tr>\n<tr>\n<td>MOQ<\/td>\n<td>Kleine bestelling kan worden aanvaard<\/td>\n<\/tr>\n<tr>\n<td>Doorlooptijd<\/td>\n<td>5-9 werkdagen<\/td>\n<\/tr>\n<tr>\n<td>Betalingstermijn<\/td>\n<td>T \\ T, Paypal<\/td>\n<\/tr>\n<tr>\n<td>Design Vermogen<\/td>\n<td>Mo\u017cemy lewarowa\u0107 potwory, OEM i ODM s\u0105 mile widziane (Ontwerp, Engineering, Fotograferen, Monster, Productie<\/td>\n<\/tr>\n<\/tbody>\n<\/table>\n<\/div>\n<\/figure>\n<figure class=\"wp-block-image size-large\"><img fetchpriority=\"high\" decoding=\"async\" class=\"alignnone wp-image-2129 size-full\" src=\"https:\/\/www.jy-electric.com\/wp-content\/uploads\/2024\/10\/Plastic-Transparent-Connectivity-Waterproof-Box-IP-67-Protection-Window-Hood.webp\" alt=\"Plastikowe przezroczyste z\u0142\u0105cze Wodoodporna skrzynka IP 67 Ochrona Os\u0142ona okna\" width=\"1024\" height=\"499\" srcset=\"https:\/\/www.jyiele.com\/wp-content\/uploads\/2024\/10\/Plastic-Transparent-Connectivity-Waterproof-Box-IP-67-Protection-Window-Hood.webp 1024w, https:\/\/www.jyiele.com\/wp-content\/uploads\/2024\/10\/Plastic-Transparent-Connectivity-Waterproof-Box-IP-67-Protection-Window-Hood-300x146.webp 300w, https:\/\/www.jyiele.com\/wp-content\/uploads\/2024\/10\/Plastic-Transparent-Connectivity-Waterproof-Box-IP-67-Protection-Window-Hood-768x374.webp 768w, https:\/\/www.jyiele.com\/wp-content\/uploads\/2024\/10\/Plastic-Transparent-Connectivity-Waterproof-Box-IP-67-Protection-Window-Hood-18x9.webp 18w, https:\/\/www.jyiele.com\/wp-content\/uploads\/2024\/10\/Plastic-Transparent-Connectivity-Waterproof-Box-IP-67-Protection-Window-Hood-600x292.webp 600w\" sizes=\"(max-width: 1024px) 100vw, 1024px\" \/><\/figure>\n<figure class=\"wp-block-image size-full\"><img decoding=\"async\" class=\"alignnone wp-image-2131 size-full\" src=\"https:\/\/www.jy-electric.com\/wp-content\/uploads\/2024\/10\/Transparent-Connectivity-Waterproof-Box-IP-67-Protection-Window-Hood.webp\" alt=\"Przezroczyste z\u0142\u0105cze Wodoodporna skrzynka IP 67 Ochrona Os\u0142ona okna\" width=\"1024\" height=\"523\" srcset=\"https:\/\/www.jyiele.com\/wp-content\/uploads\/2024\/10\/Transparent-Connectivity-Waterproof-Box-IP-67-Protection-Window-Hood.webp 1024w, https:\/\/www.jyiele.com\/wp-content\/uploads\/2024\/10\/Transparent-Connectivity-Waterproof-Box-IP-67-Protection-Window-Hood-300x153.webp 300w, https:\/\/www.jyiele.com\/wp-content\/uploads\/2024\/10\/Transparent-Connectivity-Waterproof-Box-IP-67-Protection-Window-Hood-768x392.webp 768w, https:\/\/www.jyiele.com\/wp-content\/uploads\/2024\/10\/Transparent-Connectivity-Waterproof-Box-IP-67-Protection-Window-Hood-18x9.webp 18w, https:\/\/www.jyiele.com\/wp-content\/uploads\/2024\/10\/Transparent-Connectivity-Waterproof-Box-IP-67-Protection-Window-Hood-600x306.webp 600w\" sizes=\"(max-width: 1024px) 100vw, 1024px\" \/><\/figure>\n<figure class=\"wp-block-image size-large\"><img decoding=\"async\" class=\"alignnone wp-image-2132 size-full\" src=\"https:\/\/www.jy-electric.com\/wp-content\/uploads\/2024\/10\/Waterproof-Box-IP-67-Protection-Window-Hood.webp\" alt=\"Skrzynka wodoodporna IP 67 Os\u0142ona okienna\" width=\"1024\" height=\"494\" srcset=\"https:\/\/www.jyiele.com\/wp-content\/uploads\/2024\/10\/Waterproof-Box-IP-67-Protection-Window-Hood.webp 1024w, https:\/\/www.jyiele.com\/wp-content\/uploads\/2024\/10\/Waterproof-Box-IP-67-Protection-Window-Hood-300x145.webp 300w, https:\/\/www.jyiele.com\/wp-content\/uploads\/2024\/10\/Waterproof-Box-IP-67-Protection-Window-Hood-768x371.webp 768w, https:\/\/www.jyiele.com\/wp-content\/uploads\/2024\/10\/Waterproof-Box-IP-67-Protection-Window-Hood-18x9.webp 18w, https:\/\/www.jyiele.com\/wp-content\/uploads\/2024\/10\/Waterproof-Box-IP-67-Protection-Window-Hood-600x289.webp 600w\" sizes=\"(max-width: 1024px) 100vw, 1024px\" \/><\/figure>\n<figure class=\"wp-block-image size-large\"><img loading=\"lazy\" decoding=\"async\" class=\"alignnone wp-image-2133 size-full\" src=\"https:\/\/www.jy-electric.com\/wp-content\/uploads\/2024\/10\/Waterproof-Box-IP-67-Protection-Window.webp\" alt=\"Wodoodporna skrzynka IP 67 Okno ochronne\" width=\"1024\" height=\"550\" srcset=\"https:\/\/www.jyiele.com\/wp-content\/uploads\/2024\/10\/Waterproof-Box-IP-67-Protection-Window.webp 1024w, https:\/\/www.jyiele.com\/wp-content\/uploads\/2024\/10\/Waterproof-Box-IP-67-Protection-Window-300x161.webp 300w, https:\/\/www.jyiele.com\/wp-content\/uploads\/2024\/10\/Waterproof-Box-IP-67-Protection-Window-768x413.webp 768w, https:\/\/www.jyiele.com\/wp-content\/uploads\/2024\/10\/Waterproof-Box-IP-67-Protection-Window-18x10.webp 18w, https:\/\/www.jyiele.com\/wp-content\/uploads\/2024\/10\/Waterproof-Box-IP-67-Protection-Window-600x322.webp 600w\" sizes=\"(max-width: 1024px) 100vw, 1024px\" \/><\/figure>\n<figure class=\"wp-block-image size-large\"><img loading=\"lazy\" decoding=\"async\" class=\"alignnone wp-image-2130 size-full\" src=\"https:\/\/www.jy-electric.com\/wp-content\/uploads\/2024\/10\/Protection-Window-Hood.webp\" alt=\"Os\u0142ona okna ochronnego\" width=\"1024\" height=\"526\" srcset=\"https:\/\/www.jyiele.com\/wp-content\/uploads\/2024\/10\/Protection-Window-Hood.webp 1024w, https:\/\/www.jyiele.com\/wp-content\/uploads\/2024\/10\/Protection-Window-Hood-300x154.webp 300w, https:\/\/www.jyiele.com\/wp-content\/uploads\/2024\/10\/Protection-Window-Hood-768x395.webp 768w, https:\/\/www.jyiele.com\/wp-content\/uploads\/2024\/10\/Protection-Window-Hood-18x9.webp 18w, https:\/\/www.jyiele.com\/wp-content\/uploads\/2024\/10\/Protection-Window-Hood-600x308.webp 600w\" sizes=\"(max-width: 1024px) 100vw, 1024px\" \/><\/figure>\n<figure class=\"wp-block-image size-large\"><img loading=\"lazy\" decoding=\"async\" class=\"alignnone wp-image-2136 size-full\" src=\"https:\/\/www.jy-electric.com\/wp-content\/uploads\/2024\/10\/IP-67-Protection-Window-Hood.webp\" alt=\"Os\u0142ona okna o stopniu ochrony IP 67\" width=\"1024\" height=\"517\" srcset=\"https:\/\/www.jyiele.com\/wp-content\/uploads\/2024\/10\/IP-67-Protection-Window-Hood.webp 1024w, https:\/\/www.jyiele.com\/wp-content\/uploads\/2024\/10\/IP-67-Protection-Window-Hood-300x151.webp 300w, https:\/\/www.jyiele.com\/wp-content\/uploads\/2024\/10\/IP-67-Protection-Window-Hood-768x388.webp 768w, https:\/\/www.jyiele.com\/wp-content\/uploads\/2024\/10\/IP-67-Protection-Window-Hood-18x9.webp 18w, https:\/\/www.jyiele.com\/wp-content\/uploads\/2024\/10\/IP-67-Protection-Window-Hood-600x303.webp 600w\" sizes=\"(max-width: 1024px) 100vw, 1024px\" \/><\/figure>\n<figure class=\"wp-block-image size-large\"><img loading=\"lazy\" decoding=\"async\" class=\"alignnone wp-image-2134 size-full\" src=\"https:\/\/www.jy-electric.com\/wp-content\/uploads\/2024\/10\/Window-Hood.webp\" alt=\"Os\u0142ona okna\" width=\"1024\" height=\"642\" srcset=\"https:\/\/www.jyiele.com\/wp-content\/uploads\/2024\/10\/Window-Hood.webp 1024w, https:\/\/www.jyiele.com\/wp-content\/uploads\/2024\/10\/Window-Hood-300x188.webp 300w, https:\/\/www.jyiele.com\/wp-content\/uploads\/2024\/10\/Window-Hood-768x482.webp 768w, https:\/\/www.jyiele.com\/wp-content\/uploads\/2024\/10\/Window-Hood-18x12.webp 18w, https:\/\/www.jyiele.com\/wp-content\/uploads\/2024\/10\/Window-Hood-600x376.webp 600w\" sizes=\"(max-width: 1024px) 100vw, 1024px\" \/><\/figure>","protected":false},"excerpt":{"rendered":"<p>Wodoodporna skrzynka z tworzywa ABS o stopniu ochrony IP 67 mo\u017ce by\u0107 u\u017cywana zar\u00f3wno wewn\u0105trz, jak i na zewn\u0105trz w systemach elektrycznych, komunikacji, sprz\u0119cie przeciwpo\u017carowym, produkcji stali, przemy\u015ble petrochemicznym, elektronice, sieciach energetycznych, kolejach, budynkach, g\u00f3rnictwie, lotniskach, portach morskich, hotelach, statkach, obiektach przemys\u0142owych, oczyszczaniu \u015bciek\u00f3w i sprz\u0119cie ochrony \u015brodowiska.<\/p>","protected":false},"featured_media":2135,"template":"","meta":{"site-sidebar-layout":"default","site-content-layout":"","ast-site-content-layout":"default","site-content-style":"default","site-sidebar-style":"default","ast-global-header-display":"","ast-banner-title-visibility":"","ast-main-header-display":"","ast-hfb-above-header-display":"","ast-hfb-below-header-display":"","ast-hfb-mobile-header-display":"","site-post-title":"","ast-breadcrumbs-content":"","ast-featured-img":"","footer-sml-layout":"","ast-disable-related-posts":"","theme-transparent-header-meta":"default","adv-header-id-meta":"","stick-header-meta":"","header-above-stick-meta":"","header-main-stick-meta":"","header-below-stick-meta":"","astra-migrate-meta-layouts":"set","ast-page-background-enabled":"default","ast-page-background-meta":{"desktop":{"background-color":"var(--ast-global-color-4)","background-image":"","background-repeat":"repeat","background-position":"center center","background-size":"auto","background-attachment":"scroll","background-type":"","background-media":"","overlay-type":"","overlay-color":"","overlay-opacity":"","overlay-gradient":""},"tablet":{"background-color":"","background-image":"","background-repeat":"repeat","background-position":"center center","background-size":"auto","background-attachment":"scroll","background-type":"","background-media":"","overlay-type":"","overlay-color":"","overlay-opacity":"","overlay-gradient":""},"mobile":{"background-color":"","background-image":"","background-repeat":"repeat","background-position":"center center","background-size":"auto","background-attachment":"scroll","background-type":"","background-media":"","overlay-type":"","overlay-color":"","overlay-opacity":"","overlay-gradient":""}},"ast-content-background-meta":{"desktop":{"background-color":"var(--ast-global-color-5)","background-image":"","background-repeat":"repeat","background-position":"center center","background-size":"auto","background-attachment":"scroll","background-type":"","background-media":"","overlay-type":"","overlay-color":"","overlay-opacity":"","overlay-gradient":""},"tablet":{"background-color":"var(--ast-global-color-5)","background-image":"","background-repeat":"repeat","background-position":"center center","background-size":"auto","background-attachment":"scroll","background-type":"","background-media":"","overlay-type":"","overlay-color":"","overlay-opacity":"","overlay-gradient":""},"mobile":{"background-color":"var(--ast-global-color-5)","background-image":"","background-repeat":"repeat","background-position":"center center","background-size":"auto","background-attachment":"scroll","background-type":"","background-media":"","overlay-type":"","overlay-color":"","overlay-opacity":"","overlay-gradient":""}}},"product_brand":[],"product_cat":[27],"product_tag":[],"class_list":{"0":"post-2127","1":"product","2":"type-product","3":"status-publish","4":"has-post-thumbnail","6":"product_cat-other","7":"desktop-align-left","8":"tablet-align-left","9":"mobile-align-left","11":"first","12":"instock","13":"shipping-taxable","14":"product-type-simple"},"yoast_head":"<!-- This site is optimized with the Yoast SEO plugin v24.8.1 - https:\/\/yoast.com\/wordpress\/plugins\/seo\/ -->\n<title>ABS Plastic Transparent Connectivity Waterproof Box IP 67 Protection Window Hood - JYIELE<\/title>\n<meta name=\"robots\" content=\"index, follow, max-snippet:-1, max-image-preview:large, max-video-preview:-1\" \/>\n<link rel=\"canonical\" href=\"https:\/\/www.jyiele.com\/pl\/product\/abs-plastic-transparent-connectivity-waterproof-box-ip-67-protection-window-hood\/\" \/>\n<meta property=\"og:locale\" content=\"pl_PL\" \/>\n<meta property=\"og:type\" content=\"article\" \/>\n<meta property=\"og:title\" content=\"ABS Plastic Transparent Connectivity Waterproof Box IP 67 Protection Window Hood - JYIELE\" \/>\n<meta property=\"og:description\" content=\"ABS Plastic Waterproof Box IP 67 Protection Window Hood can be used for both indoor and outdoor applications in electrical systems, communications, firefighting equipment, steel manufacturing, the petrochemical industries, electronics, power grids, railways, buildings, mining, airports, seaports, hotels, ships, industrial facilities, wastewater processing, and environmental equipment.\" \/>\n<meta property=\"og:url\" content=\"https:\/\/www.jyiele.com\/pl\/product\/abs-plastic-transparent-connectivity-waterproof-box-ip-67-protection-window-hood\/\" \/>\n<meta property=\"og:site_name\" content=\"JYIELE\" \/>\n<meta property=\"og:image\" content=\"https:\/\/www.jyiele.com\/wp-content\/uploads\/2024\/10\/ABS-Plastic-Transparent-Connectivity-Waterproof-Box-IP-67-Protection-Window-Hood.webp\" \/>\n\t<meta property=\"og:image:width\" content=\"800\" \/>\n\t<meta property=\"og:image:height\" content=\"800\" \/>\n\t<meta property=\"og:image:type\" content=\"image\/webp\" \/>\n<meta name=\"twitter:card\" content=\"summary_large_image\" \/>\n<meta name=\"twitter:label1\" content=\"Szacowany czas czytania\" \/>\n\t<meta name=\"twitter:data1\" content=\"3 minuty\" \/>\n<script type=\"application\/ld+json\" class=\"yoast-schema-graph\">{\"@context\":\"https:\/\/schema.org\",\"@graph\":[{\"@type\":\"WebPage\",\"@id\":\"https:\/\/www.jyiele.com\/product\/abs-plastic-transparent-connectivity-waterproof-box-ip-67-protection-window-hood\/\",\"url\":\"https:\/\/www.jyiele.com\/product\/abs-plastic-transparent-connectivity-waterproof-box-ip-67-protection-window-hood\/\",\"name\":\"ABS Plastic Transparent Connectivity Waterproof Box IP 67 Protection Window Hood - JYIELE\",\"isPartOf\":{\"@id\":\"https:\/\/www.jyiele.com\/#website\"},\"primaryImageOfPage\":{\"@id\":\"https:\/\/www.jyiele.com\/product\/abs-plastic-transparent-connectivity-waterproof-box-ip-67-protection-window-hood\/#primaryimage\"},\"image\":{\"@id\":\"https:\/\/www.jyiele.com\/product\/abs-plastic-transparent-connectivity-waterproof-box-ip-67-protection-window-hood\/#primaryimage\"},\"thumbnailUrl\":\"https:\/\/www.jyiele.com\/wp-content\/uploads\/2024\/10\/ABS-Plastic-Transparent-Connectivity-Waterproof-Box-IP-67-Protection-Window-Hood.webp\",\"datePublished\":\"2024-10-16T12:24:44+00:00\",\"breadcrumb\":{\"@id\":\"https:\/\/www.jyiele.com\/product\/abs-plastic-transparent-connectivity-waterproof-box-ip-67-protection-window-hood\/#breadcrumb\"},\"inLanguage\":\"pl-PL\",\"potentialAction\":[{\"@type\":\"ReadAction\",\"target\":[\"https:\/\/www.jyiele.com\/product\/abs-plastic-transparent-connectivity-waterproof-box-ip-67-protection-window-hood\/\"]}]},{\"@type\":\"ImageObject\",\"inLanguage\":\"pl-PL\",\"@id\":\"https:\/\/www.jyiele.com\/product\/abs-plastic-transparent-connectivity-waterproof-box-ip-67-protection-window-hood\/#primaryimage\",\"url\":\"https:\/\/www.jyiele.com\/wp-content\/uploads\/2024\/10\/ABS-Plastic-Transparent-Connectivity-Waterproof-Box-IP-67-Protection-Window-Hood.webp\",\"contentUrl\":\"https:\/\/www.jyiele.com\/wp-content\/uploads\/2024\/10\/ABS-Plastic-Transparent-Connectivity-Waterproof-Box-IP-67-Protection-Window-Hood.webp\",\"width\":800,\"height\":800,\"caption\":\"ABS Plastic Transparent Connectivity Waterproof Box IP 67 Protection Window Hood\"},{\"@type\":\"BreadcrumbList\",\"@id\":\"https:\/\/www.jyiele.com\/product\/abs-plastic-transparent-connectivity-waterproof-box-ip-67-protection-window-hood\/#breadcrumb\",\"itemListElement\":[{\"@type\":\"ListItem\",\"position\":1,\"name\":\"Home\",\"item\":\"https:\/\/www.jyiele.com\/\"},{\"@type\":\"ListItem\",\"position\":2,\"name\":\"Product\",\"item\":\"https:\/\/www.jyiele.com\/product\/\"},{\"@type\":\"ListItem\",\"position\":3,\"name\":\"Other\",\"item\":\"https:\/\/www.jyiele.com\/product-category\/other\/\"},{\"@type\":\"ListItem\",\"position\":4,\"name\":\"ABS Plastic Transparent Connectivity Waterproof Box IP 67 Protection Window Hood\"}]},{\"@type\":\"WebSite\",\"@id\":\"https:\/\/www.jyiele.com\/#website\",\"url\":\"https:\/\/www.jyiele.com\/\",\"name\":\"JYIELE\",\"description\":\"Vacuum Circuit Breaker manufacturer\",\"publisher\":{\"@id\":\"https:\/\/www.jyiele.com\/#organization\"},\"potentialAction\":[{\"@type\":\"SearchAction\",\"target\":{\"@type\":\"EntryPoint\",\"urlTemplate\":\"https:\/\/www.jyiele.com\/?s={search_term_string}\"},\"query-input\":{\"@type\":\"PropertyValueSpecification\",\"valueRequired\":true,\"valueName\":\"search_term_string\"}}],\"inLanguage\":\"pl-PL\"},{\"@type\":\"Organization\",\"@id\":\"https:\/\/www.jyiele.com\/#organization\",\"name\":\"JYIELE\",\"url\":\"https:\/\/www.jyiele.com\/\",\"logo\":{\"@type\":\"ImageObject\",\"inLanguage\":\"pl-PL\",\"@id\":\"https:\/\/www.jyiele.com\/#\/schema\/logo\/image\/\",\"url\":\"https:\/\/www.jyiele.com\/wp-content\/uploads\/2024\/09\/cropped-jyele-1.webp\",\"contentUrl\":\"https:\/\/www.jyiele.com\/wp-content\/uploads\/2024\/09\/cropped-jyele-1.webp\",\"width\":137,\"height\":60,\"caption\":\"JYIELE\"},\"image\":{\"@id\":\"https:\/\/www.jyiele.com\/#\/schema\/logo\/image\/\"}}]}<\/script>\n<!-- \/ Yoast SEO plugin. -->","yoast_head_json":{"title":"Plastikowa przezroczysta skrzynka przy\u0142\u0105czeniowa ABS Wodoodporna skrzynka IP 67 Os\u0142ona okna - JYIELE","robots":{"index":"index","follow":"follow","max-snippet":"max-snippet:-1","max-image-preview":"max-image-preview:large","max-video-preview":"max-video-preview:-1"},"canonical":"https:\/\/www.jyiele.com\/pl\/product\/abs-plastic-transparent-connectivity-waterproof-box-ip-67-protection-window-hood\/","og_locale":"pl_PL","og_type":"article","og_title":"ABS Plastic Transparent Connectivity Waterproof Box IP 67 Protection Window Hood - JYIELE","og_description":"ABS Plastic Waterproof Box IP 67 Protection Window Hood can be used for both indoor and outdoor applications in electrical systems, communications, firefighting equipment, steel manufacturing, the petrochemical industries, electronics, power grids, railways, buildings, mining, airports, seaports, hotels, ships, industrial facilities, wastewater processing, and environmental equipment.","og_url":"https:\/\/www.jyiele.com\/pl\/product\/abs-plastic-transparent-connectivity-waterproof-box-ip-67-protection-window-hood\/","og_site_name":"JYIELE","og_image":[{"width":800,"height":800,"url":"https:\/\/www.jyiele.com\/wp-content\/uploads\/2024\/10\/ABS-Plastic-Transparent-Connectivity-Waterproof-Box-IP-67-Protection-Window-Hood.webp","type":"image\/webp"}],"twitter_card":"summary_large_image","twitter_misc":{"Szacowany czas czytania":"3 minuty"},"schema":{"@context":"https:\/\/schema.org","@graph":[{"@type":"WebPage","@id":"https:\/\/www.jyiele.com\/product\/abs-plastic-transparent-connectivity-waterproof-box-ip-67-protection-window-hood\/","url":"https:\/\/www.jyiele.com\/product\/abs-plastic-transparent-connectivity-waterproof-box-ip-67-protection-window-hood\/","name":"Plastikowa przezroczysta skrzynka przy\u0142\u0105czeniowa ABS Wodoodporna skrzynka IP 67 Os\u0142ona okna - JYIELE","isPartOf":{"@id":"https:\/\/www.jyiele.com\/#website"},"primaryImageOfPage":{"@id":"https:\/\/www.jyiele.com\/product\/abs-plastic-transparent-connectivity-waterproof-box-ip-67-protection-window-hood\/#primaryimage"},"image":{"@id":"https:\/\/www.jyiele.com\/product\/abs-plastic-transparent-connectivity-waterproof-box-ip-67-protection-window-hood\/#primaryimage"},"thumbnailUrl":"https:\/\/www.jyiele.com\/wp-content\/uploads\/2024\/10\/ABS-Plastic-Transparent-Connectivity-Waterproof-Box-IP-67-Protection-Window-Hood.webp","datePublished":"2024-10-16T12:24:44+00:00","breadcrumb":{"@id":"https:\/\/www.jyiele.com\/product\/abs-plastic-transparent-connectivity-waterproof-box-ip-67-protection-window-hood\/#breadcrumb"},"inLanguage":"pl-PL","potentialAction":[{"@type":"ReadAction","target":["https:\/\/www.jyiele.com\/product\/abs-plastic-transparent-connectivity-waterproof-box-ip-67-protection-window-hood\/"]}]},{"@type":"ImageObject","inLanguage":"pl-PL","@id":"https:\/\/www.jyiele.com\/product\/abs-plastic-transparent-connectivity-waterproof-box-ip-67-protection-window-hood\/#primaryimage","url":"https:\/\/www.jyiele.com\/wp-content\/uploads\/2024\/10\/ABS-Plastic-Transparent-Connectivity-Waterproof-Box-IP-67-Protection-Window-Hood.webp","contentUrl":"https:\/\/www.jyiele.com\/wp-content\/uploads\/2024\/10\/ABS-Plastic-Transparent-Connectivity-Waterproof-Box-IP-67-Protection-Window-Hood.webp","width":800,"height":800,"caption":"ABS Plastic Transparent Connectivity Waterproof Box IP 67 Protection Window Hood"},{"@type":"BreadcrumbList","@id":"https:\/\/www.jyiele.com\/product\/abs-plastic-transparent-connectivity-waterproof-box-ip-67-protection-window-hood\/#breadcrumb","itemListElement":[{"@type":"ListItem","position":1,"name":"Home","item":"https:\/\/www.jyiele.com\/"},{"@type":"ListItem","position":2,"name":"Product","item":"https:\/\/www.jyiele.com\/product\/"},{"@type":"ListItem","position":3,"name":"Other","item":"https:\/\/www.jyiele.com\/product-category\/other\/"},{"@type":"ListItem","position":4,"name":"ABS Plastic Transparent Connectivity Waterproof Box IP 67 Protection Window Hood"}]},{"@type":"WebSite","@id":"https:\/\/www.jyiele.com\/#website","url":"https:\/\/www.jyiele.com\/","name":"JYIELE","description":"Producent wy\u0142\u0105cznik\u00f3w pr\u00f3\u017cniowych","publisher":{"@id":"https:\/\/www.jyiele.com\/#organization"},"potentialAction":[{"@type":"SearchAction","target":{"@type":"EntryPoint","urlTemplate":"https:\/\/www.jyiele.com\/?s={search_term_string}"},"query-input":{"@type":"PropertyValueSpecification","valueRequired":true,"valueName":"search_term_string"}}],"inLanguage":"pl-PL"},{"@type":"Organization","@id":"https:\/\/www.jyiele.com\/#organization","name":"JYIELE","url":"https:\/\/www.jyiele.com\/","logo":{"@type":"ImageObject","inLanguage":"pl-PL","@id":"https:\/\/www.jyiele.com\/#\/schema\/logo\/image\/","url":"https:\/\/www.jyiele.com\/wp-content\/uploads\/2024\/09\/cropped-jyele-1.webp","contentUrl":"https:\/\/www.jyiele.com\/wp-content\/uploads\/2024\/09\/cropped-jyele-1.webp","width":137,"height":60,"caption":"JYIELE"},"image":{"@id":"https:\/\/www.jyiele.com\/#\/schema\/logo\/image\/"}}]}},"_links":{"self":[{"href":"https:\/\/www.jyiele.com\/pl\/wp-json\/wp\/v2\/product\/2127","targetHints":{"allow":["GET"]}}],"collection":[{"href":"https:\/\/www.jyiele.com\/pl\/wp-json\/wp\/v2\/product"}],"about":[{"href":"https:\/\/www.jyiele.com\/pl\/wp-json\/wp\/v2\/types\/product"}],"version-history":[{"count":2,"href":"https:\/\/www.jyiele.com\/pl\/wp-json\/wp\/v2\/product\/2127\/revisions"}],"predecessor-version":[{"id":2137,"href":"https:\/\/www.jyiele.com\/pl\/wp-json\/wp\/v2\/product\/2127\/revisions\/2137"}],"wp:featuredmedia":[{"embeddable":true,"href":"https:\/\/www.jyiele.com\/pl\/wp-json\/wp\/v2\/media\/2135"}],"wp:attachment":[{"href":"https:\/\/www.jyiele.com\/pl\/wp-json\/wp\/v2\/media?parent=2127"}],"wp:term":[{"taxonomy":"product_brand","embeddable":true,"href":"https:\/\/www.jyiele.com\/pl\/wp-json\/wp\/v2\/product_brand?post=2127"},{"taxonomy":"product_cat","embeddable":true,"href":"https:\/\/www.jyiele.com\/pl\/wp-json\/wp\/v2\/product_cat?post=2127"},{"taxonomy":"product_tag","embeddable":true,"href":"https:\/\/www.jyiele.com\/pl\/wp-json\/wp\/v2\/product_tag?post=2127"}],"curies":[{"name":"wp","href":"https:\/\/api.w.org\/{rel}","templated":true}]}}