{"id":2138,"date":"2024-10-16T12:32:07","date_gmt":"2024-10-16T12:32:07","guid":{"rendered":"https:\/\/www.jy-electric.com\/?post_type=product&#038;p=2138"},"modified":"2025-03-09T11:34:08","modified_gmt":"2025-03-09T11:34:08","slug":"waterproof-electrical-plastic-junction-box-with-hinge","status":"publish","type":"product","link":"https:\/\/www.jyiele.com\/pl\/product\/waterproof-electrical-plastic-junction-box-with-hinge\/","title":{"rendered":"Wodoodporna plastikowa skrzynka przy\u0142\u0105czeniowa z serii F z zawiasem"},"content":{"rendered":"<h2>Wodoodporna plastikowa skrzynka przy\u0142\u0105czeniowa z zawiasem<\/h2>\n<p>Wyposa\u017cona w zawias i zatrzask dla \u0142atwego dost\u0119pu, ta puszka po\u0142\u0105czeniowa jest wyposa\u017cona w solidne klamry, kt\u00f3re zapewniaj\u0105 bezpieczne uszczelnienie, zwi\u0119kszaj\u0105c zar\u00f3wno wodoodporno\u015b\u0107, jak i bezpiecze\u0144stwo elektryczne. Wytrzyma\u0142y materia\u0142 zapewnia doskona\u0142\u0105 odporno\u015b\u0107 na promienie UV, warunki pogodowe i korozj\u0119, dzi\u0119ki czemu idealnie nadaje si\u0119 do d\u0142ugotrwa\u0142ego u\u017cytkowania.<\/p>\n<h2>Zastosowanie:<\/h2>\n<p>Ta wodoodporna puszka po\u0142\u0105czeniowa nadaje si\u0119 do szerokiego zakresu zastosowa\u0144 wewn\u0119trznych i zewn\u0119trznych, w tym do system\u00f3w elektrycznych, komunikacji, sprz\u0119tu przeciwpo\u017carowego, produkcji stali, przemys\u0142u petrochemicznego, elektroniki, sieci energetycznych, kolei, budynk\u00f3w, g\u00f3rnictwa, lotnisk, port\u00f3w morskich, hoteli, statk\u00f3w, obiekt\u00f3w przemys\u0142owych, oczyszczania \u015bciek\u00f3w i urz\u0105dze\u0144 ochrony \u015brodowiska.<\/p>\n<h2>Instalacja:<\/h2>\n<p>Wewn\u0119trzne: Podstawa zawiera wst\u0119pnie wywiercone otwory monta\u017cowe do monta\u017cu p\u0142ytek drukowanych lub szyn DIN (do ka\u017cdego pude\u0142ka do\u0142\u0105czone s\u0105 ponad 2 mosi\u0119\u017cne nakr\u0119tki M4).<br \/>\nNa zewn\u0105trz: Mo\u017ce by\u0107 montowany bezpo\u015brednio do \u015bcian lub p\u0142askich powierzchni za pomoc\u0105 \u015brub lub gwo\u017adzi przez wst\u0119pnie wywiercone otwory w podstawie.<\/p>\n<p>Otw\u00f3r wylotowy:<\/p>\n<p>Konfigurowalne otwory wylotowe mo\u017cna doda\u0107 zgodnie z wymaganiami klienta, a instalacja d\u0142awik\u00f3w kablowych zwi\u0119ksza wodoodporno\u015b\u0107.<\/p>\n<h4 class=\"wp-block-heading\">Nazwa modelu produktu<\/h4>\n<figure class=\"wp-block-table\">\n<div class=\"scroll\">\n<table>\n<tbody>\n<tr>\n<td rowspan=\"8\">Model AGF-20\/30\/160<\/td>\n<td>A<\/td>\n<td>materia\u0142<\/td>\n<td>A:ABS P:PC<\/td>\n<\/tr>\n<tr>\n<td>G<\/td>\n<td>Kolor pokrywy<\/td>\n<td>G:Szary T:Przezroczysty<\/td>\n<\/tr>\n<tr>\n<td rowspan=\"3\">F<\/td>\n<td rowspan=\"3\">typ<\/td>\n<td>F: Plastikowe punkty zawias\u00f3w w kszta\u0142cie<\/td>\n<\/tr>\n<tr>\n<td>P: Plastikowy zawias w kszta\u0142cie<\/td>\n<\/tr>\n<tr>\n<td>H: Zawias i zamek ze stali nierdzewnej<\/td>\n<\/tr>\n<tr>\n<td>20<\/td>\n<td>Szeroko\u015b\u0107 (W)<\/td>\n<td><\/td>\n<\/tr>\n<tr>\n<td>30<\/td>\n<td>D\u0142ugo\u015b\u0107 (L)<\/td>\n<td>zawias, zablokuj powierzchni\u0119 monta\u017cow\u0105<\/td>\n<\/tr>\n<tr>\n<td>160<\/td>\n<td>Highly(H)<\/td>\n<td>Z pokryw\u0105<\/td>\n<\/tr>\n<\/tbody>\n<\/table>\n<\/div>\n<\/figure>\n<h4 class=\"wp-block-heading\">Parametry techniczne<\/h4>\n<figure class=\"wp-block-table\">\n<div class=\"scroll\">\n<table>\n<tbody>\n<tr>\n<td colspan=\"2\"><strong>Opisa\u0107<\/strong><\/td>\n<td>PC (poliw\u0119glan)<\/td>\n<td>ABS<\/td>\n<\/tr>\n<tr>\n<td colspan=\"2\">Stopie\u0144 ochrony (EN 60529)<\/td>\n<td>IP65<\/td>\n<td>IP65<\/td>\n<\/tr>\n<tr>\n<td colspan=\"2\">Odporno\u015b\u0107 na wstrz\u0105sy (EN 62262)<\/td>\n<td>IK08<\/td>\n<td>IK08<\/td>\n<\/tr>\n<tr>\n<td colspan=\"2\">Zakres temperatur (kr\u00f3tkoterminowy)<\/td>\n<td>-40\u2103~120\u2103<\/td>\n<td>-40\u2103~80\u2103<\/td>\n<\/tr>\n<tr>\n<td colspan=\"2\">Zakres temperatur (ci\u0105g\u0142y)<\/td>\n<td>-40\u2103~80\u2103<\/td>\n<td>-40\u2103~60\u2103<\/td>\n<\/tr>\n<tr>\n<td colspan=\"2\">Izolacja<\/td>\n<td>W pe\u0142ni izolowany<\/td>\n<td>W pe\u0142ni izolowany<\/td>\n<\/tr>\n<tr>\n<td rowspan=\"2\">Kolor i po\u0142ysk<\/td>\n<td>cz\u0119\u015b\u0107 nieprzezroczysta - jasnoszara<\/td>\n<td>RAL 7035<\/td>\n<td>RAL 7035<\/td>\n<\/tr>\n<tr>\n<td>przezroczysta cz\u0119\u015b\u0107 pokrywy PC<\/td>\n<td>przezroczysty\/dymny szary<\/td>\n<td>przezroczysty\/dymny szary<\/td>\n<\/tr>\n<tr>\n<td colspan=\"2\">Kolor zawiasu\/klamry (PC)<\/td>\n<td>RAL 7035<\/td>\n<td>RAL 7035<\/td>\n<\/tr>\n<tr>\n<td colspan=\"2\">Uszczelka<\/td>\n<td>PUR\/EPDM<\/td>\n<td>PUR\/EPDM<\/td>\n<\/tr>\n<tr>\n<td colspan=\"2\">Klasa ognioodporno\u015bci<\/td>\n<td>UL94-5V<\/td>\n<td>UL94HB<\/td>\n<\/tr>\n<tr>\n<td colspan=\"2\">Test p\u0142on\u0105cego drutu (IEC695-2-1)<\/td>\n<td>960\u2103<\/td>\n<td>650\u2103<\/td>\n<\/tr>\n<tr>\n<td colspan=\"2\">Nietoksyczny<\/td>\n<td>Bezhalogenowy<\/td>\n<td>Bezhalogenowy<\/td>\n<\/tr>\n<tr>\n<td colspan=\"2\">Test UV<\/td>\n<td>UL 508(IN Aging machine 720h)<\/td>\n<td><\/td>\n<\/tr>\n<tr>\n<td colspan=\"2\">Odporno\u015b\u0107 chemiczna<\/td>\n<td>Dobry<\/td>\n<td>Dobry<\/td>\n<\/tr>\n<\/tbody>\n<\/table>\n<\/div>\n<\/figure>\n<h4 class=\"wp-block-heading\">Specyfikacja produktu<\/h4>\n<figure class=\"wp-block-table\">\n<div class=\"scroll\">\n<table>\n<tbody>\n<tr>\n<td>W*H*D<\/td>\n<td colspan=\"2\">ABS Solidna pokrywa<\/td>\n<td colspan=\"2\">PC Solidna os\u0142ona<\/td>\n<td>Stopie\u0144 ochrony IP<\/td>\n<\/tr>\n<tr>\n<td>Wymiar konturu (MM)<\/td>\n<td>Model<\/td>\n<td>Kod zam\u00f3wienia<\/td>\n<td>Model<\/td>\n<td>Kod zam\u00f3wienia<\/td>\n<td>IP65<\/td>\n<\/tr>\n<tr>\n<td>300*200*160<\/td>\n<td>AG-3020160<\/td>\n<td>042429191400017<\/td>\n<td>PG-3020160<\/td>\n<td>042429191400019<\/td>\n<td>IP65<\/td>\n<\/tr>\n<tr>\n<td>300*200*170<\/td>\n<td>AG-3020170<\/td>\n<td>00203020170069<\/td>\n<td>PG-3020170<\/td>\n<td>00203020170075<\/td>\n<td>IP65<\/td>\n<\/tr>\n<tr>\n<td>300*200*180<\/td>\n<td>AG-3020180<\/td>\n<td>00303020180075<\/td>\n<td>PG-3020180<\/td>\n<td>00303020180081<\/td>\n<td>IP65<\/td>\n<\/tr>\n<tr>\n<td>400*300*170<\/td>\n<td>AG-3040170<\/td>\n<td>00403040170081<\/td>\n<td>PG-3040170<\/td>\n<td>00403040170115<\/td>\n<td>IP65<\/td>\n<\/tr>\n<tr>\n<td>400*300*180<\/td>\n<td>AG-3040180<\/td>\n<td>005030400180081<\/td>\n<td>PG-3040180<\/td>\n<td>005030400180122<\/td>\n<td>IP65<\/td>\n<\/tr>\n<tr>\n<td>500*400*200<\/td>\n<td>AG-4050200<\/td>\n<td>00604050222140<\/td>\n<td>PG-4050200<\/td>\n<td>00604050200209<\/td>\n<td>IP65<\/td>\n<\/tr>\n<tr>\n<td>600*500*220<\/td>\n<td>AG-5060220<\/td>\n<td>007050600205<\/td>\n<td>PG-5060220<\/td>\n<td>007050600235<\/td>\n<td>IP65<\/td>\n<\/tr>\n<tr>\n<td>150*100*70<\/td>\n<td>AG-151070<\/td>\n<td>04201510700001<\/td>\n<td>PG-151070<\/td>\n<td>04201510700003<\/td>\n<td>IP65<\/td>\n<\/tr>\n<tr>\n<td>150*150*90<\/td>\n<td>AG-151590<\/td>\n<td>04211515900005<\/td>\n<td>PG-151590<\/td>\n<td>04211515900007<\/td>\n<td>IP65<\/td>\n<\/tr>\n<tr>\n<td>200*100*70<\/td>\n<td>AG-201070<\/td>\n<td>04222010700009<\/td>\n<td>PG-201070<\/td>\n<td>04222010700011<\/td>\n<td>IP65<\/td>\n<\/tr>\n<tr>\n<td>220*170*110<\/td>\n<td>AG-2217110<\/td>\n<td>042322171100013<\/td>\n<td>PG-2217110<\/td>\n<td>042322171100015<\/td>\n<td>IP65<\/td>\n<\/tr>\n<tr>\n<td>290*190*140<\/td>\n<td>AG-2919140<\/td>\n<td>042429191400017<\/td>\n<td>PG-2919140<\/td>\n<td>042429191400019<\/td>\n<td>IP65<\/td>\n<\/tr>\n<tr>\n<td>330*330*130<\/td>\n<td>AG-3333130<\/td>\n<td>042533331300021<\/td>\n<td>PG-3333130<\/td>\n<td>042533331300023<\/td>\n<td>IP65<\/td>\n<\/tr>\n<tr>\n<td>390*290*160<\/td>\n<td>AG-3929160<\/td>\n<td>042639291600025<\/td>\n<td>PG-3929160<\/td>\n<td>042639291600027<\/td>\n<td>IP65<\/td>\n<\/tr>\n<\/tbody>\n<\/table>\n<\/div>\n<\/figure>\n<h4 class=\"wp-block-heading\"><\/h4>","protected":false},"excerpt":{"rendered":"<p>The <strong>Wodoodporna plastikowa skrzynka przy\u0142\u0105czeniowa<\/strong> zosta\u0142 zaprojektowany w celu ochrony i bezpiecznego zabezpieczenia przed warunkami atmosferycznymi dzi\u0119ki pokrywie na zawiasach i zatrzaskach. Wykonana z wytrzyma\u0142ego materia\u0142u odpornego na promieniowanie UV, zapewnia d\u0142ug\u0105 \u017cywotno\u015b\u0107 w trudnych warunkach. Przystosowany do otwor\u00f3w wylotowych klienta do wlot\u00f3w lub przewod\u00f3w monta\u017cowych z kilkoma \u0142atwymi i prostymi opcjami instalacji, dzi\u0119ki czemu nadaje si\u0119 do u\u017cytku wewn\u0105trz i na zewn\u0105trz w wielu zastosowaniach.<\/p>","protected":false},"featured_media":2141,"template":"","meta":{"site-sidebar-layout":"default","site-content-layout":"","ast-site-content-layout":"default","site-content-style":"default","site-sidebar-style":"default","ast-global-header-display":"","ast-banner-title-visibility":"","ast-main-header-display":"","ast-hfb-above-header-display":"","ast-hfb-below-header-display":"","ast-hfb-mobile-header-display":"","site-post-title":"","ast-breadcrumbs-content":"","ast-featured-img":"","footer-sml-layout":"","ast-disable-related-posts":"","theme-transparent-header-meta":"default","adv-header-id-meta":"","stick-header-meta":"","header-above-stick-meta":"","header-main-stick-meta":"","header-below-stick-meta":"","astra-migrate-meta-layouts":"set","ast-page-background-enabled":"default","ast-page-background-meta":{"desktop":{"background-color":"var(--ast-global-color-4)","background-image":"","background-repeat":"repeat","background-position":"center center","background-size":"auto","background-attachment":"scroll","background-type":"","background-media":"","overlay-type":"","overlay-color":"","overlay-opacity":"","overlay-gradient":""},"tablet":{"background-color":"","background-image":"","background-repeat":"repeat","background-position":"center center","background-size":"auto","background-attachment":"scroll","background-type":"","background-media":"","overlay-type":"","overlay-color":"","overlay-opacity":"","overlay-gradient":""},"mobile":{"background-color":"","background-image":"","background-repeat":"repeat","background-position":"center center","background-size":"auto","background-attachment":"scroll","background-type":"","background-media":"","overlay-type":"","overlay-color":"","overlay-opacity":"","overlay-gradient":""}},"ast-content-background-meta":{"desktop":{"background-color":"var(--ast-global-color-5)","background-image":"","background-repeat":"repeat","background-position":"center center","background-size":"auto","background-attachment":"scroll","background-type":"","background-media":"","overlay-type":"","overlay-color":"","overlay-opacity":"","overlay-gradient":""},"tablet":{"background-color":"var(--ast-global-color-5)","background-image":"","background-repeat":"repeat","background-position":"center center","background-size":"auto","background-attachment":"scroll","background-type":"","background-media":"","overlay-type":"","overlay-color":"","overlay-opacity":"","overlay-gradient":""},"mobile":{"background-color":"var(--ast-global-color-5)","background-image":"","background-repeat":"repeat","background-position":"center center","background-size":"auto","background-attachment":"scroll","background-type":"","background-media":"","overlay-type":"","overlay-color":"","overlay-opacity":"","overlay-gradient":""}}},"product_brand":[],"product_cat":[23],"product_tag":[],"class_list":{"0":"post-2138","1":"product","2":"type-product","3":"status-publish","4":"has-post-thumbnail","6":"product_cat-waterproof-plastic-enclosure","7":"desktop-align-left","8":"tablet-align-left","9":"mobile-align-left","11":"first","12":"instock","13":"shipping-taxable","14":"product-type-simple"},"yoast_head":"<!-- This site is optimized with the Yoast SEO plugin v24.8.1 - https:\/\/yoast.com\/wordpress\/plugins\/seo\/ -->\n<title>F Series Waterproof Electrical Plastic Junction Box With Hinge - JYIELE<\/title>\n<meta name=\"robots\" content=\"index, follow, max-snippet:-1, max-image-preview:large, max-video-preview:-1\" \/>\n<link rel=\"canonical\" href=\"https:\/\/www.jyiele.com\/pl\/product\/waterproof-electrical-plastic-junction-box-with-hinge\/\" \/>\n<meta property=\"og:locale\" content=\"pl_PL\" \/>\n<meta property=\"og:type\" content=\"article\" \/>\n<meta property=\"og:title\" content=\"F Series Waterproof Electrical Plastic Junction Box With Hinge - JYIELE\" \/>\n<meta property=\"og:description\" content=\"The Waterproof Electrical Plastic Junction Box is designed to protect and safely weatherproof your application with a hinged and latched lid. Manufactured from heavy-duty UV-resistant material for long service in harsh environments. Accommodates customer outlet holes for inlets or mounting wires with several easy, simple installation options, making it suitable for indoor and outdoor usage in many applications.\" \/>\n<meta property=\"og:url\" content=\"https:\/\/www.jyiele.com\/pl\/product\/waterproof-electrical-plastic-junction-box-with-hinge\/\" \/>\n<meta property=\"og:site_name\" content=\"JYIELE\" \/>\n<meta property=\"article:modified_time\" content=\"2025-03-09T11:34:08+00:00\" \/>\n<meta property=\"og:image\" content=\"https:\/\/www.jyiele.com\/wp-content\/uploads\/2024\/10\/Electrical-Plastic-Junction-Box.webp\" \/>\n\t<meta property=\"og:image:width\" content=\"800\" \/>\n\t<meta property=\"og:image:height\" content=\"800\" \/>\n\t<meta property=\"og:image:type\" content=\"image\/webp\" \/>\n<meta name=\"twitter:card\" content=\"summary_large_image\" \/>\n<meta name=\"twitter:label1\" content=\"Szacowany czas czytania\" \/>\n\t<meta name=\"twitter:data1\" content=\"2 minuty\" \/>\n<script type=\"application\/ld+json\" class=\"yoast-schema-graph\">{\"@context\":\"https:\/\/schema.org\",\"@graph\":[{\"@type\":\"WebPage\",\"@id\":\"https:\/\/www.jyiele.com\/ja\/product\/waterproof-electrical-plastic-junction-box-with-hinge\/\",\"url\":\"https:\/\/www.jyiele.com\/ja\/product\/waterproof-electrical-plastic-junction-box-with-hinge\/\",\"name\":\"F Series Waterproof Electrical Plastic Junction Box With Hinge - JYIELE\",\"isPartOf\":{\"@id\":\"https:\/\/www.jyiele.com\/#website\"},\"primaryImageOfPage\":{\"@id\":\"https:\/\/www.jyiele.com\/ja\/product\/waterproof-electrical-plastic-junction-box-with-hinge\/#primaryimage\"},\"image\":{\"@id\":\"https:\/\/www.jyiele.com\/ja\/product\/waterproof-electrical-plastic-junction-box-with-hinge\/#primaryimage\"},\"thumbnailUrl\":\"https:\/\/www.jyiele.com\/wp-content\/uploads\/2024\/10\/Electrical-Plastic-Junction-Box.webp\",\"datePublished\":\"2024-10-16T12:32:07+00:00\",\"dateModified\":\"2025-03-09T11:34:08+00:00\",\"breadcrumb\":{\"@id\":\"https:\/\/www.jyiele.com\/ja\/product\/waterproof-electrical-plastic-junction-box-with-hinge\/#breadcrumb\"},\"inLanguage\":\"pl-PL\",\"potentialAction\":[{\"@type\":\"ReadAction\",\"target\":[\"https:\/\/www.jyiele.com\/ja\/product\/waterproof-electrical-plastic-junction-box-with-hinge\/\"]}]},{\"@type\":\"ImageObject\",\"inLanguage\":\"pl-PL\",\"@id\":\"https:\/\/www.jyiele.com\/ja\/product\/waterproof-electrical-plastic-junction-box-with-hinge\/#primaryimage\",\"url\":\"https:\/\/www.jyiele.com\/wp-content\/uploads\/2024\/10\/Electrical-Plastic-Junction-Box.webp\",\"contentUrl\":\"https:\/\/www.jyiele.com\/wp-content\/uploads\/2024\/10\/Electrical-Plastic-Junction-Box.webp\",\"width\":800,\"height\":800,\"caption\":\"Electrical Plastic Junction Box\"},{\"@type\":\"BreadcrumbList\",\"@id\":\"https:\/\/www.jyiele.com\/ja\/product\/waterproof-electrical-plastic-junction-box-with-hinge\/#breadcrumb\",\"itemListElement\":[{\"@type\":\"ListItem\",\"position\":1,\"name\":\"Home\",\"item\":\"https:\/\/www.jyiele.com\/\"},{\"@type\":\"ListItem\",\"position\":2,\"name\":\"Product\",\"item\":\"https:\/\/www.jyiele.com\/product\/\"},{\"@type\":\"ListItem\",\"position\":3,\"name\":\"Waterproof Plastic Enclosure\",\"item\":\"https:\/\/www.jyiele.com\/ja\/product-category\/waterproof-plastic-enclosure\/\"},{\"@type\":\"ListItem\",\"position\":4,\"name\":\"F Series Waterproof Electrical Plastic Junction Box With Hinge\"}]},{\"@type\":\"WebSite\",\"@id\":\"https:\/\/www.jyiele.com\/#website\",\"url\":\"https:\/\/www.jyiele.com\/\",\"name\":\"JYIELE\",\"description\":\"Vacuum Circuit Breaker manufacturer\",\"publisher\":{\"@id\":\"https:\/\/www.jyiele.com\/#organization\"},\"potentialAction\":[{\"@type\":\"SearchAction\",\"target\":{\"@type\":\"EntryPoint\",\"urlTemplate\":\"https:\/\/www.jyiele.com\/?s={search_term_string}\"},\"query-input\":{\"@type\":\"PropertyValueSpecification\",\"valueRequired\":true,\"valueName\":\"search_term_string\"}}],\"inLanguage\":\"pl-PL\"},{\"@type\":\"Organization\",\"@id\":\"https:\/\/www.jyiele.com\/#organization\",\"name\":\"JYIELE\",\"url\":\"https:\/\/www.jyiele.com\/\",\"logo\":{\"@type\":\"ImageObject\",\"inLanguage\":\"pl-PL\",\"@id\":\"https:\/\/www.jyiele.com\/#\/schema\/logo\/image\/\",\"url\":\"https:\/\/www.jyiele.com\/wp-content\/uploads\/2024\/09\/cropped-jyele-1.webp\",\"contentUrl\":\"https:\/\/www.jyiele.com\/wp-content\/uploads\/2024\/09\/cropped-jyele-1.webp\",\"width\":137,\"height\":60,\"caption\":\"JYIELE\"},\"image\":{\"@id\":\"https:\/\/www.jyiele.com\/#\/schema\/logo\/image\/\"}}]}<\/script>\n<!-- \/ Yoast SEO plugin. -->","yoast_head_json":{"title":"Wodoodporna plastikowa skrzynka przy\u0142\u0105czeniowa z serii F z zawiasem - JYIELE","robots":{"index":"index","follow":"follow","max-snippet":"max-snippet:-1","max-image-preview":"max-image-preview:large","max-video-preview":"max-video-preview:-1"},"canonical":"https:\/\/www.jyiele.com\/pl\/product\/waterproof-electrical-plastic-junction-box-with-hinge\/","og_locale":"pl_PL","og_type":"article","og_title":"F Series Waterproof Electrical Plastic Junction Box With Hinge - JYIELE","og_description":"The Waterproof Electrical Plastic Junction Box is designed to protect and safely weatherproof your application with a hinged and latched lid. Manufactured from heavy-duty UV-resistant material for long service in harsh environments. Accommodates customer outlet holes for inlets or mounting wires with several easy, simple installation options, making it suitable for indoor and outdoor usage in many applications.","og_url":"https:\/\/www.jyiele.com\/pl\/product\/waterproof-electrical-plastic-junction-box-with-hinge\/","og_site_name":"JYIELE","article_modified_time":"2025-03-09T11:34:08+00:00","og_image":[{"width":800,"height":800,"url":"https:\/\/www.jyiele.com\/wp-content\/uploads\/2024\/10\/Electrical-Plastic-Junction-Box.webp","type":"image\/webp"}],"twitter_card":"summary_large_image","twitter_misc":{"Szacowany czas czytania":"2 minuty"},"schema":{"@context":"https:\/\/schema.org","@graph":[{"@type":"WebPage","@id":"https:\/\/www.jyiele.com\/ja\/product\/waterproof-electrical-plastic-junction-box-with-hinge\/","url":"https:\/\/www.jyiele.com\/ja\/product\/waterproof-electrical-plastic-junction-box-with-hinge\/","name":"Wodoodporna plastikowa skrzynka przy\u0142\u0105czeniowa z serii F z zawiasem - JYIELE","isPartOf":{"@id":"https:\/\/www.jyiele.com\/#website"},"primaryImageOfPage":{"@id":"https:\/\/www.jyiele.com\/ja\/product\/waterproof-electrical-plastic-junction-box-with-hinge\/#primaryimage"},"image":{"@id":"https:\/\/www.jyiele.com\/ja\/product\/waterproof-electrical-plastic-junction-box-with-hinge\/#primaryimage"},"thumbnailUrl":"https:\/\/www.jyiele.com\/wp-content\/uploads\/2024\/10\/Electrical-Plastic-Junction-Box.webp","datePublished":"2024-10-16T12:32:07+00:00","dateModified":"2025-03-09T11:34:08+00:00","breadcrumb":{"@id":"https:\/\/www.jyiele.com\/ja\/product\/waterproof-electrical-plastic-junction-box-with-hinge\/#breadcrumb"},"inLanguage":"pl-PL","potentialAction":[{"@type":"ReadAction","target":["https:\/\/www.jyiele.com\/ja\/product\/waterproof-electrical-plastic-junction-box-with-hinge\/"]}]},{"@type":"ImageObject","inLanguage":"pl-PL","@id":"https:\/\/www.jyiele.com\/ja\/product\/waterproof-electrical-plastic-junction-box-with-hinge\/#primaryimage","url":"https:\/\/www.jyiele.com\/wp-content\/uploads\/2024\/10\/Electrical-Plastic-Junction-Box.webp","contentUrl":"https:\/\/www.jyiele.com\/wp-content\/uploads\/2024\/10\/Electrical-Plastic-Junction-Box.webp","width":800,"height":800,"caption":"Electrical Plastic Junction Box"},{"@type":"BreadcrumbList","@id":"https:\/\/www.jyiele.com\/ja\/product\/waterproof-electrical-plastic-junction-box-with-hinge\/#breadcrumb","itemListElement":[{"@type":"ListItem","position":1,"name":"Home","item":"https:\/\/www.jyiele.com\/"},{"@type":"ListItem","position":2,"name":"Product","item":"https:\/\/www.jyiele.com\/product\/"},{"@type":"ListItem","position":3,"name":"Waterproof Plastic Enclosure","item":"https:\/\/www.jyiele.com\/ja\/product-category\/waterproof-plastic-enclosure\/"},{"@type":"ListItem","position":4,"name":"F Series Waterproof Electrical Plastic Junction Box With Hinge"}]},{"@type":"WebSite","@id":"https:\/\/www.jyiele.com\/#website","url":"https:\/\/www.jyiele.com\/","name":"JYIELE","description":"Producent wy\u0142\u0105cznik\u00f3w pr\u00f3\u017cniowych","publisher":{"@id":"https:\/\/www.jyiele.com\/#organization"},"potentialAction":[{"@type":"SearchAction","target":{"@type":"EntryPoint","urlTemplate":"https:\/\/www.jyiele.com\/?s={search_term_string}"},"query-input":{"@type":"PropertyValueSpecification","valueRequired":true,"valueName":"search_term_string"}}],"inLanguage":"pl-PL"},{"@type":"Organization","@id":"https:\/\/www.jyiele.com\/#organization","name":"JYIELE","url":"https:\/\/www.jyiele.com\/","logo":{"@type":"ImageObject","inLanguage":"pl-PL","@id":"https:\/\/www.jyiele.com\/#\/schema\/logo\/image\/","url":"https:\/\/www.jyiele.com\/wp-content\/uploads\/2024\/09\/cropped-jyele-1.webp","contentUrl":"https:\/\/www.jyiele.com\/wp-content\/uploads\/2024\/09\/cropped-jyele-1.webp","width":137,"height":60,"caption":"JYIELE"},"image":{"@id":"https:\/\/www.jyiele.com\/#\/schema\/logo\/image\/"}}]}},"_links":{"self":[{"href":"https:\/\/www.jyiele.com\/pl\/wp-json\/wp\/v2\/product\/2138","targetHints":{"allow":["GET"]}}],"collection":[{"href":"https:\/\/www.jyiele.com\/pl\/wp-json\/wp\/v2\/product"}],"about":[{"href":"https:\/\/www.jyiele.com\/pl\/wp-json\/wp\/v2\/types\/product"}],"version-history":[{"count":2,"href":"https:\/\/www.jyiele.com\/pl\/wp-json\/wp\/v2\/product\/2138\/revisions"}],"predecessor-version":[{"id":2142,"href":"https:\/\/www.jyiele.com\/pl\/wp-json\/wp\/v2\/product\/2138\/revisions\/2142"}],"wp:featuredmedia":[{"embeddable":true,"href":"https:\/\/www.jyiele.com\/pl\/wp-json\/wp\/v2\/media\/2141"}],"wp:attachment":[{"href":"https:\/\/www.jyiele.com\/pl\/wp-json\/wp\/v2\/media?parent=2138"}],"wp:term":[{"taxonomy":"product_brand","embeddable":true,"href":"https:\/\/www.jyiele.com\/pl\/wp-json\/wp\/v2\/product_brand?post=2138"},{"taxonomy":"product_cat","embeddable":true,"href":"https:\/\/www.jyiele.com\/pl\/wp-json\/wp\/v2\/product_cat?post=2138"},{"taxonomy":"product_tag","embeddable":true,"href":"https:\/\/www.jyiele.com\/pl\/wp-json\/wp\/v2\/product_tag?post=2138"}],"curies":[{"name":"wp","href":"https:\/\/api.w.org\/{rel}","templated":true}]}}