{"id":94,"date":"2022-09-08T17:11:49","date_gmt":"2022-09-08T17:11:49","guid":{"rendered":"http:\/\/jyiele.com\/?post_type=product&#038;p=48"},"modified":"2025-03-09T11:38:59","modified_gmt":"2025-03-09T11:38:59","slug":"vacuum-circuit-breaker-manufacturers","status":"publish","type":"product","link":"https:\/\/www.jyiele.com\/pl\/product\/vacuum-circuit-breaker-manufacturers\/","title":{"rendered":"Producenci wy\u0142\u0105cznik\u00f3w pr\u00f3\u017cniowych ZN63(VS1)-12M z magnesami trwa\u0142ymi"},"content":{"rendered":"<h2 class=\"wp-block-heading\">Specyfikacja<\/h2>\n<p>Sta\u0142y magnetyczny wy\u0142\u0105cznik pr\u00f3\u017cniowy serii VS1-12 to tr\u00f3jfazowy pr\u0105d przemienny 50 Hz, napi\u0119cie znamionowe rozdzielnicy wewn\u0119trznej 12 kV, sterowanie i ochrona dla przedsi\u0119biorstw przemys\u0142owych i g\u00f3rniczych, elektrowni i podstacji, obiekt\u00f3w elektrycznych oraz do cz\u0119stej pracy.<\/p>\n<p>Przyj\u0119cie mechanizmu operacyjnego VET i zintegrowanego wy\u0142\u0105cznika, konstrukcja mo\u017ce by\u0107 u\u017cywana jako sta\u0142a jednostka instalacyjna, mo\u017ce by\u0107 r\u00f3wnie\u017c wyposa\u017cona w specjalny mechanizm wspomagaj\u0105cy, zastosowany sk\u0142ad jednostki w\u00f3zka r\u0119cznego.<\/p>\n<h2 class=\"wp-block-heading\">Warunki otoczenia<\/h2>\n<p>1\u3001Temperatura otoczenia: -15\u2103-+40\u2103;<br \/>\n2\u3001 Wysoko\u015b\u0107 n.p.m.: \u22641000M;<br \/>\n3\u3001Intensywno\u015b\u0107 trz\u0119sienia ziemi: \u22648 stopni;<br \/>\n4\u3001Wilgotno\u015b\u0107 wzgl\u0119dna: \u015brednia dzienna warto\u015b\u0107 nie przekracza 95%, \u015brednia miesi\u0119czna nie przekracza 90%;<br \/>\n5\u3001 Otaczaj\u0105ce powietrze nie jest \u017cr\u0105ce i nie zawiera \u0142atwopalnych gaz\u00f3w, pary wodnej i innych znacz\u0105cych zanieczyszcze\u0144;<\/p>\n<h2 class=\"wp-block-heading\">Znaczenie modelu<\/h2>\n<figure class=\"wp-block-image size-full\"><img fetchpriority=\"high\" decoding=\"async\" class=\"alignnone wp-image-1213 size-full\" src=\"https:\/\/www.jy-electric.com\/wp-content\/uploads\/2020\/04\/Vacuum-Circuit-Breaker-Manufacturers.webp\" alt=\"Producenci wy\u0142\u0105cznik\u00f3w pr\u00f3\u017cniowych\" width=\"845\" height=\"141\" srcset=\"https:\/\/www.jyiele.com\/wp-content\/uploads\/2020\/04\/Vacuum-Circuit-Breaker-Manufacturers.webp 845w, https:\/\/www.jyiele.com\/wp-content\/uploads\/2020\/04\/Vacuum-Circuit-Breaker-Manufacturers-300x50.webp 300w, https:\/\/www.jyiele.com\/wp-content\/uploads\/2020\/04\/Vacuum-Circuit-Breaker-Manufacturers-768x128.webp 768w, https:\/\/www.jyiele.com\/wp-content\/uploads\/2020\/04\/Vacuum-Circuit-Breaker-Manufacturers-18x3.webp 18w, https:\/\/www.jyiele.com\/wp-content\/uploads\/2020\/04\/Vacuum-Circuit-Breaker-Manufacturers-600x100.webp 600w\" sizes=\"(max-width: 845px) 100vw, 845px\" \/><\/figure>","protected":false},"excerpt":{"rendered":"<p>Wy\u0142\u0105cznik pr\u00f3\u017cniowy wysokiego napi\u0119cia ZN63 (VS1) -12M z magnesami trwa\u0142ymi jest rozdzielnic\u0105 wn\u0119trzow\u0105 dla tr\u00f3jfazowych system\u00f3w zasilania AC 50Hz o napi\u0119ciu znamionowym 12kV. S\u0142u\u017cy jako jednostka zabezpieczaj\u0105ca i steruj\u0105ca dla urz\u0105dze\u0144 sieci energetycznej oraz urz\u0105dze\u0144 przemys\u0142owych i g\u00f3rniczych.<\/p>","protected":false},"featured_media":1212,"template":"","meta":{"site-sidebar-layout":"default","site-content-layout":"","ast-site-content-layout":"default","site-content-style":"default","site-sidebar-style":"default","ast-global-header-display":"","ast-banner-title-visibility":"","ast-main-header-display":"","ast-hfb-above-header-display":"","ast-hfb-below-header-display":"","ast-hfb-mobile-header-display":"","site-post-title":"","ast-breadcrumbs-content":"","ast-featured-img":"","footer-sml-layout":"","ast-disable-related-posts":"","theme-transparent-header-meta":"default","adv-header-id-meta":"","stick-header-meta":"","header-above-stick-meta":"","header-main-stick-meta":"","header-below-stick-meta":"","astra-migrate-meta-layouts":"set","ast-page-background-enabled":"default","ast-page-background-meta":{"desktop":{"background-color":"var(--ast-global-color-4)","background-image":"","background-repeat":"repeat","background-position":"center center","background-size":"auto","background-attachment":"scroll","background-type":"","background-media":"","overlay-type":"","overlay-color":"","overlay-opacity":"","overlay-gradient":""},"tablet":{"background-color":"","background-image":"","background-repeat":"repeat","background-position":"center center","background-size":"auto","background-attachment":"scroll","background-type":"","background-media":"","overlay-type":"","overlay-color":"","overlay-opacity":"","overlay-gradient":""},"mobile":{"background-color":"","background-image":"","background-repeat":"repeat","background-position":"center center","background-size":"auto","background-attachment":"scroll","background-type":"","background-media":"","overlay-type":"","overlay-color":"","overlay-opacity":"","overlay-gradient":""}},"ast-content-background-meta":{"desktop":{"background-color":"var(--ast-global-color-5)","background-image":"","background-repeat":"repeat","background-position":"center center","background-size":"auto","background-attachment":"scroll","background-type":"","background-media":"","overlay-type":"","overlay-color":"","overlay-opacity":"","overlay-gradient":""},"tablet":{"background-color":"var(--ast-global-color-5)","background-image":"","background-repeat":"repeat","background-position":"center center","background-size":"auto","background-attachment":"scroll","background-type":"","background-media":"","overlay-type":"","overlay-color":"","overlay-opacity":"","overlay-gradient":""},"mobile":{"background-color":"var(--ast-global-color-5)","background-image":"","background-repeat":"repeat","background-position":"center center","background-size":"auto","background-attachment":"scroll","background-type":"","background-media":"","overlay-type":"","overlay-color":"","overlay-opacity":"","overlay-gradient":""}}},"product_brand":[],"product_cat":[26],"product_tag":[],"class_list":{"0":"post-94","1":"product","2":"type-product","3":"status-publish","4":"has-post-thumbnail","6":"product_cat-vacuum-circuit-breaker","7":"desktop-align-left","8":"tablet-align-left","9":"mobile-align-left","11":"first","12":"instock","13":"shipping-taxable","14":"purchasable","15":"product-type-simple"},"yoast_head":"<!-- This site is optimized with the Yoast SEO plugin v24.8.1 - https:\/\/yoast.com\/wordpress\/plugins\/seo\/ -->\n<title>ZN63(VS1)-12M Permanent Magnetic Vacuum Circuit Breaker Manufacturers - JYIELE<\/title>\n<meta name=\"description\" content=\"Discover leading manufacturers of ZN63(VS1)-12M permanent magnetic vacuum circuit breakers. Engineered for reliability and efficiency, our circuit breakers offer superior performance in electrical systems. Explore our range for high-quality solutions tailored to your needs.\" \/>\n<meta name=\"robots\" content=\"index, follow, max-snippet:-1, max-image-preview:large, max-video-preview:-1\" \/>\n<link rel=\"canonical\" href=\"https:\/\/www.jyiele.com\/pl\/product\/vacuum-circuit-breaker-manufacturers\/\" \/>\n<meta property=\"og:locale\" content=\"pl_PL\" \/>\n<meta property=\"og:type\" content=\"article\" \/>\n<meta property=\"og:title\" content=\"ZN63(VS1)-12M Permanent Magnetic Vacuum Circuit Breaker Manufacturers - JYIELE\" \/>\n<meta property=\"og:description\" content=\"Discover leading manufacturers of ZN63(VS1)-12M permanent magnetic vacuum circuit breakers. Engineered for reliability and efficiency, our circuit breakers offer superior performance in electrical systems. Explore our range for high-quality solutions tailored to your needs.\" \/>\n<meta property=\"og:url\" content=\"https:\/\/www.jyiele.com\/pl\/product\/vacuum-circuit-breaker-manufacturers\/\" \/>\n<meta property=\"og:site_name\" content=\"JYIELE\" \/>\n<meta property=\"article:modified_time\" content=\"2025-03-09T11:38:59+00:00\" \/>\n<meta property=\"og:image\" content=\"https:\/\/www.jyiele.com\/wp-content\/uploads\/2020\/04\/permanent-Magnetic-Vacuum-Circuit-Breaker-Manufacturers.webp\" \/>\n\t<meta property=\"og:image:width\" content=\"600\" \/>\n\t<meta property=\"og:image:height\" content=\"600\" \/>\n\t<meta property=\"og:image:type\" content=\"image\/webp\" \/>\n<meta name=\"twitter:card\" content=\"summary_large_image\" \/>\n<meta name=\"twitter:label1\" content=\"Szacowany czas czytania\" \/>\n\t<meta name=\"twitter:data1\" content=\"1 minuta\" \/>\n<script type=\"application\/ld+json\" class=\"yoast-schema-graph\">{\"@context\":\"https:\/\/schema.org\",\"@graph\":[{\"@type\":\"WebPage\",\"@id\":\"https:\/\/www.jyiele.com\/product\/vacuum-circuit-breaker-manufacturers\/\",\"url\":\"https:\/\/www.jyiele.com\/product\/vacuum-circuit-breaker-manufacturers\/\",\"name\":\"ZN63(VS1)-12M Permanent Magnetic Vacuum Circuit Breaker Manufacturers - JYIELE\",\"isPartOf\":{\"@id\":\"https:\/\/www.jyiele.com\/#website\"},\"primaryImageOfPage\":{\"@id\":\"https:\/\/www.jyiele.com\/product\/vacuum-circuit-breaker-manufacturers\/#primaryimage\"},\"image\":{\"@id\":\"https:\/\/www.jyiele.com\/product\/vacuum-circuit-breaker-manufacturers\/#primaryimage\"},\"thumbnailUrl\":\"https:\/\/www.jyiele.com\/wp-content\/uploads\/2020\/04\/permanent-Magnetic-Vacuum-Circuit-Breaker-Manufacturers.webp\",\"datePublished\":\"2022-09-08T17:11:49+00:00\",\"dateModified\":\"2025-03-09T11:38:59+00:00\",\"description\":\"Discover leading manufacturers of ZN63(VS1)-12M permanent magnetic vacuum circuit breakers. Engineered for reliability and efficiency, our circuit breakers offer superior performance in electrical systems. Explore our range for high-quality solutions tailored to your needs.\",\"breadcrumb\":{\"@id\":\"https:\/\/www.jyiele.com\/product\/vacuum-circuit-breaker-manufacturers\/#breadcrumb\"},\"inLanguage\":\"pl-PL\",\"potentialAction\":[{\"@type\":\"ReadAction\",\"target\":[\"https:\/\/www.jyiele.com\/product\/vacuum-circuit-breaker-manufacturers\/\"]}]},{\"@type\":\"ImageObject\",\"inLanguage\":\"pl-PL\",\"@id\":\"https:\/\/www.jyiele.com\/product\/vacuum-circuit-breaker-manufacturers\/#primaryimage\",\"url\":\"https:\/\/www.jyiele.com\/wp-content\/uploads\/2020\/04\/permanent-Magnetic-Vacuum-Circuit-Breaker-Manufacturers.webp\",\"contentUrl\":\"https:\/\/www.jyiele.com\/wp-content\/uploads\/2020\/04\/permanent-Magnetic-Vacuum-Circuit-Breaker-Manufacturers.webp\",\"width\":600,\"height\":600,\"caption\":\"permanent Magnetic Vacuum Circuit Breaker Manufacturers\"},{\"@type\":\"BreadcrumbList\",\"@id\":\"https:\/\/www.jyiele.com\/product\/vacuum-circuit-breaker-manufacturers\/#breadcrumb\",\"itemListElement\":[{\"@type\":\"ListItem\",\"position\":1,\"name\":\"Home\",\"item\":\"https:\/\/www.jyiele.com\/\"},{\"@type\":\"ListItem\",\"position\":2,\"name\":\"Product\",\"item\":\"https:\/\/www.jyiele.com\/product\/\"},{\"@type\":\"ListItem\",\"position\":3,\"name\":\"Vacuum Circuit Breaker\",\"item\":\"https:\/\/www.jyiele.com\/product-category\/vacuum-circuit-breaker\/\"},{\"@type\":\"ListItem\",\"position\":4,\"name\":\"ZN63(VS1)-12M Permanent Magnetic Vacuum Circuit Breaker Manufacturers\"}]},{\"@type\":\"WebSite\",\"@id\":\"https:\/\/www.jyiele.com\/#website\",\"url\":\"https:\/\/www.jyiele.com\/\",\"name\":\"JYIELE\",\"description\":\"Vacuum Circuit Breaker manufacturer\",\"publisher\":{\"@id\":\"https:\/\/www.jyiele.com\/#organization\"},\"potentialAction\":[{\"@type\":\"SearchAction\",\"target\":{\"@type\":\"EntryPoint\",\"urlTemplate\":\"https:\/\/www.jyiele.com\/?s={search_term_string}\"},\"query-input\":{\"@type\":\"PropertyValueSpecification\",\"valueRequired\":true,\"valueName\":\"search_term_string\"}}],\"inLanguage\":\"pl-PL\"},{\"@type\":\"Organization\",\"@id\":\"https:\/\/www.jyiele.com\/#organization\",\"name\":\"JYIELE\",\"url\":\"https:\/\/www.jyiele.com\/\",\"logo\":{\"@type\":\"ImageObject\",\"inLanguage\":\"pl-PL\",\"@id\":\"https:\/\/www.jyiele.com\/#\/schema\/logo\/image\/\",\"url\":\"https:\/\/www.jyiele.com\/wp-content\/uploads\/2024\/09\/cropped-jyele-1.webp\",\"contentUrl\":\"https:\/\/www.jyiele.com\/wp-content\/uploads\/2024\/09\/cropped-jyele-1.webp\",\"width\":137,\"height\":60,\"caption\":\"JYIELE\"},\"image\":{\"@id\":\"https:\/\/www.jyiele.com\/#\/schema\/logo\/image\/\"}}]}<\/script>\n<!-- \/ Yoast SEO plugin. -->","yoast_head_json":{"title":"ZN63(VS1)-12M Producenci wy\u0142\u0105cznik\u00f3w pr\u00f3\u017cniowych z magnesami trwa\u0142ymi - JYIELE","description":"Odkryj wiod\u0105cych producent\u00f3w sta\u0142ych magnetycznych wy\u0142\u0105cznik\u00f3w pr\u00f3\u017cniowych ZN63(VS1)-12M. Zaprojektowane z my\u015bl\u0105 o niezawodno\u015bci i wydajno\u015bci, nasze wy\u0142\u0105czniki zapewniaj\u0105 doskona\u0142\u0105 wydajno\u015b\u0107 w systemach elektrycznych. Zapoznaj si\u0119 z nasz\u0105 ofert\u0105 wysokiej jako\u015bci rozwi\u0105za\u0144 dostosowanych do Twoich potrzeb.","robots":{"index":"index","follow":"follow","max-snippet":"max-snippet:-1","max-image-preview":"max-image-preview:large","max-video-preview":"max-video-preview:-1"},"canonical":"https:\/\/www.jyiele.com\/pl\/product\/vacuum-circuit-breaker-manufacturers\/","og_locale":"pl_PL","og_type":"article","og_title":"ZN63(VS1)-12M Permanent Magnetic Vacuum Circuit Breaker Manufacturers - JYIELE","og_description":"Discover leading manufacturers of ZN63(VS1)-12M permanent magnetic vacuum circuit breakers. Engineered for reliability and efficiency, our circuit breakers offer superior performance in electrical systems. Explore our range for high-quality solutions tailored to your needs.","og_url":"https:\/\/www.jyiele.com\/pl\/product\/vacuum-circuit-breaker-manufacturers\/","og_site_name":"JYIELE","article_modified_time":"2025-03-09T11:38:59+00:00","og_image":[{"width":600,"height":600,"url":"https:\/\/www.jyiele.com\/wp-content\/uploads\/2020\/04\/permanent-Magnetic-Vacuum-Circuit-Breaker-Manufacturers.webp","type":"image\/webp"}],"twitter_card":"summary_large_image","twitter_misc":{"Szacowany czas czytania":"1 minuta"},"schema":{"@context":"https:\/\/schema.org","@graph":[{"@type":"WebPage","@id":"https:\/\/www.jyiele.com\/product\/vacuum-circuit-breaker-manufacturers\/","url":"https:\/\/www.jyiele.com\/product\/vacuum-circuit-breaker-manufacturers\/","name":"ZN63(VS1)-12M Producenci wy\u0142\u0105cznik\u00f3w pr\u00f3\u017cniowych z magnesami trwa\u0142ymi - JYIELE","isPartOf":{"@id":"https:\/\/www.jyiele.com\/#website"},"primaryImageOfPage":{"@id":"https:\/\/www.jyiele.com\/product\/vacuum-circuit-breaker-manufacturers\/#primaryimage"},"image":{"@id":"https:\/\/www.jyiele.com\/product\/vacuum-circuit-breaker-manufacturers\/#primaryimage"},"thumbnailUrl":"https:\/\/www.jyiele.com\/wp-content\/uploads\/2020\/04\/permanent-Magnetic-Vacuum-Circuit-Breaker-Manufacturers.webp","datePublished":"2022-09-08T17:11:49+00:00","dateModified":"2025-03-09T11:38:59+00:00","description":"Odkryj wiod\u0105cych producent\u00f3w sta\u0142ych magnetycznych wy\u0142\u0105cznik\u00f3w pr\u00f3\u017cniowych ZN63(VS1)-12M. Zaprojektowane z my\u015bl\u0105 o niezawodno\u015bci i wydajno\u015bci, nasze wy\u0142\u0105czniki zapewniaj\u0105 doskona\u0142\u0105 wydajno\u015b\u0107 w systemach elektrycznych. Zapoznaj si\u0119 z nasz\u0105 ofert\u0105 wysokiej jako\u015bci rozwi\u0105za\u0144 dostosowanych do Twoich potrzeb.","breadcrumb":{"@id":"https:\/\/www.jyiele.com\/product\/vacuum-circuit-breaker-manufacturers\/#breadcrumb"},"inLanguage":"pl-PL","potentialAction":[{"@type":"ReadAction","target":["https:\/\/www.jyiele.com\/product\/vacuum-circuit-breaker-manufacturers\/"]}]},{"@type":"ImageObject","inLanguage":"pl-PL","@id":"https:\/\/www.jyiele.com\/product\/vacuum-circuit-breaker-manufacturers\/#primaryimage","url":"https:\/\/www.jyiele.com\/wp-content\/uploads\/2020\/04\/permanent-Magnetic-Vacuum-Circuit-Breaker-Manufacturers.webp","contentUrl":"https:\/\/www.jyiele.com\/wp-content\/uploads\/2020\/04\/permanent-Magnetic-Vacuum-Circuit-Breaker-Manufacturers.webp","width":600,"height":600,"caption":"permanent Magnetic Vacuum Circuit Breaker Manufacturers"},{"@type":"BreadcrumbList","@id":"https:\/\/www.jyiele.com\/product\/vacuum-circuit-breaker-manufacturers\/#breadcrumb","itemListElement":[{"@type":"ListItem","position":1,"name":"Home","item":"https:\/\/www.jyiele.com\/"},{"@type":"ListItem","position":2,"name":"Product","item":"https:\/\/www.jyiele.com\/product\/"},{"@type":"ListItem","position":3,"name":"Vacuum Circuit Breaker","item":"https:\/\/www.jyiele.com\/product-category\/vacuum-circuit-breaker\/"},{"@type":"ListItem","position":4,"name":"ZN63(VS1)-12M Permanent Magnetic Vacuum Circuit Breaker Manufacturers"}]},{"@type":"WebSite","@id":"https:\/\/www.jyiele.com\/#website","url":"https:\/\/www.jyiele.com\/","name":"JYIELE","description":"Producent wy\u0142\u0105cznik\u00f3w pr\u00f3\u017cniowych","publisher":{"@id":"https:\/\/www.jyiele.com\/#organization"},"potentialAction":[{"@type":"SearchAction","target":{"@type":"EntryPoint","urlTemplate":"https:\/\/www.jyiele.com\/?s={search_term_string}"},"query-input":{"@type":"PropertyValueSpecification","valueRequired":true,"valueName":"search_term_string"}}],"inLanguage":"pl-PL"},{"@type":"Organization","@id":"https:\/\/www.jyiele.com\/#organization","name":"JYIELE","url":"https:\/\/www.jyiele.com\/","logo":{"@type":"ImageObject","inLanguage":"pl-PL","@id":"https:\/\/www.jyiele.com\/#\/schema\/logo\/image\/","url":"https:\/\/www.jyiele.com\/wp-content\/uploads\/2024\/09\/cropped-jyele-1.webp","contentUrl":"https:\/\/www.jyiele.com\/wp-content\/uploads\/2024\/09\/cropped-jyele-1.webp","width":137,"height":60,"caption":"JYIELE"},"image":{"@id":"https:\/\/www.jyiele.com\/#\/schema\/logo\/image\/"}}]}},"_links":{"self":[{"href":"https:\/\/www.jyiele.com\/pl\/wp-json\/wp\/v2\/product\/94","targetHints":{"allow":["GET"]}}],"collection":[{"href":"https:\/\/www.jyiele.com\/pl\/wp-json\/wp\/v2\/product"}],"about":[{"href":"https:\/\/www.jyiele.com\/pl\/wp-json\/wp\/v2\/types\/product"}],"version-history":[{"count":2,"href":"https:\/\/www.jyiele.com\/pl\/wp-json\/wp\/v2\/product\/94\/revisions"}],"predecessor-version":[{"id":1482,"href":"https:\/\/www.jyiele.com\/pl\/wp-json\/wp\/v2\/product\/94\/revisions\/1482"}],"wp:featuredmedia":[{"embeddable":true,"href":"https:\/\/www.jyiele.com\/pl\/wp-json\/wp\/v2\/media\/1212"}],"wp:attachment":[{"href":"https:\/\/www.jyiele.com\/pl\/wp-json\/wp\/v2\/media?parent=94"}],"wp:term":[{"taxonomy":"product_brand","embeddable":true,"href":"https:\/\/www.jyiele.com\/pl\/wp-json\/wp\/v2\/product_brand?post=94"},{"taxonomy":"product_cat","embeddable":true,"href":"https:\/\/www.jyiele.com\/pl\/wp-json\/wp\/v2\/product_cat?post=94"},{"taxonomy":"product_tag","embeddable":true,"href":"https:\/\/www.jyiele.com\/pl\/wp-json\/wp\/v2\/product_tag?post=94"}],"curies":[{"name":"wp","href":"https:\/\/api.w.org\/{rel}","templated":true}]}}