{"id":95,"date":"2022-09-08T17:17:26","date_gmt":"2022-09-08T17:17:26","guid":{"rendered":"http:\/\/jyiele.com\/?post_type=product&#038;p=49"},"modified":"2025-03-09T11:40:04","modified_gmt":"2025-03-09T11:40:04","slug":"indoor-auxiliary-handcart-switchgear-breaker","status":"publish","type":"product","link":"https:\/\/www.jyiele.com\/pl\/product\/indoor-auxiliary-handcart-switchgear-breaker\/","title":{"rendered":"ZN85-40.5 Wewn\u0119trzny pomocniczy wy\u0142\u0105cznik do w\u00f3zk\u00f3w r\u0119cznych"},"content":{"rendered":"<h2 class=\"wp-block-heading\">Og\u00f3lne<\/h2>\n<p>Zaprojektowany i wyprodukowany przez nas pomocniczy w\u00f3zek r\u0119czny ZN85 ma mechanizm nap\u0119dowy z pr\u0119tem \u015brubowym i mo\u017cna go \u0142atwo przesuwa\u0107, unikaj\u0105c uszkodzenia mechanizmu nap\u0119dowego z powodu nieprawid\u0142owej obs\u0142ugi. Ma zastosowanie do tr\u00f3jfazowych tr\u00f3jfazowych system\u00f3w zasilania pr\u0105dem przemiennym 50 Hz i 40,5 kV z pojedyncz\u0105 magistral\u0105 w opancerzonych mobilnych metalowych rozdzielnicach KYN61-40.5. Stosowany z r\u00f3\u017cnymi komponentami podstawowymi, mo\u017ce realizowa\u0107 po\u0142\u0105czenie magistrali, pomiar energii elektrycznej i zabezpieczenie przed przeci\u0105\u017ceniem lub zwarciem dla urz\u0105dze\u0144 energetycznych oraz, podczas remont\u00f3w systemu, komponent\u00f3w funkcjonalnych i blokad.<\/p>\n<h2 class=\"wp-block-heading\">Normy dotycz\u0105ce produkt\u00f3w<\/h2>\n<p>W\u00f3zek pomocniczy ZN85 jest produkowany zgodnie z nast\u0119puj\u0105cym standardem i kodem.<\/p>\n<p>GB\/T 11022-2011 Wsp\u00f3lne specyfikacje dla rozdzielnic i sterownic wysokiego napi\u0119cia<\/p>\n<p>IEC 62271-2007 Wysokonapi\u0119ciowa aparatura rozdzielcza i sterownicza - Cz\u0119\u015b\u0107 1: Wsp\u00f3lne specyfikacje<\/p>\n<h2 class=\"wp-block-heading\">Warunki pracy<\/h2>\n<p>Normalne warunki pracy<\/p>\n<p>Temperatura otoczenia: -40 \u2103 ~ +40 \u2103 (poni\u017cej 35 \u2103 w ci\u0105gu 24 godzin)<\/p>\n<p>Wilgotno\u015b\u0107 wzgl\u0119dna: \u226495% (\u015brednia dzienna) lub \u226490% (\u015brednia miesi\u0119czna)<\/p>\n<p>Wysoko\u015b\u0107: \u22641000 m<\/p>\n<h2 class=\"wp-block-heading\">Parametry techniczne<\/h2>\n<p>1.1 Parametry techniczne<\/p>\n<figure class=\"wp-block-table\">\n<div class=\"scroll\">\n<table>\n<tbody>\n<tr>\n<td>\u00a0\u00a0 Pozycja<\/td>\n<td>Jednostka<\/td>\n<td>Warto\u015b\u0107 odniesienia<\/td>\n<\/tr>\n<tr>\n<td>\u00a0\u00a0 Napi\u0119cie znamionowe<\/td>\n<td>kV<\/td>\n<td>40.5<\/td>\n<\/tr>\n<tr>\n<td>Napi\u0119cie wytrzymywane impulsu piorunowego<\/td>\n<td>kV<\/td>\n<td>185<\/td>\n<\/tr>\n<tr>\n<td>\u00a0\u00a0 Znamionowy poziom izolacji Napi\u0119cie wytrzymywane o cz\u0119stotliwo\u015bci sieciowej 1min<\/td>\n<td>kV<\/td>\n<td>95<\/td>\n<\/tr>\n<tr>\n<td>\u00a0\u00a0 Cz\u0119stotliwo\u015b\u0107 znamionowa<\/td>\n<td>Hz<\/td>\n<td>50\/60<\/td>\n<\/tr>\n<\/tbody>\n<\/table>\n<\/div>\n<\/figure>\n<p>1.2 Rysunek po\u0142\u0105czenia mi\u0119dzy stykiem ruchomym a stykiem sta\u0142ym<\/p>\n<figure class=\"wp-block-image size-full\"><img fetchpriority=\"high\" decoding=\"async\" class=\"alignnone wp-image-789 size-full\" src=\"http:\/\/jyiele.com\/wp-content\/uploads\/2020\/04\/High-Voltage-Vcb-01.webp\" alt=\"Wysokie napi\u0119cie-Vcb\" width=\"845\" height=\"146\" srcset=\"https:\/\/www.jyiele.com\/wp-content\/uploads\/2020\/04\/High-Voltage-Vcb-01.webp 845w, https:\/\/www.jyiele.com\/wp-content\/uploads\/2020\/04\/High-Voltage-Vcb-01-300x52.webp 300w, https:\/\/www.jyiele.com\/wp-content\/uploads\/2020\/04\/High-Voltage-Vcb-01-768x133.webp 768w, https:\/\/www.jyiele.com\/wp-content\/uploads\/2020\/04\/High-Voltage-Vcb-01-18x3.webp 18w, https:\/\/www.jyiele.com\/wp-content\/uploads\/2020\/04\/High-Voltage-Vcb-01-600x104.webp 600w\" sizes=\"(max-width: 845px) 100vw, 845px\" \/><\/figure>\n<p>Wymiar ca\u0142kowity i monta\u017cowy<\/p>\n<p>Ca\u0142kowity wymiar izolowanego w\u00f3zka r\u0119cznego ZN85-40.5 (szeroko\u015b\u0107 obudowy: 1400 mm)<\/p>\n<figure class=\"wp-block-image size-full\"><img decoding=\"async\" class=\"alignnone wp-image-790 size-full\" src=\"http:\/\/jyiele.com\/wp-content\/uploads\/2020\/04\/High-Voltage-Vcb-02.webp\" alt=\"Wysokie napi\u0119cie-Vcb\" width=\"845\" height=\"376\" srcset=\"https:\/\/www.jyiele.com\/wp-content\/uploads\/2020\/04\/High-Voltage-Vcb-02.webp 845w, https:\/\/www.jyiele.com\/wp-content\/uploads\/2020\/04\/High-Voltage-Vcb-02-300x133.webp 300w, https:\/\/www.jyiele.com\/wp-content\/uploads\/2020\/04\/High-Voltage-Vcb-02-768x342.webp 768w, https:\/\/www.jyiele.com\/wp-content\/uploads\/2020\/04\/High-Voltage-Vcb-02-18x8.webp 18w, https:\/\/www.jyiele.com\/wp-content\/uploads\/2020\/04\/High-Voltage-Vcb-02-600x267.webp 600w\" sizes=\"(max-width: 845px) 100vw, 845px\" \/><\/figure>\n<figure class=\"wp-block-table\">\n<div class=\"scroll\">\n<table>\n<tbody>\n<tr>\n<td>\u00a0\u00a0 Pr\u0105d znamionowy (A)<\/td>\n<td>630<\/td>\n<td>1250<\/td>\n<\/tr>\n<tr>\n<td>\u00a0\u00a0 Sta\u0142y rozmiar styku D(mm)<\/td>\n<td>\u03c635<\/td>\n<td>\u015brodek 49<\/td>\n<\/tr>\n<tr>\n<td>\u00a0\u00a0 Odleg\u0142o\u015b\u0107 mi\u0119dzyfazowa (mm)<\/td>\n<td colspan=\"2\">300<\/td>\n<\/tr>\n<tr>\n<td>\u00a0\u00a0 Skok w\u00f3zka r\u0119cznego (mm)<\/td>\n<td colspan=\"2\">610\u00b12<\/td>\n<\/tr>\n<\/tbody>\n<\/table>\n<\/div>\n<\/figure>\n<figure class=\"wp-block-image size-full\"><img decoding=\"async\" class=\"alignnone wp-image-788 size-full\" src=\"http:\/\/jyiele.com\/wp-content\/uploads\/2020\/04\/High-Voltage-Vcb-03.webp\" alt=\"Wysokie napi\u0119cie-Vcb\" width=\"845\" height=\"342\" srcset=\"https:\/\/www.jyiele.com\/wp-content\/uploads\/2020\/04\/High-Voltage-Vcb-03.webp 845w, https:\/\/www.jyiele.com\/wp-content\/uploads\/2020\/04\/High-Voltage-Vcb-03-300x121.webp 300w, https:\/\/www.jyiele.com\/wp-content\/uploads\/2020\/04\/High-Voltage-Vcb-03-768x311.webp 768w, https:\/\/www.jyiele.com\/wp-content\/uploads\/2020\/04\/High-Voltage-Vcb-03-18x7.webp 18w, https:\/\/www.jyiele.com\/wp-content\/uploads\/2020\/04\/High-Voltage-Vcb-03-600x243.webp 600w\" sizes=\"(max-width: 845px) 100vw, 845px\" \/><\/figure>\n<figure class=\"wp-block-table\">\n<div class=\"scroll\">\n<table>\n<tbody>\n<tr>\n<td>59<\/td>\n<td>Dla prze\u0142\u0105cznika pomocniczego w pozycji roboczej<\/td>\n<\/tr>\n<tr>\n<td>58<\/td>\n<td>lub prze\u0142\u0105cznik pomocniczy w pozycji roboczej<\/td>\n<\/tr>\n<tr>\n<td>Y1<\/td>\n<td>Elektromagnes blokuj\u0105cy (cz\u0119\u015b\u0107 opcjonalna)<\/td>\n<\/tr>\n<\/tbody>\n<\/table>\n<\/div>\n<\/figure>","protected":false},"excerpt":{"rendered":"<p>ZN85-40.5 Wewn\u0119trzny wysokonapi\u0119ciowy pomocniczy wy\u0142\u0105cznik r\u0119czny AC nadaje si\u0119 do systemu zasilania AC 50Hz. 35kV, stosowany jako urz\u0105dzenie zabezpieczaj\u0105ce i steruj\u0105ce w elektrowniach, podstacjach itp,<\/p>","protected":false},"featured_media":780,"template":"","meta":{"site-sidebar-layout":"default","site-content-layout":"","ast-site-content-layout":"default","site-content-style":"default","site-sidebar-style":"default","ast-global-header-display":"","ast-banner-title-visibility":"","ast-main-header-display":"","ast-hfb-above-header-display":"","ast-hfb-below-header-display":"","ast-hfb-mobile-header-display":"","site-post-title":"","ast-breadcrumbs-content":"","ast-featured-img":"","footer-sml-layout":"","ast-disable-related-posts":"","theme-transparent-header-meta":"default","adv-header-id-meta":"","stick-header-meta":"","header-above-stick-meta":"","header-main-stick-meta":"","header-below-stick-meta":"","astra-migrate-meta-layouts":"set","ast-page-background-enabled":"default","ast-page-background-meta":{"desktop":{"background-color":"var(--ast-global-color-4)","background-image":"","background-repeat":"repeat","background-position":"center center","background-size":"auto","background-attachment":"scroll","background-type":"","background-media":"","overlay-type":"","overlay-color":"","overlay-opacity":"","overlay-gradient":""},"tablet":{"background-color":"","background-image":"","background-repeat":"repeat","background-position":"center center","background-size":"auto","background-attachment":"scroll","background-type":"","background-media":"","overlay-type":"","overlay-color":"","overlay-opacity":"","overlay-gradient":""},"mobile":{"background-color":"","background-image":"","background-repeat":"repeat","background-position":"center center","background-size":"auto","background-attachment":"scroll","background-type":"","background-media":"","overlay-type":"","overlay-color":"","overlay-opacity":"","overlay-gradient":""}},"ast-content-background-meta":{"desktop":{"background-color":"var(--ast-global-color-5)","background-image":"","background-repeat":"repeat","background-position":"center center","background-size":"auto","background-attachment":"scroll","background-type":"","background-media":"","overlay-type":"","overlay-color":"","overlay-opacity":"","overlay-gradient":""},"tablet":{"background-color":"var(--ast-global-color-5)","background-image":"","background-repeat":"repeat","background-position":"center center","background-size":"auto","background-attachment":"scroll","background-type":"","background-media":"","overlay-type":"","overlay-color":"","overlay-opacity":"","overlay-gradient":""},"mobile":{"background-color":"var(--ast-global-color-5)","background-image":"","background-repeat":"repeat","background-position":"center center","background-size":"auto","background-attachment":"scroll","background-type":"","background-media":"","overlay-type":"","overlay-color":"","overlay-opacity":"","overlay-gradient":""}}},"product_brand":[],"product_cat":[26],"product_tag":[],"class_list":{"0":"post-95","1":"product","2":"type-product","3":"status-publish","4":"has-post-thumbnail","6":"product_cat-vacuum-circuit-breaker","7":"desktop-align-left","8":"tablet-align-left","9":"mobile-align-left","11":"first","12":"instock","13":"shipping-taxable","14":"purchasable","15":"product-type-simple"},"yoast_head":"<!-- This site is optimized with the Yoast SEO plugin v24.8.1 - https:\/\/yoast.com\/wordpress\/plugins\/seo\/ -->\n<title>ZN85-40.5 Indoor Auxiliary Handcart Switchgear Breaker - JYIELE<\/title>\n<meta name=\"description\" content=\"ZN85-40.5 Indoor Auxiliary Handcart switchgear breaker offered by China manufacturer JYIELE Electric Manufacture. Buy directly with low price and high quality.our circuit breaker ensures efficient power distribution and maximum safety.\" \/>\n<meta name=\"robots\" content=\"index, follow, max-snippet:-1, max-image-preview:large, max-video-preview:-1\" \/>\n<link rel=\"canonical\" href=\"https:\/\/www.jyiele.com\/pl\/product\/indoor-auxiliary-handcart-switchgear-breaker\/\" \/>\n<meta property=\"og:locale\" content=\"pl_PL\" \/>\n<meta property=\"og:type\" content=\"article\" \/>\n<meta property=\"og:title\" content=\"ZN85-40.5 Indoor Auxiliary Handcart Switchgear Breaker - JYIELE\" \/>\n<meta property=\"og:description\" content=\"ZN85-40.5 Indoor Auxiliary Handcart switchgear breaker offered by China manufacturer JYIELE Electric Manufacture. Buy directly with low price and high quality.our circuit breaker ensures efficient power distribution and maximum safety.\" \/>\n<meta property=\"og:url\" content=\"https:\/\/www.jyiele.com\/pl\/product\/indoor-auxiliary-handcart-switchgear-breaker\/\" \/>\n<meta property=\"og:site_name\" content=\"JYIELE\" \/>\n<meta property=\"article:modified_time\" content=\"2025-03-09T11:40:04+00:00\" \/>\n<meta property=\"og:image\" content=\"https:\/\/www.jyiele.com\/wp-content\/uploads\/2020\/04\/Indoor-Auxiliary-Handcart-Switchgear-Breaker.webp\" \/>\n\t<meta property=\"og:image:width\" content=\"600\" \/>\n\t<meta property=\"og:image:height\" content=\"600\" \/>\n\t<meta property=\"og:image:type\" content=\"image\/webp\" \/>\n<meta name=\"twitter:card\" content=\"summary_large_image\" \/>\n<meta name=\"twitter:label1\" content=\"Szacowany czas czytania\" \/>\n\t<meta name=\"twitter:data1\" content=\"2 minuty\" \/>\n<script type=\"application\/ld+json\" class=\"yoast-schema-graph\">{\"@context\":\"https:\/\/schema.org\",\"@graph\":[{\"@type\":\"WebPage\",\"@id\":\"https:\/\/www.jyiele.com\/product\/indoor-auxiliary-handcart-switchgear-breaker\/\",\"url\":\"https:\/\/www.jyiele.com\/product\/indoor-auxiliary-handcart-switchgear-breaker\/\",\"name\":\"ZN85-40.5 Indoor Auxiliary Handcart Switchgear Breaker - JYIELE\",\"isPartOf\":{\"@id\":\"https:\/\/www.jyiele.com\/#website\"},\"primaryImageOfPage\":{\"@id\":\"https:\/\/www.jyiele.com\/product\/indoor-auxiliary-handcart-switchgear-breaker\/#primaryimage\"},\"image\":{\"@id\":\"https:\/\/www.jyiele.com\/product\/indoor-auxiliary-handcart-switchgear-breaker\/#primaryimage\"},\"thumbnailUrl\":\"https:\/\/www.jyiele.com\/wp-content\/uploads\/2020\/04\/Indoor-Auxiliary-Handcart-Switchgear-Breaker.webp\",\"datePublished\":\"2022-09-08T17:17:26+00:00\",\"dateModified\":\"2025-03-09T11:40:04+00:00\",\"description\":\"ZN85-40.5 Indoor Auxiliary Handcart switchgear breaker offered by China manufacturer JYIELE Electric Manufacture. Buy directly with low price and high quality.our circuit breaker ensures efficient power distribution and maximum safety.\",\"breadcrumb\":{\"@id\":\"https:\/\/www.jyiele.com\/product\/indoor-auxiliary-handcart-switchgear-breaker\/#breadcrumb\"},\"inLanguage\":\"pl-PL\",\"potentialAction\":[{\"@type\":\"ReadAction\",\"target\":[\"https:\/\/www.jyiele.com\/product\/indoor-auxiliary-handcart-switchgear-breaker\/\"]}]},{\"@type\":\"ImageObject\",\"inLanguage\":\"pl-PL\",\"@id\":\"https:\/\/www.jyiele.com\/product\/indoor-auxiliary-handcart-switchgear-breaker\/#primaryimage\",\"url\":\"https:\/\/www.jyiele.com\/wp-content\/uploads\/2020\/04\/Indoor-Auxiliary-Handcart-Switchgear-Breaker.webp\",\"contentUrl\":\"https:\/\/www.jyiele.com\/wp-content\/uploads\/2020\/04\/Indoor-Auxiliary-Handcart-Switchgear-Breaker.webp\",\"width\":600,\"height\":600,\"caption\":\"Indoor Auxiliary Handcart Switchgear Breaker\"},{\"@type\":\"BreadcrumbList\",\"@id\":\"https:\/\/www.jyiele.com\/product\/indoor-auxiliary-handcart-switchgear-breaker\/#breadcrumb\",\"itemListElement\":[{\"@type\":\"ListItem\",\"position\":1,\"name\":\"Home\",\"item\":\"https:\/\/www.jyiele.com\/\"},{\"@type\":\"ListItem\",\"position\":2,\"name\":\"Product\",\"item\":\"https:\/\/www.jyiele.com\/product\/\"},{\"@type\":\"ListItem\",\"position\":3,\"name\":\"Vacuum Circuit Breaker\",\"item\":\"https:\/\/www.jyiele.com\/product-category\/vacuum-circuit-breaker\/\"},{\"@type\":\"ListItem\",\"position\":4,\"name\":\"ZN85-40.5 Indoor Auxiliary Handcart Switchgear Breaker\"}]},{\"@type\":\"WebSite\",\"@id\":\"https:\/\/www.jyiele.com\/#website\",\"url\":\"https:\/\/www.jyiele.com\/\",\"name\":\"JYIELE\",\"description\":\"Vacuum Circuit Breaker manufacturer\",\"publisher\":{\"@id\":\"https:\/\/www.jyiele.com\/#organization\"},\"potentialAction\":[{\"@type\":\"SearchAction\",\"target\":{\"@type\":\"EntryPoint\",\"urlTemplate\":\"https:\/\/www.jyiele.com\/?s={search_term_string}\"},\"query-input\":{\"@type\":\"PropertyValueSpecification\",\"valueRequired\":true,\"valueName\":\"search_term_string\"}}],\"inLanguage\":\"pl-PL\"},{\"@type\":\"Organization\",\"@id\":\"https:\/\/www.jyiele.com\/#organization\",\"name\":\"JYIELE\",\"url\":\"https:\/\/www.jyiele.com\/\",\"logo\":{\"@type\":\"ImageObject\",\"inLanguage\":\"pl-PL\",\"@id\":\"https:\/\/www.jyiele.com\/#\/schema\/logo\/image\/\",\"url\":\"https:\/\/www.jyiele.com\/wp-content\/uploads\/2024\/09\/cropped-jyele-1.webp\",\"contentUrl\":\"https:\/\/www.jyiele.com\/wp-content\/uploads\/2024\/09\/cropped-jyele-1.webp\",\"width\":137,\"height\":60,\"caption\":\"JYIELE\"},\"image\":{\"@id\":\"https:\/\/www.jyiele.com\/#\/schema\/logo\/image\/\"}}]}<\/script>\n<!-- \/ Yoast SEO plugin. -->","yoast_head_json":{"title":"ZN85-40.5 Wewn\u0119trzny pomocniczy wy\u0142\u0105cznik r\u0119czny - JYIELE","description":"ZN85-40.5 Wewn\u0119trzny pomocniczy wy\u0142\u0105cznik r\u0119czny oferowany przez chi\u0144skiego producenta JYIELE Electric Manufacture. Kupuj bezpo\u015brednio w niskiej cenie i wysokiej jako\u015bci. Nasz wy\u0142\u0105cznik zapewnia wydajn\u0105 dystrybucj\u0119 energii i maksymalne bezpiecze\u0144stwo.","robots":{"index":"index","follow":"follow","max-snippet":"max-snippet:-1","max-image-preview":"max-image-preview:large","max-video-preview":"max-video-preview:-1"},"canonical":"https:\/\/www.jyiele.com\/pl\/product\/indoor-auxiliary-handcart-switchgear-breaker\/","og_locale":"pl_PL","og_type":"article","og_title":"ZN85-40.5 Indoor Auxiliary Handcart Switchgear Breaker - JYIELE","og_description":"ZN85-40.5 Indoor Auxiliary Handcart switchgear breaker offered by China manufacturer JYIELE Electric Manufacture. Buy directly with low price and high quality.our circuit breaker ensures efficient power distribution and maximum safety.","og_url":"https:\/\/www.jyiele.com\/pl\/product\/indoor-auxiliary-handcart-switchgear-breaker\/","og_site_name":"JYIELE","article_modified_time":"2025-03-09T11:40:04+00:00","og_image":[{"width":600,"height":600,"url":"https:\/\/www.jyiele.com\/wp-content\/uploads\/2020\/04\/Indoor-Auxiliary-Handcart-Switchgear-Breaker.webp","type":"image\/webp"}],"twitter_card":"summary_large_image","twitter_misc":{"Szacowany czas czytania":"2 minuty"},"schema":{"@context":"https:\/\/schema.org","@graph":[{"@type":"WebPage","@id":"https:\/\/www.jyiele.com\/product\/indoor-auxiliary-handcart-switchgear-breaker\/","url":"https:\/\/www.jyiele.com\/product\/indoor-auxiliary-handcart-switchgear-breaker\/","name":"ZN85-40.5 Wewn\u0119trzny pomocniczy wy\u0142\u0105cznik r\u0119czny - JYIELE","isPartOf":{"@id":"https:\/\/www.jyiele.com\/#website"},"primaryImageOfPage":{"@id":"https:\/\/www.jyiele.com\/product\/indoor-auxiliary-handcart-switchgear-breaker\/#primaryimage"},"image":{"@id":"https:\/\/www.jyiele.com\/product\/indoor-auxiliary-handcart-switchgear-breaker\/#primaryimage"},"thumbnailUrl":"https:\/\/www.jyiele.com\/wp-content\/uploads\/2020\/04\/Indoor-Auxiliary-Handcart-Switchgear-Breaker.webp","datePublished":"2022-09-08T17:17:26+00:00","dateModified":"2025-03-09T11:40:04+00:00","description":"ZN85-40.5 Wewn\u0119trzny pomocniczy wy\u0142\u0105cznik r\u0119czny oferowany przez chi\u0144skiego producenta JYIELE Electric Manufacture. Kupuj bezpo\u015brednio w niskiej cenie i wysokiej jako\u015bci. Nasz wy\u0142\u0105cznik zapewnia wydajn\u0105 dystrybucj\u0119 energii i maksymalne bezpiecze\u0144stwo.","breadcrumb":{"@id":"https:\/\/www.jyiele.com\/product\/indoor-auxiliary-handcart-switchgear-breaker\/#breadcrumb"},"inLanguage":"pl-PL","potentialAction":[{"@type":"ReadAction","target":["https:\/\/www.jyiele.com\/product\/indoor-auxiliary-handcart-switchgear-breaker\/"]}]},{"@type":"ImageObject","inLanguage":"pl-PL","@id":"https:\/\/www.jyiele.com\/product\/indoor-auxiliary-handcart-switchgear-breaker\/#primaryimage","url":"https:\/\/www.jyiele.com\/wp-content\/uploads\/2020\/04\/Indoor-Auxiliary-Handcart-Switchgear-Breaker.webp","contentUrl":"https:\/\/www.jyiele.com\/wp-content\/uploads\/2020\/04\/Indoor-Auxiliary-Handcart-Switchgear-Breaker.webp","width":600,"height":600,"caption":"Indoor Auxiliary Handcart Switchgear Breaker"},{"@type":"BreadcrumbList","@id":"https:\/\/www.jyiele.com\/product\/indoor-auxiliary-handcart-switchgear-breaker\/#breadcrumb","itemListElement":[{"@type":"ListItem","position":1,"name":"Home","item":"https:\/\/www.jyiele.com\/"},{"@type":"ListItem","position":2,"name":"Product","item":"https:\/\/www.jyiele.com\/product\/"},{"@type":"ListItem","position":3,"name":"Vacuum Circuit Breaker","item":"https:\/\/www.jyiele.com\/product-category\/vacuum-circuit-breaker\/"},{"@type":"ListItem","position":4,"name":"ZN85-40.5 Indoor Auxiliary Handcart Switchgear Breaker"}]},{"@type":"WebSite","@id":"https:\/\/www.jyiele.com\/#website","url":"https:\/\/www.jyiele.com\/","name":"JYIELE","description":"Producent wy\u0142\u0105cznik\u00f3w pr\u00f3\u017cniowych","publisher":{"@id":"https:\/\/www.jyiele.com\/#organization"},"potentialAction":[{"@type":"SearchAction","target":{"@type":"EntryPoint","urlTemplate":"https:\/\/www.jyiele.com\/?s={search_term_string}"},"query-input":{"@type":"PropertyValueSpecification","valueRequired":true,"valueName":"search_term_string"}}],"inLanguage":"pl-PL"},{"@type":"Organization","@id":"https:\/\/www.jyiele.com\/#organization","name":"JYIELE","url":"https:\/\/www.jyiele.com\/","logo":{"@type":"ImageObject","inLanguage":"pl-PL","@id":"https:\/\/www.jyiele.com\/#\/schema\/logo\/image\/","url":"https:\/\/www.jyiele.com\/wp-content\/uploads\/2024\/09\/cropped-jyele-1.webp","contentUrl":"https:\/\/www.jyiele.com\/wp-content\/uploads\/2024\/09\/cropped-jyele-1.webp","width":137,"height":60,"caption":"JYIELE"},"image":{"@id":"https:\/\/www.jyiele.com\/#\/schema\/logo\/image\/"}}]}},"_links":{"self":[{"href":"https:\/\/www.jyiele.com\/pl\/wp-json\/wp\/v2\/product\/95","targetHints":{"allow":["GET"]}}],"collection":[{"href":"https:\/\/www.jyiele.com\/pl\/wp-json\/wp\/v2\/product"}],"about":[{"href":"https:\/\/www.jyiele.com\/pl\/wp-json\/wp\/v2\/types\/product"}],"version-history":[{"count":2,"href":"https:\/\/www.jyiele.com\/pl\/wp-json\/wp\/v2\/product\/95\/revisions"}],"predecessor-version":[{"id":1481,"href":"https:\/\/www.jyiele.com\/pl\/wp-json\/wp\/v2\/product\/95\/revisions\/1481"}],"wp:featuredmedia":[{"embeddable":true,"href":"https:\/\/www.jyiele.com\/pl\/wp-json\/wp\/v2\/media\/780"}],"wp:attachment":[{"href":"https:\/\/www.jyiele.com\/pl\/wp-json\/wp\/v2\/media?parent=95"}],"wp:term":[{"taxonomy":"product_brand","embeddable":true,"href":"https:\/\/www.jyiele.com\/pl\/wp-json\/wp\/v2\/product_brand?post=95"},{"taxonomy":"product_cat","embeddable":true,"href":"https:\/\/www.jyiele.com\/pl\/wp-json\/wp\/v2\/product_cat?post=95"},{"taxonomy":"product_tag","embeddable":true,"href":"https:\/\/www.jyiele.com\/pl\/wp-json\/wp\/v2\/product_tag?post=95"}],"curies":[{"name":"wp","href":"https:\/\/api.w.org\/{rel}","templated":true}]}}