{"id":1220,"date":"2022-09-16T12:45:25","date_gmt":"2022-09-16T12:45:25","guid":{"rendered":"https:\/\/www.jy-electric.com\/?post_type=product&#038;p=1220"},"modified":"2025-03-09T11:38:51","modified_gmt":"2025-03-09T11:38:51","slug":"zn85-40-5-high-voltage-vacuum-circuit-breaker","status":"publish","type":"product","link":"https:\/\/www.jyiele.com\/pt\/produto\/zn85-40-5-high-voltage-vacuum-circuit-breaker\/","title":{"rendered":"ZN85-40.5 Disjuntor a v\u00e1cuo de alta tens\u00e3o"},"content":{"rendered":"<h2>Descri\u00e7\u00e3o<\/h2>\n<p>O ZN85 \u00e9 um disjuntor a v\u00e1cuo de alta tens\u00e3o com frequ\u00eancia de 50Hz e tens\u00e3o nominal de 40,5kV. Ele \u00e9 muito adequado para uso em empresas industriais e de minera\u00e7\u00e3o, usinas de energia e subesta\u00e7\u00f5es onde \u00e9 necess\u00e1ria uma opera\u00e7\u00e3o frequente. Seu desempenho est\u00e1vel e a facilidade de instala\u00e7\u00e3o o tornam a escolha ideal para controle e prote\u00e7\u00e3o em sistemas de transmiss\u00e3o e distribui\u00e7\u00e3o de alta tens\u00e3o.<\/p>\n<h2>Padr\u00e3o do produto<\/h2>\n<p>O disjuntor a v\u00e1cuo de alta tens\u00e3o ZN85-40.5 est\u00e1 em conformidade com os seguintes padr\u00f5es:<\/p>\n<p>IEC 62271-100 Disjuntor CA de alta tens\u00e3o<br \/>\nGB\/T 11022-2011 Especifica\u00e7\u00e3o geral padr\u00e3o para pain\u00e9is de distribui\u00e7\u00e3o e controle de alta tens\u00e3o<br \/>\nGB 1984 Disjuntor CA de alta tens\u00e3o<br \/>\nGB 311.1 Coordena\u00e7\u00e3o de isolamento de equipamentos de transmiss\u00e3o e distribui\u00e7\u00e3o de energia de alta tens\u00e3o<\/p>\n<h2>Condi\u00e7\u00f5es de trabalho<\/h2>\n<p>Condi\u00e7\u00f5es normais de opera\u00e7\u00e3o:<br \/>\nTemperatura ambiente: -40\u2103 a +40\u2103 (temperatura abaixo de 35\u2103 em 24 horas)<br \/>\nUmidade relativa: \u226495% (m\u00e9dia di\u00e1ria) ou \u226490% (m\u00e9dia mensal)<br \/>\nAltitude: \u22641000 metros<\/p>\n<h2 class=\"wp-block-heading\">Par\u00e2metros t\u00e9cnicos<\/h2>\n<h3>1.1 Par\u00e2metros t\u00e9cnicos<\/h3>\n<figure class=\"wp-block-table\">\n<div class=\"scroll\">\n<table>\n<tbody>\n<tr>\n<td colspan=\"2\">Unidade do item<\/td>\n<td>Valor de refer\u00eancia<\/td>\n<\/tr>\n<tr>\n<td>\u00a0\u00a0\u00a0 Classificado como yoltag<\/td>\n<td>kV<\/td>\n<td>40.5<\/td>\n<\/tr>\n<tr>\n<td>Tens\u00e3o suport\u00e1vel de impulso de raio<\/td>\n<td>kV<\/td>\n<td>185<\/td>\n<\/tr>\n<tr>\n<td>\u00a0\u00a0\u00a0 N\u00edvel de isolamento nominal Tens\u00e3o de resist\u00eancia \u00e0 frequ\u00eancia de pot\u00eancia de 1 minuto<\/td>\n<td>kV<\/td>\n<td>95<\/td>\n<\/tr>\n<tr>\n<td>\u00a0\u00a0\u00a0 Frequ\u00eancia nominal,<\/td>\n<td>Hz<\/td>\n<td>50\/60<\/td>\n<\/tr>\n<tr>\n<td>\u00a0\u00a0\u00a0 Corrente nominal<\/td>\n<td>A<\/td>\n<td>630\/1250\/1600\/2000\/2500\/3150<\/td>\n<\/tr>\n<tr>\n<td>\u00a0\u00a0\u00a0 Corrente nominal de interrup\u00e7\u00e3o de curto-circuito<\/td>\n<td>kA<\/td>\n<td>20\/25\/31.5<\/td>\n<\/tr>\n<tr>\n<td>\u00a0\u00a0\u00a0 Corrente nominal de curto-circuito (valor de pico)<\/td>\n<td>kA<\/td>\n<td>506,380<\/td>\n<\/tr>\n<tr>\n<td>\u00a0\u00a0\u00a0 Corrente nominal de resist\u00eancia de curta dura\u00e7\u00e3o<\/td>\n<td>kA<\/td>\n<td>20\/25\/31.5<\/td>\n<\/tr>\n<tr>\n<td>\u00a0\u00a0\u00a0 Corrente nominal de resist\u00eancia (valor de pico)<\/td>\n<td>kA<\/td>\n<td>506,380<\/td>\n<\/tr>\n<tr>\n<td>\u00a0\u00a0\u00a0 Sequ\u00eancia de opera\u00e7\u00e3o necess\u00e1ria<\/td>\n<td><\/td>\n<td>0-0,3s-CO-180s-CO<\/td>\n<\/tr>\n<tr>\n<td>\u00a0\u00a0\u00a0 Dura\u00e7\u00e3o nominal do curto-circuito<\/td>\n<td>5<\/td>\n<td>4<\/td>\n<\/tr>\n<tr>\n<td>\u00a0\u00a0\u00a0 Tempos de abertura e fechamento com a corrente nominal de curto-circuito<\/td>\n<td>Tempo<\/td>\n<td>30<\/td>\n<\/tr>\n<tr>\n<td>\u00a0\u00a0\u00a0 Vida mec\u00e2nica<\/td>\n<td><\/td>\n<td>N\u00edvel M2<\/td>\n<\/tr>\n<tr>\n<td>\u00a0\u00a0\u00a0 Pesar<\/td>\n<td>kg<\/td>\n<td>350<\/td>\n<\/tr>\n<\/tbody>\n<\/table>\n<\/div>\n<\/figure>\n<h3 class=\"wp-block-heading\">1.2 Par\u00e2metros mec\u00e2nicos<\/h3>\n<figure class=\"wp-block-table\">\n<div class=\"scroll\">\n<table>\n<tbody>\n<tr>\n<td>\u00a0 ltem<\/td>\n<td>Unidade<\/td>\n<td>Valor de refer\u00eancia<\/td>\n<\/tr>\n<tr>\n<td>\u00a0 Lacuna de contatos<\/td>\n<td>mm<\/td>\n<td>20\u00b12<\/td>\n<\/tr>\n<tr>\n<td>\u00a0\u00a0 Entre em contato com a Overtravel<\/td>\n<td>mm<\/td>\n<td>6\u00b11<\/td>\n<\/tr>\n<tr>\n<td>\u00a0 Velocidade m\u00e9dia de produ\u00e7\u00e3o<\/td>\n<td>m\/s<\/td>\n<td>0.6\u00b10.2<\/td>\n<\/tr>\n<tr>\n<td>\u00a0 Velocidade m\u00e9dia de frenagem<\/td>\n<td>m\/s<\/td>\n<td>1.5~2.0<\/td>\n<\/tr>\n<tr>\n<td>\u00a0 Tempo de ressalto na cria\u00e7\u00e3o de contatos<\/td>\n<td>ms<\/td>\n<td>\u22643<\/td>\n<\/tr>\n<tr>\n<td>\u00a0 Estabelecimento\/interrup\u00e7\u00e3o de contato n\u00e3o s\u00edncrono<\/td>\n<td>ms<\/td>\n<td>\u22642<\/td>\n<\/tr>\n<tr>\n<td>\u00a0 Resist\u00eancia do circuito de cada fase<\/td>\n<td>\u03bc Q<\/td>\n<td>\u226480<\/td>\n<\/tr>\n<tr>\n<td>\u00a0 Espessura de desgaste total permitida do contato m\u00f3vel\/fixo<\/td>\n<td>mm<\/td>\n<td>3<\/td>\n<\/tr>\n<\/tbody>\n<\/table>\n<\/div>\n<\/figure>\n<h2 class=\"wp-block-heading\">Dimens\u00e3o geral e de instala\u00e7\u00e3o<\/h2>\n<p>Dimens\u00e3o geral do disjuntor de corrente alternada de alta tens\u00e3o para ambientes internos ZN85-40.5 (carrinho de m\u00e3o com cilindro isolante)<\/p>\n<figure class=\"wp-block-image size-full\"><img fetchpriority=\"high\" decoding=\"async\" class=\"alignnone wp-image-1224 size-full\" src=\"https:\/\/www.jy-electric.com\/wp-content\/uploads\/2024\/09\/voltage-vacuum-circuit-breaker.webp\" alt=\"disjuntor de tens\u00e3o-v\u00e1cuo\" width=\"799\" height=\"473\" srcset=\"https:\/\/www.jyiele.com\/wp-content\/uploads\/2024\/09\/voltage-vacuum-circuit-breaker.webp 799w, https:\/\/www.jyiele.com\/wp-content\/uploads\/2024\/09\/voltage-vacuum-circuit-breaker-300x178.webp 300w, https:\/\/www.jyiele.com\/wp-content\/uploads\/2024\/09\/voltage-vacuum-circuit-breaker-768x455.webp 768w, https:\/\/www.jyiele.com\/wp-content\/uploads\/2024\/09\/voltage-vacuum-circuit-breaker-18x12.webp 18w, https:\/\/www.jyiele.com\/wp-content\/uploads\/2024\/09\/voltage-vacuum-circuit-breaker-600x355.webp 600w\" sizes=\"(max-width: 799px) 100vw, 799px\" \/><\/figure>\n<figure class=\"wp-block-table\">\n<div class=\"scroll\">\n<table>\n<tbody>\n<tr>\n<td>\u00a0\u00a0 Corrente nominal (A)<\/td>\n<td>630<\/td>\n<td>1250<\/td>\n<td>1600<\/td>\n<td>2000<\/td>\n<td>\u00a0\u00a0\u00a0 2500<\/td>\n<\/tr>\n<tr>\n<td>\u00a0\u00a0 Corrente nominal de interrup\u00e7\u00e3o (kA)<\/td>\n<td>202,531.5<\/td>\n<td>202,531.5<\/td>\n<td>2,531.5<\/td>\n<td>31.5<\/td>\n<td>\u00a0\u00a0\u00a0 31.5<\/td>\n<\/tr>\n<tr>\n<td>\u00a0\u00a0 Tamanho do contato fixo D (mm)<\/td>\n<td>\u03c635<\/td>\n<td>\u03c649<\/td>\n<td>\u4e2d55<\/td>\n<td>\u03c679<\/td>\n<td>\u00a0\u00a0\u00a0 \u03c6109<\/td>\n<\/tr>\n<tr>\n<td>\u00a0\u00a0 Dist\u00e2ncia entre as fases (mm)<\/td>\n<td colspan=\"5\">300\u00b11.5<\/td>\n<\/tr>\n<tr>\n<td>\u00a0\u00a0 Curso do carrinho de m\u00e3o (mm)<\/td>\n<td colspan=\"5\">610\u00b12<\/td>\n<\/tr>\n<\/tbody>\n<\/table>\n<\/div>\n<\/figure>","protected":false},"excerpt":{"rendered":"<p>O ZN85-40.5 \u00e9 um tipo de disjuntor a v\u00e1cuo de alta tens\u00e3o para uso interno, adequado para sistemas de energia AC 50Hz e 35kV. Ele \u00e9 usado principalmente para equipamentos de prote\u00e7\u00e3o e controle em usinas de energia, subesta\u00e7\u00f5es e outros locais.<\/p>","protected":false},"featured_media":1222,"template":"","meta":{"site-sidebar-layout":"default","site-content-layout":"","ast-site-content-layout":"default","site-content-style":"default","site-sidebar-style":"default","ast-global-header-display":"","ast-banner-title-visibility":"","ast-main-header-display":"","ast-hfb-above-header-display":"","ast-hfb-below-header-display":"","ast-hfb-mobile-header-display":"","site-post-title":"","ast-breadcrumbs-content":"","ast-featured-img":"","footer-sml-layout":"","ast-disable-related-posts":"","theme-transparent-header-meta":"default","adv-header-id-meta":"","stick-header-meta":"","header-above-stick-meta":"","header-main-stick-meta":"","header-below-stick-meta":"","astra-migrate-meta-layouts":"set","ast-page-background-enabled":"default","ast-page-background-meta":{"desktop":{"background-color":"var(--ast-global-color-4)","background-image":"","background-repeat":"repeat","background-position":"center center","background-size":"auto","background-attachment":"scroll","background-type":"","background-media":"","overlay-type":"","overlay-color":"","overlay-opacity":"","overlay-gradient":""},"tablet":{"background-color":"","background-image":"","background-repeat":"repeat","background-position":"center center","background-size":"auto","background-attachment":"scroll","background-type":"","background-media":"","overlay-type":"","overlay-color":"","overlay-opacity":"","overlay-gradient":""},"mobile":{"background-color":"","background-image":"","background-repeat":"repeat","background-position":"center center","background-size":"auto","background-attachment":"scroll","background-type":"","background-media":"","overlay-type":"","overlay-color":"","overlay-opacity":"","overlay-gradient":""}},"ast-content-background-meta":{"desktop":{"background-color":"var(--ast-global-color-5)","background-image":"","background-repeat":"repeat","background-position":"center center","background-size":"auto","background-attachment":"scroll","background-type":"","background-media":"","overlay-type":"","overlay-color":"","overlay-opacity":"","overlay-gradient":""},"tablet":{"background-color":"var(--ast-global-color-5)","background-image":"","background-repeat":"repeat","background-position":"center center","background-size":"auto","background-attachment":"scroll","background-type":"","background-media":"","overlay-type":"","overlay-color":"","overlay-opacity":"","overlay-gradient":""},"mobile":{"background-color":"var(--ast-global-color-5)","background-image":"","background-repeat":"repeat","background-position":"center center","background-size":"auto","background-attachment":"scroll","background-type":"","background-media":"","overlay-type":"","overlay-color":"","overlay-opacity":"","overlay-gradient":""}}},"product_brand":[],"product_cat":[26],"product_tag":[],"class_list":{"0":"post-1220","1":"product","2":"type-product","3":"status-publish","4":"has-post-thumbnail","6":"product_cat-vacuum-circuit-breaker","7":"desktop-align-left","8":"tablet-align-left","9":"mobile-align-left","11":"first","12":"instock","13":"shipping-taxable","14":"product-type-simple"},"yoast_head":"<!-- This site is optimized with the Yoast SEO plugin v24.8.1 - https:\/\/yoast.com\/wordpress\/plugins\/seo\/ -->\n<title>ZN85-40.5 High Voltage Vacuum Circuit Breaker | Reliable Circuit Protection Solutions - JYIELE<\/title>\n<meta name=\"description\" content=\"Explore ZN85-40.5 high voltage vacuum circuit breakers renowned for their reliability and efficiency. Our circuit breakers provide robust protection for high voltage applications, ensuring uninterrupted power supply and safety. Discover superior quality and performance with our range of circuit protection solutions.\" \/>\n<meta name=\"robots\" content=\"index, follow, max-snippet:-1, max-image-preview:large, max-video-preview:-1\" \/>\n<link rel=\"canonical\" href=\"https:\/\/www.jyiele.com\/pt\/produto\/zn85-40-5-high-voltage-vacuum-circuit-breaker\/\" \/>\n<meta property=\"og:locale\" content=\"pt_BR\" \/>\n<meta property=\"og:type\" content=\"article\" \/>\n<meta property=\"og:title\" content=\"ZN85-40.5 High Voltage Vacuum Circuit Breaker | Reliable Circuit Protection Solutions - JYIELE\" \/>\n<meta property=\"og:description\" content=\"Explore ZN85-40.5 high voltage vacuum circuit breakers renowned for their reliability and efficiency. Our circuit breakers provide robust protection for high voltage applications, ensuring uninterrupted power supply and safety. Discover superior quality and performance with our range of circuit protection solutions.\" \/>\n<meta property=\"og:url\" content=\"https:\/\/www.jyiele.com\/pt\/produto\/zn85-40-5-high-voltage-vacuum-circuit-breaker\/\" \/>\n<meta property=\"og:site_name\" content=\"JYIELE\" \/>\n<meta property=\"article:modified_time\" content=\"2025-03-09T11:38:51+00:00\" \/>\n<meta property=\"og:image\" content=\"https:\/\/www.jyiele.com\/wp-content\/uploads\/2024\/09\/high-voltage-vacuum-circuit-breaker-1.webp\" \/>\n\t<meta property=\"og:image:width\" content=\"600\" \/>\n\t<meta property=\"og:image:height\" content=\"600\" \/>\n\t<meta property=\"og:image:type\" content=\"image\/webp\" \/>\n<meta name=\"twitter:card\" content=\"summary_large_image\" \/>\n<meta name=\"twitter:label1\" content=\"Est. tempo de leitura\" \/>\n\t<meta name=\"twitter:data1\" content=\"2 minutos\" \/>\n<script type=\"application\/ld+json\" class=\"yoast-schema-graph\">{\"@context\":\"https:\/\/schema.org\",\"@graph\":[{\"@type\":\"WebPage\",\"@id\":\"https:\/\/www.jyiele.com\/product\/zn85-40-5-high-voltage-vacuum-circuit-breaker\/\",\"url\":\"https:\/\/www.jyiele.com\/product\/zn85-40-5-high-voltage-vacuum-circuit-breaker\/\",\"name\":\"ZN85-40.5 High Voltage Vacuum Circuit Breaker | Reliable Circuit Protection Solutions - JYIELE\",\"isPartOf\":{\"@id\":\"https:\/\/www.jyiele.com\/#website\"},\"primaryImageOfPage\":{\"@id\":\"https:\/\/www.jyiele.com\/product\/zn85-40-5-high-voltage-vacuum-circuit-breaker\/#primaryimage\"},\"image\":{\"@id\":\"https:\/\/www.jyiele.com\/product\/zn85-40-5-high-voltage-vacuum-circuit-breaker\/#primaryimage\"},\"thumbnailUrl\":\"https:\/\/www.jyiele.com\/wp-content\/uploads\/2024\/09\/high-voltage-vacuum-circuit-breaker-1.webp\",\"datePublished\":\"2022-09-16T12:45:25+00:00\",\"dateModified\":\"2025-03-09T11:38:51+00:00\",\"description\":\"Explore ZN85-40.5 high voltage vacuum circuit breakers renowned for their reliability and efficiency. Our circuit breakers provide robust protection for high voltage applications, ensuring uninterrupted power supply and safety. Discover superior quality and performance with our range of circuit protection solutions.\",\"breadcrumb\":{\"@id\":\"https:\/\/www.jyiele.com\/product\/zn85-40-5-high-voltage-vacuum-circuit-breaker\/#breadcrumb\"},\"inLanguage\":\"pt-BR\",\"potentialAction\":[{\"@type\":\"ReadAction\",\"target\":[\"https:\/\/www.jyiele.com\/product\/zn85-40-5-high-voltage-vacuum-circuit-breaker\/\"]}]},{\"@type\":\"ImageObject\",\"inLanguage\":\"pt-BR\",\"@id\":\"https:\/\/www.jyiele.com\/product\/zn85-40-5-high-voltage-vacuum-circuit-breaker\/#primaryimage\",\"url\":\"https:\/\/www.jyiele.com\/wp-content\/uploads\/2024\/09\/high-voltage-vacuum-circuit-breaker-1.webp\",\"contentUrl\":\"https:\/\/www.jyiele.com\/wp-content\/uploads\/2024\/09\/high-voltage-vacuum-circuit-breaker-1.webp\",\"width\":600,\"height\":600,\"caption\":\"high-voltage-vacuum-circuit-breaker\"},{\"@type\":\"BreadcrumbList\",\"@id\":\"https:\/\/www.jyiele.com\/product\/zn85-40-5-high-voltage-vacuum-circuit-breaker\/#breadcrumb\",\"itemListElement\":[{\"@type\":\"ListItem\",\"position\":1,\"name\":\"Home\",\"item\":\"https:\/\/www.jyiele.com\/\"},{\"@type\":\"ListItem\",\"position\":2,\"name\":\"Product\",\"item\":\"https:\/\/www.jyiele.com\/product\/\"},{\"@type\":\"ListItem\",\"position\":3,\"name\":\"Vacuum Circuit Breaker\",\"item\":\"https:\/\/www.jyiele.com\/product-category\/vacuum-circuit-breaker\/\"},{\"@type\":\"ListItem\",\"position\":4,\"name\":\"ZN85-40.5 High Voltage Vacuum Circuit Breaker\"}]},{\"@type\":\"WebSite\",\"@id\":\"https:\/\/www.jyiele.com\/#website\",\"url\":\"https:\/\/www.jyiele.com\/\",\"name\":\"JYIELE\",\"description\":\"Vacuum Circuit Breaker manufacturer\",\"publisher\":{\"@id\":\"https:\/\/www.jyiele.com\/#organization\"},\"potentialAction\":[{\"@type\":\"SearchAction\",\"target\":{\"@type\":\"EntryPoint\",\"urlTemplate\":\"https:\/\/www.jyiele.com\/?s={search_term_string}\"},\"query-input\":{\"@type\":\"PropertyValueSpecification\",\"valueRequired\":true,\"valueName\":\"search_term_string\"}}],\"inLanguage\":\"pt-BR\"},{\"@type\":\"Organization\",\"@id\":\"https:\/\/www.jyiele.com\/#organization\",\"name\":\"JYIELE\",\"url\":\"https:\/\/www.jyiele.com\/\",\"logo\":{\"@type\":\"ImageObject\",\"inLanguage\":\"pt-BR\",\"@id\":\"https:\/\/www.jyiele.com\/#\/schema\/logo\/image\/\",\"url\":\"https:\/\/www.jyiele.com\/wp-content\/uploads\/2024\/09\/cropped-jyele-1.webp\",\"contentUrl\":\"https:\/\/www.jyiele.com\/wp-content\/uploads\/2024\/09\/cropped-jyele-1.webp\",\"width\":137,\"height\":60,\"caption\":\"JYIELE\"},\"image\":{\"@id\":\"https:\/\/www.jyiele.com\/#\/schema\/logo\/image\/\"}}]}<\/script>\n<!-- \/ Yoast SEO plugin. -->","yoast_head_json":{"title":"Disjuntor a v\u00e1cuo de alta tens\u00e3o ZN85-40.5 - Solu\u00e7\u00f5es confi\u00e1veis de prote\u00e7\u00e3o de circuitos - JYIELE","description":"Explore os disjuntores a v\u00e1cuo de alta tens\u00e3o ZN85-40.5, reconhecidos por sua confiabilidade e efici\u00eancia. Nossos disjuntores oferecem prote\u00e7\u00e3o robusta para aplica\u00e7\u00f5es de alta tens\u00e3o, garantindo seguran\u00e7a e fornecimento ininterrupto de energia. Descubra a qualidade e o desempenho superiores com nossa linha de solu\u00e7\u00f5es de prote\u00e7\u00e3o de circuitos.","robots":{"index":"index","follow":"follow","max-snippet":"max-snippet:-1","max-image-preview":"max-image-preview:large","max-video-preview":"max-video-preview:-1"},"canonical":"https:\/\/www.jyiele.com\/pt\/produto\/zn85-40-5-high-voltage-vacuum-circuit-breaker\/","og_locale":"pt_BR","og_type":"article","og_title":"ZN85-40.5 High Voltage Vacuum Circuit Breaker | Reliable Circuit Protection Solutions - JYIELE","og_description":"Explore ZN85-40.5 high voltage vacuum circuit breakers renowned for their reliability and efficiency. Our circuit breakers provide robust protection for high voltage applications, ensuring uninterrupted power supply and safety. Discover superior quality and performance with our range of circuit protection solutions.","og_url":"https:\/\/www.jyiele.com\/pt\/produto\/zn85-40-5-high-voltage-vacuum-circuit-breaker\/","og_site_name":"JYIELE","article_modified_time":"2025-03-09T11:38:51+00:00","og_image":[{"width":600,"height":600,"url":"https:\/\/www.jyiele.com\/wp-content\/uploads\/2024\/09\/high-voltage-vacuum-circuit-breaker-1.webp","type":"image\/webp"}],"twitter_card":"summary_large_image","twitter_misc":{"Est. tempo de leitura":"2 minutos"},"schema":{"@context":"https:\/\/schema.org","@graph":[{"@type":"WebPage","@id":"https:\/\/www.jyiele.com\/product\/zn85-40-5-high-voltage-vacuum-circuit-breaker\/","url":"https:\/\/www.jyiele.com\/product\/zn85-40-5-high-voltage-vacuum-circuit-breaker\/","name":"Disjuntor a v\u00e1cuo de alta tens\u00e3o ZN85-40.5 - Solu\u00e7\u00f5es confi\u00e1veis de prote\u00e7\u00e3o de circuitos - JYIELE","isPartOf":{"@id":"https:\/\/www.jyiele.com\/#website"},"primaryImageOfPage":{"@id":"https:\/\/www.jyiele.com\/product\/zn85-40-5-high-voltage-vacuum-circuit-breaker\/#primaryimage"},"image":{"@id":"https:\/\/www.jyiele.com\/product\/zn85-40-5-high-voltage-vacuum-circuit-breaker\/#primaryimage"},"thumbnailUrl":"https:\/\/www.jyiele.com\/wp-content\/uploads\/2024\/09\/high-voltage-vacuum-circuit-breaker-1.webp","datePublished":"2022-09-16T12:45:25+00:00","dateModified":"2025-03-09T11:38:51+00:00","description":"Explore os disjuntores a v\u00e1cuo de alta tens\u00e3o ZN85-40.5, reconhecidos por sua confiabilidade e efici\u00eancia. Nossos disjuntores oferecem prote\u00e7\u00e3o robusta para aplica\u00e7\u00f5es de alta tens\u00e3o, garantindo seguran\u00e7a e fornecimento ininterrupto de energia. Descubra a qualidade e o desempenho superiores com nossa linha de solu\u00e7\u00f5es de prote\u00e7\u00e3o de circuitos.","breadcrumb":{"@id":"https:\/\/www.jyiele.com\/product\/zn85-40-5-high-voltage-vacuum-circuit-breaker\/#breadcrumb"},"inLanguage":"pt-BR","potentialAction":[{"@type":"ReadAction","target":["https:\/\/www.jyiele.com\/product\/zn85-40-5-high-voltage-vacuum-circuit-breaker\/"]}]},{"@type":"ImageObject","inLanguage":"pt-BR","@id":"https:\/\/www.jyiele.com\/product\/zn85-40-5-high-voltage-vacuum-circuit-breaker\/#primaryimage","url":"https:\/\/www.jyiele.com\/wp-content\/uploads\/2024\/09\/high-voltage-vacuum-circuit-breaker-1.webp","contentUrl":"https:\/\/www.jyiele.com\/wp-content\/uploads\/2024\/09\/high-voltage-vacuum-circuit-breaker-1.webp","width":600,"height":600,"caption":"high-voltage-vacuum-circuit-breaker"},{"@type":"BreadcrumbList","@id":"https:\/\/www.jyiele.com\/product\/zn85-40-5-high-voltage-vacuum-circuit-breaker\/#breadcrumb","itemListElement":[{"@type":"ListItem","position":1,"name":"Home","item":"https:\/\/www.jyiele.com\/"},{"@type":"ListItem","position":2,"name":"Product","item":"https:\/\/www.jyiele.com\/product\/"},{"@type":"ListItem","position":3,"name":"Vacuum Circuit Breaker","item":"https:\/\/www.jyiele.com\/product-category\/vacuum-circuit-breaker\/"},{"@type":"ListItem","position":4,"name":"ZN85-40.5 High Voltage Vacuum Circuit Breaker"}]},{"@type":"WebSite","@id":"https:\/\/www.jyiele.com\/#website","url":"https:\/\/www.jyiele.com\/","name":"JYIELE","description":"Fabricante de disjuntores a v\u00e1cuo","publisher":{"@id":"https:\/\/www.jyiele.com\/#organization"},"potentialAction":[{"@type":"SearchAction","target":{"@type":"EntryPoint","urlTemplate":"https:\/\/www.jyiele.com\/?s={search_term_string}"},"query-input":{"@type":"PropertyValueSpecification","valueRequired":true,"valueName":"search_term_string"}}],"inLanguage":"pt-BR"},{"@type":"Organization","@id":"https:\/\/www.jyiele.com\/#organization","name":"JYIELE","url":"https:\/\/www.jyiele.com\/","logo":{"@type":"ImageObject","inLanguage":"pt-BR","@id":"https:\/\/www.jyiele.com\/#\/schema\/logo\/image\/","url":"https:\/\/www.jyiele.com\/wp-content\/uploads\/2024\/09\/cropped-jyele-1.webp","contentUrl":"https:\/\/www.jyiele.com\/wp-content\/uploads\/2024\/09\/cropped-jyele-1.webp","width":137,"height":60,"caption":"JYIELE"},"image":{"@id":"https:\/\/www.jyiele.com\/#\/schema\/logo\/image\/"}}]}},"_links":{"self":[{"href":"https:\/\/www.jyiele.com\/pt\/wp-json\/wp\/v2\/product\/1220","targetHints":{"allow":["GET"]}}],"collection":[{"href":"https:\/\/www.jyiele.com\/pt\/wp-json\/wp\/v2\/product"}],"about":[{"href":"https:\/\/www.jyiele.com\/pt\/wp-json\/wp\/v2\/types\/product"}],"version-history":[{"count":2,"href":"https:\/\/www.jyiele.com\/pt\/wp-json\/wp\/v2\/product\/1220\/revisions"}],"predecessor-version":[{"id":1479,"href":"https:\/\/www.jyiele.com\/pt\/wp-json\/wp\/v2\/product\/1220\/revisions\/1479"}],"wp:featuredmedia":[{"embeddable":true,"href":"https:\/\/www.jyiele.com\/pt\/wp-json\/wp\/v2\/media\/1222"}],"wp:attachment":[{"href":"https:\/\/www.jyiele.com\/pt\/wp-json\/wp\/v2\/media?parent=1220"}],"wp:term":[{"taxonomy":"product_brand","embeddable":true,"href":"https:\/\/www.jyiele.com\/pt\/wp-json\/wp\/v2\/product_brand?post=1220"},{"taxonomy":"product_cat","embeddable":true,"href":"https:\/\/www.jyiele.com\/pt\/wp-json\/wp\/v2\/product_cat?post=1220"},{"taxonomy":"product_tag","embeddable":true,"href":"https:\/\/www.jyiele.com\/pt\/wp-json\/wp\/v2\/product_tag?post=1220"}],"curies":[{"name":"wp","href":"https:\/\/api.w.org\/{rel}","templated":true}]}}