{"id":1223,"date":"2020-04-06T13:11:11","date_gmt":"2020-04-06T13:11:11","guid":{"rendered":"https:\/\/www.jy-electric.com\/?post_type=product&#038;p=1223"},"modified":"2024-09-16T13:59:33","modified_gmt":"2024-09-16T13:59:33","slug":"plastic-self-locking-eco-friendly-nylon-cable-tie-wraps","status":"publish","type":"product","link":"https:\/\/www.jyiele.com\/pt\/produto\/plastic-self-locking-eco-friendly-nylon-cable-tie-wraps\/","title":{"rendered":"Abra\u00e7adeiras pl\u00e1sticas de nylon ecol\u00f3gicas com travamento autom\u00e1tico"},"content":{"rendered":"<p>Local de origem: Zhejiang, China<br \/>\nMarca\uff1aJYIELE<br \/>\nModelo:YN-NBT002<br \/>\nTipo\uff1aTravamento autom\u00e1tico<br \/>\nMaterial: nylon 66<br \/>\nCor: natural, preto, outras cores podem ser personalizadas<br \/>\nTamanho: personalizado<br \/>\nUtiliza\u00e7\u00e3o: Cabo de fixa\u00e7\u00e3o<br \/>\nTemperatura de trabalho: -35\u00b0C a 85\u00b0C<br \/>\nAmostras: Gratuitas<br \/>\nResist\u00eancia \u00e0 tra\u00e7\u00e3o: 120LBS (55KG)<br \/>\nClassifica\u00e7\u00e3o de inflamabilidade: UL94V-2<br \/>\nEmbalagem: 100 unidades\/saco<br \/>\nCertifica\u00e7\u00e3o: CE, CCC, PAHS<\/p>\n<p><a href=\"https:\/\/www.jy-electric.com\/wp-content\/uploads\/2024\/09\/Plastic-Self-Locking-Eco-Friendly-Nylon-Cable-Tie-Wraps.webp\"><img fetchpriority=\"high\" decoding=\"async\" class=\"alignnone wp-image-1225 size-medium\" src=\"https:\/\/www.jy-electric.com\/wp-content\/uploads\/2024\/09\/Plastic-Self-Locking-Eco-Friendly-Nylon-Cable-Tie-Wraps-300x300.webp\" alt=\"Abra\u00e7adeiras pl\u00e1sticas de nylon ecol\u00f3gicas com travamento autom\u00e1tico\" width=\"300\" height=\"300\" srcset=\"https:\/\/www.jyiele.com\/wp-content\/uploads\/2024\/09\/Plastic-Self-Locking-Eco-Friendly-Nylon-Cable-Tie-Wraps-300x300.webp 300w, https:\/\/www.jyiele.com\/wp-content\/uploads\/2024\/09\/Plastic-Self-Locking-Eco-Friendly-Nylon-Cable-Tie-Wraps-150x150.webp 150w, https:\/\/www.jyiele.com\/wp-content\/uploads\/2024\/09\/Plastic-Self-Locking-Eco-Friendly-Nylon-Cable-Tie-Wraps-768x768.webp 768w, https:\/\/www.jyiele.com\/wp-content\/uploads\/2024\/09\/Plastic-Self-Locking-Eco-Friendly-Nylon-Cable-Tie-Wraps-12x12.webp 12w, https:\/\/www.jyiele.com\/wp-content\/uploads\/2024\/09\/Plastic-Self-Locking-Eco-Friendly-Nylon-Cable-Tie-Wraps-600x600.webp 600w, https:\/\/www.jyiele.com\/wp-content\/uploads\/2024\/09\/Plastic-Self-Locking-Eco-Friendly-Nylon-Cable-Tie-Wraps-100x100.webp 100w, https:\/\/www.jyiele.com\/wp-content\/uploads\/2024\/09\/Plastic-Self-Locking-Eco-Friendly-Nylon-Cable-Tie-Wraps.webp 800w\" sizes=\"(max-width: 300px) 100vw, 300px\" \/><\/a><\/p>\n<h2>Caracter\u00edsticas do produto:<\/h2>\n<p>Espigas de a\u00e7o inoxid\u00e1vel: garantem um desempenho est\u00e1vel e podem ser ajustadas de forma cont\u00ednua.<br \/>\nAlta resist\u00eancia: anti-estiramento, baixa for\u00e7a de rosqueamento.<br \/>\nCorpo da fita corrugada: impede o movimento lateral do chicote de fios.<br \/>\nPonta curva: F\u00e1cil de acessar a partir de uma superf\u00edcie plana, aumentando a velocidade de rosqueamento e a efici\u00eancia da instala\u00e7\u00e3o.<br \/>\nAlta resist\u00eancia do anel: excede os padr\u00f5es do setor.<br \/>\nV\u00e1rias op\u00e7\u00f5es de materiais: atende a diferentes requisitos de aplica\u00e7\u00e3o.<br \/>\nAmbiente aplic\u00e1vel: uso interno e externo.<br \/>\nAmpla gama de aplica\u00e7\u00f5es: adequado para organizar e fixar equipamentos mec\u00e2nicos, equipamentos de automa\u00e7\u00e3o e todos os tipos de fios.<\/p>\n<p>&nbsp;<\/p>","protected":false},"excerpt":{"rendered":"<p>As abra\u00e7adeiras pl\u00e1sticas com autotravamento da JYIELE oferecem desempenho de fixa\u00e7\u00e3o confi\u00e1vel e durabilidade duradoura com seu material de n\u00e1ilon 66 de alta resist\u00eancia e design com autotravamento forte.<\/p>\n<p>Seu design de ponta curva permite uma instala\u00e7\u00e3o mais r\u00e1pida e o corpo da fita corrugada evita o movimento lateral do chicote de fios, al\u00e9m de poder ser usado em temperaturas que variam de -35\u00b0C a 85\u00b0C. Dispon\u00edvel em uma ampla gama de cores e tamanhos personalizados para atender a uma variedade de ambientes e aplica\u00e7\u00f5es, ela garante alta seguran\u00e7a e ampla aplicabilidade.<\/p>","protected":false},"featured_media":1225,"template":"","meta":{"site-sidebar-layout":"default","site-content-layout":"","ast-site-content-layout":"default","site-content-style":"default","site-sidebar-style":"default","ast-global-header-display":"","ast-banner-title-visibility":"","ast-main-header-display":"","ast-hfb-above-header-display":"","ast-hfb-below-header-display":"","ast-hfb-mobile-header-display":"","site-post-title":"","ast-breadcrumbs-content":"","ast-featured-img":"","footer-sml-layout":"","theme-transparent-header-meta":"default","adv-header-id-meta":"","stick-header-meta":"","header-above-stick-meta":"","header-main-stick-meta":"","header-below-stick-meta":"","astra-migrate-meta-layouts":"set","ast-page-background-enabled":"default","ast-page-background-meta":{"desktop":{"background-color":"var(--ast-global-color-4)","background-image":"","background-repeat":"repeat","background-position":"center center","background-size":"auto","background-attachment":"scroll","background-type":"","background-media":"","overlay-type":"","overlay-color":"","overlay-opacity":"","overlay-gradient":""},"tablet":{"background-color":"","background-image":"","background-repeat":"repeat","background-position":"center center","background-size":"auto","background-attachment":"scroll","background-type":"","background-media":"","overlay-type":"","overlay-color":"","overlay-opacity":"","overlay-gradient":""},"mobile":{"background-color":"","background-image":"","background-repeat":"repeat","background-position":"center center","background-size":"auto","background-attachment":"scroll","background-type":"","background-media":"","overlay-type":"","overlay-color":"","overlay-opacity":"","overlay-gradient":""}},"ast-content-background-meta":{"desktop":{"background-color":"var(--ast-global-color-5)","background-image":"","background-repeat":"repeat","background-position":"center center","background-size":"auto","background-attachment":"scroll","background-type":"","background-media":"","overlay-type":"","overlay-color":"","overlay-opacity":"","overlay-gradient":""},"tablet":{"background-color":"var(--ast-global-color-5)","background-image":"","background-repeat":"repeat","background-position":"center center","background-size":"auto","background-attachment":"scroll","background-type":"","background-media":"","overlay-type":"","overlay-color":"","overlay-opacity":"","overlay-gradient":""},"mobile":{"background-color":"var(--ast-global-color-5)","background-image":"","background-repeat":"repeat","background-position":"center center","background-size":"auto","background-attachment":"scroll","background-type":"","background-media":"","overlay-type":"","overlay-color":"","overlay-opacity":"","overlay-gradient":""}}},"product_brand":[],"product_cat":[20],"product_tag":[],"class_list":{"0":"post-1223","1":"product","2":"type-product","3":"status-publish","4":"has-post-thumbnail","6":"product_cat-zip-ties","7":"desktop-align-left","8":"tablet-align-left","9":"mobile-align-left","11":"first","12":"instock","13":"shipping-taxable","14":"product-type-simple"},"yoast_head":"<!-- This site is optimized with the Yoast SEO plugin v24.8.1 - https:\/\/yoast.com\/wordpress\/plugins\/seo\/ -->\n<title>Plastic Self-Locking Eco-Friendly Nylon Cable Tie Wraps from China manufacturer - JYIELE Electric<\/title>\n<meta name=\"description\" content=\"Plastic Self-Locking Eco-Friendly Nylon Cable Tie Wraps offered by China manufacturer JYIELE Electric Manufacture. Buy directly with low price and high quality.\" \/>\n<meta name=\"robots\" content=\"index, follow, max-snippet:-1, max-image-preview:large, max-video-preview:-1\" \/>\n<link rel=\"canonical\" href=\"https:\/\/www.jyiele.com\/pt\/produto\/plastic-self-locking-eco-friendly-nylon-cable-tie-wraps\/\" \/>\n<meta property=\"og:locale\" content=\"pt_BR\" \/>\n<meta property=\"og:type\" content=\"article\" \/>\n<meta property=\"og:title\" content=\"Plastic Self-Locking Eco-Friendly Nylon Cable Tie Wraps from China manufacturer - JYIELE Electric\" \/>\n<meta property=\"og:description\" content=\"Plastic Self-Locking Eco-Friendly Nylon Cable Tie Wraps offered by China manufacturer JYIELE Electric Manufacture. Buy directly with low price and high quality.\" \/>\n<meta property=\"og:url\" content=\"https:\/\/www.jyiele.com\/pt\/produto\/plastic-self-locking-eco-friendly-nylon-cable-tie-wraps\/\" \/>\n<meta property=\"og:site_name\" content=\"JYIELE\" \/>\n<meta property=\"article:modified_time\" content=\"2024-09-16T13:59:33+00:00\" \/>\n<meta property=\"og:image\" content=\"https:\/\/www.jyiele.com\/wp-content\/uploads\/2024\/09\/Plastic-Self-Locking-Eco-Friendly-Nylon-Cable-Tie-Wraps.webp\" \/>\n\t<meta property=\"og:image:width\" content=\"800\" \/>\n\t<meta property=\"og:image:height\" content=\"800\" \/>\n\t<meta property=\"og:image:type\" content=\"image\/webp\" \/>\n<meta name=\"twitter:card\" content=\"summary_large_image\" \/>\n<meta name=\"twitter:label1\" content=\"Est. tempo de leitura\" \/>\n\t<meta name=\"twitter:data1\" content=\"1 minuto\" \/>\n<script type=\"application\/ld+json\" class=\"yoast-schema-graph\">{\"@context\":\"https:\/\/schema.org\",\"@graph\":[{\"@type\":\"WebPage\",\"@id\":\"https:\/\/www.jyiele.com\/product\/plastic-self-locking-eco-friendly-nylon-cable-tie-wraps\/\",\"url\":\"https:\/\/www.jyiele.com\/product\/plastic-self-locking-eco-friendly-nylon-cable-tie-wraps\/\",\"name\":\"Plastic Self-Locking Eco-Friendly Nylon Cable Tie Wraps from China manufacturer - JYIELE Electric\",\"isPartOf\":{\"@id\":\"https:\/\/www.jyiele.com\/#website\"},\"primaryImageOfPage\":{\"@id\":\"https:\/\/www.jyiele.com\/product\/plastic-self-locking-eco-friendly-nylon-cable-tie-wraps\/#primaryimage\"},\"image\":{\"@id\":\"https:\/\/www.jyiele.com\/product\/plastic-self-locking-eco-friendly-nylon-cable-tie-wraps\/#primaryimage\"},\"thumbnailUrl\":\"https:\/\/www.jyiele.com\/wp-content\/uploads\/2024\/09\/Plastic-Self-Locking-Eco-Friendly-Nylon-Cable-Tie-Wraps.webp\",\"datePublished\":\"2020-04-06T13:11:11+00:00\",\"dateModified\":\"2024-09-16T13:59:33+00:00\",\"description\":\"Plastic Self-Locking Eco-Friendly Nylon Cable Tie Wraps offered by China manufacturer JYIELE Electric Manufacture. Buy directly with low price and high quality.\",\"breadcrumb\":{\"@id\":\"https:\/\/www.jyiele.com\/product\/plastic-self-locking-eco-friendly-nylon-cable-tie-wraps\/#breadcrumb\"},\"inLanguage\":\"pt-BR\",\"potentialAction\":[{\"@type\":\"ReadAction\",\"target\":[\"https:\/\/www.jyiele.com\/product\/plastic-self-locking-eco-friendly-nylon-cable-tie-wraps\/\"]}]},{\"@type\":\"ImageObject\",\"inLanguage\":\"pt-BR\",\"@id\":\"https:\/\/www.jyiele.com\/product\/plastic-self-locking-eco-friendly-nylon-cable-tie-wraps\/#primaryimage\",\"url\":\"https:\/\/www.jyiele.com\/wp-content\/uploads\/2024\/09\/Plastic-Self-Locking-Eco-Friendly-Nylon-Cable-Tie-Wraps.webp\",\"contentUrl\":\"https:\/\/www.jyiele.com\/wp-content\/uploads\/2024\/09\/Plastic-Self-Locking-Eco-Friendly-Nylon-Cable-Tie-Wraps.webp\",\"width\":800,\"height\":800,\"caption\":\"Plastic Self-Locking Eco-Friendly Nylon Cable Tie Wraps\"},{\"@type\":\"BreadcrumbList\",\"@id\":\"https:\/\/www.jyiele.com\/product\/plastic-self-locking-eco-friendly-nylon-cable-tie-wraps\/#breadcrumb\",\"itemListElement\":[{\"@type\":\"ListItem\",\"position\":1,\"name\":\"Home\",\"item\":\"https:\/\/www.jyiele.com\/\"},{\"@type\":\"ListItem\",\"position\":2,\"name\":\"Product\",\"item\":\"https:\/\/www.jyiele.com\/product\/\"},{\"@type\":\"ListItem\",\"position\":3,\"name\":\"Zip Ties\",\"item\":\"https:\/\/www.jyiele.com\/de\/product-category\/zip-ties\/\"},{\"@type\":\"ListItem\",\"position\":4,\"name\":\"Plastic Self-Locking Eco-Friendly Nylon Cable Tie Wraps\"}]},{\"@type\":\"WebSite\",\"@id\":\"https:\/\/www.jyiele.com\/#website\",\"url\":\"https:\/\/www.jyiele.com\/\",\"name\":\"JYIELE\",\"description\":\"Vacuum Circuit Breaker manufacturer\",\"publisher\":{\"@id\":\"https:\/\/www.jyiele.com\/#organization\"},\"potentialAction\":[{\"@type\":\"SearchAction\",\"target\":{\"@type\":\"EntryPoint\",\"urlTemplate\":\"https:\/\/www.jyiele.com\/?s={search_term_string}\"},\"query-input\":{\"@type\":\"PropertyValueSpecification\",\"valueRequired\":true,\"valueName\":\"search_term_string\"}}],\"inLanguage\":\"pt-BR\"},{\"@type\":\"Organization\",\"@id\":\"https:\/\/www.jyiele.com\/#organization\",\"name\":\"JYIELE\",\"url\":\"https:\/\/www.jyiele.com\/\",\"logo\":{\"@type\":\"ImageObject\",\"inLanguage\":\"pt-BR\",\"@id\":\"https:\/\/www.jyiele.com\/#\/schema\/logo\/image\/\",\"url\":\"https:\/\/www.jyiele.com\/wp-content\/uploads\/2024\/09\/cropped-jyele-1.webp\",\"contentUrl\":\"https:\/\/www.jyiele.com\/wp-content\/uploads\/2024\/09\/cropped-jyele-1.webp\",\"width\":137,\"height\":60,\"caption\":\"JYIELE\"},\"image\":{\"@id\":\"https:\/\/www.jyiele.com\/#\/schema\/logo\/image\/\"}}]}<\/script>\n<!-- \/ Yoast SEO plugin. -->","yoast_head_json":{"title":"Abra\u00e7adeiras pl\u00e1sticas de nylon ecol\u00f3gicas com travamento autom\u00e1tico do fabricante chin\u00eas - JYIELE Electric","description":"Abra\u00e7adeiras pl\u00e1sticas de nylon com travamento autom\u00e1tico e ecologicamente corretas oferecidas pelo fabricante chin\u00eas JYIELE Electric Manufacture. Compre diretamente com pre\u00e7o baixo e alta qualidade.","robots":{"index":"index","follow":"follow","max-snippet":"max-snippet:-1","max-image-preview":"max-image-preview:large","max-video-preview":"max-video-preview:-1"},"canonical":"https:\/\/www.jyiele.com\/pt\/produto\/plastic-self-locking-eco-friendly-nylon-cable-tie-wraps\/","og_locale":"pt_BR","og_type":"article","og_title":"Plastic Self-Locking Eco-Friendly Nylon Cable Tie Wraps from China manufacturer - JYIELE Electric","og_description":"Plastic Self-Locking Eco-Friendly Nylon Cable Tie Wraps offered by China manufacturer JYIELE Electric Manufacture. Buy directly with low price and high quality.","og_url":"https:\/\/www.jyiele.com\/pt\/produto\/plastic-self-locking-eco-friendly-nylon-cable-tie-wraps\/","og_site_name":"JYIELE","article_modified_time":"2024-09-16T13:59:33+00:00","og_image":[{"width":800,"height":800,"url":"https:\/\/www.jyiele.com\/wp-content\/uploads\/2024\/09\/Plastic-Self-Locking-Eco-Friendly-Nylon-Cable-Tie-Wraps.webp","type":"image\/webp"}],"twitter_card":"summary_large_image","twitter_misc":{"Est. tempo de leitura":"1 minuto"},"schema":{"@context":"https:\/\/schema.org","@graph":[{"@type":"WebPage","@id":"https:\/\/www.jyiele.com\/product\/plastic-self-locking-eco-friendly-nylon-cable-tie-wraps\/","url":"https:\/\/www.jyiele.com\/product\/plastic-self-locking-eco-friendly-nylon-cable-tie-wraps\/","name":"Abra\u00e7adeiras pl\u00e1sticas de nylon ecol\u00f3gicas com travamento autom\u00e1tico do fabricante chin\u00eas - JYIELE Electric","isPartOf":{"@id":"https:\/\/www.jyiele.com\/#website"},"primaryImageOfPage":{"@id":"https:\/\/www.jyiele.com\/product\/plastic-self-locking-eco-friendly-nylon-cable-tie-wraps\/#primaryimage"},"image":{"@id":"https:\/\/www.jyiele.com\/product\/plastic-self-locking-eco-friendly-nylon-cable-tie-wraps\/#primaryimage"},"thumbnailUrl":"https:\/\/www.jyiele.com\/wp-content\/uploads\/2024\/09\/Plastic-Self-Locking-Eco-Friendly-Nylon-Cable-Tie-Wraps.webp","datePublished":"2020-04-06T13:11:11+00:00","dateModified":"2024-09-16T13:59:33+00:00","description":"Abra\u00e7adeiras pl\u00e1sticas de nylon com travamento autom\u00e1tico e ecologicamente corretas oferecidas pelo fabricante chin\u00eas JYIELE Electric Manufacture. Compre diretamente com pre\u00e7o baixo e alta qualidade.","breadcrumb":{"@id":"https:\/\/www.jyiele.com\/product\/plastic-self-locking-eco-friendly-nylon-cable-tie-wraps\/#breadcrumb"},"inLanguage":"pt-BR","potentialAction":[{"@type":"ReadAction","target":["https:\/\/www.jyiele.com\/product\/plastic-self-locking-eco-friendly-nylon-cable-tie-wraps\/"]}]},{"@type":"ImageObject","inLanguage":"pt-BR","@id":"https:\/\/www.jyiele.com\/product\/plastic-self-locking-eco-friendly-nylon-cable-tie-wraps\/#primaryimage","url":"https:\/\/www.jyiele.com\/wp-content\/uploads\/2024\/09\/Plastic-Self-Locking-Eco-Friendly-Nylon-Cable-Tie-Wraps.webp","contentUrl":"https:\/\/www.jyiele.com\/wp-content\/uploads\/2024\/09\/Plastic-Self-Locking-Eco-Friendly-Nylon-Cable-Tie-Wraps.webp","width":800,"height":800,"caption":"Plastic Self-Locking Eco-Friendly Nylon Cable Tie Wraps"},{"@type":"BreadcrumbList","@id":"https:\/\/www.jyiele.com\/product\/plastic-self-locking-eco-friendly-nylon-cable-tie-wraps\/#breadcrumb","itemListElement":[{"@type":"ListItem","position":1,"name":"Home","item":"https:\/\/www.jyiele.com\/"},{"@type":"ListItem","position":2,"name":"Product","item":"https:\/\/www.jyiele.com\/product\/"},{"@type":"ListItem","position":3,"name":"Zip Ties","item":"https:\/\/www.jyiele.com\/de\/product-category\/zip-ties\/"},{"@type":"ListItem","position":4,"name":"Plastic Self-Locking Eco-Friendly Nylon Cable Tie Wraps"}]},{"@type":"WebSite","@id":"https:\/\/www.jyiele.com\/#website","url":"https:\/\/www.jyiele.com\/","name":"JYIELE","description":"Fabricante de disjuntores a v\u00e1cuo","publisher":{"@id":"https:\/\/www.jyiele.com\/#organization"},"potentialAction":[{"@type":"SearchAction","target":{"@type":"EntryPoint","urlTemplate":"https:\/\/www.jyiele.com\/?s={search_term_string}"},"query-input":{"@type":"PropertyValueSpecification","valueRequired":true,"valueName":"search_term_string"}}],"inLanguage":"pt-BR"},{"@type":"Organization","@id":"https:\/\/www.jyiele.com\/#organization","name":"JYIELE","url":"https:\/\/www.jyiele.com\/","logo":{"@type":"ImageObject","inLanguage":"pt-BR","@id":"https:\/\/www.jyiele.com\/#\/schema\/logo\/image\/","url":"https:\/\/www.jyiele.com\/wp-content\/uploads\/2024\/09\/cropped-jyele-1.webp","contentUrl":"https:\/\/www.jyiele.com\/wp-content\/uploads\/2024\/09\/cropped-jyele-1.webp","width":137,"height":60,"caption":"JYIELE"},"image":{"@id":"https:\/\/www.jyiele.com\/#\/schema\/logo\/image\/"}}]}},"_links":{"self":[{"href":"https:\/\/www.jyiele.com\/pt\/wp-json\/wp\/v2\/product\/1223","targetHints":{"allow":["GET"]}}],"collection":[{"href":"https:\/\/www.jyiele.com\/pt\/wp-json\/wp\/v2\/product"}],"about":[{"href":"https:\/\/www.jyiele.com\/pt\/wp-json\/wp\/v2\/types\/product"}],"version-history":[{"count":1,"href":"https:\/\/www.jyiele.com\/pt\/wp-json\/wp\/v2\/product\/1223\/revisions"}],"predecessor-version":[{"id":1226,"href":"https:\/\/www.jyiele.com\/pt\/wp-json\/wp\/v2\/product\/1223\/revisions\/1226"}],"wp:featuredmedia":[{"embeddable":true,"href":"https:\/\/www.jyiele.com\/pt\/wp-json\/wp\/v2\/media\/1225"}],"wp:attachment":[{"href":"https:\/\/www.jyiele.com\/pt\/wp-json\/wp\/v2\/media?parent=1223"}],"wp:term":[{"taxonomy":"product_brand","embeddable":true,"href":"https:\/\/www.jyiele.com\/pt\/wp-json\/wp\/v2\/product_brand?post=1223"},{"taxonomy":"product_cat","embeddable":true,"href":"https:\/\/www.jyiele.com\/pt\/wp-json\/wp\/v2\/product_cat?post=1223"},{"taxonomy":"product_tag","embeddable":true,"href":"https:\/\/www.jyiele.com\/pt\/wp-json\/wp\/v2\/product_tag?post=1223"}],"curies":[{"name":"wp","href":"https:\/\/api.w.org\/{rel}","templated":true}]}}