{"id":1228,"date":"2022-09-16T13:33:48","date_gmt":"2022-09-16T13:33:48","guid":{"rendered":"https:\/\/www.jy-electric.com\/?post_type=product&#038;p=1228"},"modified":"2025-03-09T11:38:45","modified_gmt":"2025-03-09T11:38:45","slug":"high-voltage-ac-vacuum-load-switch","status":"publish","type":"product","link":"https:\/\/www.jyiele.com\/pt\/produto\/high-voltage-ac-vacuum-load-switch\/","title":{"rendered":"Chave de carga a v\u00e1cuo CA de alta tens\u00e3o incorporada VF(R)-12"},"content":{"rendered":"<h2>Vis\u00e3o geral do VF(R)-12<\/h2>\n<p>O VF(R)-12 \u00e9 um tipo de dispositivo de combina\u00e7\u00e3o de fus\u00edvel e chave de carga a v\u00e1cuo CA de alta tens\u00e3o embutido em ambientes internos. Ele \u00e9 adequado para v\u00e1rias redes de energia e opera de forma segura e est\u00e1vel dentro de seus par\u00e2metros t\u00e9cnicos. Com design avan\u00e7ado, esse dispositivo \u00e9 amplamente utilizado em sistemas de energia modernos.<\/p>\n<h2>Padr\u00e3o do produto<\/h2>\n<p>A chave de carga a v\u00e1cuo VF(R)-12 est\u00e1 em conformidade com os seguintes padr\u00f5es:<\/p>\n<p>GB 3804-2004: Chaves CA de carga de alta tens\u00e3o com tens\u00e3o nominal entre 3,6 kV e 40,5 kV.<br \/>\nGB 16926-2009: Padr\u00e3o para combina\u00e7\u00f5es de chave-fus\u00edvel CA de carga de alta tens\u00e3o.<\/p>\n<h2>Par\u00e2metros t\u00e9cnicos<\/h2>\n<figure class=\"wp-block-table\">\n<div class=\"scroll\">\n<table>\n<tbody>\n<tr>\n<td rowspan=\"2\">\u00a0\u00a0\u00a0Item<\/td>\n<td rowspan=\"2\">Unidade<\/td>\n<td colspan=\"4\">Valor de refer\u00eancia<\/td>\n<\/tr>\n<tr>\n<td>VF-12\/T630-20<br \/>\nCarga de v\u00e1cuo<br \/>\ninterruptor<\/td>\n<td>VFR-12\/T125-50<br \/>\nCarga de v\u00e1cuo<br \/>\ninterruptor-fus\u00edvel<br \/>\ncombina\u00e7\u00e3o<\/td>\n<td>VFH-12\/T630-25<br \/>\nAlta quebra<br \/>\ncapacidade de v\u00e1cuo<br \/>\ninterruptor<\/td>\n<td>VFHR-12\/T125-50<br \/>\nAlta quebra<br \/>\ncapacidade de v\u00e1cuo<br \/>\ninterruptor-tuse<br \/>\ncombina\u00e7\u00e3o<\/td>\n<\/tr>\n<tr>\n<td>\u00a0\u00a0 Tens\u00e3o nominal<\/td>\n<td>kV<\/td>\n<td>12<\/td>\n<td>12<\/td>\n<td>12<\/td>\n<td>12<\/td>\n<\/tr>\n<tr>\n<td>tens\u00e3o suport\u00e1vel de impulso rel\u00e2mpago<\/td>\n<td>kV<\/td>\n<td>75<\/td>\n<td>75<\/td>\n<td>75<\/td>\n<td>75<\/td>\n<\/tr>\n<tr>\n<td>\u00a0\u00a0\u00a0 N\u00edvel de isolamento nominal Tens\u00e3o de resist\u00eancia \u00e0 frequ\u00eancia de pot\u00eancia de 1 minuto<\/td>\n<td>kV<\/td>\n<td>42<\/td>\n<td>42<\/td>\n<td>42<\/td>\n<td>42<\/td>\n<\/tr>\n<tr>\n<td>\u00a0\u00a0 Frequ\u00eancia nominal<\/td>\n<td>Hz<\/td>\n<td>50\/60<\/td>\n<td>50\/60<\/td>\n<td>50\/60<\/td>\n<td>50\/60<\/td>\n<\/tr>\n<tr>\n<td>\u00a0\u00a0 Corrente nominal<\/td>\n<td>A<\/td>\n<td>630<\/td>\n<td>125(fus\u00edvel)<\/td>\n<td>630<\/td>\n<td>125(fus\u00edvel)<\/td>\n<\/tr>\n<tr>\n<td>\u00a0\u00a0 Corrente nominal de interrup\u00e7\u00e3o de curto-circuito<\/td>\n<td>kA<\/td>\n<td><\/td>\n<td>50(fus\u00edvel<\/td>\n<td>25 (s\u00e3o c\u00e2mara de supress\u00e3o)<\/td>\n<td>25im pcesson harx<\/td>\n<\/tr>\n<tr>\n<td>\u00a0\u00a0 Corrente nominal de curto-circuito (valor de pico)<\/td>\n<td>kA<\/td>\n<td>50<\/td>\n<td><\/td>\n<td>63<\/td>\n<td><\/td>\n<\/tr>\n<tr>\n<td>\u00a0\u00a0 Corrente nominal de resist\u00eancia de curta dura\u00e7\u00e3o<\/td>\n<td>kA<\/td>\n<td>20<\/td>\n<td><\/td>\n<td>25<\/td>\n<td><\/td>\n<\/tr>\n<tr>\n<td>\u00a0\u00a0 Corrente de resist\u00eancia nominal (valor de pico)<\/td>\n<td>kA<\/td>\n<td>50<\/td>\n<td><\/td>\n<td>63<\/td>\n<td><\/td>\n<\/tr>\n<tr>\n<td>\u00a0\u00a0 Corrente nominal de ruptura do cabo durante a carga<\/td>\n<td>A<\/td>\n<td>16<\/td>\n<td><\/td>\n<td><\/td>\n<td><\/td>\n<\/tr>\n<tr>\n<td>\u00a0\u00a0 Corrente nominal de ruptura do transformador sem carga<\/td>\n<td>kVA<\/td>\n<td>1250<\/td>\n<td><\/td>\n<td>1250<\/td>\n<td><\/td>\n<\/tr>\n<tr>\n<td>\u00a0\u00a0 Corrente nominal de ruptura<\/td>\n<td>A<\/td>\n<td><\/td>\n<td>3150<\/td>\n<td><\/td>\n<td>3150<\/td>\n<\/tr>\n<tr>\n<td>\u00a0\u00a0 Tempos de interrup\u00e7\u00e3o da corrente nominal de curto-circuito<\/td>\n<td>Hor\u00e1rios<\/td>\n<td><\/td>\n<td><\/td>\n<td><\/td>\n<td><\/td>\n<\/tr>\n<tr>\n<td>\u00a0\u00a0 Vida mec\u00e2nica<\/td>\n<td><\/td>\n<td>N\u00edvel M2<\/td>\n<td>N\u00edvel M2<\/td>\n<td>N\u00edvel M2<\/td>\n<td>N\u00edvel M2<\/td>\n<\/tr>\n<tr>\n<td>\u00a0\u00a0 Peso<\/td>\n<td>kg<\/td>\n<td colspan=\"4\">125<\/td>\n<\/tr>\n<\/tbody>\n<\/table>\n<\/div>\n<\/figure>\n<h2>Condi\u00e7\u00f5es operacionais<\/h2>\n<p>Temperatura ambiente: -40\u00b0C a +40\u00b0C (menos de 35\u00b0C em 24 horas)<br \/>\nUmidade relativa: \u226495% (m\u00e9dia di\u00e1ria) ou \u226490% (m\u00e9dia mensal)<br \/>\nAltitude: \u22641000 metros<\/p>\n<h2>Sele\u00e7\u00e3o do transformador e do fus\u00edvel<\/h2>\n<p>Os fus\u00edveis t\u00eam a capacidade de cortar altas correntes em menos de 10 milissegundos e t\u00eam uma capacidade de interrup\u00e7\u00e3o de at\u00e9 50KA, o que os torna eficazes na prote\u00e7\u00e3o de transformadores. Ao selecionar os fus\u00edveis, \u00e9 importante considerar que a corrente do fus\u00edvel precisa ser 1,6 vez o seu valor nominal para lidar com as poss\u00edveis correntes de inrush. O projetista tamb\u00e9m deve permitir uma margem para o fus\u00edvel, levando em conta as flutua\u00e7\u00f5es na rede el\u00e9trica. Se o fus\u00edvel for usado para prote\u00e7\u00e3o do motor de alta tens\u00e3o, deve-se considerar tamb\u00e9m a frequ\u00eancia das partidas do motor, pois partidas frequentes podem fazer com que o fus\u00edvel n\u00e3o consiga esfriar a tempo e, portanto, falhe.<\/p>\n<h2 class=\"wp-block-heading\">Sele\u00e7\u00e3o de fus\u00edvel<\/h2>\n<figure class=\"wp-block-table\">\n<div class=\"scroll\">\n<table>\n<tbody>\n<tr>\n<td rowspan=\"2\">Tens\u00e3o prim\u00e1ria de<br \/>\no transformador (kV)<\/td>\n<td rowspan=\"2\">Capacidade de<br \/>\no transformador (kVA)<\/td>\n<td colspan=\"2\">Modelo do fus\u00edvel<\/td>\n<td rowspan=\"2\">Corrente nominal<br \/>\ndo fus\u00edvel (A<\/td>\n<\/tr>\n<tr>\n<td>Modelo para o mercado dom\u00e9stico<\/td>\n<td>Modelo para o mercado internacional<\/td>\n<\/tr>\n<tr>\n<td rowspan=\"6\">6.6<\/td>\n<td>200<\/td>\n<td rowspan=\"6\">XRNT-10<\/td>\n<td rowspan=\"3\">12kV BDGHC<\/td>\n<td>31.5<\/td>\n<\/tr>\n<tr>\n<td>250<\/td>\n<td>40<\/td>\n<\/tr>\n<tr>\n<td>300\/315<\/td>\n<td>50<\/td>\n<\/tr>\n<tr>\n<td>400<\/td>\n<td rowspan=\"3\">12kV BDGHC<\/td>\n<td>63<\/td>\n<\/tr>\n<tr>\n<td>500<\/td>\n<td>80<\/td>\n<\/tr>\n<tr>\n<td>630<\/td>\n<td>90<\/td>\n<\/tr>\n<\/tbody>\n<\/table>\n<\/div>\n<\/figure>\n<h2 class=\"wp-block-heading\">Dimens\u00e3o geral e de instala\u00e7\u00e3o<\/h2>\n<p>Dimens\u00e3o geral do disjuntor a v\u00e1cuo de corrente alternada de alta tens\u00e3o para ambientes internos VF(R)-12 (com rodas)<\/p>\n<figure class=\"wp-block-image size-full is-resized\"><img fetchpriority=\"high\" decoding=\"async\" class=\"alignnone wp-image-1229 size-full\" src=\"https:\/\/www.jy-electric.com\/wp-content\/uploads\/2024\/09\/AC-Vacuum-Load-Switch.webp\" alt=\"Chave de carga a v\u00e1cuo CA\" width=\"845\" height=\"388\" srcset=\"https:\/\/www.jyiele.com\/wp-content\/uploads\/2024\/09\/AC-Vacuum-Load-Switch.webp 845w, https:\/\/www.jyiele.com\/wp-content\/uploads\/2024\/09\/AC-Vacuum-Load-Switch-300x138.webp 300w, https:\/\/www.jyiele.com\/wp-content\/uploads\/2024\/09\/AC-Vacuum-Load-Switch-768x353.webp 768w, https:\/\/www.jyiele.com\/wp-content\/uploads\/2024\/09\/AC-Vacuum-Load-Switch-18x8.webp 18w, https:\/\/www.jyiele.com\/wp-content\/uploads\/2024\/09\/AC-Vacuum-Load-Switch-600x276.webp 600w\" sizes=\"(max-width: 845px) 100vw, 845px\" \/><\/figure>\n<figure class=\"wp-block-table\">\n<div class=\"scroll\">\n<table>\n<tbody>\n<tr>\n<td>Largura do gabinete (mm)<\/td>\n<td>P(mm)<\/td>\n<td>A(mm)<\/td>\n<td>B(mm)<\/td>\n<td>C(mm)<\/td>\n<td>E(mm)<\/td>\n<td>\u03c6W(mm)<\/td>\n<\/tr>\n<tr>\n<td>650<\/td>\n<td>150<\/td>\n<td>500<\/td>\n<td>530<\/td>\n<td>490<\/td>\n<td>203<\/td>\n<td>35<\/td>\n<\/tr>\n<tr>\n<td>800<\/td>\n<td>210<\/td>\n<td>650<\/td>\n<td>680<\/td>\n<td>640<\/td>\n<td>278<\/td>\n<td>35<\/td>\n<\/tr>\n<tr>\n<td>1000<\/td>\n<td>275<\/td>\n<td>850<\/td>\n<td>880<\/td>\n<td>840<\/td>\n<td>378<\/td>\n<td>35<\/td>\n<\/tr>\n<\/tbody>\n<\/table>\n<\/div>\n<\/figure>","protected":false},"excerpt":{"rendered":"<p>A chave de carga a v\u00e1cuo VFR-12R AC \u00e9 uma nova gera\u00e7\u00e3o de equipamentos de comuta\u00e7\u00e3o a v\u00e1cuo de alta tens\u00e3o, desenvolvida especificamente para atender \u00e0 demanda do mercado e aos conceitos de design moderno. Ele \u00e9 usado principalmente em pain\u00e9is de distribui\u00e7\u00e3o blindados e isolados a ar em ambientes internos e \u00e9 capaz de operar de forma est\u00e1vel dentro da faixa de tens\u00e3o especificada em condi\u00e7\u00f5es normais.<\/p>","protected":false},"featured_media":1230,"template":"","meta":{"site-sidebar-layout":"default","site-content-layout":"","ast-site-content-layout":"default","site-content-style":"default","site-sidebar-style":"default","ast-global-header-display":"","ast-banner-title-visibility":"","ast-main-header-display":"","ast-hfb-above-header-display":"","ast-hfb-below-header-display":"","ast-hfb-mobile-header-display":"","site-post-title":"","ast-breadcrumbs-content":"","ast-featured-img":"","footer-sml-layout":"","ast-disable-related-posts":"","theme-transparent-header-meta":"default","adv-header-id-meta":"","stick-header-meta":"","header-above-stick-meta":"","header-main-stick-meta":"","header-below-stick-meta":"","astra-migrate-meta-layouts":"set","ast-page-background-enabled":"default","ast-page-background-meta":{"desktop":{"background-color":"var(--ast-global-color-4)","background-image":"","background-repeat":"repeat","background-position":"center center","background-size":"auto","background-attachment":"scroll","background-type":"","background-media":"","overlay-type":"","overlay-color":"","overlay-opacity":"","overlay-gradient":""},"tablet":{"background-color":"","background-image":"","background-repeat":"repeat","background-position":"center center","background-size":"auto","background-attachment":"scroll","background-type":"","background-media":"","overlay-type":"","overlay-color":"","overlay-opacity":"","overlay-gradient":""},"mobile":{"background-color":"","background-image":"","background-repeat":"repeat","background-position":"center center","background-size":"auto","background-attachment":"scroll","background-type":"","background-media":"","overlay-type":"","overlay-color":"","overlay-opacity":"","overlay-gradient":""}},"ast-content-background-meta":{"desktop":{"background-color":"var(--ast-global-color-5)","background-image":"","background-repeat":"repeat","background-position":"center center","background-size":"auto","background-attachment":"scroll","background-type":"","background-media":"","overlay-type":"","overlay-color":"","overlay-opacity":"","overlay-gradient":""},"tablet":{"background-color":"var(--ast-global-color-5)","background-image":"","background-repeat":"repeat","background-position":"center center","background-size":"auto","background-attachment":"scroll","background-type":"","background-media":"","overlay-type":"","overlay-color":"","overlay-opacity":"","overlay-gradient":""},"mobile":{"background-color":"var(--ast-global-color-5)","background-image":"","background-repeat":"repeat","background-position":"center center","background-size":"auto","background-attachment":"scroll","background-type":"","background-media":"","overlay-type":"","overlay-color":"","overlay-opacity":"","overlay-gradient":""}}},"product_brand":[],"product_cat":[26],"product_tag":[],"class_list":{"0":"post-1228","1":"product","2":"type-product","3":"status-publish","4":"has-post-thumbnail","6":"product_cat-vacuum-circuit-breaker","7":"desktop-align-left","8":"tablet-align-left","9":"mobile-align-left","11":"first","12":"instock","13":"shipping-taxable","14":"product-type-simple"},"yoast_head":"<!-- This site is optimized with the Yoast SEO plugin v24.8.1 - https:\/\/yoast.com\/wordpress\/plugins\/seo\/ -->\n<title>VF(R)-12 Embedded High Voltage AC Vacuum Load Switch from China manufacturer - JYIELE<\/title>\n<meta name=\"description\" content=\"High Voltage AC Vacuum Load Switch offered by China manufacturer JYIELE Electric Manufacture. Buy Vacuum Circuit Breaker directly with low price and high quality.\" \/>\n<meta name=\"robots\" content=\"index, follow, max-snippet:-1, max-image-preview:large, max-video-preview:-1\" \/>\n<link rel=\"canonical\" href=\"https:\/\/www.jyiele.com\/pt\/produto\/high-voltage-ac-vacuum-load-switch\/\" \/>\n<meta property=\"og:locale\" content=\"pt_BR\" \/>\n<meta property=\"og:type\" content=\"article\" \/>\n<meta property=\"og:title\" content=\"VF(R)-12 Embedded High Voltage AC Vacuum Load Switch from China manufacturer - JYIELE\" \/>\n<meta property=\"og:description\" content=\"High Voltage AC Vacuum Load Switch offered by China manufacturer JYIELE Electric Manufacture. Buy Vacuum Circuit Breaker directly with low price and high quality.\" \/>\n<meta property=\"og:url\" content=\"https:\/\/www.jyiele.com\/pt\/produto\/high-voltage-ac-vacuum-load-switch\/\" \/>\n<meta property=\"og:site_name\" content=\"JYIELE\" \/>\n<meta property=\"article:modified_time\" content=\"2025-03-09T11:38:45+00:00\" \/>\n<meta property=\"og:image\" content=\"https:\/\/www.jyiele.com\/wp-content\/uploads\/2024\/09\/High-Voltage-AC-Vacuum-Load-Switch.webp\" \/>\n\t<meta property=\"og:image:width\" content=\"600\" \/>\n\t<meta property=\"og:image:height\" content=\"600\" \/>\n\t<meta property=\"og:image:type\" content=\"image\/webp\" \/>\n<meta name=\"twitter:card\" content=\"summary_large_image\" \/>\n<meta name=\"twitter:label1\" content=\"Est. tempo de leitura\" \/>\n\t<meta name=\"twitter:data1\" content=\"3 minutos\" \/>\n<script type=\"application\/ld+json\" class=\"yoast-schema-graph\">{\"@context\":\"https:\/\/schema.org\",\"@graph\":[{\"@type\":\"WebPage\",\"@id\":\"https:\/\/www.jyiele.com\/product\/high-voltage-ac-vacuum-load-switch\/\",\"url\":\"https:\/\/www.jyiele.com\/product\/high-voltage-ac-vacuum-load-switch\/\",\"name\":\"VF(R)-12 Embedded High Voltage AC Vacuum Load Switch from China manufacturer - JYIELE\",\"isPartOf\":{\"@id\":\"https:\/\/www.jyiele.com\/#website\"},\"primaryImageOfPage\":{\"@id\":\"https:\/\/www.jyiele.com\/product\/high-voltage-ac-vacuum-load-switch\/#primaryimage\"},\"image\":{\"@id\":\"https:\/\/www.jyiele.com\/product\/high-voltage-ac-vacuum-load-switch\/#primaryimage\"},\"thumbnailUrl\":\"https:\/\/www.jyiele.com\/wp-content\/uploads\/2024\/09\/High-Voltage-AC-Vacuum-Load-Switch.webp\",\"datePublished\":\"2022-09-16T13:33:48+00:00\",\"dateModified\":\"2025-03-09T11:38:45+00:00\",\"description\":\"High Voltage AC Vacuum Load Switch offered by China manufacturer JYIELE Electric Manufacture. Buy Vacuum Circuit Breaker directly with low price and high quality.\",\"breadcrumb\":{\"@id\":\"https:\/\/www.jyiele.com\/product\/high-voltage-ac-vacuum-load-switch\/#breadcrumb\"},\"inLanguage\":\"pt-BR\",\"potentialAction\":[{\"@type\":\"ReadAction\",\"target\":[\"https:\/\/www.jyiele.com\/product\/high-voltage-ac-vacuum-load-switch\/\"]}]},{\"@type\":\"ImageObject\",\"inLanguage\":\"pt-BR\",\"@id\":\"https:\/\/www.jyiele.com\/product\/high-voltage-ac-vacuum-load-switch\/#primaryimage\",\"url\":\"https:\/\/www.jyiele.com\/wp-content\/uploads\/2024\/09\/High-Voltage-AC-Vacuum-Load-Switch.webp\",\"contentUrl\":\"https:\/\/www.jyiele.com\/wp-content\/uploads\/2024\/09\/High-Voltage-AC-Vacuum-Load-Switch.webp\",\"width\":600,\"height\":600,\"caption\":\"High Voltage AC Vacuum Load Switch\"},{\"@type\":\"BreadcrumbList\",\"@id\":\"https:\/\/www.jyiele.com\/product\/high-voltage-ac-vacuum-load-switch\/#breadcrumb\",\"itemListElement\":[{\"@type\":\"ListItem\",\"position\":1,\"name\":\"Home\",\"item\":\"https:\/\/www.jyiele.com\/\"},{\"@type\":\"ListItem\",\"position\":2,\"name\":\"Product\",\"item\":\"https:\/\/www.jyiele.com\/product\/\"},{\"@type\":\"ListItem\",\"position\":3,\"name\":\"Vacuum Circuit Breaker\",\"item\":\"https:\/\/www.jyiele.com\/product-category\/vacuum-circuit-breaker\/\"},{\"@type\":\"ListItem\",\"position\":4,\"name\":\"VF(R)-12 Embedded High Voltage AC Vacuum Load Switch\"}]},{\"@type\":\"WebSite\",\"@id\":\"https:\/\/www.jyiele.com\/#website\",\"url\":\"https:\/\/www.jyiele.com\/\",\"name\":\"JYIELE\",\"description\":\"Vacuum Circuit Breaker manufacturer\",\"publisher\":{\"@id\":\"https:\/\/www.jyiele.com\/#organization\"},\"potentialAction\":[{\"@type\":\"SearchAction\",\"target\":{\"@type\":\"EntryPoint\",\"urlTemplate\":\"https:\/\/www.jyiele.com\/?s={search_term_string}\"},\"query-input\":{\"@type\":\"PropertyValueSpecification\",\"valueRequired\":true,\"valueName\":\"search_term_string\"}}],\"inLanguage\":\"pt-BR\"},{\"@type\":\"Organization\",\"@id\":\"https:\/\/www.jyiele.com\/#organization\",\"name\":\"JYIELE\",\"url\":\"https:\/\/www.jyiele.com\/\",\"logo\":{\"@type\":\"ImageObject\",\"inLanguage\":\"pt-BR\",\"@id\":\"https:\/\/www.jyiele.com\/#\/schema\/logo\/image\/\",\"url\":\"https:\/\/www.jyiele.com\/wp-content\/uploads\/2024\/09\/cropped-jyele-1.webp\",\"contentUrl\":\"https:\/\/www.jyiele.com\/wp-content\/uploads\/2024\/09\/cropped-jyele-1.webp\",\"width\":137,\"height\":60,\"caption\":\"JYIELE\"},\"image\":{\"@id\":\"https:\/\/www.jyiele.com\/#\/schema\/logo\/image\/\"}}]}<\/script>\n<!-- \/ Yoast SEO plugin. -->","yoast_head_json":{"title":"VF(R)-12 Chave de carga a v\u00e1cuo CA de alta tens\u00e3o incorporada do fabricante chin\u00eas - JYIELE","description":"Interruptor de carga a v\u00e1cuo CA de alta tens\u00e3o oferecido pelo fabricante chin\u00eas JYIELE Electric Manufacture. Compre diretamente o Vacuum Circuit Breaker com pre\u00e7o baixo e alta qualidade.","robots":{"index":"index","follow":"follow","max-snippet":"max-snippet:-1","max-image-preview":"max-image-preview:large","max-video-preview":"max-video-preview:-1"},"canonical":"https:\/\/www.jyiele.com\/pt\/produto\/high-voltage-ac-vacuum-load-switch\/","og_locale":"pt_BR","og_type":"article","og_title":"VF(R)-12 Embedded High Voltage AC Vacuum Load Switch from China manufacturer - JYIELE","og_description":"High Voltage AC Vacuum Load Switch offered by China manufacturer JYIELE Electric Manufacture. Buy Vacuum Circuit Breaker directly with low price and high quality.","og_url":"https:\/\/www.jyiele.com\/pt\/produto\/high-voltage-ac-vacuum-load-switch\/","og_site_name":"JYIELE","article_modified_time":"2025-03-09T11:38:45+00:00","og_image":[{"width":600,"height":600,"url":"https:\/\/www.jyiele.com\/wp-content\/uploads\/2024\/09\/High-Voltage-AC-Vacuum-Load-Switch.webp","type":"image\/webp"}],"twitter_card":"summary_large_image","twitter_misc":{"Est. tempo de leitura":"3 minutos"},"schema":{"@context":"https:\/\/schema.org","@graph":[{"@type":"WebPage","@id":"https:\/\/www.jyiele.com\/product\/high-voltage-ac-vacuum-load-switch\/","url":"https:\/\/www.jyiele.com\/product\/high-voltage-ac-vacuum-load-switch\/","name":"VF(R)-12 Chave de carga a v\u00e1cuo CA de alta tens\u00e3o incorporada do fabricante chin\u00eas - JYIELE","isPartOf":{"@id":"https:\/\/www.jyiele.com\/#website"},"primaryImageOfPage":{"@id":"https:\/\/www.jyiele.com\/product\/high-voltage-ac-vacuum-load-switch\/#primaryimage"},"image":{"@id":"https:\/\/www.jyiele.com\/product\/high-voltage-ac-vacuum-load-switch\/#primaryimage"},"thumbnailUrl":"https:\/\/www.jyiele.com\/wp-content\/uploads\/2024\/09\/High-Voltage-AC-Vacuum-Load-Switch.webp","datePublished":"2022-09-16T13:33:48+00:00","dateModified":"2025-03-09T11:38:45+00:00","description":"Interruptor de carga a v\u00e1cuo CA de alta tens\u00e3o oferecido pelo fabricante chin\u00eas JYIELE Electric Manufacture. Compre diretamente o Vacuum Circuit Breaker com pre\u00e7o baixo e alta qualidade.","breadcrumb":{"@id":"https:\/\/www.jyiele.com\/product\/high-voltage-ac-vacuum-load-switch\/#breadcrumb"},"inLanguage":"pt-BR","potentialAction":[{"@type":"ReadAction","target":["https:\/\/www.jyiele.com\/product\/high-voltage-ac-vacuum-load-switch\/"]}]},{"@type":"ImageObject","inLanguage":"pt-BR","@id":"https:\/\/www.jyiele.com\/product\/high-voltage-ac-vacuum-load-switch\/#primaryimage","url":"https:\/\/www.jyiele.com\/wp-content\/uploads\/2024\/09\/High-Voltage-AC-Vacuum-Load-Switch.webp","contentUrl":"https:\/\/www.jyiele.com\/wp-content\/uploads\/2024\/09\/High-Voltage-AC-Vacuum-Load-Switch.webp","width":600,"height":600,"caption":"High Voltage AC Vacuum Load Switch"},{"@type":"BreadcrumbList","@id":"https:\/\/www.jyiele.com\/product\/high-voltage-ac-vacuum-load-switch\/#breadcrumb","itemListElement":[{"@type":"ListItem","position":1,"name":"Home","item":"https:\/\/www.jyiele.com\/"},{"@type":"ListItem","position":2,"name":"Product","item":"https:\/\/www.jyiele.com\/product\/"},{"@type":"ListItem","position":3,"name":"Vacuum Circuit Breaker","item":"https:\/\/www.jyiele.com\/product-category\/vacuum-circuit-breaker\/"},{"@type":"ListItem","position":4,"name":"VF(R)-12 Embedded High Voltage AC Vacuum Load Switch"}]},{"@type":"WebSite","@id":"https:\/\/www.jyiele.com\/#website","url":"https:\/\/www.jyiele.com\/","name":"JYIELE","description":"Fabricante de disjuntores a v\u00e1cuo","publisher":{"@id":"https:\/\/www.jyiele.com\/#organization"},"potentialAction":[{"@type":"SearchAction","target":{"@type":"EntryPoint","urlTemplate":"https:\/\/www.jyiele.com\/?s={search_term_string}"},"query-input":{"@type":"PropertyValueSpecification","valueRequired":true,"valueName":"search_term_string"}}],"inLanguage":"pt-BR"},{"@type":"Organization","@id":"https:\/\/www.jyiele.com\/#organization","name":"JYIELE","url":"https:\/\/www.jyiele.com\/","logo":{"@type":"ImageObject","inLanguage":"pt-BR","@id":"https:\/\/www.jyiele.com\/#\/schema\/logo\/image\/","url":"https:\/\/www.jyiele.com\/wp-content\/uploads\/2024\/09\/cropped-jyele-1.webp","contentUrl":"https:\/\/www.jyiele.com\/wp-content\/uploads\/2024\/09\/cropped-jyele-1.webp","width":137,"height":60,"caption":"JYIELE"},"image":{"@id":"https:\/\/www.jyiele.com\/#\/schema\/logo\/image\/"}}]}},"_links":{"self":[{"href":"https:\/\/www.jyiele.com\/pt\/wp-json\/wp\/v2\/product\/1228","targetHints":{"allow":["GET"]}}],"collection":[{"href":"https:\/\/www.jyiele.com\/pt\/wp-json\/wp\/v2\/product"}],"about":[{"href":"https:\/\/www.jyiele.com\/pt\/wp-json\/wp\/v2\/types\/product"}],"version-history":[{"count":1,"href":"https:\/\/www.jyiele.com\/pt\/wp-json\/wp\/v2\/product\/1228\/revisions"}],"predecessor-version":[{"id":2447,"href":"https:\/\/www.jyiele.com\/pt\/wp-json\/wp\/v2\/product\/1228\/revisions\/2447"}],"wp:featuredmedia":[{"embeddable":true,"href":"https:\/\/www.jyiele.com\/pt\/wp-json\/wp\/v2\/media\/1230"}],"wp:attachment":[{"href":"https:\/\/www.jyiele.com\/pt\/wp-json\/wp\/v2\/media?parent=1228"}],"wp:term":[{"taxonomy":"product_brand","embeddable":true,"href":"https:\/\/www.jyiele.com\/pt\/wp-json\/wp\/v2\/product_brand?post=1228"},{"taxonomy":"product_cat","embeddable":true,"href":"https:\/\/www.jyiele.com\/pt\/wp-json\/wp\/v2\/product_cat?post=1228"},{"taxonomy":"product_tag","embeddable":true,"href":"https:\/\/www.jyiele.com\/pt\/wp-json\/wp\/v2\/product_tag?post=1228"}],"curies":[{"name":"wp","href":"https:\/\/api.w.org\/{rel}","templated":true}]}}