{"id":1244,"date":"2020-03-07T06:44:57","date_gmt":"2020-03-07T06:44:57","guid":{"rendered":"https:\/\/www.jy-electric.com\/?post_type=product&#038;p=1244"},"modified":"2024-09-22T06:02:33","modified_gmt":"2024-09-22T06:02:33","slug":"car-tire-anti-slip-heavy-duty-zip-ties-plastic","status":"publish","type":"product","link":"https:\/\/www.jyiele.com\/pt\/produto\/car-tire-anti-slip-heavy-duty-zip-ties-plastic\/","title":{"rendered":"Zip Ties Pl\u00e1sticos Antiderrapantes para Pneus de Carros"},"content":{"rendered":"<h2>Recursos do produto<\/h2>\n<p>A cinta pl\u00e1stica com z\u00edper para pneus de carro com fun\u00e7\u00e3o antiderrapante para servi\u00e7o pesado tem as caracter\u00edsticas de anticorros\u00e3o, anti\u00e1cido, isolamento, fun\u00e7\u00e3o de parada, boa resist\u00eancia, liga\u00e7\u00e3o forte, autofixa\u00e7\u00e3o, n\u00e3o \u00e9 f\u00e1cil de envelhecer, forte resist\u00eancia ao envelhecimento, etc. Al\u00e9m de aumentar a seguran\u00e7a ao dirigir, ela tamb\u00e9m \u00e9 muito dur\u00e1vel e a instala\u00e7\u00e3o \u00e9 muito conveniente, especialmente em dias de chuva e neve ou em condi\u00e7\u00f5es ruins de estrada.<\/p>\n<h2>M\u00e9todo de instala\u00e7\u00e3o<\/h2>\n<p>Pode ser perfurado e apertado diretamente.<\/p>\n<h2>Outra descri\u00e7\u00e3o<\/h2>\n<p>O tamanho da corrente antiderrapante pode ser ajustado pela correia resistente \u00e0 abras\u00e3o, que \u00e9 adequada para todos os tipos de condi\u00e7\u00f5es de estrada.<br \/>\nAdequado para carros, SUVs, ve\u00edculos comerciais e muitos outros modelos<\/p>\n<p><img fetchpriority=\"high\" decoding=\"async\" class=\"alignnone wp-image-1249\" src=\"https:\/\/www.jy-electric.com\/wp-content\/uploads\/2024\/09\/Ties-Plastic-300x277.webp\" alt=\"Gravatas-Pl\u00e1stico\" width=\"488\" height=\"451\" srcset=\"https:\/\/www.jyiele.com\/wp-content\/uploads\/2024\/09\/Ties-Plastic-300x277.webp 300w, https:\/\/www.jyiele.com\/wp-content\/uploads\/2024\/09\/Ties-Plastic-13x12.webp 13w, https:\/\/www.jyiele.com\/wp-content\/uploads\/2024\/09\/Ties-Plastic-600x554.webp 600w, https:\/\/www.jyiele.com\/wp-content\/uploads\/2024\/09\/Ties-Plastic.webp 750w\" sizes=\"(max-width: 488px) 100vw, 488px\" \/><img decoding=\"async\" class=\"alignnone wp-image-1248\" style=\"font-weight: inherit;\" src=\"https:\/\/www.jy-electric.com\/wp-content\/uploads\/2024\/09\/Car-Tire-Anti-Slip-Heavy-Duty-Zip-Ties-221x300.webp\" alt=\"\" width=\"333\" height=\"452\" srcset=\"https:\/\/www.jyiele.com\/wp-content\/uploads\/2024\/09\/Car-Tire-Anti-Slip-Heavy-Duty-Zip-Ties-221x300.webp 221w, https:\/\/www.jyiele.com\/wp-content\/uploads\/2024\/09\/Car-Tire-Anti-Slip-Heavy-Duty-Zip-Ties-9x12.webp 9w, https:\/\/www.jyiele.com\/wp-content\/uploads\/2024\/09\/Car-Tire-Anti-Slip-Heavy-Duty-Zip-Ties-600x815.webp 600w, https:\/\/www.jyiele.com\/wp-content\/uploads\/2024\/09\/Car-Tire-Anti-Slip-Heavy-Duty-Zip-Ties.webp 750w\" sizes=\"(max-width: 333px) 100vw, 333px\" \/><img decoding=\"async\" class=\"alignnone wp-image-1247\" style=\"font-weight: inherit;\" src=\"https:\/\/www.jy-electric.com\/wp-content\/uploads\/2024\/09\/Zip-Ties-Plastic-175x300.webp\" alt=\"\" width=\"264\" height=\"452\" srcset=\"https:\/\/www.jyiele.com\/wp-content\/uploads\/2024\/09\/Zip-Ties-Plastic-175x300.webp 175w, https:\/\/www.jyiele.com\/wp-content\/uploads\/2024\/09\/Zip-Ties-Plastic-7x12.webp 7w\" sizes=\"(max-width: 264px) 100vw, 264px\" \/><\/p>\n<h2>PERGUNTAS FREQUENTES<\/h2>\n<p>Q 1: Voc\u00ea \u00e9 uma f\u00e1brica ou uma empresa comercial?<br \/>\nR: Somos uma f\u00e1brica, a compra direta conosco pode ter o pre\u00e7o mais barato, com boa rela\u00e7\u00e3o custo-benef\u00edcio.<\/p>\n<p>P 2: Como voc\u00eas garantem a qualidade de seus produtos?<br \/>\nR: Verificamos todos os produtos 100% para garantir a qualidade.<\/p>\n<p>P 3: Quando receberei uma cota\u00e7\u00e3o?<br \/>\nR: De modo geral, enviaremos uma cota\u00e7\u00e3o dentro de 24 horas ap\u00f3s o recebimento da sua consulta.<\/p>\n<p>Q 4: Como posso obter amostras?<br \/>\nR: Se n\u00e3o conseguir encontrar nossos produtos no local, podemos enviar amostras para voc\u00ea. Voc\u00ea precisa pagar a taxa da amostra e o custo de envio.<\/p>","protected":false},"excerpt":{"rendered":"<p>Nome do produto\uff1aAdesivosos antiderrapantes para pneus de carro com z\u00edperes de pl\u00e1stico para servi\u00e7os pesados<br \/>\nMarca\uff1aJYIELE<br \/>\nMaterial: nylon 66 novo<br \/>\nTamanho: 12*900 MM<br \/>\nLargura: 175-195 MM<br \/>\nPeso: 0,8 kg<br \/>\nTamanho da roda aplic\u00e1vel: 14-24 polegadas (n\u00e3o aplic\u00e1vel a rodas de caminh\u00e3o e rodas de tambor)<br \/>\nTemperatura operacional: -35\u00b0C a 85\u00b0C<br \/>\nCor: natural, preto, cor personalizada<br \/>\nClassifica\u00e7\u00e3o de fogo: UL94V-2<br \/>\nCertifica\u00e7\u00e3o: ISO9001, CE, ROHS<br \/>\nGarantia: Um ano<br \/>\nUtiliza\u00e7\u00e3o: Evita que os pneus escorreguem em estradas com chuva e neve.<br \/>\nAmostra: Amostra gr\u00e1tis<br \/>\nOEM: Suporte<\/p>","protected":false},"featured_media":1245,"template":"","meta":{"site-sidebar-layout":"default","site-content-layout":"","ast-site-content-layout":"default","site-content-style":"default","site-sidebar-style":"default","ast-global-header-display":"","ast-banner-title-visibility":"","ast-main-header-display":"","ast-hfb-above-header-display":"","ast-hfb-below-header-display":"","ast-hfb-mobile-header-display":"","site-post-title":"","ast-breadcrumbs-content":"","ast-featured-img":"","footer-sml-layout":"","theme-transparent-header-meta":"default","adv-header-id-meta":"","stick-header-meta":"","header-above-stick-meta":"","header-main-stick-meta":"","header-below-stick-meta":"","astra-migrate-meta-layouts":"set","ast-page-background-enabled":"default","ast-page-background-meta":{"desktop":{"background-color":"var(--ast-global-color-4)","background-image":"","background-repeat":"repeat","background-position":"center center","background-size":"auto","background-attachment":"scroll","background-type":"","background-media":"","overlay-type":"","overlay-color":"","overlay-opacity":"","overlay-gradient":""},"tablet":{"background-color":"","background-image":"","background-repeat":"repeat","background-position":"center center","background-size":"auto","background-attachment":"scroll","background-type":"","background-media":"","overlay-type":"","overlay-color":"","overlay-opacity":"","overlay-gradient":""},"mobile":{"background-color":"","background-image":"","background-repeat":"repeat","background-position":"center center","background-size":"auto","background-attachment":"scroll","background-type":"","background-media":"","overlay-type":"","overlay-color":"","overlay-opacity":"","overlay-gradient":""}},"ast-content-background-meta":{"desktop":{"background-color":"var(--ast-global-color-5)","background-image":"","background-repeat":"repeat","background-position":"center center","background-size":"auto","background-attachment":"scroll","background-type":"","background-media":"","overlay-type":"","overlay-color":"","overlay-opacity":"","overlay-gradient":""},"tablet":{"background-color":"var(--ast-global-color-5)","background-image":"","background-repeat":"repeat","background-position":"center center","background-size":"auto","background-attachment":"scroll","background-type":"","background-media":"","overlay-type":"","overlay-color":"","overlay-opacity":"","overlay-gradient":""},"mobile":{"background-color":"var(--ast-global-color-5)","background-image":"","background-repeat":"repeat","background-position":"center center","background-size":"auto","background-attachment":"scroll","background-type":"","background-media":"","overlay-type":"","overlay-color":"","overlay-opacity":"","overlay-gradient":""}}},"product_brand":[],"product_cat":[20],"product_tag":[],"class_list":{"0":"post-1244","1":"product","2":"type-product","3":"status-publish","4":"has-post-thumbnail","6":"product_cat-zip-ties","7":"desktop-align-left","8":"tablet-align-left","9":"mobile-align-left","11":"first","12":"instock","13":"shipping-taxable","14":"product-type-simple"},"yoast_head":"<!-- This site is optimized with the Yoast SEO plugin v24.8.1 - https:\/\/yoast.com\/wordpress\/plugins\/seo\/ -->\n<title>Car Tire Anti-Slip Heavy Duty Zip Ties Plastic from China manufacturer - JYIELE Electric<\/title>\n<meta name=\"description\" content=\"Car Tire Anti-Slip Heavy Duty Zip Ties Plastic offered by China manufacturer JYIELE Electric Manufacture. Buy Zip Ties directly with low price and high quality.\" \/>\n<meta name=\"robots\" content=\"index, follow, max-snippet:-1, max-image-preview:large, max-video-preview:-1\" \/>\n<link rel=\"canonical\" href=\"https:\/\/www.jyiele.com\/pt\/produto\/car-tire-anti-slip-heavy-duty-zip-ties-plastic\/\" \/>\n<meta property=\"og:locale\" content=\"pt_BR\" \/>\n<meta property=\"og:type\" content=\"article\" \/>\n<meta property=\"og:title\" content=\"Car Tire Anti-Slip Heavy Duty Zip Ties Plastic from China manufacturer - JYIELE Electric\" \/>\n<meta property=\"og:description\" content=\"Car Tire Anti-Slip Heavy Duty Zip Ties Plastic offered by China manufacturer JYIELE Electric Manufacture. Buy Zip Ties directly with low price and high quality.\" \/>\n<meta property=\"og:url\" content=\"https:\/\/www.jyiele.com\/pt\/produto\/car-tire-anti-slip-heavy-duty-zip-ties-plastic\/\" \/>\n<meta property=\"og:site_name\" content=\"JYIELE\" \/>\n<meta property=\"article:modified_time\" content=\"2024-09-22T06:02:33+00:00\" \/>\n<meta property=\"og:image\" content=\"https:\/\/www.jyiele.com\/wp-content\/uploads\/2024\/09\/Car-Tire-Anti-Slip-Heavy-Duty-Zip-Ties-Plastic.webp\" \/>\n\t<meta property=\"og:image:width\" content=\"800\" \/>\n\t<meta property=\"og:image:height\" content=\"800\" \/>\n\t<meta property=\"og:image:type\" content=\"image\/webp\" \/>\n<meta name=\"twitter:card\" content=\"summary_large_image\" \/>\n<meta name=\"twitter:label1\" content=\"Est. tempo de leitura\" \/>\n\t<meta name=\"twitter:data1\" content=\"2 minutos\" \/>\n<script type=\"application\/ld+json\" class=\"yoast-schema-graph\">{\"@context\":\"https:\/\/schema.org\",\"@graph\":[{\"@type\":\"WebPage\",\"@id\":\"https:\/\/www.jyiele.com\/product\/car-tire-anti-slip-heavy-duty-zip-ties-plastic\/\",\"url\":\"https:\/\/www.jyiele.com\/product\/car-tire-anti-slip-heavy-duty-zip-ties-plastic\/\",\"name\":\"Car Tire Anti-Slip Heavy Duty Zip Ties Plastic from China manufacturer - JYIELE Electric\",\"isPartOf\":{\"@id\":\"https:\/\/www.jyiele.com\/#website\"},\"primaryImageOfPage\":{\"@id\":\"https:\/\/www.jyiele.com\/product\/car-tire-anti-slip-heavy-duty-zip-ties-plastic\/#primaryimage\"},\"image\":{\"@id\":\"https:\/\/www.jyiele.com\/product\/car-tire-anti-slip-heavy-duty-zip-ties-plastic\/#primaryimage\"},\"thumbnailUrl\":\"https:\/\/www.jyiele.com\/wp-content\/uploads\/2024\/09\/Car-Tire-Anti-Slip-Heavy-Duty-Zip-Ties-Plastic.webp\",\"datePublished\":\"2020-03-07T06:44:57+00:00\",\"dateModified\":\"2024-09-22T06:02:33+00:00\",\"description\":\"Car Tire Anti-Slip Heavy Duty Zip Ties Plastic offered by China manufacturer JYIELE Electric Manufacture. Buy Zip Ties directly with low price and high quality.\",\"breadcrumb\":{\"@id\":\"https:\/\/www.jyiele.com\/product\/car-tire-anti-slip-heavy-duty-zip-ties-plastic\/#breadcrumb\"},\"inLanguage\":\"pt-BR\",\"potentialAction\":[{\"@type\":\"ReadAction\",\"target\":[\"https:\/\/www.jyiele.com\/product\/car-tire-anti-slip-heavy-duty-zip-ties-plastic\/\"]}]},{\"@type\":\"ImageObject\",\"inLanguage\":\"pt-BR\",\"@id\":\"https:\/\/www.jyiele.com\/product\/car-tire-anti-slip-heavy-duty-zip-ties-plastic\/#primaryimage\",\"url\":\"https:\/\/www.jyiele.com\/wp-content\/uploads\/2024\/09\/Car-Tire-Anti-Slip-Heavy-Duty-Zip-Ties-Plastic.webp\",\"contentUrl\":\"https:\/\/www.jyiele.com\/wp-content\/uploads\/2024\/09\/Car-Tire-Anti-Slip-Heavy-Duty-Zip-Ties-Plastic.webp\",\"width\":800,\"height\":800,\"caption\":\"Car-Tire-Anti-Slip-Heavy-Duty-Zip-Ties-Plastic\"},{\"@type\":\"BreadcrumbList\",\"@id\":\"https:\/\/www.jyiele.com\/product\/car-tire-anti-slip-heavy-duty-zip-ties-plastic\/#breadcrumb\",\"itemListElement\":[{\"@type\":\"ListItem\",\"position\":1,\"name\":\"Home\",\"item\":\"https:\/\/www.jyiele.com\/\"},{\"@type\":\"ListItem\",\"position\":2,\"name\":\"Product\",\"item\":\"https:\/\/www.jyiele.com\/product\/\"},{\"@type\":\"ListItem\",\"position\":3,\"name\":\"Zip Ties\",\"item\":\"https:\/\/www.jyiele.com\/de\/product-category\/zip-ties\/\"},{\"@type\":\"ListItem\",\"position\":4,\"name\":\"Car Tire Anti-Slip Heavy Duty Zip Ties Plastic\"}]},{\"@type\":\"WebSite\",\"@id\":\"https:\/\/www.jyiele.com\/#website\",\"url\":\"https:\/\/www.jyiele.com\/\",\"name\":\"JYIELE\",\"description\":\"Vacuum Circuit Breaker manufacturer\",\"publisher\":{\"@id\":\"https:\/\/www.jyiele.com\/#organization\"},\"potentialAction\":[{\"@type\":\"SearchAction\",\"target\":{\"@type\":\"EntryPoint\",\"urlTemplate\":\"https:\/\/www.jyiele.com\/?s={search_term_string}\"},\"query-input\":{\"@type\":\"PropertyValueSpecification\",\"valueRequired\":true,\"valueName\":\"search_term_string\"}}],\"inLanguage\":\"pt-BR\"},{\"@type\":\"Organization\",\"@id\":\"https:\/\/www.jyiele.com\/#organization\",\"name\":\"JYIELE\",\"url\":\"https:\/\/www.jyiele.com\/\",\"logo\":{\"@type\":\"ImageObject\",\"inLanguage\":\"pt-BR\",\"@id\":\"https:\/\/www.jyiele.com\/#\/schema\/logo\/image\/\",\"url\":\"https:\/\/www.jyiele.com\/wp-content\/uploads\/2024\/09\/cropped-jyele-1.webp\",\"contentUrl\":\"https:\/\/www.jyiele.com\/wp-content\/uploads\/2024\/09\/cropped-jyele-1.webp\",\"width\":137,\"height\":60,\"caption\":\"JYIELE\"},\"image\":{\"@id\":\"https:\/\/www.jyiele.com\/#\/schema\/logo\/image\/\"}}]}<\/script>\n<!-- \/ Yoast SEO plugin. -->","yoast_head_json":{"title":"Pl\u00e1stico para Zip Ties Antiderrapante para Pneus de Carros da China - JYIELE Electric","description":"Zip Ties de pl\u00e1stico antiderrapantes para pneus de carro oferecidos pelo fabricante chin\u00eas JYIELE Electric Manufacture. Compre Zip Ties diretamente com pre\u00e7o baixo e alta qualidade.","robots":{"index":"index","follow":"follow","max-snippet":"max-snippet:-1","max-image-preview":"max-image-preview:large","max-video-preview":"max-video-preview:-1"},"canonical":"https:\/\/www.jyiele.com\/pt\/produto\/car-tire-anti-slip-heavy-duty-zip-ties-plastic\/","og_locale":"pt_BR","og_type":"article","og_title":"Car Tire Anti-Slip Heavy Duty Zip Ties Plastic from China manufacturer - JYIELE Electric","og_description":"Car Tire Anti-Slip Heavy Duty Zip Ties Plastic offered by China manufacturer JYIELE Electric Manufacture. Buy Zip Ties directly with low price and high quality.","og_url":"https:\/\/www.jyiele.com\/pt\/produto\/car-tire-anti-slip-heavy-duty-zip-ties-plastic\/","og_site_name":"JYIELE","article_modified_time":"2024-09-22T06:02:33+00:00","og_image":[{"width":800,"height":800,"url":"https:\/\/www.jyiele.com\/wp-content\/uploads\/2024\/09\/Car-Tire-Anti-Slip-Heavy-Duty-Zip-Ties-Plastic.webp","type":"image\/webp"}],"twitter_card":"summary_large_image","twitter_misc":{"Est. tempo de leitura":"2 minutos"},"schema":{"@context":"https:\/\/schema.org","@graph":[{"@type":"WebPage","@id":"https:\/\/www.jyiele.com\/product\/car-tire-anti-slip-heavy-duty-zip-ties-plastic\/","url":"https:\/\/www.jyiele.com\/product\/car-tire-anti-slip-heavy-duty-zip-ties-plastic\/","name":"Pl\u00e1stico para Zip Ties Antiderrapante para Pneus de Carros da China - JYIELE Electric","isPartOf":{"@id":"https:\/\/www.jyiele.com\/#website"},"primaryImageOfPage":{"@id":"https:\/\/www.jyiele.com\/product\/car-tire-anti-slip-heavy-duty-zip-ties-plastic\/#primaryimage"},"image":{"@id":"https:\/\/www.jyiele.com\/product\/car-tire-anti-slip-heavy-duty-zip-ties-plastic\/#primaryimage"},"thumbnailUrl":"https:\/\/www.jyiele.com\/wp-content\/uploads\/2024\/09\/Car-Tire-Anti-Slip-Heavy-Duty-Zip-Ties-Plastic.webp","datePublished":"2020-03-07T06:44:57+00:00","dateModified":"2024-09-22T06:02:33+00:00","description":"Zip Ties de pl\u00e1stico antiderrapantes para pneus de carro oferecidos pelo fabricante chin\u00eas JYIELE Electric Manufacture. Compre Zip Ties diretamente com pre\u00e7o baixo e alta qualidade.","breadcrumb":{"@id":"https:\/\/www.jyiele.com\/product\/car-tire-anti-slip-heavy-duty-zip-ties-plastic\/#breadcrumb"},"inLanguage":"pt-BR","potentialAction":[{"@type":"ReadAction","target":["https:\/\/www.jyiele.com\/product\/car-tire-anti-slip-heavy-duty-zip-ties-plastic\/"]}]},{"@type":"ImageObject","inLanguage":"pt-BR","@id":"https:\/\/www.jyiele.com\/product\/car-tire-anti-slip-heavy-duty-zip-ties-plastic\/#primaryimage","url":"https:\/\/www.jyiele.com\/wp-content\/uploads\/2024\/09\/Car-Tire-Anti-Slip-Heavy-Duty-Zip-Ties-Plastic.webp","contentUrl":"https:\/\/www.jyiele.com\/wp-content\/uploads\/2024\/09\/Car-Tire-Anti-Slip-Heavy-Duty-Zip-Ties-Plastic.webp","width":800,"height":800,"caption":"Car-Tire-Anti-Slip-Heavy-Duty-Zip-Ties-Plastic"},{"@type":"BreadcrumbList","@id":"https:\/\/www.jyiele.com\/product\/car-tire-anti-slip-heavy-duty-zip-ties-plastic\/#breadcrumb","itemListElement":[{"@type":"ListItem","position":1,"name":"Home","item":"https:\/\/www.jyiele.com\/"},{"@type":"ListItem","position":2,"name":"Product","item":"https:\/\/www.jyiele.com\/product\/"},{"@type":"ListItem","position":3,"name":"Zip Ties","item":"https:\/\/www.jyiele.com\/de\/product-category\/zip-ties\/"},{"@type":"ListItem","position":4,"name":"Car Tire Anti-Slip Heavy Duty Zip Ties Plastic"}]},{"@type":"WebSite","@id":"https:\/\/www.jyiele.com\/#website","url":"https:\/\/www.jyiele.com\/","name":"JYIELE","description":"Fabricante de disjuntores a v\u00e1cuo","publisher":{"@id":"https:\/\/www.jyiele.com\/#organization"},"potentialAction":[{"@type":"SearchAction","target":{"@type":"EntryPoint","urlTemplate":"https:\/\/www.jyiele.com\/?s={search_term_string}"},"query-input":{"@type":"PropertyValueSpecification","valueRequired":true,"valueName":"search_term_string"}}],"inLanguage":"pt-BR"},{"@type":"Organization","@id":"https:\/\/www.jyiele.com\/#organization","name":"JYIELE","url":"https:\/\/www.jyiele.com\/","logo":{"@type":"ImageObject","inLanguage":"pt-BR","@id":"https:\/\/www.jyiele.com\/#\/schema\/logo\/image\/","url":"https:\/\/www.jyiele.com\/wp-content\/uploads\/2024\/09\/cropped-jyele-1.webp","contentUrl":"https:\/\/www.jyiele.com\/wp-content\/uploads\/2024\/09\/cropped-jyele-1.webp","width":137,"height":60,"caption":"JYIELE"},"image":{"@id":"https:\/\/www.jyiele.com\/#\/schema\/logo\/image\/"}}]}},"_links":{"self":[{"href":"https:\/\/www.jyiele.com\/pt\/wp-json\/wp\/v2\/product\/1244","targetHints":{"allow":["GET"]}}],"collection":[{"href":"https:\/\/www.jyiele.com\/pt\/wp-json\/wp\/v2\/product"}],"about":[{"href":"https:\/\/www.jyiele.com\/pt\/wp-json\/wp\/v2\/types\/product"}],"version-history":[{"count":1,"href":"https:\/\/www.jyiele.com\/pt\/wp-json\/wp\/v2\/product\/1244\/revisions"}],"predecessor-version":[{"id":1246,"href":"https:\/\/www.jyiele.com\/pt\/wp-json\/wp\/v2\/product\/1244\/revisions\/1246"}],"wp:featuredmedia":[{"embeddable":true,"href":"https:\/\/www.jyiele.com\/pt\/wp-json\/wp\/v2\/media\/1245"}],"wp:attachment":[{"href":"https:\/\/www.jyiele.com\/pt\/wp-json\/wp\/v2\/media?parent=1244"}],"wp:term":[{"taxonomy":"product_brand","embeddable":true,"href":"https:\/\/www.jyiele.com\/pt\/wp-json\/wp\/v2\/product_brand?post=1244"},{"taxonomy":"product_cat","embeddable":true,"href":"https:\/\/www.jyiele.com\/pt\/wp-json\/wp\/v2\/product_cat?post=1244"},{"taxonomy":"product_tag","embeddable":true,"href":"https:\/\/www.jyiele.com\/pt\/wp-json\/wp\/v2\/product_tag?post=1244"}],"curies":[{"name":"wp","href":"https:\/\/api.w.org\/{rel}","templated":true}]}}