{"id":1253,"date":"2024-11-01T08:09:42","date_gmt":"2024-11-01T08:09:42","guid":{"rendered":"https:\/\/www.jy-electric.com\/?post_type=product&#038;p=1253"},"modified":"2025-03-09T11:43:55","modified_gmt":"2025-03-09T11:43:55","slug":"ip68-plastic-mc4-solar-connectors-1500v-dc","status":"publish","type":"product","link":"https:\/\/www.jyiele.com\/pt\/produto\/ip68-plastic-mc4-solar-connectors-1500v-dc\/","title":{"rendered":"Conectores solares MC4 de pl\u00e1stico IP68 1500V CC"},"content":{"rendered":"<h2>Pe\u00e7a de conex\u00e3o<\/h2>\n<p>Use cobre estanhado para obter boa condutividade e baixa resist\u00eancia de contato.<br \/>\nN\u00e3o \u00e9 f\u00e1cil de oxidar ou enferrujar.<\/p>\n<h2>Concha<\/h2>\n<p>\u00c9 usado pl\u00e1stico PPO, resistente a altas temperaturas, retardante de chamas e tamb\u00e9m resistente ao desgaste e \u00e0 sujeira.<\/p>\n<h2>Usos<\/h2>\n<p>Adequado para sistemas de energia fotovoltaica (solar).<\/p>\n<h2>Vantagens do produto<\/h2>\n<p>CONDUTIVIDADE PREMIUM: o material de cobre estanhado \u00e9 usado para proporcionar excelente condutividade, garantindo baixa resist\u00eancia de contato e transmiss\u00e3o de corrente mais est\u00e1vel.<\/p>\n<p>Grande durabilidade: O inv\u00f3lucro \u00e9 feito de pl\u00e1stico PPO, que n\u00e3o s\u00f3 \u00e9 resistente a altas temperaturas e retardante de chamas, mas tamb\u00e9m tem excelente resist\u00eancia \u00e0 abras\u00e3o e \u00e0 polui\u00e7\u00e3o, o que o torna adequado para uma variedade de ambientes adversos.<\/p>\n<p>Prote\u00e7\u00e3o avan\u00e7ada: O design de prote\u00e7\u00e3o com classifica\u00e7\u00e3o IP68 impede efetivamente a entrada de \u00e1gua e poeira, garantindo que o conector possa manter um bom desempenho mesmo quando usado em ambientes externos.<\/p>\n<p>Ampla faixa de temperatura operacional: Capaz de operar normalmente em uma ampla faixa de temperaturas de -40\u00b0C a 90\u00b0C, adaptando-se a uma variedade de condi\u00e7\u00f5es clim\u00e1ticas extremas.<\/p>\n<p>Alta seguran\u00e7a: A classifica\u00e7\u00e3o retardante de chamas de at\u00e9 UL94V-0 aumenta a seguran\u00e7a do uso e reduz o risco de inc\u00eandio.<\/p>\n<p>Especifica\u00e7\u00f5es flex\u00edveis de tens\u00e3o e corrente: Suporta tens\u00e3o CC de 1000 V (1500 V) e corrente de 30 A ou 50 A para atender \u00e0s necessidades de diferentes sistemas solares.<\/p>\n<p>F\u00e1cil instala\u00e7\u00e3o: O m\u00e9todo de conex\u00e3o por crimpagem foi projetado para uma instala\u00e7\u00e3o r\u00e1pida e f\u00e1cil, garantindo uma conex\u00e3o el\u00e9trica confi\u00e1vel.<\/p>\n<h2>Detalhes<\/h2>\n<div class=\"bot_con\">\n<div class=\"des show\">\n<figure class=\"wp-block-table\">\n<div class=\"scroll\">\n<table>\n<tbody>\n<tr>\n<td>Local de origem<\/td>\n<td>Zhejiang, China<\/td>\n<\/tr>\n<tr>\n<td>N\u00famero do modelo<\/td>\n<td>RMC4.0-03A<\/td>\n<\/tr>\n<tr>\n<td>Cor<\/td>\n<td>Preto<\/td>\n<\/tr>\n<tr>\n<td>Tens\u00e3o nominal<\/td>\n<td>1000V CC<\/td>\n<\/tr>\n<tr>\n<td>Corrente nominal<\/td>\n<td>30A<\/td>\n<\/tr>\n<tr>\n<td>Material de isolamento<\/td>\n<td>PPO<\/td>\n<\/tr>\n<tr>\n<td>Especifica\u00e7\u00e3o do cabo<\/td>\n<td>2,5 mm\u00b2-6,0 mm\u00b2 14AWG-10AWG<\/td>\n<\/tr>\n<tr>\n<td>Dimens\u00e3o do pino<\/td>\n<td>4,0 mm<\/td>\n<\/tr>\n<tr>\n<td>Tens\u00e3o de prova<\/td>\n<td>6000V CA (1Min) 2200V CC (1Min)<\/td>\n<\/tr>\n<tr>\n<td>Faixa de temperatura<\/td>\n<td>-40\u2103 ~ +90\u2103<\/td>\n<\/tr>\n<tr>\n<td>Material de contato<\/td>\n<td>Cobre, estanhado<\/td>\n<\/tr>\n<tr>\n<td>Grau de prote\u00e7\u00e3o<\/td>\n<td>IP67<\/td>\n<\/tr>\n<tr>\n<td>For\u00e7a de retirada\/temperatura<\/td>\n<td>\u226550N\/\u2264 50N<\/td>\n<\/tr>\n<\/tbody>\n<\/table>\n<\/div>\n<\/figure>\n<\/div>\n<\/div>","protected":false},"excerpt":{"rendered":"<p>Cor: preto<br \/>\nTens\u00e3o nominal: 1000V (1500V tamb\u00e9m dispon\u00edvel)<br \/>\nCorrente nominal: 30A ou 50A<br \/>\nGrau de prote\u00e7\u00e3o: IP67 (\u00e0 prova d'\u00e1gua e de poeira)<br \/>\nResist\u00eancia de contato: \u22641m\u03a9<br \/>\nFaixa de temperatura operacional: -40\u2103 a 90<br \/>\nMaterial de contato: cobre estanhado<br \/>\nM\u00e9todo de conex\u00e3o: crimpagem<br \/>\nGrau de retardamento de chamas: UL94V-0<\/p>","protected":false},"featured_media":1255,"template":"","meta":{"site-sidebar-layout":"default","site-content-layout":"","ast-site-content-layout":"default","site-content-style":"default","site-sidebar-style":"default","ast-global-header-display":"","ast-banner-title-visibility":"","ast-main-header-display":"","ast-hfb-above-header-display":"","ast-hfb-below-header-display":"","ast-hfb-mobile-header-display":"","site-post-title":"","ast-breadcrumbs-content":"","ast-featured-img":"","footer-sml-layout":"","ast-disable-related-posts":"","theme-transparent-header-meta":"default","adv-header-id-meta":"","stick-header-meta":"","header-above-stick-meta":"","header-main-stick-meta":"","header-below-stick-meta":"","astra-migrate-meta-layouts":"set","ast-page-background-enabled":"default","ast-page-background-meta":{"desktop":{"background-color":"var(--ast-global-color-4)","background-image":"","background-repeat":"repeat","background-position":"center center","background-size":"auto","background-attachment":"scroll","background-type":"","background-media":"","overlay-type":"","overlay-color":"","overlay-opacity":"","overlay-gradient":""},"tablet":{"background-color":"","background-image":"","background-repeat":"repeat","background-position":"center center","background-size":"auto","background-attachment":"scroll","background-type":"","background-media":"","overlay-type":"","overlay-color":"","overlay-opacity":"","overlay-gradient":""},"mobile":{"background-color":"","background-image":"","background-repeat":"repeat","background-position":"center center","background-size":"auto","background-attachment":"scroll","background-type":"","background-media":"","overlay-type":"","overlay-color":"","overlay-opacity":"","overlay-gradient":""}},"ast-content-background-meta":{"desktop":{"background-color":"var(--ast-global-color-5)","background-image":"","background-repeat":"repeat","background-position":"center center","background-size":"auto","background-attachment":"scroll","background-type":"","background-media":"","overlay-type":"","overlay-color":"","overlay-opacity":"","overlay-gradient":""},"tablet":{"background-color":"var(--ast-global-color-5)","background-image":"","background-repeat":"repeat","background-position":"center center","background-size":"auto","background-attachment":"scroll","background-type":"","background-media":"","overlay-type":"","overlay-color":"","overlay-opacity":"","overlay-gradient":""},"mobile":{"background-color":"var(--ast-global-color-5)","background-image":"","background-repeat":"repeat","background-position":"center center","background-size":"auto","background-attachment":"scroll","background-type":"","background-media":"","overlay-type":"","overlay-color":"","overlay-opacity":"","overlay-gradient":""}}},"product_brand":[],"product_cat":[19],"product_tag":[40],"class_list":{"0":"post-1253","1":"product","2":"type-product","3":"status-publish","4":"has-post-thumbnail","6":"product_cat-mc4-connector","7":"product_tag-mc4-solar-connector","8":"desktop-align-left","9":"tablet-align-left","10":"mobile-align-left","12":"first","13":"instock","14":"shipping-taxable","15":"product-type-simple"},"yoast_head":"<!-- This site is optimized with the Yoast SEO plugin v24.8.1 - https:\/\/yoast.com\/wordpress\/plugins\/seo\/ -->\n<title>China IP68 Plastic MC4 Solar Connectors 1500V DC Suppliers - JYIELE<\/title>\n<meta name=\"description\" content=\"JYIELE\u2018s IP68 Plastic MC4 Solar Connectors 1500V DCJYIELE&#039;s IP68 Plastic MC4 Solar Connectors 1500V DC are designed for high performance in solar energy systems, with high safety and reliability, conforming to international certification standards.\" \/>\n<meta name=\"robots\" content=\"index, follow, max-snippet:-1, max-image-preview:large, max-video-preview:-1\" \/>\n<link rel=\"canonical\" href=\"https:\/\/www.jyiele.com\/pt\/produto\/ip68-plastic-mc4-solar-connectors-1500v-dc\/\" \/>\n<meta property=\"og:locale\" content=\"pt_BR\" \/>\n<meta property=\"og:type\" content=\"article\" \/>\n<meta property=\"og:title\" content=\"China IP68 Plastic MC4 Solar Connectors 1500V DC Suppliers - JYIELE\" \/>\n<meta property=\"og:description\" content=\"JYIELE\u2018s IP68 Plastic MC4 Solar Connectors 1500V DCJYIELE&#039;s IP68 Plastic MC4 Solar Connectors 1500V DC are designed for high performance in solar energy systems, with high safety and reliability, conforming to international certification standards.\" \/>\n<meta property=\"og:url\" content=\"https:\/\/www.jyiele.com\/pt\/produto\/ip68-plastic-mc4-solar-connectors-1500v-dc\/\" \/>\n<meta property=\"og:site_name\" content=\"JYIELE\" \/>\n<meta property=\"article:modified_time\" content=\"2025-03-09T11:43:55+00:00\" \/>\n<meta property=\"og:image\" content=\"https:\/\/www.jyiele.com\/wp-content\/uploads\/2024\/09\/IP68-Plastic-MC4-Solar-Connectors.webp\" \/>\n\t<meta property=\"og:image:width\" content=\"800\" \/>\n\t<meta property=\"og:image:height\" content=\"800\" \/>\n\t<meta property=\"og:image:type\" content=\"image\/webp\" \/>\n<meta name=\"twitter:card\" content=\"summary_large_image\" \/>\n<meta name=\"twitter:label1\" content=\"Est. tempo de leitura\" \/>\n\t<meta name=\"twitter:data1\" content=\"2 minutos\" \/>\n<script type=\"application\/ld+json\" class=\"yoast-schema-graph\">{\"@context\":\"https:\/\/schema.org\",\"@graph\":[{\"@type\":\"WebPage\",\"@id\":\"https:\/\/www.jyiele.com\/product\/ip68-plastic-mc4-solar-connectors-1500v-dc\/\",\"url\":\"https:\/\/www.jyiele.com\/product\/ip68-plastic-mc4-solar-connectors-1500v-dc\/\",\"name\":\"China IP68 Plastic MC4 Solar Connectors 1500V DC Suppliers - JYIELE\",\"isPartOf\":{\"@id\":\"https:\/\/www.jyiele.com\/#website\"},\"primaryImageOfPage\":{\"@id\":\"https:\/\/www.jyiele.com\/product\/ip68-plastic-mc4-solar-connectors-1500v-dc\/#primaryimage\"},\"image\":{\"@id\":\"https:\/\/www.jyiele.com\/product\/ip68-plastic-mc4-solar-connectors-1500v-dc\/#primaryimage\"},\"thumbnailUrl\":\"https:\/\/www.jyiele.com\/wp-content\/uploads\/2024\/09\/IP68-Plastic-MC4-Solar-Connectors.webp\",\"datePublished\":\"2024-11-01T08:09:42+00:00\",\"dateModified\":\"2025-03-09T11:43:55+00:00\",\"description\":\"JYIELE\u2018s IP68 Plastic MC4 Solar Connectors 1500V DCJYIELE's IP68 Plastic MC4 Solar Connectors 1500V DC are designed for high performance in solar energy systems, with high safety and reliability, conforming to international certification standards.\",\"breadcrumb\":{\"@id\":\"https:\/\/www.jyiele.com\/product\/ip68-plastic-mc4-solar-connectors-1500v-dc\/#breadcrumb\"},\"inLanguage\":\"pt-BR\",\"potentialAction\":[{\"@type\":\"ReadAction\",\"target\":[\"https:\/\/www.jyiele.com\/product\/ip68-plastic-mc4-solar-connectors-1500v-dc\/\"]}]},{\"@type\":\"ImageObject\",\"inLanguage\":\"pt-BR\",\"@id\":\"https:\/\/www.jyiele.com\/product\/ip68-plastic-mc4-solar-connectors-1500v-dc\/#primaryimage\",\"url\":\"https:\/\/www.jyiele.com\/wp-content\/uploads\/2024\/09\/IP68-Plastic-MC4-Solar-Connectors.webp\",\"contentUrl\":\"https:\/\/www.jyiele.com\/wp-content\/uploads\/2024\/09\/IP68-Plastic-MC4-Solar-Connectors.webp\",\"width\":800,\"height\":800,\"caption\":\"IP68 Plastic MC4 Solar Connectors\"},{\"@type\":\"BreadcrumbList\",\"@id\":\"https:\/\/www.jyiele.com\/product\/ip68-plastic-mc4-solar-connectors-1500v-dc\/#breadcrumb\",\"itemListElement\":[{\"@type\":\"ListItem\",\"position\":1,\"name\":\"Home\",\"item\":\"https:\/\/www.jyiele.com\/\"},{\"@type\":\"ListItem\",\"position\":2,\"name\":\"Product\",\"item\":\"https:\/\/www.jyiele.com\/product\/\"},{\"@type\":\"ListItem\",\"position\":3,\"name\":\"MC4 Connector\",\"item\":\"https:\/\/www.jyiele.com\/product-category\/mc4-connector\/\"},{\"@type\":\"ListItem\",\"position\":4,\"name\":\"IP68 Plastic MC4 Solar Connectors 1500V DC\"}]},{\"@type\":\"WebSite\",\"@id\":\"https:\/\/www.jyiele.com\/#website\",\"url\":\"https:\/\/www.jyiele.com\/\",\"name\":\"JYIELE\",\"description\":\"Vacuum Circuit Breaker manufacturer\",\"publisher\":{\"@id\":\"https:\/\/www.jyiele.com\/#organization\"},\"potentialAction\":[{\"@type\":\"SearchAction\",\"target\":{\"@type\":\"EntryPoint\",\"urlTemplate\":\"https:\/\/www.jyiele.com\/?s={search_term_string}\"},\"query-input\":{\"@type\":\"PropertyValueSpecification\",\"valueRequired\":true,\"valueName\":\"search_term_string\"}}],\"inLanguage\":\"pt-BR\"},{\"@type\":\"Organization\",\"@id\":\"https:\/\/www.jyiele.com\/#organization\",\"name\":\"JYIELE\",\"url\":\"https:\/\/www.jyiele.com\/\",\"logo\":{\"@type\":\"ImageObject\",\"inLanguage\":\"pt-BR\",\"@id\":\"https:\/\/www.jyiele.com\/#\/schema\/logo\/image\/\",\"url\":\"https:\/\/www.jyiele.com\/wp-content\/uploads\/2024\/09\/cropped-jyele-1.webp\",\"contentUrl\":\"https:\/\/www.jyiele.com\/wp-content\/uploads\/2024\/09\/cropped-jyele-1.webp\",\"width\":137,\"height\":60,\"caption\":\"JYIELE\"},\"image\":{\"@id\":\"https:\/\/www.jyiele.com\/#\/schema\/logo\/image\/\"}}]}<\/script>\n<!-- \/ Yoast SEO plugin. -->","yoast_head_json":{"title":"China Conectores solares MC4 de pl\u00e1stico IP68 1500V DC Fornecedores - JYIELE","description":"Os conectores solares MC4 de pl\u00e1stico IP68 1500V DC da JYIELEOs conectores solares MC4 de pl\u00e1stico IP68 1500V DC da JYIELE foram projetados para alto desempenho em sistemas de energia solar, com alta seguran\u00e7a e confiabilidade, em conformidade com os padr\u00f5es internacionais de certifica\u00e7\u00e3o.","robots":{"index":"index","follow":"follow","max-snippet":"max-snippet:-1","max-image-preview":"max-image-preview:large","max-video-preview":"max-video-preview:-1"},"canonical":"https:\/\/www.jyiele.com\/pt\/produto\/ip68-plastic-mc4-solar-connectors-1500v-dc\/","og_locale":"pt_BR","og_type":"article","og_title":"China IP68 Plastic MC4 Solar Connectors 1500V DC Suppliers - JYIELE","og_description":"JYIELE\u2018s IP68 Plastic MC4 Solar Connectors 1500V DCJYIELE's IP68 Plastic MC4 Solar Connectors 1500V DC are designed for high performance in solar energy systems, with high safety and reliability, conforming to international certification standards.","og_url":"https:\/\/www.jyiele.com\/pt\/produto\/ip68-plastic-mc4-solar-connectors-1500v-dc\/","og_site_name":"JYIELE","article_modified_time":"2025-03-09T11:43:55+00:00","og_image":[{"width":800,"height":800,"url":"https:\/\/www.jyiele.com\/wp-content\/uploads\/2024\/09\/IP68-Plastic-MC4-Solar-Connectors.webp","type":"image\/webp"}],"twitter_card":"summary_large_image","twitter_misc":{"Est. tempo de leitura":"2 minutos"},"schema":{"@context":"https:\/\/schema.org","@graph":[{"@type":"WebPage","@id":"https:\/\/www.jyiele.com\/product\/ip68-plastic-mc4-solar-connectors-1500v-dc\/","url":"https:\/\/www.jyiele.com\/product\/ip68-plastic-mc4-solar-connectors-1500v-dc\/","name":"China Conectores solares MC4 de pl\u00e1stico IP68 1500V DC Fornecedores - JYIELE","isPartOf":{"@id":"https:\/\/www.jyiele.com\/#website"},"primaryImageOfPage":{"@id":"https:\/\/www.jyiele.com\/product\/ip68-plastic-mc4-solar-connectors-1500v-dc\/#primaryimage"},"image":{"@id":"https:\/\/www.jyiele.com\/product\/ip68-plastic-mc4-solar-connectors-1500v-dc\/#primaryimage"},"thumbnailUrl":"https:\/\/www.jyiele.com\/wp-content\/uploads\/2024\/09\/IP68-Plastic-MC4-Solar-Connectors.webp","datePublished":"2024-11-01T08:09:42+00:00","dateModified":"2025-03-09T11:43:55+00:00","description":"Os conectores solares MC4 de pl\u00e1stico IP68 1500V DC da JYIELEOs conectores solares MC4 de pl\u00e1stico IP68 1500V DC da JYIELE foram projetados para alto desempenho em sistemas de energia solar, com alta seguran\u00e7a e confiabilidade, em conformidade com os padr\u00f5es internacionais de certifica\u00e7\u00e3o.","breadcrumb":{"@id":"https:\/\/www.jyiele.com\/product\/ip68-plastic-mc4-solar-connectors-1500v-dc\/#breadcrumb"},"inLanguage":"pt-BR","potentialAction":[{"@type":"ReadAction","target":["https:\/\/www.jyiele.com\/product\/ip68-plastic-mc4-solar-connectors-1500v-dc\/"]}]},{"@type":"ImageObject","inLanguage":"pt-BR","@id":"https:\/\/www.jyiele.com\/product\/ip68-plastic-mc4-solar-connectors-1500v-dc\/#primaryimage","url":"https:\/\/www.jyiele.com\/wp-content\/uploads\/2024\/09\/IP68-Plastic-MC4-Solar-Connectors.webp","contentUrl":"https:\/\/www.jyiele.com\/wp-content\/uploads\/2024\/09\/IP68-Plastic-MC4-Solar-Connectors.webp","width":800,"height":800,"caption":"IP68 Plastic MC4 Solar Connectors"},{"@type":"BreadcrumbList","@id":"https:\/\/www.jyiele.com\/product\/ip68-plastic-mc4-solar-connectors-1500v-dc\/#breadcrumb","itemListElement":[{"@type":"ListItem","position":1,"name":"Home","item":"https:\/\/www.jyiele.com\/"},{"@type":"ListItem","position":2,"name":"Product","item":"https:\/\/www.jyiele.com\/product\/"},{"@type":"ListItem","position":3,"name":"MC4 Connector","item":"https:\/\/www.jyiele.com\/product-category\/mc4-connector\/"},{"@type":"ListItem","position":4,"name":"IP68 Plastic MC4 Solar Connectors 1500V DC"}]},{"@type":"WebSite","@id":"https:\/\/www.jyiele.com\/#website","url":"https:\/\/www.jyiele.com\/","name":"JYIELE","description":"Fabricante de disjuntores a v\u00e1cuo","publisher":{"@id":"https:\/\/www.jyiele.com\/#organization"},"potentialAction":[{"@type":"SearchAction","target":{"@type":"EntryPoint","urlTemplate":"https:\/\/www.jyiele.com\/?s={search_term_string}"},"query-input":{"@type":"PropertyValueSpecification","valueRequired":true,"valueName":"search_term_string"}}],"inLanguage":"pt-BR"},{"@type":"Organization","@id":"https:\/\/www.jyiele.com\/#organization","name":"JYIELE","url":"https:\/\/www.jyiele.com\/","logo":{"@type":"ImageObject","inLanguage":"pt-BR","@id":"https:\/\/www.jyiele.com\/#\/schema\/logo\/image\/","url":"https:\/\/www.jyiele.com\/wp-content\/uploads\/2024\/09\/cropped-jyele-1.webp","contentUrl":"https:\/\/www.jyiele.com\/wp-content\/uploads\/2024\/09\/cropped-jyele-1.webp","width":137,"height":60,"caption":"JYIELE"},"image":{"@id":"https:\/\/www.jyiele.com\/#\/schema\/logo\/image\/"}}]}},"_links":{"self":[{"href":"https:\/\/www.jyiele.com\/pt\/wp-json\/wp\/v2\/product\/1253","targetHints":{"allow":["GET"]}}],"collection":[{"href":"https:\/\/www.jyiele.com\/pt\/wp-json\/wp\/v2\/product"}],"about":[{"href":"https:\/\/www.jyiele.com\/pt\/wp-json\/wp\/v2\/types\/product"}],"version-history":[{"count":2,"href":"https:\/\/www.jyiele.com\/pt\/wp-json\/wp\/v2\/product\/1253\/revisions"}],"predecessor-version":[{"id":1470,"href":"https:\/\/www.jyiele.com\/pt\/wp-json\/wp\/v2\/product\/1253\/revisions\/1470"}],"wp:featuredmedia":[{"embeddable":true,"href":"https:\/\/www.jyiele.com\/pt\/wp-json\/wp\/v2\/media\/1255"}],"wp:attachment":[{"href":"https:\/\/www.jyiele.com\/pt\/wp-json\/wp\/v2\/media?parent=1253"}],"wp:term":[{"taxonomy":"product_brand","embeddable":true,"href":"https:\/\/www.jyiele.com\/pt\/wp-json\/wp\/v2\/product_brand?post=1253"},{"taxonomy":"product_cat","embeddable":true,"href":"https:\/\/www.jyiele.com\/pt\/wp-json\/wp\/v2\/product_cat?post=1253"},{"taxonomy":"product_tag","embeddable":true,"href":"https:\/\/www.jyiele.com\/pt\/wp-json\/wp\/v2\/product_tag?post=1253"}],"curies":[{"name":"wp","href":"https:\/\/api.w.org\/{rel}","templated":true}]}}