{"id":1328,"date":"2024-11-03T11:26:49","date_gmt":"2024-11-03T11:26:49","guid":{"rendered":"https:\/\/www.jy-electric.com\/?post_type=product&#038;p=1328"},"modified":"2025-03-09T11:42:43","modified_gmt":"2025-03-09T11:42:43","slug":"mc4-solar-panel-connectors","status":"publish","type":"product","link":"https:\/\/www.jyiele.com\/pt\/produto\/mc4-solar-panel-connectors\/","title":{"rendered":"Conectores de painel de cabo solar MC4 personalizados 1000V 1500V DC 50Amp"},"content":{"rendered":"<h2>Recursos do produto<\/h2>\n<p>ALTA TENS\u00c3O DE CORRENTE: suporta at\u00e9 1000 V CC, o que pode atender a v\u00e1rias demandas de energia.<\/p>\n<p>Design dur\u00e1vel: a concha \u00e9 antienvelhecimento e resistente aos raios UV, portanto, pode ser usada por muito tempo, mesmo em condi\u00e7\u00f5es clim\u00e1ticas adversas ao ar livre.<\/p>\n<p>Corrente forte: Pode transportar alta corrente para garantir uma transmiss\u00e3o de energia est\u00e1vel e eficiente.<\/p>\n<p>Seguro e confi\u00e1vel: Evita curto-circuito e vazamento para garantir a seguran\u00e7a do sistema.<\/p>\n<p>F\u00e1cil de instalar: O design de faixa apertada se adapta a diferentes di\u00e2metros de cabo, e o encaixe e desencaixe tamb\u00e9m s\u00e3o simples, com for\u00e7a de inser\u00e7\u00e3o inferior a 50N e for\u00e7a de tra\u00e7\u00e3o superior a 50N.<\/p>\n<p>Materiais de alta qualidade: cobre estanhado para os contatos, resist\u00eancia menor que 0,5 miliohm, material de isolamento PPO, desempenho confi\u00e1vel.<\/p>\n<p>Alto n\u00edvel de prote\u00e7\u00e3o: IP67 \u00e0 prova d'\u00e1gua e de poeira, adequado para v\u00e1rios ambientes externos. O n\u00edvel de polui\u00e7\u00e3o 2 e o n\u00edvel de prote\u00e7\u00e3o II aumentam a seguran\u00e7a.<\/p>\n<p>Ampla faixa de temperatura: pode ser usado em temperaturas de -40\u00b0C a +90\u00b0C, adaptando-se a v\u00e1rios climas.<\/p>\n<p>Compatibilidade forte: adapta-se ao cabo solar de 4,0 mm\u00b2 com tamanho de pino de 4,0 mm, que pode ser compat\u00edvel com a maioria dos sistemas.<\/p>\n<p><img fetchpriority=\"high\" decoding=\"async\" class=\"alignnone wp-image-1329 size-full\" title=\"Conectores de painel solar MC4\" src=\"https:\/\/www.jy-electric.com\/wp-content\/uploads\/2024\/09\/MC4-Solar-panel-connectors.webp\" alt=\"Conectores de painel solar MC4\" width=\"750\" height=\"377\" srcset=\"https:\/\/www.jyiele.com\/wp-content\/uploads\/2024\/09\/MC4-Solar-panel-connectors.webp 750w, https:\/\/www.jyiele.com\/wp-content\/uploads\/2024\/09\/MC4-Solar-panel-connectors-300x151.webp 300w, https:\/\/www.jyiele.com\/wp-content\/uploads\/2024\/09\/MC4-Solar-panel-connectors-18x9.webp 18w, https:\/\/www.jyiele.com\/wp-content\/uploads\/2024\/09\/MC4-Solar-panel-connectors-600x302.webp 600w\" sizes=\"(max-width: 750px) 100vw, 750px\" \/><\/p>\n<h2>Par\u00e2metros do produto<\/h2>\n<table>\n<tbody>\n<tr>\n<td>N\u00famero de s\u00e9rie<\/td>\n<td>Par\u00e2metro<\/td>\n<td>Par\u00e2metro<\/td>\n<\/tr>\n<tr>\n<td>1<\/td>\n<td>Tipo<\/td>\n<td>Conector de fus\u00edvel solar<\/td>\n<\/tr>\n<tr>\n<td>2<\/td>\n<td>Tens\u00e3o nominal<\/td>\n<td>1000V \/ 1500V DC<\/td>\n<\/tr>\n<tr>\n<td>3<\/td>\n<td>Corrente nominal<\/td>\n<td>2A-45A<\/td>\n<\/tr>\n<tr>\n<td>4<\/td>\n<td>Tens\u00e3o de teste<\/td>\n<td>8000V(50Hz,1min)<\/td>\n<\/tr>\n<tr>\n<td>5<\/td>\n<td>Faixa de temperatura<\/td>\n<td>-40\u00b0C ...+90\u00b0C<\/td>\n<\/tr>\n<tr>\n<td>6<\/td>\n<td>Temperatura limite superior<\/td>\n<td>+105\u00b0C<\/td>\n<\/tr>\n<tr>\n<td>7<\/td>\n<td>Grau de prote\u00e7\u00e3o<\/td>\n<td>IP2X\/ IP68<\/td>\n<\/tr>\n<tr>\n<td>8<\/td>\n<td>Resist\u00eancia de contato dos conectores de plugue<\/td>\n<td>0,5m\u03a9<\/td>\n<\/tr>\n<tr>\n<td>9<\/td>\n<td>Classe de seguran\u00e7a<\/td>\n<td>\u2161<\/td>\n<\/tr>\n<tr>\n<td>10<\/td>\n<td>Material de contato<\/td>\n<td>Cobre, banhado a estanho<\/td>\n<\/tr>\n<tr>\n<td>11<\/td>\n<td>Material de isolamento<\/td>\n<td>PPO<\/td>\n<\/tr>\n<tr>\n<td>12<\/td>\n<td>For\u00e7a de retirada\/for\u00e7a de inser\u00e7\u00e3o<\/td>\n<td>\u226550N\/\u226450N<\/td>\n<\/tr>\n<tr>\n<td>13<\/td>\n<td>Sistema de travamento<\/td>\n<td>Encaixe<\/td>\n<\/tr>\n<tr>\n<td>14<\/td>\n<td>Classe Flame<\/td>\n<td>UL-94-V0<\/td>\n<\/tr>\n<tr>\n<td>15<\/td>\n<td>Especifica\u00e7\u00e3o do cabo<\/td>\n<td>2,5 mm\u00b2-6,0 mm\u00b2 14AWG-10AWG<\/td>\n<\/tr>\n<\/tbody>\n<\/table>","protected":false},"excerpt":{"rendered":"<p>O conector de painel de cabo solar MC4 da JYIELE \u00e9 dur\u00e1vel, seguro e f\u00e1cil de instalar, sendo um bom auxiliar para seu sistema solar.<\/p>","protected":false},"featured_media":1330,"template":"","meta":{"site-sidebar-layout":"default","site-content-layout":"","ast-site-content-layout":"default","site-content-style":"default","site-sidebar-style":"default","ast-global-header-display":"","ast-banner-title-visibility":"","ast-main-header-display":"","ast-hfb-above-header-display":"","ast-hfb-below-header-display":"","ast-hfb-mobile-header-display":"","site-post-title":"","ast-breadcrumbs-content":"","ast-featured-img":"","footer-sml-layout":"","ast-disable-related-posts":"","theme-transparent-header-meta":"default","adv-header-id-meta":"","stick-header-meta":"","header-above-stick-meta":"","header-main-stick-meta":"","header-below-stick-meta":"","astra-migrate-meta-layouts":"set","ast-page-background-enabled":"default","ast-page-background-meta":{"desktop":{"background-color":"var(--ast-global-color-4)","background-image":"","background-repeat":"repeat","background-position":"center center","background-size":"auto","background-attachment":"scroll","background-type":"","background-media":"","overlay-type":"","overlay-color":"","overlay-opacity":"","overlay-gradient":""},"tablet":{"background-color":"","background-image":"","background-repeat":"repeat","background-position":"center center","background-size":"auto","background-attachment":"scroll","background-type":"","background-media":"","overlay-type":"","overlay-color":"","overlay-opacity":"","overlay-gradient":""},"mobile":{"background-color":"","background-image":"","background-repeat":"repeat","background-position":"center center","background-size":"auto","background-attachment":"scroll","background-type":"","background-media":"","overlay-type":"","overlay-color":"","overlay-opacity":"","overlay-gradient":""}},"ast-content-background-meta":{"desktop":{"background-color":"var(--ast-global-color-5)","background-image":"","background-repeat":"repeat","background-position":"center center","background-size":"auto","background-attachment":"scroll","background-type":"","background-media":"","overlay-type":"","overlay-color":"","overlay-opacity":"","overlay-gradient":""},"tablet":{"background-color":"var(--ast-global-color-5)","background-image":"","background-repeat":"repeat","background-position":"center center","background-size":"auto","background-attachment":"scroll","background-type":"","background-media":"","overlay-type":"","overlay-color":"","overlay-opacity":"","overlay-gradient":""},"mobile":{"background-color":"var(--ast-global-color-5)","background-image":"","background-repeat":"repeat","background-position":"center center","background-size":"auto","background-attachment":"scroll","background-type":"","background-media":"","overlay-type":"","overlay-color":"","overlay-opacity":"","overlay-gradient":""}}},"product_brand":[],"product_cat":[19],"product_tag":[40],"class_list":{"0":"post-1328","1":"product","2":"type-product","3":"status-publish","4":"has-post-thumbnail","6":"product_cat-mc4-connector","7":"product_tag-mc4-solar-connector","8":"desktop-align-left","9":"tablet-align-left","10":"mobile-align-left","12":"first","13":"instock","14":"shipping-taxable","15":"product-type-simple"},"yoast_head":"<!-- This site is optimized with the Yoast SEO plugin v24.8.1 - https:\/\/yoast.com\/wordpress\/plugins\/seo\/ -->\n<title>Factory customized MC4 solar cable panel connectors - JYIELE<\/title>\n<meta name=\"description\" content=\"MC4 solar cable board connector is durable and anti-aging, IP67 protection grade, high current bearing high quality raw materials, high cost performance.\" \/>\n<meta name=\"robots\" content=\"index, follow, max-snippet:-1, max-image-preview:large, max-video-preview:-1\" \/>\n<link rel=\"canonical\" href=\"https:\/\/www.jyiele.com\/pt\/produto\/mc4-solar-panel-connectors\/\" \/>\n<meta property=\"og:locale\" content=\"pt_BR\" \/>\n<meta property=\"og:type\" content=\"article\" \/>\n<meta property=\"og:title\" content=\"Factory customized MC4 solar cable panel connectors - JYIELE\" \/>\n<meta property=\"og:description\" content=\"MC4 solar cable board connector is durable and anti-aging, IP67 protection grade, high current bearing high quality raw materials, high cost performance.\" \/>\n<meta property=\"og:url\" content=\"https:\/\/www.jyiele.com\/pt\/produto\/mc4-solar-panel-connectors\/\" \/>\n<meta property=\"og:site_name\" content=\"JYIELE\" \/>\n<meta property=\"article:modified_time\" content=\"2025-03-09T11:42:43+00:00\" \/>\n<meta property=\"og:image\" content=\"https:\/\/www.jyiele.com\/wp-content\/uploads\/2024\/09\/MC4-Solar-cable-panel-connectors.webp\" \/>\n\t<meta property=\"og:image:width\" content=\"800\" \/>\n\t<meta property=\"og:image:height\" content=\"800\" \/>\n\t<meta property=\"og:image:type\" content=\"image\/webp\" \/>\n<meta name=\"twitter:card\" content=\"summary_large_image\" \/>\n<meta name=\"twitter:label1\" content=\"Est. tempo de leitura\" \/>\n\t<meta name=\"twitter:data1\" content=\"2 minutos\" \/>\n<script type=\"application\/ld+json\" class=\"yoast-schema-graph\">{\"@context\":\"https:\/\/schema.org\",\"@graph\":[{\"@type\":\"WebPage\",\"@id\":\"https:\/\/www.jyiele.com\/product\/mc4-solar-panel-connectors\/\",\"url\":\"https:\/\/www.jyiele.com\/product\/mc4-solar-panel-connectors\/\",\"name\":\"Factory customized MC4 solar cable panel connectors - JYIELE\",\"isPartOf\":{\"@id\":\"https:\/\/www.jyiele.com\/#website\"},\"primaryImageOfPage\":{\"@id\":\"https:\/\/www.jyiele.com\/product\/mc4-solar-panel-connectors\/#primaryimage\"},\"image\":{\"@id\":\"https:\/\/www.jyiele.com\/product\/mc4-solar-panel-connectors\/#primaryimage\"},\"thumbnailUrl\":\"https:\/\/www.jyiele.com\/wp-content\/uploads\/2024\/09\/MC4-Solar-cable-panel-connectors.webp\",\"datePublished\":\"2024-11-03T11:26:49+00:00\",\"dateModified\":\"2025-03-09T11:42:43+00:00\",\"description\":\"MC4 solar cable board connector is durable and anti-aging, IP67 protection grade, high current bearing high quality raw materials, high cost performance.\",\"breadcrumb\":{\"@id\":\"https:\/\/www.jyiele.com\/product\/mc4-solar-panel-connectors\/#breadcrumb\"},\"inLanguage\":\"pt-BR\",\"potentialAction\":[{\"@type\":\"ReadAction\",\"target\":[\"https:\/\/www.jyiele.com\/product\/mc4-solar-panel-connectors\/\"]}]},{\"@type\":\"ImageObject\",\"inLanguage\":\"pt-BR\",\"@id\":\"https:\/\/www.jyiele.com\/product\/mc4-solar-panel-connectors\/#primaryimage\",\"url\":\"https:\/\/www.jyiele.com\/wp-content\/uploads\/2024\/09\/MC4-Solar-cable-panel-connectors.webp\",\"contentUrl\":\"https:\/\/www.jyiele.com\/wp-content\/uploads\/2024\/09\/MC4-Solar-cable-panel-connectors.webp\",\"width\":800,\"height\":800,\"caption\":\"MC4 Solar cable panel connectors\"},{\"@type\":\"BreadcrumbList\",\"@id\":\"https:\/\/www.jyiele.com\/product\/mc4-solar-panel-connectors\/#breadcrumb\",\"itemListElement\":[{\"@type\":\"ListItem\",\"position\":1,\"name\":\"Home\",\"item\":\"https:\/\/www.jyiele.com\/\"},{\"@type\":\"ListItem\",\"position\":2,\"name\":\"Product\",\"item\":\"https:\/\/www.jyiele.com\/product\/\"},{\"@type\":\"ListItem\",\"position\":3,\"name\":\"MC4 Connector\",\"item\":\"https:\/\/www.jyiele.com\/product-category\/mc4-connector\/\"},{\"@type\":\"ListItem\",\"position\":4,\"name\":\"Customized MC4 Solar cable panel connectors 1000V 1500V DC 50Amp\"}]},{\"@type\":\"WebSite\",\"@id\":\"https:\/\/www.jyiele.com\/#website\",\"url\":\"https:\/\/www.jyiele.com\/\",\"name\":\"JYIELE\",\"description\":\"Vacuum Circuit Breaker manufacturer\",\"publisher\":{\"@id\":\"https:\/\/www.jyiele.com\/#organization\"},\"potentialAction\":[{\"@type\":\"SearchAction\",\"target\":{\"@type\":\"EntryPoint\",\"urlTemplate\":\"https:\/\/www.jyiele.com\/?s={search_term_string}\"},\"query-input\":{\"@type\":\"PropertyValueSpecification\",\"valueRequired\":true,\"valueName\":\"search_term_string\"}}],\"inLanguage\":\"pt-BR\"},{\"@type\":\"Organization\",\"@id\":\"https:\/\/www.jyiele.com\/#organization\",\"name\":\"JYIELE\",\"url\":\"https:\/\/www.jyiele.com\/\",\"logo\":{\"@type\":\"ImageObject\",\"inLanguage\":\"pt-BR\",\"@id\":\"https:\/\/www.jyiele.com\/#\/schema\/logo\/image\/\",\"url\":\"https:\/\/www.jyiele.com\/wp-content\/uploads\/2024\/09\/cropped-jyele-1.webp\",\"contentUrl\":\"https:\/\/www.jyiele.com\/wp-content\/uploads\/2024\/09\/cropped-jyele-1.webp\",\"width\":137,\"height\":60,\"caption\":\"JYIELE\"},\"image\":{\"@id\":\"https:\/\/www.jyiele.com\/#\/schema\/logo\/image\/\"}}]}<\/script>\n<!-- \/ Yoast SEO plugin. -->","yoast_head_json":{"title":"Conectores de painel de cabo solar MC4 personalizados pela f\u00e1brica - JYIELE","description":"O conector de placa de cabo solar MC4 \u00e9 dur\u00e1vel e antienvelhecimento, grau de prote\u00e7\u00e3o IP67, alta corrente com mat\u00e9rias-primas de alta qualidade e desempenho de alto custo.","robots":{"index":"index","follow":"follow","max-snippet":"max-snippet:-1","max-image-preview":"max-image-preview:large","max-video-preview":"max-video-preview:-1"},"canonical":"https:\/\/www.jyiele.com\/pt\/produto\/mc4-solar-panel-connectors\/","og_locale":"pt_BR","og_type":"article","og_title":"Factory customized MC4 solar cable panel connectors - JYIELE","og_description":"MC4 solar cable board connector is durable and anti-aging, IP67 protection grade, high current bearing high quality raw materials, high cost performance.","og_url":"https:\/\/www.jyiele.com\/pt\/produto\/mc4-solar-panel-connectors\/","og_site_name":"JYIELE","article_modified_time":"2025-03-09T11:42:43+00:00","og_image":[{"width":800,"height":800,"url":"https:\/\/www.jyiele.com\/wp-content\/uploads\/2024\/09\/MC4-Solar-cable-panel-connectors.webp","type":"image\/webp"}],"twitter_card":"summary_large_image","twitter_misc":{"Est. tempo de leitura":"2 minutos"},"schema":{"@context":"https:\/\/schema.org","@graph":[{"@type":"WebPage","@id":"https:\/\/www.jyiele.com\/product\/mc4-solar-panel-connectors\/","url":"https:\/\/www.jyiele.com\/product\/mc4-solar-panel-connectors\/","name":"Conectores de painel de cabo solar MC4 personalizados pela f\u00e1brica - JYIELE","isPartOf":{"@id":"https:\/\/www.jyiele.com\/#website"},"primaryImageOfPage":{"@id":"https:\/\/www.jyiele.com\/product\/mc4-solar-panel-connectors\/#primaryimage"},"image":{"@id":"https:\/\/www.jyiele.com\/product\/mc4-solar-panel-connectors\/#primaryimage"},"thumbnailUrl":"https:\/\/www.jyiele.com\/wp-content\/uploads\/2024\/09\/MC4-Solar-cable-panel-connectors.webp","datePublished":"2024-11-03T11:26:49+00:00","dateModified":"2025-03-09T11:42:43+00:00","description":"O conector de placa de cabo solar MC4 \u00e9 dur\u00e1vel e antienvelhecimento, grau de prote\u00e7\u00e3o IP67, alta corrente com mat\u00e9rias-primas de alta qualidade e desempenho de alto custo.","breadcrumb":{"@id":"https:\/\/www.jyiele.com\/product\/mc4-solar-panel-connectors\/#breadcrumb"},"inLanguage":"pt-BR","potentialAction":[{"@type":"ReadAction","target":["https:\/\/www.jyiele.com\/product\/mc4-solar-panel-connectors\/"]}]},{"@type":"ImageObject","inLanguage":"pt-BR","@id":"https:\/\/www.jyiele.com\/product\/mc4-solar-panel-connectors\/#primaryimage","url":"https:\/\/www.jyiele.com\/wp-content\/uploads\/2024\/09\/MC4-Solar-cable-panel-connectors.webp","contentUrl":"https:\/\/www.jyiele.com\/wp-content\/uploads\/2024\/09\/MC4-Solar-cable-panel-connectors.webp","width":800,"height":800,"caption":"MC4 Solar cable panel connectors"},{"@type":"BreadcrumbList","@id":"https:\/\/www.jyiele.com\/product\/mc4-solar-panel-connectors\/#breadcrumb","itemListElement":[{"@type":"ListItem","position":1,"name":"Home","item":"https:\/\/www.jyiele.com\/"},{"@type":"ListItem","position":2,"name":"Product","item":"https:\/\/www.jyiele.com\/product\/"},{"@type":"ListItem","position":3,"name":"MC4 Connector","item":"https:\/\/www.jyiele.com\/product-category\/mc4-connector\/"},{"@type":"ListItem","position":4,"name":"Customized MC4 Solar cable panel connectors 1000V 1500V DC 50Amp"}]},{"@type":"WebSite","@id":"https:\/\/www.jyiele.com\/#website","url":"https:\/\/www.jyiele.com\/","name":"JYIELE","description":"Fabricante de disjuntores a v\u00e1cuo","publisher":{"@id":"https:\/\/www.jyiele.com\/#organization"},"potentialAction":[{"@type":"SearchAction","target":{"@type":"EntryPoint","urlTemplate":"https:\/\/www.jyiele.com\/?s={search_term_string}"},"query-input":{"@type":"PropertyValueSpecification","valueRequired":true,"valueName":"search_term_string"}}],"inLanguage":"pt-BR"},{"@type":"Organization","@id":"https:\/\/www.jyiele.com\/#organization","name":"JYIELE","url":"https:\/\/www.jyiele.com\/","logo":{"@type":"ImageObject","inLanguage":"pt-BR","@id":"https:\/\/www.jyiele.com\/#\/schema\/logo\/image\/","url":"https:\/\/www.jyiele.com\/wp-content\/uploads\/2024\/09\/cropped-jyele-1.webp","contentUrl":"https:\/\/www.jyiele.com\/wp-content\/uploads\/2024\/09\/cropped-jyele-1.webp","width":137,"height":60,"caption":"JYIELE"},"image":{"@id":"https:\/\/www.jyiele.com\/#\/schema\/logo\/image\/"}}]}},"_links":{"self":[{"href":"https:\/\/www.jyiele.com\/pt\/wp-json\/wp\/v2\/product\/1328","targetHints":{"allow":["GET"]}}],"collection":[{"href":"https:\/\/www.jyiele.com\/pt\/wp-json\/wp\/v2\/product"}],"about":[{"href":"https:\/\/www.jyiele.com\/pt\/wp-json\/wp\/v2\/types\/product"}],"version-history":[{"count":2,"href":"https:\/\/www.jyiele.com\/pt\/wp-json\/wp\/v2\/product\/1328\/revisions"}],"predecessor-version":[{"id":1473,"href":"https:\/\/www.jyiele.com\/pt\/wp-json\/wp\/v2\/product\/1328\/revisions\/1473"}],"wp:featuredmedia":[{"embeddable":true,"href":"https:\/\/www.jyiele.com\/pt\/wp-json\/wp\/v2\/media\/1330"}],"wp:attachment":[{"href":"https:\/\/www.jyiele.com\/pt\/wp-json\/wp\/v2\/media?parent=1328"}],"wp:term":[{"taxonomy":"product_brand","embeddable":true,"href":"https:\/\/www.jyiele.com\/pt\/wp-json\/wp\/v2\/product_brand?post=1328"},{"taxonomy":"product_cat","embeddable":true,"href":"https:\/\/www.jyiele.com\/pt\/wp-json\/wp\/v2\/product_cat?post=1328"},{"taxonomy":"product_tag","embeddable":true,"href":"https:\/\/www.jyiele.com\/pt\/wp-json\/wp\/v2\/product_tag?post=1328"}],"curies":[{"name":"wp","href":"https:\/\/api.w.org\/{rel}","templated":true}]}}