{"id":1454,"date":"2022-08-22T13:04:15","date_gmt":"2022-08-22T13:04:15","guid":{"rendered":"https:\/\/www.jy-electric.com\/?post_type=product&#038;p=1454"},"modified":"2024-10-09T13:06:15","modified_gmt":"2024-10-09T13:06:15","slug":"small-low-voltage-standoff-support-insulator","status":"publish","type":"product","link":"https:\/\/www.jyiele.com\/pt\/produto\/small-low-voltage-standoff-support-insulator\/","title":{"rendered":"Isolador de suporte de impasse de baixa tens\u00e3o da s\u00e9rie SM pequena"},"content":{"rendered":"<h2>O que s\u00e3o os pequenos isoladores de pilar de baixa tens\u00e3o da s\u00e9rie SM<\/h2>\n<p>Os isoladores de barramento da s\u00e9rie SM t\u00eam design em forma de barril e usam material DMC, constru\u00eddo para aplica\u00e7\u00f5es de baixa tens\u00e3o de 660 V a 4500 V. Ao apoiar o barramento, eles s\u00e3o eficazes na fixa\u00e7\u00e3o, no suporte e no isolamento. Com excelentes propriedades de isolamento, alta resist\u00eancia, resist\u00eancia a altas temperaturas e seguran\u00e7a confi\u00e1vel, eles s\u00e3o a solu\u00e7\u00e3o preferida para a fixa\u00e7\u00e3o do barramento nos gabinetes de distribui\u00e7\u00e3o de BT.<\/p>\n<h2>Recursos do produto<\/h2>\n<p>Alta seguran\u00e7a: o uso de materiais isolantes de alta qualidade pode evitar efetivamente o vazamento de corrente e garantir a opera\u00e7\u00e3o segura do sistema de energia.<br \/>\nForte resist\u00eancia a intemp\u00e9ries: com boa resist\u00eancia ao calor, ao frio e aos raios UV, ele pode se adaptar a todos os tipos de condi\u00e7\u00f5es clim\u00e1ticas adversas e prolongar sua vida \u00fatil.<br \/>\nInstala\u00e7\u00e3o conveniente: o design pequeno facilita a instala\u00e7\u00e3o e a manuten\u00e7\u00e3o, reduzindo o tempo de constru\u00e7\u00e3o e os custos de m\u00e3o de obra.<br \/>\nLeve: O peso mais leve em compara\u00e7\u00e3o com os isoladores tradicionais reduz a tens\u00e3o na estrutura de suporte e \u00e9 adequado para uma ampla variedade de ambientes.<br \/>\nEcon\u00f4mico: Custos de produ\u00e7\u00e3o reduzidos e maior economia por meio de materiais e processos eficientes, adequados para aplica\u00e7\u00f5es em grande escala.<br \/>\nBom desempenho el\u00e9trico: com excelentes propriedades de isolamento, ele pode evitar efetivamente fen\u00f4menos de arco e ruptura, garantindo a opera\u00e7\u00e3o est\u00e1vel dos sistemas de energia.<\/p>\n<figure class=\"wp-block-table\">\n<div class=\"scroll\">\n<table>\n<tbody>\n<tr>\n<td rowspan=\"12\" width=\"160\"><img fetchpriority=\"high\" decoding=\"async\" class=\"alignnone wp-image-1455\" src=\"https:\/\/www.jy-electric.com\/wp-content\/uploads\/2024\/09\/Low-voltage-bearing-insulator-drawing-145x300.webp\" alt=\"Desenho do isolador de rolamento de baixa tens\u00e3o\" width=\"237\" height=\"490\" srcset=\"https:\/\/www.jyiele.com\/wp-content\/uploads\/2024\/09\/Low-voltage-bearing-insulator-drawing-145x300.webp 145w, https:\/\/www.jyiele.com\/wp-content\/uploads\/2024\/09\/Low-voltage-bearing-insulator-drawing-6x12.webp 6w, https:\/\/www.jyiele.com\/wp-content\/uploads\/2024\/09\/Low-voltage-bearing-insulator-drawing.webp 224w\" sizes=\"(max-width: 237px) 100vw, 237px\" \/><\/td>\n<td width=\"70\">Modelo<\/td>\n<td width=\"65\">D(mm)<\/td>\n<td width=\"59\">H(mm)<\/td>\n<td width=\"102\">espiral de impress\u00e3o digital<\/td>\n<td width=\"105\">personaliz\u00e1vel<\/td>\n<\/tr>\n<tr>\n<td width=\"70\">SM20<\/td>\n<td width=\"65\">17<\/td>\n<td width=\"59\">20<\/td>\n<td width=\"102\">M5\/M6<\/td>\n<td rowspan=\"11\" width=\"105\">Moldes personalizados est\u00e3o dispon\u00edveis para atender a requisitos especiais<\/td>\n<\/tr>\n<tr>\n<td width=\"70\">SM25<\/td>\n<td width=\"65\">30<\/td>\n<td width=\"59\">25<\/td>\n<td width=\"102\">M5<\/td>\n<\/tr>\n<tr>\n<td width=\"70\">SM30<\/td>\n<td width=\"65\">32<\/td>\n<td width=\"59\">30<\/td>\n<td width=\"102\">M6\/M8<\/td>\n<\/tr>\n<tr>\n<td width=\"70\">SM35<\/td>\n<td width=\"65\">32<\/td>\n<td width=\"59\">35<\/td>\n<td width=\"102\">M6\/M8<\/td>\n<\/tr>\n<tr>\n<td width=\"70\">SM40<\/td>\n<td width=\"65\">40<\/td>\n<td width=\"59\">40<\/td>\n<td width=\"102\">M6\/M8<\/td>\n<\/tr>\n<tr>\n<td width=\"70\">SM45<\/td>\n<td width=\"65\">36<\/td>\n<td width=\"59\">45<\/td>\n<td width=\"102\">M6\/M8<\/td>\n<\/tr>\n<tr>\n<td width=\"70\">SM51<\/td>\n<td width=\"65\">36<\/td>\n<td width=\"59\">51<\/td>\n<td width=\"102\">M8\/M10<\/td>\n<\/tr>\n<tr>\n<td width=\"70\">SM60<\/td>\n<td width=\"65\">46<\/td>\n<td width=\"59\">60<\/td>\n<td width=\"102\">M8\/M10<\/td>\n<\/tr>\n<tr>\n<td width=\"70\">SM76<\/td>\n<td width=\"65\">50<\/td>\n<td width=\"59\">76<\/td>\n<td width=\"102\">M10\/M12<\/td>\n<\/tr>\n<tr>\n<td width=\"70\">SM80<\/td>\n<td width=\"65\">50<\/td>\n<td width=\"59\">80<\/td>\n<td width=\"102\">M10\/M12<\/td>\n<\/tr>\n<tr>\n<td width=\"70\">SM100<\/td>\n<td width=\"65\">65<\/td>\n<td width=\"59\">100<\/td>\n<td width=\"102\">M10\/M12<\/td>\n<\/tr>\n<\/tbody>\n<\/table>\n<\/div>\n<\/figure>\n<p>&nbsp;<\/p>\n<p>&nbsp;<\/p>","protected":false},"excerpt":{"rendered":"<p>Os pequenos isoladores de pilar de baixa tens\u00e3o da s\u00e9rie SM s\u00e3o adequados para gabinetes de distribui\u00e7\u00e3o de baixa tens\u00e3o, inversores e pain\u00e9is de distribui\u00e7\u00e3o, etc. Eles s\u00e3o usados principalmente para conectar barramentos, fornecendo suporte isolante e dist\u00e2ncia de seguran\u00e7a para garantir o isolamento el\u00e9trico.<\/p>\n<h2>Par\u00e2metros do produto:<\/h2>\n<p>Modelo: Isolador SM<br \/>\nFaixa de temperatura operacional: -40\u00b0C a +140\u00b0C<br \/>\nMaterial do inserto: Dispon\u00edvel em lat\u00e3o ou ferro<br \/>\nComposi\u00e7\u00e3o do material: Pl\u00e1stico de compress\u00e3o refor\u00e7ado com fibra de vidro de resina de poli\u00e9ster insaturada (BMC\/SMC)<br \/>\nOp\u00e7\u00f5es de personaliza\u00e7\u00e3o: Suporte \u00e0 personaliza\u00e7\u00e3o fora do padr\u00e3o, cores, inser\u00e7\u00f5es e materiais podem ser ajustados de acordo com as necessidades do cliente<br \/>\nParafusos de montagem: opcional<br \/>\nClassifica\u00e7\u00e3o de fogo: UL94-V0<br \/>\nTodos os produtos passaram pelas certifica\u00e7\u00f5es CE, SGS e ROHS.<\/p>","protected":false},"featured_media":1456,"template":"","meta":{"site-sidebar-layout":"default","site-content-layout":"","ast-site-content-layout":"default","site-content-style":"default","site-sidebar-style":"default","ast-global-header-display":"","ast-banner-title-visibility":"","ast-main-header-display":"","ast-hfb-above-header-display":"","ast-hfb-below-header-display":"","ast-hfb-mobile-header-display":"","site-post-title":"","ast-breadcrumbs-content":"","ast-featured-img":"","footer-sml-layout":"","ast-disable-related-posts":"","theme-transparent-header-meta":"default","adv-header-id-meta":"","stick-header-meta":"","header-above-stick-meta":"","header-main-stick-meta":"","header-below-stick-meta":"","astra-migrate-meta-layouts":"set","ast-page-background-enabled":"default","ast-page-background-meta":{"desktop":{"background-color":"var(--ast-global-color-4)","background-image":"","background-repeat":"repeat","background-position":"center center","background-size":"auto","background-attachment":"scroll","background-type":"","background-media":"","overlay-type":"","overlay-color":"","overlay-opacity":"","overlay-gradient":""},"tablet":{"background-color":"","background-image":"","background-repeat":"repeat","background-position":"center center","background-size":"auto","background-attachment":"scroll","background-type":"","background-media":"","overlay-type":"","overlay-color":"","overlay-opacity":"","overlay-gradient":""},"mobile":{"background-color":"","background-image":"","background-repeat":"repeat","background-position":"center center","background-size":"auto","background-attachment":"scroll","background-type":"","background-media":"","overlay-type":"","overlay-color":"","overlay-opacity":"","overlay-gradient":""}},"ast-content-background-meta":{"desktop":{"background-color":"var(--ast-global-color-5)","background-image":"","background-repeat":"repeat","background-position":"center center","background-size":"auto","background-attachment":"scroll","background-type":"","background-media":"","overlay-type":"","overlay-color":"","overlay-opacity":"","overlay-gradient":""},"tablet":{"background-color":"var(--ast-global-color-5)","background-image":"","background-repeat":"repeat","background-position":"center center","background-size":"auto","background-attachment":"scroll","background-type":"","background-media":"","overlay-type":"","overlay-color":"","overlay-opacity":"","overlay-gradient":""},"mobile":{"background-color":"var(--ast-global-color-5)","background-image":"","background-repeat":"repeat","background-position":"center center","background-size":"auto","background-attachment":"scroll","background-type":"","background-media":"","overlay-type":"","overlay-color":"","overlay-opacity":"","overlay-gradient":""}}},"product_brand":[],"product_cat":[22],"product_tag":[],"class_list":{"0":"post-1454","1":"product","2":"type-product","3":"status-publish","4":"has-post-thumbnail","6":"product_cat-low-voltage-insulator","7":"desktop-align-left","8":"tablet-align-left","9":"mobile-align-left","11":"first","12":"instock","13":"shipping-taxable","14":"product-type-simple"},"yoast_head":"<!-- This site is optimized with the Yoast SEO plugin v24.8.1 - https:\/\/yoast.com\/wordpress\/plugins\/seo\/ -->\n<title>China Small SM Series Low Voltage Standoff Support Insulator Supplier Or Manufacturer - JYIELE<\/title>\n<meta name=\"description\" content=\"JYIELE low voltage bearing insulators are made of high quality raw materials with good insulating performance and long service life, support OEM&amp;ODM customization, very cost-effective price, welcome to consult the price comparison!\" \/>\n<meta name=\"robots\" content=\"index, follow, max-snippet:-1, max-image-preview:large, max-video-preview:-1\" \/>\n<link rel=\"canonical\" href=\"https:\/\/www.jyiele.com\/pt\/produto\/small-low-voltage-standoff-support-insulator\/\" \/>\n<meta property=\"og:locale\" content=\"pt_BR\" \/>\n<meta property=\"og:type\" content=\"article\" \/>\n<meta property=\"og:title\" content=\"China Small SM Series Low Voltage Standoff Support Insulator Supplier Or Manufacturer - JYIELE\" \/>\n<meta property=\"og:description\" content=\"JYIELE low voltage bearing insulators are made of high quality raw materials with good insulating performance and long service life, support OEM&amp;ODM customization, very cost-effective price, welcome to consult the price comparison!\" \/>\n<meta property=\"og:url\" content=\"https:\/\/www.jyiele.com\/pt\/produto\/small-low-voltage-standoff-support-insulator\/\" \/>\n<meta property=\"og:site_name\" content=\"JYIELE\" \/>\n<meta property=\"article:modified_time\" content=\"2024-10-09T13:06:15+00:00\" \/>\n<meta property=\"og:image\" content=\"https:\/\/www.jyiele.com\/wp-content\/uploads\/2024\/09\/Small-SM-Series-Low-Voltage-Standoff-Support-Insulator.webp\" \/>\n\t<meta property=\"og:image:width\" content=\"800\" \/>\n\t<meta property=\"og:image:height\" content=\"800\" \/>\n\t<meta property=\"og:image:type\" content=\"image\/webp\" \/>\n<meta name=\"twitter:card\" content=\"summary_large_image\" \/>\n<meta name=\"twitter:label1\" content=\"Est. tempo de leitura\" \/>\n\t<meta name=\"twitter:data1\" content=\"2 minutos\" \/>\n<script type=\"application\/ld+json\" class=\"yoast-schema-graph\">{\"@context\":\"https:\/\/schema.org\",\"@graph\":[{\"@type\":\"WebPage\",\"@id\":\"https:\/\/www.jyiele.com\/product\/small-low-voltage-standoff-support-insulator\/\",\"url\":\"https:\/\/www.jyiele.com\/product\/small-low-voltage-standoff-support-insulator\/\",\"name\":\"China Small SM Series Low Voltage Standoff Support Insulator Supplier Or Manufacturer - JYIELE\",\"isPartOf\":{\"@id\":\"https:\/\/www.jyiele.com\/#website\"},\"primaryImageOfPage\":{\"@id\":\"https:\/\/www.jyiele.com\/product\/small-low-voltage-standoff-support-insulator\/#primaryimage\"},\"image\":{\"@id\":\"https:\/\/www.jyiele.com\/product\/small-low-voltage-standoff-support-insulator\/#primaryimage\"},\"thumbnailUrl\":\"https:\/\/www.jyiele.com\/wp-content\/uploads\/2024\/09\/Small-SM-Series-Low-Voltage-Standoff-Support-Insulator.webp\",\"datePublished\":\"2022-08-22T13:04:15+00:00\",\"dateModified\":\"2024-10-09T13:06:15+00:00\",\"description\":\"JYIELE low voltage bearing insulators are made of high quality raw materials with good insulating performance and long service life, support OEM&ODM customization, very cost-effective price, welcome to consult the price comparison!\",\"breadcrumb\":{\"@id\":\"https:\/\/www.jyiele.com\/product\/small-low-voltage-standoff-support-insulator\/#breadcrumb\"},\"inLanguage\":\"pt-BR\",\"potentialAction\":[{\"@type\":\"ReadAction\",\"target\":[\"https:\/\/www.jyiele.com\/product\/small-low-voltage-standoff-support-insulator\/\"]}]},{\"@type\":\"ImageObject\",\"inLanguage\":\"pt-BR\",\"@id\":\"https:\/\/www.jyiele.com\/product\/small-low-voltage-standoff-support-insulator\/#primaryimage\",\"url\":\"https:\/\/www.jyiele.com\/wp-content\/uploads\/2024\/09\/Small-SM-Series-Low-Voltage-Standoff-Support-Insulator.webp\",\"contentUrl\":\"https:\/\/www.jyiele.com\/wp-content\/uploads\/2024\/09\/Small-SM-Series-Low-Voltage-Standoff-Support-Insulator.webp\",\"width\":800,\"height\":800,\"caption\":\"Small SM Series Low Voltage Standoff Support Insulator\"},{\"@type\":\"BreadcrumbList\",\"@id\":\"https:\/\/www.jyiele.com\/product\/small-low-voltage-standoff-support-insulator\/#breadcrumb\",\"itemListElement\":[{\"@type\":\"ListItem\",\"position\":1,\"name\":\"Home\",\"item\":\"https:\/\/www.jyiele.com\/\"},{\"@type\":\"ListItem\",\"position\":2,\"name\":\"Product\",\"item\":\"https:\/\/www.jyiele.com\/product\/\"},{\"@type\":\"ListItem\",\"position\":3,\"name\":\"Low Voltage Insulator\",\"item\":\"https:\/\/www.jyiele.com\/product-category\/low-voltage-insulator\/\"},{\"@type\":\"ListItem\",\"position\":4,\"name\":\"Small SM Series Low Voltage Standoff Support Insulator\"}]},{\"@type\":\"WebSite\",\"@id\":\"https:\/\/www.jyiele.com\/#website\",\"url\":\"https:\/\/www.jyiele.com\/\",\"name\":\"JYIELE\",\"description\":\"Vacuum Circuit Breaker manufacturer\",\"publisher\":{\"@id\":\"https:\/\/www.jyiele.com\/#organization\"},\"potentialAction\":[{\"@type\":\"SearchAction\",\"target\":{\"@type\":\"EntryPoint\",\"urlTemplate\":\"https:\/\/www.jyiele.com\/?s={search_term_string}\"},\"query-input\":{\"@type\":\"PropertyValueSpecification\",\"valueRequired\":true,\"valueName\":\"search_term_string\"}}],\"inLanguage\":\"pt-BR\"},{\"@type\":\"Organization\",\"@id\":\"https:\/\/www.jyiele.com\/#organization\",\"name\":\"JYIELE\",\"url\":\"https:\/\/www.jyiele.com\/\",\"logo\":{\"@type\":\"ImageObject\",\"inLanguage\":\"pt-BR\",\"@id\":\"https:\/\/www.jyiele.com\/#\/schema\/logo\/image\/\",\"url\":\"https:\/\/www.jyiele.com\/wp-content\/uploads\/2024\/09\/cropped-jyele-1.webp\",\"contentUrl\":\"https:\/\/www.jyiele.com\/wp-content\/uploads\/2024\/09\/cropped-jyele-1.webp\",\"width\":137,\"height\":60,\"caption\":\"JYIELE\"},\"image\":{\"@id\":\"https:\/\/www.jyiele.com\/#\/schema\/logo\/image\/\"}}]}<\/script>\n<!-- \/ Yoast SEO plugin. -->","yoast_head_json":{"title":"Fornecedor ou fabricante de isolador de suporte de suporte de baixa tens\u00e3o da s\u00e9rie SM pequena da China - JYIELE","description":"Os isoladores de rolamentos de baixa tens\u00e3o da JYIELE s\u00e3o fabricados com mat\u00e9rias-primas de alta qualidade, com bom desempenho de isolamento e longa vida \u00fatil, oferecem suporte \u00e0 personaliza\u00e7\u00e3o de OEM e ODM e t\u00eam um pre\u00e7o muito econ\u00f4mico.","robots":{"index":"index","follow":"follow","max-snippet":"max-snippet:-1","max-image-preview":"max-image-preview:large","max-video-preview":"max-video-preview:-1"},"canonical":"https:\/\/www.jyiele.com\/pt\/produto\/small-low-voltage-standoff-support-insulator\/","og_locale":"pt_BR","og_type":"article","og_title":"China Small SM Series Low Voltage Standoff Support Insulator Supplier Or Manufacturer - JYIELE","og_description":"JYIELE low voltage bearing insulators are made of high quality raw materials with good insulating performance and long service life, support OEM&ODM customization, very cost-effective price, welcome to consult the price comparison!","og_url":"https:\/\/www.jyiele.com\/pt\/produto\/small-low-voltage-standoff-support-insulator\/","og_site_name":"JYIELE","article_modified_time":"2024-10-09T13:06:15+00:00","og_image":[{"width":800,"height":800,"url":"https:\/\/www.jyiele.com\/wp-content\/uploads\/2024\/09\/Small-SM-Series-Low-Voltage-Standoff-Support-Insulator.webp","type":"image\/webp"}],"twitter_card":"summary_large_image","twitter_misc":{"Est. tempo de leitura":"2 minutos"},"schema":{"@context":"https:\/\/schema.org","@graph":[{"@type":"WebPage","@id":"https:\/\/www.jyiele.com\/product\/small-low-voltage-standoff-support-insulator\/","url":"https:\/\/www.jyiele.com\/product\/small-low-voltage-standoff-support-insulator\/","name":"Fornecedor ou fabricante de isolador de suporte de suporte de baixa tens\u00e3o da s\u00e9rie SM pequena da China - JYIELE","isPartOf":{"@id":"https:\/\/www.jyiele.com\/#website"},"primaryImageOfPage":{"@id":"https:\/\/www.jyiele.com\/product\/small-low-voltage-standoff-support-insulator\/#primaryimage"},"image":{"@id":"https:\/\/www.jyiele.com\/product\/small-low-voltage-standoff-support-insulator\/#primaryimage"},"thumbnailUrl":"https:\/\/www.jyiele.com\/wp-content\/uploads\/2024\/09\/Small-SM-Series-Low-Voltage-Standoff-Support-Insulator.webp","datePublished":"2022-08-22T13:04:15+00:00","dateModified":"2024-10-09T13:06:15+00:00","description":"Os isoladores de rolamentos de baixa tens\u00e3o da JYIELE s\u00e3o fabricados com mat\u00e9rias-primas de alta qualidade, com bom desempenho de isolamento e longa vida \u00fatil, oferecem suporte \u00e0 personaliza\u00e7\u00e3o de OEM e ODM e t\u00eam um pre\u00e7o muito econ\u00f4mico.","breadcrumb":{"@id":"https:\/\/www.jyiele.com\/product\/small-low-voltage-standoff-support-insulator\/#breadcrumb"},"inLanguage":"pt-BR","potentialAction":[{"@type":"ReadAction","target":["https:\/\/www.jyiele.com\/product\/small-low-voltage-standoff-support-insulator\/"]}]},{"@type":"ImageObject","inLanguage":"pt-BR","@id":"https:\/\/www.jyiele.com\/product\/small-low-voltage-standoff-support-insulator\/#primaryimage","url":"https:\/\/www.jyiele.com\/wp-content\/uploads\/2024\/09\/Small-SM-Series-Low-Voltage-Standoff-Support-Insulator.webp","contentUrl":"https:\/\/www.jyiele.com\/wp-content\/uploads\/2024\/09\/Small-SM-Series-Low-Voltage-Standoff-Support-Insulator.webp","width":800,"height":800,"caption":"Small SM Series Low Voltage Standoff Support Insulator"},{"@type":"BreadcrumbList","@id":"https:\/\/www.jyiele.com\/product\/small-low-voltage-standoff-support-insulator\/#breadcrumb","itemListElement":[{"@type":"ListItem","position":1,"name":"Home","item":"https:\/\/www.jyiele.com\/"},{"@type":"ListItem","position":2,"name":"Product","item":"https:\/\/www.jyiele.com\/product\/"},{"@type":"ListItem","position":3,"name":"Low Voltage Insulator","item":"https:\/\/www.jyiele.com\/product-category\/low-voltage-insulator\/"},{"@type":"ListItem","position":4,"name":"Small SM Series Low Voltage Standoff Support Insulator"}]},{"@type":"WebSite","@id":"https:\/\/www.jyiele.com\/#website","url":"https:\/\/www.jyiele.com\/","name":"JYIELE","description":"Fabricante de disjuntores a v\u00e1cuo","publisher":{"@id":"https:\/\/www.jyiele.com\/#organization"},"potentialAction":[{"@type":"SearchAction","target":{"@type":"EntryPoint","urlTemplate":"https:\/\/www.jyiele.com\/?s={search_term_string}"},"query-input":{"@type":"PropertyValueSpecification","valueRequired":true,"valueName":"search_term_string"}}],"inLanguage":"pt-BR"},{"@type":"Organization","@id":"https:\/\/www.jyiele.com\/#organization","name":"JYIELE","url":"https:\/\/www.jyiele.com\/","logo":{"@type":"ImageObject","inLanguage":"pt-BR","@id":"https:\/\/www.jyiele.com\/#\/schema\/logo\/image\/","url":"https:\/\/www.jyiele.com\/wp-content\/uploads\/2024\/09\/cropped-jyele-1.webp","contentUrl":"https:\/\/www.jyiele.com\/wp-content\/uploads\/2024\/09\/cropped-jyele-1.webp","width":137,"height":60,"caption":"JYIELE"},"image":{"@id":"https:\/\/www.jyiele.com\/#\/schema\/logo\/image\/"}}]}},"_links":{"self":[{"href":"https:\/\/www.jyiele.com\/pt\/wp-json\/wp\/v2\/product\/1454","targetHints":{"allow":["GET"]}}],"collection":[{"href":"https:\/\/www.jyiele.com\/pt\/wp-json\/wp\/v2\/product"}],"about":[{"href":"https:\/\/www.jyiele.com\/pt\/wp-json\/wp\/v2\/types\/product"}],"version-history":[{"count":4,"href":"https:\/\/www.jyiele.com\/pt\/wp-json\/wp\/v2\/product\/1454\/revisions"}],"predecessor-version":[{"id":1458,"href":"https:\/\/www.jyiele.com\/pt\/wp-json\/wp\/v2\/product\/1454\/revisions\/1458"}],"wp:featuredmedia":[{"embeddable":true,"href":"https:\/\/www.jyiele.com\/pt\/wp-json\/wp\/v2\/media\/1456"}],"wp:attachment":[{"href":"https:\/\/www.jyiele.com\/pt\/wp-json\/wp\/v2\/media?parent=1454"}],"wp:term":[{"taxonomy":"product_brand","embeddable":true,"href":"https:\/\/www.jyiele.com\/pt\/wp-json\/wp\/v2\/product_brand?post=1454"},{"taxonomy":"product_cat","embeddable":true,"href":"https:\/\/www.jyiele.com\/pt\/wp-json\/wp\/v2\/product_cat?post=1454"},{"taxonomy":"product_tag","embeddable":true,"href":"https:\/\/www.jyiele.com\/pt\/wp-json\/wp\/v2\/product_tag?post=1454"}],"curies":[{"name":"wp","href":"https:\/\/api.w.org\/{rel}","templated":true}]}}