{"id":1654,"date":"2024-11-03T08:03:27","date_gmt":"2024-11-03T08:03:27","guid":{"rendered":"https:\/\/www.jy-electric.com\/?post_type=product&#038;p=1654"},"modified":"2025-03-09T11:43:21","modified_gmt":"2025-03-09T11:43:21","slug":"mc4-branch-connector","status":"publish","type":"product","link":"https:\/\/www.jyiele.com\/pt\/produto\/mc4-branch-connector\/","title":{"rendered":"Conector de ramifica\u00e7\u00e3o Mc4 Um par de conectores macho-f\u00eamea de 1000V 1500V CC 50Amp uma entrada e quatro sa\u00eddas do sistema solar \u00e0 prova d'\u00e1gua"},"content":{"rendered":"<h2>Descri\u00e7\u00e3o do produto do conector de circuito de deriva\u00e7\u00e3o Mc4<\/h2>\n<p><strong>Material PPO de alta qualidade<\/strong><br \/>\nAdotando material PPO dur\u00e1vel, com resist\u00eancia \u00e0 radia\u00e7\u00e3o, baixa temperatura, alta temperatura, resist\u00eancia ao impacto, retardante de chamas e excelente desempenho \u00e0 prova d'\u00e1gua, adequado para uma variedade de ambientes adversos.<\/p>\n<p><strong>Condutor de cobre T2<\/strong><br \/>\nEquipado com condutor de cobre aberto opcional tipo U ou tipo O, tratamento de revestimento de cobre-estanho ou cobre-prata, com excelente resist\u00eancia ao desgaste, resist\u00eancia \u00e0 corros\u00e3o, resist\u00eancia \u00e0 oxida\u00e7\u00e3o, baixa resist\u00eancia e forte condutividade.<\/p>\n<p><strong>Anel \u00e0 prova d'\u00e1gua de alta resist\u00eancia<\/strong><br \/>\nO uso de anel \u00e0 prova d'\u00e1gua de alta resist\u00eancia incorporado com silicone, para garantir a impermeabilidade e a prote\u00e7\u00e3o contra poeira, para atingir o n\u00edvel de prote\u00e7\u00e3o IP68, para garantir que o conector ainda possa ser operado com seguran\u00e7a em condi\u00e7\u00f5es adversas.<\/p>\n<p><strong>Estrutura de travamento autom\u00e1tico<\/strong><br \/>\nOs conectores macho e f\u00eamea adotam uma estrutura est\u00e1vel de autotravamento, que proporciona uma conex\u00e3o forte e pode ser facilmente aberta e fechada, garantindo f\u00e1cil instala\u00e7\u00e3o e desmontagem.<\/p>\n<p><strong>Estrutura integrada \u00e0 prova d'\u00e1gua<\/strong><br \/>\nProjeto estrutural simples, melhor desempenho \u00e0 prova d'\u00e1gua, montagem f\u00e1cil e r\u00e1pida.<\/p>\n<h2>Par\u00e2metro do produto<\/h2>\n<figure class=\"wp-block-table\">\n<div class=\"scroll\">\n<table>\n<tbody>\n<tr>\n<td>N\u00famero de s\u00e9rie<\/td>\n<td>Par\u00e2metro<\/td>\n<td>Par\u00e2metro<\/td>\n<\/tr>\n<tr>\n<td>1<\/td>\n<td>Tipo<\/td>\n<td>Conector de fus\u00edvel solar<\/td>\n<\/tr>\n<tr>\n<td>2<\/td>\n<td>Tens\u00e3o nominal<\/td>\n<td>1000V \/ 1500V DC<\/td>\n<\/tr>\n<tr>\n<td>3<\/td>\n<td>Corrente nominal<\/td>\n<td>2A-45A<\/td>\n<\/tr>\n<tr>\n<td>4<\/td>\n<td>Tens\u00e3o de teste<\/td>\n<td>8000V(50Hz,1min)<\/td>\n<\/tr>\n<tr>\n<td>5<\/td>\n<td>Faixa de temperatura<\/td>\n<td>-40\u00b0C ...+90\u00b0C<\/td>\n<\/tr>\n<tr>\n<td>6<\/td>\n<td>Temperatura limite superior<\/td>\n<td>+105\u00b0C<\/td>\n<\/tr>\n<tr>\n<td>7<\/td>\n<td>Grau de prote\u00e7\u00e3o<\/td>\n<td>IP2X\/ IP68<\/td>\n<\/tr>\n<tr>\n<td>8<\/td>\n<td>Resist\u00eancia de contato dos conectores de plugue<\/td>\n<td>0,5m\u03a9<\/td>\n<\/tr>\n<tr>\n<td>9<\/td>\n<td>Classe de seguran\u00e7a<\/td>\n<td>\u2161<\/td>\n<\/tr>\n<tr>\n<td>10<\/td>\n<td>Material de contato<\/td>\n<td>Cobre, banhado a estanho<\/td>\n<\/tr>\n<tr>\n<td>11<\/td>\n<td>Material de isolamento<\/td>\n<td>PPO<\/td>\n<\/tr>\n<tr>\n<td>12<\/td>\n<td>For\u00e7a de retirada\/for\u00e7a de inser\u00e7\u00e3o<\/td>\n<td>\u226550N\/\u226450N<\/td>\n<\/tr>\n<tr>\n<td>13<\/td>\n<td>Sistema de travamento<\/td>\n<td>Encaixe<\/td>\n<\/tr>\n<tr>\n<td>14<\/td>\n<td>Classe Flame<\/td>\n<td>UL-94-V0<\/td>\n<\/tr>\n<tr>\n<td>15<\/td>\n<td>N\u00famero do modelo<\/td>\n<td>RMC4.0-T4<\/td>\n<\/tr>\n<tr>\n<td>16<\/td>\n<td>G\u00eanero<\/td>\n<td>Feminino \/ Masculino<\/td>\n<\/tr>\n<tr>\n<td>17<\/td>\n<td>Aplicativo<\/td>\n<td>Conector de cabo solar<\/td>\n<\/tr>\n<tr>\n<td>18<\/td>\n<td>Tipo<\/td>\n<td>ADAPTADOR<\/td>\n<\/tr>\n<\/tbody>\n<\/table>\n<\/div>\n<\/figure>\n<h4 class=\"wp-block-heading\"><\/h4>\n<h2>Por que nos escolher?<\/h2>\n<p><strong>Vantagens estruturais<\/strong><br \/>\nO design integrado \u00e0 prova d'\u00e1gua garante maior prote\u00e7\u00e3o.<br \/>\nA estrutura compacta, o condutor e o isolamento s\u00e3o firmemente combinados, a for\u00e7a de inser\u00e7\u00e3o \u00e9 baixa e permite o uso de cabos flex\u00edveis.<br \/>\nF\u00e1cil de montar, economiza tempo.<\/p>\n<p><strong>Grau de impermeabilidade<\/strong><br \/>\nCom classifica\u00e7\u00e3o IP68 \u00e0 prova d'\u00e1gua, o efeito \u00e0 prova d'\u00e1gua \u00e9 excelente, adequado para uso externo.<\/p>\n<p><strong>Material de alta qualidade<\/strong><br \/>\nUsando material PPO de alta qualidade, resistente a altas temperaturas e \u00e0 corros\u00e3o, com bom isolamento el\u00e9trico e resist\u00eancia a impactos.<br \/>\nO condutor de cobre estanhado T2 melhora ainda mais a condutividade e a durabilidade.<br \/>\n<strong>Especifica\u00e7\u00f5es de fia\u00e7\u00e3o<\/strong><\/p>\n<p>Adequado para cabos de 3 mm a 7,5 mm, compat\u00edvel com cabos solares fotovoltaicos e cabos eletr\u00f4nicos de menor di\u00e2metro, flex\u00edvel para uma ampla gama de aplica\u00e7\u00f5es.<\/p>","protected":false},"excerpt":{"rendered":"<p><strong>Conector de ramifica\u00e7\u00e3o MC4<\/strong> foi projetado para o sistema de energia solar, suportando alta tens\u00e3o e corrente, adequado para v\u00e1rios requisitos de energia. Ele \u00e9 resistente a altas e baixas temperaturas, tem certifica\u00e7\u00e3o IP68 \u00e0 prova d'\u00e1gua e de poeira e pode funcionar de forma est\u00e1vel em ambientes adversos. A f\u00e1cil instala\u00e7\u00e3o e a baixa resist\u00eancia de contato reduzem a perda de energia. Usando materiais retardadores de chama e contatos de cobre estanhado, \u00e9 seguro e dur\u00e1vel, ideal para conectar cabos solares.<\/p>","protected":false},"featured_media":1657,"template":"","meta":{"site-sidebar-layout":"default","site-content-layout":"","ast-site-content-layout":"default","site-content-style":"default","site-sidebar-style":"default","ast-global-header-display":"","ast-banner-title-visibility":"","ast-main-header-display":"","ast-hfb-above-header-display":"","ast-hfb-below-header-display":"","ast-hfb-mobile-header-display":"","site-post-title":"","ast-breadcrumbs-content":"","ast-featured-img":"","footer-sml-layout":"","ast-disable-related-posts":"","theme-transparent-header-meta":"default","adv-header-id-meta":"","stick-header-meta":"","header-above-stick-meta":"","header-main-stick-meta":"","header-below-stick-meta":"","astra-migrate-meta-layouts":"set","ast-page-background-enabled":"default","ast-page-background-meta":{"desktop":{"background-color":"var(--ast-global-color-4)","background-image":"","background-repeat":"repeat","background-position":"center center","background-size":"auto","background-attachment":"scroll","background-type":"","background-media":"","overlay-type":"","overlay-color":"","overlay-opacity":"","overlay-gradient":""},"tablet":{"background-color":"","background-image":"","background-repeat":"repeat","background-position":"center center","background-size":"auto","background-attachment":"scroll","background-type":"","background-media":"","overlay-type":"","overlay-color":"","overlay-opacity":"","overlay-gradient":""},"mobile":{"background-color":"","background-image":"","background-repeat":"repeat","background-position":"center center","background-size":"auto","background-attachment":"scroll","background-type":"","background-media":"","overlay-type":"","overlay-color":"","overlay-opacity":"","overlay-gradient":""}},"ast-content-background-meta":{"desktop":{"background-color":"var(--ast-global-color-5)","background-image":"","background-repeat":"repeat","background-position":"center center","background-size":"auto","background-attachment":"scroll","background-type":"","background-media":"","overlay-type":"","overlay-color":"","overlay-opacity":"","overlay-gradient":""},"tablet":{"background-color":"var(--ast-global-color-5)","background-image":"","background-repeat":"repeat","background-position":"center center","background-size":"auto","background-attachment":"scroll","background-type":"","background-media":"","overlay-type":"","overlay-color":"","overlay-opacity":"","overlay-gradient":""},"mobile":{"background-color":"var(--ast-global-color-5)","background-image":"","background-repeat":"repeat","background-position":"center center","background-size":"auto","background-attachment":"scroll","background-type":"","background-media":"","overlay-type":"","overlay-color":"","overlay-opacity":"","overlay-gradient":""}}},"product_brand":[],"product_cat":[19],"product_tag":[],"class_list":{"0":"post-1654","1":"product","2":"type-product","3":"status-publish","4":"has-post-thumbnail","6":"product_cat-mc4-connector","7":"desktop-align-left","8":"tablet-align-left","9":"mobile-align-left","11":"first","12":"instock","13":"shipping-taxable","14":"product-type-simple"},"yoast_head":"<!-- This site is optimized with the Yoast SEO plugin v24.8.1 - https:\/\/yoast.com\/wordpress\/plugins\/seo\/ -->\n<title>China Mc4 Branch Connector Manufacturers &amp; Suppliers- JYIELE<\/title>\n<meta name=\"description\" content=\"Mc4 Branch Connector is suitable for solar energy system, high efficiency, safety, easy to install, safety and durability, source manufacturers cost-effective, come and compare prices now.\" \/>\n<meta name=\"robots\" content=\"index, follow, max-snippet:-1, max-image-preview:large, max-video-preview:-1\" \/>\n<link rel=\"canonical\" href=\"https:\/\/www.jyiele.com\/pt\/produto\/mc4-branch-connector\/\" \/>\n<meta property=\"og:locale\" content=\"pt_BR\" \/>\n<meta property=\"og:type\" content=\"article\" \/>\n<meta property=\"og:title\" content=\"China Mc4 Branch Connector Manufacturers &amp; Suppliers- JYIELE\" \/>\n<meta property=\"og:description\" content=\"Mc4 Branch Connector is suitable for solar energy system, high efficiency, safety, easy to install, safety and durability, source manufacturers cost-effective, come and compare prices now.\" \/>\n<meta property=\"og:url\" content=\"https:\/\/www.jyiele.com\/pt\/produto\/mc4-branch-connector\/\" \/>\n<meta property=\"og:site_name\" content=\"JYIELE\" \/>\n<meta property=\"article:modified_time\" content=\"2025-03-09T11:43:21+00:00\" \/>\n<meta property=\"og:image\" content=\"https:\/\/www.jyiele.com\/wp-content\/uploads\/2024\/10\/Mc4-Branch-Connector.webp\" \/>\n\t<meta property=\"og:image:width\" content=\"800\" \/>\n\t<meta property=\"og:image:height\" content=\"800\" \/>\n\t<meta property=\"og:image:type\" content=\"image\/webp\" \/>\n<meta name=\"twitter:card\" content=\"summary_large_image\" \/>\n<meta name=\"twitter:label1\" content=\"Est. tempo de leitura\" \/>\n\t<meta name=\"twitter:data1\" content=\"2 minutos\" \/>\n<script type=\"application\/ld+json\" class=\"yoast-schema-graph\">{\"@context\":\"https:\/\/schema.org\",\"@graph\":[{\"@type\":\"WebPage\",\"@id\":\"https:\/\/www.jyiele.com\/product\/mc4-branch-connector\/\",\"url\":\"https:\/\/www.jyiele.com\/product\/mc4-branch-connector\/\",\"name\":\"China Mc4 Branch Connector Manufacturers & Suppliers- JYIELE\",\"isPartOf\":{\"@id\":\"https:\/\/www.jyiele.com\/#website\"},\"primaryImageOfPage\":{\"@id\":\"https:\/\/www.jyiele.com\/product\/mc4-branch-connector\/#primaryimage\"},\"image\":{\"@id\":\"https:\/\/www.jyiele.com\/product\/mc4-branch-connector\/#primaryimage\"},\"thumbnailUrl\":\"https:\/\/www.jyiele.com\/wp-content\/uploads\/2024\/10\/Mc4-Branch-Connector.webp\",\"datePublished\":\"2024-11-03T08:03:27+00:00\",\"dateModified\":\"2025-03-09T11:43:21+00:00\",\"description\":\"Mc4 Branch Connector is suitable for solar energy system, high efficiency, safety, easy to install, safety and durability, source manufacturers cost-effective, come and compare prices now.\",\"breadcrumb\":{\"@id\":\"https:\/\/www.jyiele.com\/product\/mc4-branch-connector\/#breadcrumb\"},\"inLanguage\":\"pt-BR\",\"potentialAction\":[{\"@type\":\"ReadAction\",\"target\":[\"https:\/\/www.jyiele.com\/product\/mc4-branch-connector\/\"]}]},{\"@type\":\"ImageObject\",\"inLanguage\":\"pt-BR\",\"@id\":\"https:\/\/www.jyiele.com\/product\/mc4-branch-connector\/#primaryimage\",\"url\":\"https:\/\/www.jyiele.com\/wp-content\/uploads\/2024\/10\/Mc4-Branch-Connector.webp\",\"contentUrl\":\"https:\/\/www.jyiele.com\/wp-content\/uploads\/2024\/10\/Mc4-Branch-Connector.webp\",\"width\":800,\"height\":800,\"caption\":\"Mc4 Branch Connector\"},{\"@type\":\"BreadcrumbList\",\"@id\":\"https:\/\/www.jyiele.com\/product\/mc4-branch-connector\/#breadcrumb\",\"itemListElement\":[{\"@type\":\"ListItem\",\"position\":1,\"name\":\"Home\",\"item\":\"https:\/\/www.jyiele.com\/\"},{\"@type\":\"ListItem\",\"position\":2,\"name\":\"Product\",\"item\":\"https:\/\/www.jyiele.com\/product\/\"},{\"@type\":\"ListItem\",\"position\":3,\"name\":\"MC4 Connector\",\"item\":\"https:\/\/www.jyiele.com\/product-category\/mc4-connector\/\"},{\"@type\":\"ListItem\",\"position\":4,\"name\":\"Mc4 Branch Connector A pair of Male Female 1000V 1500V DC 50Amp one in four out solar system waterproof\"}]},{\"@type\":\"WebSite\",\"@id\":\"https:\/\/www.jyiele.com\/#website\",\"url\":\"https:\/\/www.jyiele.com\/\",\"name\":\"JYIELE\",\"description\":\"Vacuum Circuit Breaker manufacturer\",\"publisher\":{\"@id\":\"https:\/\/www.jyiele.com\/#organization\"},\"potentialAction\":[{\"@type\":\"SearchAction\",\"target\":{\"@type\":\"EntryPoint\",\"urlTemplate\":\"https:\/\/www.jyiele.com\/?s={search_term_string}\"},\"query-input\":{\"@type\":\"PropertyValueSpecification\",\"valueRequired\":true,\"valueName\":\"search_term_string\"}}],\"inLanguage\":\"pt-BR\"},{\"@type\":\"Organization\",\"@id\":\"https:\/\/www.jyiele.com\/#organization\",\"name\":\"JYIELE\",\"url\":\"https:\/\/www.jyiele.com\/\",\"logo\":{\"@type\":\"ImageObject\",\"inLanguage\":\"pt-BR\",\"@id\":\"https:\/\/www.jyiele.com\/#\/schema\/logo\/image\/\",\"url\":\"https:\/\/www.jyiele.com\/wp-content\/uploads\/2024\/09\/cropped-jyele-1.webp\",\"contentUrl\":\"https:\/\/www.jyiele.com\/wp-content\/uploads\/2024\/09\/cropped-jyele-1.webp\",\"width\":137,\"height\":60,\"caption\":\"JYIELE\"},\"image\":{\"@id\":\"https:\/\/www.jyiele.com\/#\/schema\/logo\/image\/\"}}]}<\/script>\n<!-- \/ Yoast SEO plugin. -->","yoast_head_json":{"title":"Fabricantes e fornecedores de conectores de ramifica\u00e7\u00e3o Mc4 na China - JYIELE","description":"O conector de ramal Mc4 \u00e9 adequado para o sistema de energia solar, com alta efici\u00eancia, seguran\u00e7a, f\u00e1cil de instalar, seguran\u00e7a e durabilidade, fabricantes de fontes econ\u00f4micas, venha e compare os pre\u00e7os agora.","robots":{"index":"index","follow":"follow","max-snippet":"max-snippet:-1","max-image-preview":"max-image-preview:large","max-video-preview":"max-video-preview:-1"},"canonical":"https:\/\/www.jyiele.com\/pt\/produto\/mc4-branch-connector\/","og_locale":"pt_BR","og_type":"article","og_title":"China Mc4 Branch Connector Manufacturers & Suppliers- JYIELE","og_description":"Mc4 Branch Connector is suitable for solar energy system, high efficiency, safety, easy to install, safety and durability, source manufacturers cost-effective, come and compare prices now.","og_url":"https:\/\/www.jyiele.com\/pt\/produto\/mc4-branch-connector\/","og_site_name":"JYIELE","article_modified_time":"2025-03-09T11:43:21+00:00","og_image":[{"width":800,"height":800,"url":"https:\/\/www.jyiele.com\/wp-content\/uploads\/2024\/10\/Mc4-Branch-Connector.webp","type":"image\/webp"}],"twitter_card":"summary_large_image","twitter_misc":{"Est. tempo de leitura":"2 minutos"},"schema":{"@context":"https:\/\/schema.org","@graph":[{"@type":"WebPage","@id":"https:\/\/www.jyiele.com\/product\/mc4-branch-connector\/","url":"https:\/\/www.jyiele.com\/product\/mc4-branch-connector\/","name":"Fabricantes e fornecedores de conectores de ramifica\u00e7\u00e3o Mc4 na China - JYIELE","isPartOf":{"@id":"https:\/\/www.jyiele.com\/#website"},"primaryImageOfPage":{"@id":"https:\/\/www.jyiele.com\/product\/mc4-branch-connector\/#primaryimage"},"image":{"@id":"https:\/\/www.jyiele.com\/product\/mc4-branch-connector\/#primaryimage"},"thumbnailUrl":"https:\/\/www.jyiele.com\/wp-content\/uploads\/2024\/10\/Mc4-Branch-Connector.webp","datePublished":"2024-11-03T08:03:27+00:00","dateModified":"2025-03-09T11:43:21+00:00","description":"O conector de ramal Mc4 \u00e9 adequado para o sistema de energia solar, com alta efici\u00eancia, seguran\u00e7a, f\u00e1cil de instalar, seguran\u00e7a e durabilidade, fabricantes de fontes econ\u00f4micas, venha e compare os pre\u00e7os agora.","breadcrumb":{"@id":"https:\/\/www.jyiele.com\/product\/mc4-branch-connector\/#breadcrumb"},"inLanguage":"pt-BR","potentialAction":[{"@type":"ReadAction","target":["https:\/\/www.jyiele.com\/product\/mc4-branch-connector\/"]}]},{"@type":"ImageObject","inLanguage":"pt-BR","@id":"https:\/\/www.jyiele.com\/product\/mc4-branch-connector\/#primaryimage","url":"https:\/\/www.jyiele.com\/wp-content\/uploads\/2024\/10\/Mc4-Branch-Connector.webp","contentUrl":"https:\/\/www.jyiele.com\/wp-content\/uploads\/2024\/10\/Mc4-Branch-Connector.webp","width":800,"height":800,"caption":"Mc4 Branch Connector"},{"@type":"BreadcrumbList","@id":"https:\/\/www.jyiele.com\/product\/mc4-branch-connector\/#breadcrumb","itemListElement":[{"@type":"ListItem","position":1,"name":"Home","item":"https:\/\/www.jyiele.com\/"},{"@type":"ListItem","position":2,"name":"Product","item":"https:\/\/www.jyiele.com\/product\/"},{"@type":"ListItem","position":3,"name":"MC4 Connector","item":"https:\/\/www.jyiele.com\/product-category\/mc4-connector\/"},{"@type":"ListItem","position":4,"name":"Mc4 Branch Connector A pair of Male Female 1000V 1500V DC 50Amp one in four out solar system waterproof"}]},{"@type":"WebSite","@id":"https:\/\/www.jyiele.com\/#website","url":"https:\/\/www.jyiele.com\/","name":"JYIELE","description":"Fabricante de disjuntores a v\u00e1cuo","publisher":{"@id":"https:\/\/www.jyiele.com\/#organization"},"potentialAction":[{"@type":"SearchAction","target":{"@type":"EntryPoint","urlTemplate":"https:\/\/www.jyiele.com\/?s={search_term_string}"},"query-input":{"@type":"PropertyValueSpecification","valueRequired":true,"valueName":"search_term_string"}}],"inLanguage":"pt-BR"},{"@type":"Organization","@id":"https:\/\/www.jyiele.com\/#organization","name":"JYIELE","url":"https:\/\/www.jyiele.com\/","logo":{"@type":"ImageObject","inLanguage":"pt-BR","@id":"https:\/\/www.jyiele.com\/#\/schema\/logo\/image\/","url":"https:\/\/www.jyiele.com\/wp-content\/uploads\/2024\/09\/cropped-jyele-1.webp","contentUrl":"https:\/\/www.jyiele.com\/wp-content\/uploads\/2024\/09\/cropped-jyele-1.webp","width":137,"height":60,"caption":"JYIELE"},"image":{"@id":"https:\/\/www.jyiele.com\/#\/schema\/logo\/image\/"}}]}},"_links":{"self":[{"href":"https:\/\/www.jyiele.com\/pt\/wp-json\/wp\/v2\/product\/1654","targetHints":{"allow":["GET"]}}],"collection":[{"href":"https:\/\/www.jyiele.com\/pt\/wp-json\/wp\/v2\/product"}],"about":[{"href":"https:\/\/www.jyiele.com\/pt\/wp-json\/wp\/v2\/types\/product"}],"version-history":[{"count":3,"href":"https:\/\/www.jyiele.com\/pt\/wp-json\/wp\/v2\/product\/1654\/revisions"}],"predecessor-version":[{"id":1658,"href":"https:\/\/www.jyiele.com\/pt\/wp-json\/wp\/v2\/product\/1654\/revisions\/1658"}],"wp:featuredmedia":[{"embeddable":true,"href":"https:\/\/www.jyiele.com\/pt\/wp-json\/wp\/v2\/media\/1657"}],"wp:attachment":[{"href":"https:\/\/www.jyiele.com\/pt\/wp-json\/wp\/v2\/media?parent=1654"}],"wp:term":[{"taxonomy":"product_brand","embeddable":true,"href":"https:\/\/www.jyiele.com\/pt\/wp-json\/wp\/v2\/product_brand?post=1654"},{"taxonomy":"product_cat","embeddable":true,"href":"https:\/\/www.jyiele.com\/pt\/wp-json\/wp\/v2\/product_cat?post=1654"},{"taxonomy":"product_tag","embeddable":true,"href":"https:\/\/www.jyiele.com\/pt\/wp-json\/wp\/v2\/product_tag?post=1654"}],"curies":[{"name":"wp","href":"https:\/\/api.w.org\/{rel}","templated":true}]}}