{"id":1888,"date":"2022-10-11T13:06:57","date_gmt":"2022-10-11T13:06:57","guid":{"rendered":"https:\/\/www.jy-electric.com\/?post_type=product&#038;p=1888"},"modified":"2025-03-09T11:39:25","modified_gmt":"2025-03-09T11:39:25","slug":"ac-distribution-cabinets-metal-clad-switchgear-enclosed-kyn28-12kv","status":"publish","type":"product","link":"https:\/\/www.jyiele.com\/pt\/produto\/ac-distribution-cabinets-metal-clad-switchgear-enclosed-kyn28-12kv\/","title":{"rendered":"Gabinetes de distribui\u00e7\u00e3o de CA Gabinete de distribui\u00e7\u00e3o metal-clad Enclosed KYN28-12KV"},"content":{"rendered":"<h2>Ambiente de trabalho:<\/h2>\n<p>Temperatura ambiente: de -25\u00b0C a +45\u00b0C e com um valor m\u00e9dio n\u00e3o superior a 35\u00b0C por dia.<br \/>\nAltitude: 1000 m e m\u00e1x. 4500 m com design especial.<br \/>\nUmidade: M\u00e9dia di\u00e1ria \u2264 95%, m\u00e9dia mensal \u2264 90%.<br \/>\nAtividade s\u00edsmica: O equipamento \u00e9 resistente a terremotos at\u00e9 a intensidade m\u00e1xima de 8 graus.<br \/>\nCondi\u00e7\u00f5es ambientais: O local de montagem \u00e9 livre de inflam\u00e1veis, de explosivos, de produtos qu\u00edmicos corrosivos e sem vibra\u00e7\u00e3o severa.<\/p>\n<h2>Defini\u00e7\u00e3o do produto<\/h2>\n<p><img fetchpriority=\"high\" decoding=\"async\" class=\"alignnone wp-image-1892 size-full\" src=\"https:\/\/www.jy-electric.com\/wp-content\/uploads\/2024\/10\/metal-clad-switchgear-Model-Meaning.webp\" alt=\"Painel de distribui\u00e7\u00e3o revestido de metal Significado do modelo\" width=\"630\" height=\"310\" srcset=\"https:\/\/www.jyiele.com\/wp-content\/uploads\/2024\/10\/metal-clad-switchgear-Model-Meaning.webp 630w, https:\/\/www.jyiele.com\/wp-content\/uploads\/2024\/10\/metal-clad-switchgear-Model-Meaning-300x148.webp 300w, https:\/\/www.jyiele.com\/wp-content\/uploads\/2024\/10\/metal-clad-switchgear-Model-Meaning-18x9.webp 18w, https:\/\/www.jyiele.com\/wp-content\/uploads\/2024\/10\/metal-clad-switchgear-Model-Meaning-600x295.webp 600w\" sizes=\"(max-width: 630px) 100vw, 630px\" \/><\/p>\n<p>Observa\u00e7\u00e3o: Adequado para disjuntores a v\u00e1cuo das marcas ABB\/Siemens, Schneider etc.<\/p>\n<h2>Principais recursos do painel de distribui\u00e7\u00e3o revestido de metal KYN28-12KV:<\/h2>\n<p>Compat\u00edvel: Compat\u00edvel com nossos disjuntores a v\u00e1cuo GPyN-12kV embutidos ou com luva isolada ou com os disjuntores a v\u00e1cuo VD4 da ABB. Al\u00e9m disso, tamb\u00e9m \u00e9 compat\u00edvel com as combina\u00e7\u00f5es de contator-fus\u00edvel a v\u00e1cuo GPVC ou contatores a v\u00e1cuo VC da ABB, permitindo que os cub\u00edculos de circuito F-C atendam \u00e0s necessidades el\u00e9tricas de usinas de energia e subesta\u00e7\u00f5es\".<\/p>\n<p>Engenharia de alta precis\u00e3o: o gabinete usa t\u00e9cnicas de dobra dupla com placas de a\u00e7o de alum\u00ednio-zinco de alta resist\u00eancia usando maquin\u00e1rio CNC de \u00faltima gera\u00e7\u00e3o. Ele tem resist\u00eancia e precis\u00e3o superiores.<\/p>\n<p>Tratamento de superf\u00edcie avan\u00e7ado: As portas do gabinete s\u00e3o revestidas com a tecnologia de spray de p\u00f3 eletrost\u00e1tico de resina ep\u00f3xi com capacidade de resist\u00eancia \u00e0 corros\u00e3o, \u00e0 oxida\u00e7\u00e3o e ao impacto. Isso tornou o gabinete mais dur\u00e1vel e aumentou a durabilidade por um longo tempo.<\/p>\n<p>Constru\u00e7\u00e3o totalmente fechada O design blindado do gabinete isola completamente as partes funcionais, proporcionando assim o m\u00e1ximo em seguran\u00e7a operacional. Ele permite a opera\u00e7\u00e3o do disjuntor e da chave de aterramento mesmo em condi\u00e7\u00f5es de porta fechada.<\/p>\n<p>Intercambialidade O chassi \u00e9 equipado com um mecanismo de acionamento por parafuso de precis\u00e3o. Toda a intercambialidade do chassi \u00e9 excelente, o que facilita a manuten\u00e7\u00e3o e a opera\u00e7\u00e3o.<\/p>\n<p>Constru\u00e7\u00e3o prim\u00e1ria flex\u00edvel Essa linha de design prim\u00e1rio atende a uma variedade de requisitos do usu\u00e1rio. Ela oferece um chassi duplo como op\u00e7\u00e3o.<\/p>\n<p>Aterramento motorizado e prote\u00e7\u00e3o contra curto-circuito: Um interruptor de aterramento r\u00e1pido permite a opera\u00e7\u00e3o el\u00e9trica (motorizada), garantindo assim um aterramento r\u00e1pido e prote\u00e7\u00e3o contra curto-circuito.<\/p>\n<p>Seguran\u00e7a aprimorada: O mecanismo de intertravamento \"Five Protection\" impede a opera\u00e7\u00e3o incorreta, tornando a prote\u00e7\u00e3o dos operadores altamente garantida.<\/p>\n<p>Projeto \u00e0 prova de arco el\u00e9trico: Os dispositivos de al\u00edvio de press\u00e3o no compartimento do barramento, no compartimento do disjuntor e no compartimento do terminal do cabo s\u00e3o alguns dos recursos \u00e0 prova de arco, adicionando assim camadas de seguran\u00e7a.<\/p>\n<p>O compartimento de cabos, projetado, \u00e9 espa\u00e7oso e permite a uni\u00e3o de v\u00e1rios cabos a dist\u00e2ncias adequadas para permitir a altura correta de instala\u00e7\u00e3o dos cabos em seus plugues.<\/p>\n<p>Alto \u00edndice de prote\u00e7\u00e3o: O painel de distribui\u00e7\u00e3o tem uma classifica\u00e7\u00e3o de prote\u00e7\u00e3o IP4X que impossibilita a entrada de objetos estranhos ou pragas.<\/p>\n<p>Monitoramento e controle avan\u00e7ados: A integra\u00e7\u00e3o opcional com dispositivos secund\u00e1rios de monitoramento de seguran\u00e7a do sistema por meio de autodiagn\u00f3stico possibilita o controle remoto, a telemetria e os ajustes no sistema.<\/p>\n<p>Conformidade com os padr\u00f5es O painel de distribui\u00e7\u00e3o \u00e9 compat\u00edvel com os padr\u00f5es GB3906, GB\/T1022, DL404 e IEC62271-1. Ele concluiu os testes gerais de alta altitude a 3000 m e os testes de compatibilidade eletromagn\u00e9tica sob condi\u00e7\u00f5es confirmadas em laborat\u00f3rios de equipamentos de alta tens\u00e3o especificados.<\/p>\n<p>Essa combina\u00e7\u00e3o de robustez, seguran\u00e7a e engenharia de ponta em um pacote revestido de metal oferece solu\u00e7\u00f5es adequadas para uma ampla gama de aplica\u00e7\u00f5es em m\u00e9dia tens\u00e3o. Gra\u00e7as a isso, os sistemas de energia de m\u00e9dia tens\u00e3o ter\u00e3o uma plataforma s\u00f3lida para uma opera\u00e7\u00e3o confi\u00e1vel e segura.<\/p>\n<h2>Especifica\u00e7\u00f5es t\u00e9cnicas<\/h2>\n<p><img decoding=\"async\" class=\"alignnone wp-image-1895 size-full\" src=\"https:\/\/www.jy-electric.com\/wp-content\/uploads\/2024\/10\/Distribution-Cabinets-Metal-Clad.webp\" alt=\"Gabinetes de distribui\u00e7\u00e3o Metal-Clad\" width=\"1292\" height=\"573\" srcset=\"https:\/\/www.jyiele.com\/wp-content\/uploads\/2024\/10\/Distribution-Cabinets-Metal-Clad.webp 1292w, https:\/\/www.jyiele.com\/wp-content\/uploads\/2024\/10\/Distribution-Cabinets-Metal-Clad-300x133.webp 300w, https:\/\/www.jyiele.com\/wp-content\/uploads\/2024\/10\/Distribution-Cabinets-Metal-Clad-1024x454.webp 1024w, https:\/\/www.jyiele.com\/wp-content\/uploads\/2024\/10\/Distribution-Cabinets-Metal-Clad-768x341.webp 768w, https:\/\/www.jyiele.com\/wp-content\/uploads\/2024\/10\/Distribution-Cabinets-Metal-Clad-18x8.webp 18w, https:\/\/www.jyiele.com\/wp-content\/uploads\/2024\/10\/Distribution-Cabinets-Metal-Clad-600x266.webp 600w\" sizes=\"(max-width: 1292px) 100vw, 1292px\" \/><\/p>\n<p><img decoding=\"async\" class=\"alignnone wp-image-1894 size-full\" src=\"https:\/\/www.jy-electric.com\/wp-content\/uploads\/2024\/10\/metal-clad-switchgear-Meaning.webp\" alt=\"painel de distribui\u00e7\u00e3o revestido de metal Significado\" width=\"1254\" height=\"670\" srcset=\"https:\/\/www.jyiele.com\/wp-content\/uploads\/2024\/10\/metal-clad-switchgear-Meaning.webp 1254w, https:\/\/www.jyiele.com\/wp-content\/uploads\/2024\/10\/metal-clad-switchgear-Meaning-300x160.webp 300w, https:\/\/www.jyiele.com\/wp-content\/uploads\/2024\/10\/metal-clad-switchgear-Meaning-1024x547.webp 1024w, https:\/\/www.jyiele.com\/wp-content\/uploads\/2024\/10\/metal-clad-switchgear-Meaning-768x410.webp 768w, https:\/\/www.jyiele.com\/wp-content\/uploads\/2024\/10\/metal-clad-switchgear-Meaning-18x10.webp 18w, https:\/\/www.jyiele.com\/wp-content\/uploads\/2024\/10\/metal-clad-switchgear-Meaning-600x321.webp 600w\" sizes=\"(max-width: 1254px) 100vw, 1254px\" \/><\/p>\n<h2>Dimens\u00e3o do contorno (mm)<\/h2>\n<p><img loading=\"lazy\" decoding=\"async\" class=\"alignnone wp-image-1896 size-full\" src=\"https:\/\/www.jy-electric.com\/wp-content\/uploads\/2024\/10\/Distribution-Cabinets.webp\" alt=\"Gabinetes de distribui\u00e7\u00e3o\" width=\"1300\" height=\"142\" srcset=\"https:\/\/www.jyiele.com\/wp-content\/uploads\/2024\/10\/Distribution-Cabinets.webp 1300w, https:\/\/www.jyiele.com\/wp-content\/uploads\/2024\/10\/Distribution-Cabinets-300x33.webp 300w, https:\/\/www.jyiele.com\/wp-content\/uploads\/2024\/10\/Distribution-Cabinets-1024x112.webp 1024w, https:\/\/www.jyiele.com\/wp-content\/uploads\/2024\/10\/Distribution-Cabinets-768x84.webp 768w, https:\/\/www.jyiele.com\/wp-content\/uploads\/2024\/10\/Distribution-Cabinets-18x2.webp 18w, https:\/\/www.jyiele.com\/wp-content\/uploads\/2024\/10\/Distribution-Cabinets-600x66.webp 600w\" sizes=\"(max-width: 1300px) 100vw, 1300px\" \/><\/p>","protected":false},"excerpt":{"rendered":"<p>O <strong>Painel de distribui\u00e7\u00e3o interno revestido de metal CA extra\u00edvel KYN28-12KV<\/strong> \u00e9 de alta qualidade e resistente para uso em redes trif\u00e1sicas de CA 50Hz nos n\u00edveis de tens\u00e3o alvo entre 3,6 kV e 12 kV. Com sua abordagem de sala interna, a tecnologia estrangeira proporciona a esse painel de distribui\u00e7\u00e3o o desempenho e a prote\u00e7\u00e3o de ponta em ambientes agressivos. O painel de distribui\u00e7\u00e3o \u00e9 produzido como uma estrutura blindada e fechada, projetada com precis\u00e3o usando usinagem CNC para aumentar a resist\u00eancia e a confiabilidade. Ele est\u00e1 sendo desenvolvido tendo a seguran\u00e7a como a principal considera\u00e7\u00e3o. Todas as constru\u00e7\u00f5es \u00e0 prova de arco, intertravamentos fortes e sistemas de alta prote\u00e7\u00e3o s\u00e3o adotados e obedecem aos padr\u00f5es internacionais. Ele foi aprovado nos testes de compatibilidade eletromagn\u00e9tica e de plat\u00f4 a 3000 m de altitude.<\/p>","protected":false},"featured_media":1890,"template":"","meta":{"site-sidebar-layout":"default","site-content-layout":"","ast-site-content-layout":"default","site-content-style":"default","site-sidebar-style":"default","ast-global-header-display":"","ast-banner-title-visibility":"","ast-main-header-display":"","ast-hfb-above-header-display":"","ast-hfb-below-header-display":"","ast-hfb-mobile-header-display":"","site-post-title":"","ast-breadcrumbs-content":"","ast-featured-img":"","footer-sml-layout":"","ast-disable-related-posts":"","theme-transparent-header-meta":"default","adv-header-id-meta":"","stick-header-meta":"","header-above-stick-meta":"","header-main-stick-meta":"","header-below-stick-meta":"","astra-migrate-meta-layouts":"set","ast-page-background-enabled":"default","ast-page-background-meta":{"desktop":{"background-color":"var(--ast-global-color-4)","background-image":"","background-repeat":"repeat","background-position":"center center","background-size":"auto","background-attachment":"scroll","background-type":"","background-media":"","overlay-type":"","overlay-color":"","overlay-opacity":"","overlay-gradient":""},"tablet":{"background-color":"","background-image":"","background-repeat":"repeat","background-position":"center center","background-size":"auto","background-attachment":"scroll","background-type":"","background-media":"","overlay-type":"","overlay-color":"","overlay-opacity":"","overlay-gradient":""},"mobile":{"background-color":"","background-image":"","background-repeat":"repeat","background-position":"center center","background-size":"auto","background-attachment":"scroll","background-type":"","background-media":"","overlay-type":"","overlay-color":"","overlay-opacity":"","overlay-gradient":""}},"ast-content-background-meta":{"desktop":{"background-color":"var(--ast-global-color-5)","background-image":"","background-repeat":"repeat","background-position":"center center","background-size":"auto","background-attachment":"scroll","background-type":"","background-media":"","overlay-type":"","overlay-color":"","overlay-opacity":"","overlay-gradient":""},"tablet":{"background-color":"var(--ast-global-color-5)","background-image":"","background-repeat":"repeat","background-position":"center center","background-size":"auto","background-attachment":"scroll","background-type":"","background-media":"","overlay-type":"","overlay-color":"","overlay-opacity":"","overlay-gradient":""},"mobile":{"background-color":"var(--ast-global-color-5)","background-image":"","background-repeat":"repeat","background-position":"center center","background-size":"auto","background-attachment":"scroll","background-type":"","background-media":"","overlay-type":"","overlay-color":"","overlay-opacity":"","overlay-gradient":""}}},"product_brand":[],"product_cat":[26],"product_tag":[],"class_list":{"0":"post-1888","1":"product","2":"type-product","3":"status-publish","4":"has-post-thumbnail","6":"product_cat-vacuum-circuit-breaker","7":"desktop-align-left","8":"tablet-align-left","9":"mobile-align-left","11":"first","12":"instock","13":"shipping-taxable","14":"product-type-simple"},"yoast_head":"<!-- This site is optimized with the Yoast SEO plugin v24.8.1 - https:\/\/yoast.com\/wordpress\/plugins\/seo\/ -->\n<title>KYN28-12KV Metal-clad Switchgear: Advanced, Reliable, Arc-proof<\/title>\n<meta name=\"description\" content=\"Discover the KYN28-12KV removable metal-clad switchgear, designed for 3.6~12kV networks. Offers arc-proof design, advanced protection, and compliance with global standards.\" \/>\n<meta name=\"robots\" content=\"index, follow, max-snippet:-1, max-image-preview:large, max-video-preview:-1\" \/>\n<link rel=\"canonical\" href=\"https:\/\/www.jyiele.com\/pt\/produto\/ac-distribution-cabinets-metal-clad-switchgear-enclosed-kyn28-12kv\/\" \/>\n<meta property=\"og:locale\" content=\"pt_BR\" \/>\n<meta property=\"og:type\" content=\"article\" \/>\n<meta property=\"og:title\" content=\"KYN28-12KV Metal-clad Switchgear: Advanced, Reliable, Arc-proof\" \/>\n<meta property=\"og:description\" content=\"Discover the KYN28-12KV removable metal-clad switchgear, designed for 3.6~12kV networks. Offers arc-proof design, advanced protection, and compliance with global standards.\" \/>\n<meta property=\"og:url\" content=\"https:\/\/www.jyiele.com\/pt\/produto\/ac-distribution-cabinets-metal-clad-switchgear-enclosed-kyn28-12kv\/\" \/>\n<meta property=\"og:site_name\" content=\"JYIELE\" \/>\n<meta property=\"article:modified_time\" content=\"2025-03-09T11:39:25+00:00\" \/>\n<meta property=\"og:image\" content=\"https:\/\/www.jyiele.com\/wp-content\/uploads\/2024\/10\/Distribution-Cabinets-Metal-Clad-Switchgear-Kyn28-12Kv.webp\" \/>\n\t<meta property=\"og:image:width\" content=\"800\" \/>\n\t<meta property=\"og:image:height\" content=\"800\" \/>\n\t<meta property=\"og:image:type\" content=\"image\/webp\" \/>\n<meta name=\"twitter:card\" content=\"summary_large_image\" \/>\n<meta name=\"twitter:label1\" content=\"Est. tempo de leitura\" \/>\n\t<meta name=\"twitter:data1\" content=\"4 minutos\" \/>\n<script type=\"application\/ld+json\" class=\"yoast-schema-graph\">{\"@context\":\"https:\/\/schema.org\",\"@graph\":[{\"@type\":\"WebPage\",\"@id\":\"https:\/\/www.jyiele.com\/product\/ac-distribution-cabinets-metal-clad-switchgear-enclosed-kyn28-12kv\/\",\"url\":\"https:\/\/www.jyiele.com\/product\/ac-distribution-cabinets-metal-clad-switchgear-enclosed-kyn28-12kv\/\",\"name\":\"KYN28-12KV Metal-clad Switchgear: Advanced, Reliable, Arc-proof\",\"isPartOf\":{\"@id\":\"https:\/\/www.jyiele.com\/#website\"},\"primaryImageOfPage\":{\"@id\":\"https:\/\/www.jyiele.com\/product\/ac-distribution-cabinets-metal-clad-switchgear-enclosed-kyn28-12kv\/#primaryimage\"},\"image\":{\"@id\":\"https:\/\/www.jyiele.com\/product\/ac-distribution-cabinets-metal-clad-switchgear-enclosed-kyn28-12kv\/#primaryimage\"},\"thumbnailUrl\":\"https:\/\/www.jyiele.com\/wp-content\/uploads\/2024\/10\/Distribution-Cabinets-Metal-Clad-Switchgear-Kyn28-12Kv.webp\",\"datePublished\":\"2022-10-11T13:06:57+00:00\",\"dateModified\":\"2025-03-09T11:39:25+00:00\",\"description\":\"Discover the KYN28-12KV removable metal-clad switchgear, designed for 3.6~12kV networks. Offers arc-proof design, advanced protection, and compliance with global standards.\",\"breadcrumb\":{\"@id\":\"https:\/\/www.jyiele.com\/product\/ac-distribution-cabinets-metal-clad-switchgear-enclosed-kyn28-12kv\/#breadcrumb\"},\"inLanguage\":\"pt-BR\",\"potentialAction\":[{\"@type\":\"ReadAction\",\"target\":[\"https:\/\/www.jyiele.com\/product\/ac-distribution-cabinets-metal-clad-switchgear-enclosed-kyn28-12kv\/\"]}]},{\"@type\":\"ImageObject\",\"inLanguage\":\"pt-BR\",\"@id\":\"https:\/\/www.jyiele.com\/product\/ac-distribution-cabinets-metal-clad-switchgear-enclosed-kyn28-12kv\/#primaryimage\",\"url\":\"https:\/\/www.jyiele.com\/wp-content\/uploads\/2024\/10\/Distribution-Cabinets-Metal-Clad-Switchgear-Kyn28-12Kv.webp\",\"contentUrl\":\"https:\/\/www.jyiele.com\/wp-content\/uploads\/2024\/10\/Distribution-Cabinets-Metal-Clad-Switchgear-Kyn28-12Kv.webp\",\"width\":800,\"height\":800,\"caption\":\"Distribution Cabinets Metal-Clad Switchgear Kyn28-12Kv\"},{\"@type\":\"BreadcrumbList\",\"@id\":\"https:\/\/www.jyiele.com\/product\/ac-distribution-cabinets-metal-clad-switchgear-enclosed-kyn28-12kv\/#breadcrumb\",\"itemListElement\":[{\"@type\":\"ListItem\",\"position\":1,\"name\":\"Home\",\"item\":\"https:\/\/www.jyiele.com\/\"},{\"@type\":\"ListItem\",\"position\":2,\"name\":\"Product\",\"item\":\"https:\/\/www.jyiele.com\/product\/\"},{\"@type\":\"ListItem\",\"position\":3,\"name\":\"Vacuum Circuit Breaker\",\"item\":\"https:\/\/www.jyiele.com\/product-category\/vacuum-circuit-breaker\/\"},{\"@type\":\"ListItem\",\"position\":4,\"name\":\"AC Distribution Cabinets Metal-Clad Switchgear Enclosed KYN28-12KV\"}]},{\"@type\":\"WebSite\",\"@id\":\"https:\/\/www.jyiele.com\/#website\",\"url\":\"https:\/\/www.jyiele.com\/\",\"name\":\"JYIELE\",\"description\":\"Vacuum Circuit Breaker manufacturer\",\"publisher\":{\"@id\":\"https:\/\/www.jyiele.com\/#organization\"},\"potentialAction\":[{\"@type\":\"SearchAction\",\"target\":{\"@type\":\"EntryPoint\",\"urlTemplate\":\"https:\/\/www.jyiele.com\/?s={search_term_string}\"},\"query-input\":{\"@type\":\"PropertyValueSpecification\",\"valueRequired\":true,\"valueName\":\"search_term_string\"}}],\"inLanguage\":\"pt-BR\"},{\"@type\":\"Organization\",\"@id\":\"https:\/\/www.jyiele.com\/#organization\",\"name\":\"JYIELE\",\"url\":\"https:\/\/www.jyiele.com\/\",\"logo\":{\"@type\":\"ImageObject\",\"inLanguage\":\"pt-BR\",\"@id\":\"https:\/\/www.jyiele.com\/#\/schema\/logo\/image\/\",\"url\":\"https:\/\/www.jyiele.com\/wp-content\/uploads\/2024\/09\/cropped-jyele-1.webp\",\"contentUrl\":\"https:\/\/www.jyiele.com\/wp-content\/uploads\/2024\/09\/cropped-jyele-1.webp\",\"width\":137,\"height\":60,\"caption\":\"JYIELE\"},\"image\":{\"@id\":\"https:\/\/www.jyiele.com\/#\/schema\/logo\/image\/\"}}]}<\/script>\n<!-- \/ Yoast SEO plugin. -->","yoast_head_json":{"title":"Painel de distribui\u00e7\u00e3o revestido de metal KYN28-12KV: Avan\u00e7ado, confi\u00e1vel e \u00e0 prova de arco","description":"Conhe\u00e7a o painel de distribui\u00e7\u00e3o remov\u00edvel revestido de metal KYN28-12KV, projetado para redes de 3,6 a 12 kV. Oferece design \u00e0 prova de arco, prote\u00e7\u00e3o avan\u00e7ada e conformidade com padr\u00f5es globais.","robots":{"index":"index","follow":"follow","max-snippet":"max-snippet:-1","max-image-preview":"max-image-preview:large","max-video-preview":"max-video-preview:-1"},"canonical":"https:\/\/www.jyiele.com\/pt\/produto\/ac-distribution-cabinets-metal-clad-switchgear-enclosed-kyn28-12kv\/","og_locale":"pt_BR","og_type":"article","og_title":"KYN28-12KV Metal-clad Switchgear: Advanced, Reliable, Arc-proof","og_description":"Discover the KYN28-12KV removable metal-clad switchgear, designed for 3.6~12kV networks. Offers arc-proof design, advanced protection, and compliance with global standards.","og_url":"https:\/\/www.jyiele.com\/pt\/produto\/ac-distribution-cabinets-metal-clad-switchgear-enclosed-kyn28-12kv\/","og_site_name":"JYIELE","article_modified_time":"2025-03-09T11:39:25+00:00","og_image":[{"width":800,"height":800,"url":"https:\/\/www.jyiele.com\/wp-content\/uploads\/2024\/10\/Distribution-Cabinets-Metal-Clad-Switchgear-Kyn28-12Kv.webp","type":"image\/webp"}],"twitter_card":"summary_large_image","twitter_misc":{"Est. tempo de leitura":"4 minutos"},"schema":{"@context":"https:\/\/schema.org","@graph":[{"@type":"WebPage","@id":"https:\/\/www.jyiele.com\/product\/ac-distribution-cabinets-metal-clad-switchgear-enclosed-kyn28-12kv\/","url":"https:\/\/www.jyiele.com\/product\/ac-distribution-cabinets-metal-clad-switchgear-enclosed-kyn28-12kv\/","name":"Painel de distribui\u00e7\u00e3o revestido de metal KYN28-12KV: Avan\u00e7ado, confi\u00e1vel e \u00e0 prova de arco","isPartOf":{"@id":"https:\/\/www.jyiele.com\/#website"},"primaryImageOfPage":{"@id":"https:\/\/www.jyiele.com\/product\/ac-distribution-cabinets-metal-clad-switchgear-enclosed-kyn28-12kv\/#primaryimage"},"image":{"@id":"https:\/\/www.jyiele.com\/product\/ac-distribution-cabinets-metal-clad-switchgear-enclosed-kyn28-12kv\/#primaryimage"},"thumbnailUrl":"https:\/\/www.jyiele.com\/wp-content\/uploads\/2024\/10\/Distribution-Cabinets-Metal-Clad-Switchgear-Kyn28-12Kv.webp","datePublished":"2022-10-11T13:06:57+00:00","dateModified":"2025-03-09T11:39:25+00:00","description":"Conhe\u00e7a o painel de distribui\u00e7\u00e3o remov\u00edvel revestido de metal KYN28-12KV, projetado para redes de 3,6 a 12 kV. Oferece design \u00e0 prova de arco, prote\u00e7\u00e3o avan\u00e7ada e conformidade com padr\u00f5es globais.","breadcrumb":{"@id":"https:\/\/www.jyiele.com\/product\/ac-distribution-cabinets-metal-clad-switchgear-enclosed-kyn28-12kv\/#breadcrumb"},"inLanguage":"pt-BR","potentialAction":[{"@type":"ReadAction","target":["https:\/\/www.jyiele.com\/product\/ac-distribution-cabinets-metal-clad-switchgear-enclosed-kyn28-12kv\/"]}]},{"@type":"ImageObject","inLanguage":"pt-BR","@id":"https:\/\/www.jyiele.com\/product\/ac-distribution-cabinets-metal-clad-switchgear-enclosed-kyn28-12kv\/#primaryimage","url":"https:\/\/www.jyiele.com\/wp-content\/uploads\/2024\/10\/Distribution-Cabinets-Metal-Clad-Switchgear-Kyn28-12Kv.webp","contentUrl":"https:\/\/www.jyiele.com\/wp-content\/uploads\/2024\/10\/Distribution-Cabinets-Metal-Clad-Switchgear-Kyn28-12Kv.webp","width":800,"height":800,"caption":"Distribution Cabinets Metal-Clad Switchgear Kyn28-12Kv"},{"@type":"BreadcrumbList","@id":"https:\/\/www.jyiele.com\/product\/ac-distribution-cabinets-metal-clad-switchgear-enclosed-kyn28-12kv\/#breadcrumb","itemListElement":[{"@type":"ListItem","position":1,"name":"Home","item":"https:\/\/www.jyiele.com\/"},{"@type":"ListItem","position":2,"name":"Product","item":"https:\/\/www.jyiele.com\/product\/"},{"@type":"ListItem","position":3,"name":"Vacuum Circuit Breaker","item":"https:\/\/www.jyiele.com\/product-category\/vacuum-circuit-breaker\/"},{"@type":"ListItem","position":4,"name":"AC Distribution Cabinets Metal-Clad Switchgear Enclosed KYN28-12KV"}]},{"@type":"WebSite","@id":"https:\/\/www.jyiele.com\/#website","url":"https:\/\/www.jyiele.com\/","name":"JYIELE","description":"Fabricante de disjuntores a v\u00e1cuo","publisher":{"@id":"https:\/\/www.jyiele.com\/#organization"},"potentialAction":[{"@type":"SearchAction","target":{"@type":"EntryPoint","urlTemplate":"https:\/\/www.jyiele.com\/?s={search_term_string}"},"query-input":{"@type":"PropertyValueSpecification","valueRequired":true,"valueName":"search_term_string"}}],"inLanguage":"pt-BR"},{"@type":"Organization","@id":"https:\/\/www.jyiele.com\/#organization","name":"JYIELE","url":"https:\/\/www.jyiele.com\/","logo":{"@type":"ImageObject","inLanguage":"pt-BR","@id":"https:\/\/www.jyiele.com\/#\/schema\/logo\/image\/","url":"https:\/\/www.jyiele.com\/wp-content\/uploads\/2024\/09\/cropped-jyele-1.webp","contentUrl":"https:\/\/www.jyiele.com\/wp-content\/uploads\/2024\/09\/cropped-jyele-1.webp","width":137,"height":60,"caption":"JYIELE"},"image":{"@id":"https:\/\/www.jyiele.com\/#\/schema\/logo\/image\/"}}]}},"_links":{"self":[{"href":"https:\/\/www.jyiele.com\/pt\/wp-json\/wp\/v2\/product\/1888","targetHints":{"allow":["GET"]}}],"collection":[{"href":"https:\/\/www.jyiele.com\/pt\/wp-json\/wp\/v2\/product"}],"about":[{"href":"https:\/\/www.jyiele.com\/pt\/wp-json\/wp\/v2\/types\/product"}],"version-history":[{"count":4,"href":"https:\/\/www.jyiele.com\/pt\/wp-json\/wp\/v2\/product\/1888\/revisions"}],"predecessor-version":[{"id":1897,"href":"https:\/\/www.jyiele.com\/pt\/wp-json\/wp\/v2\/product\/1888\/revisions\/1897"}],"wp:featuredmedia":[{"embeddable":true,"href":"https:\/\/www.jyiele.com\/pt\/wp-json\/wp\/v2\/media\/1890"}],"wp:attachment":[{"href":"https:\/\/www.jyiele.com\/pt\/wp-json\/wp\/v2\/media?parent=1888"}],"wp:term":[{"taxonomy":"product_brand","embeddable":true,"href":"https:\/\/www.jyiele.com\/pt\/wp-json\/wp\/v2\/product_brand?post=1888"},{"taxonomy":"product_cat","embeddable":true,"href":"https:\/\/www.jyiele.com\/pt\/wp-json\/wp\/v2\/product_cat?post=1888"},{"taxonomy":"product_tag","embeddable":true,"href":"https:\/\/www.jyiele.com\/pt\/wp-json\/wp\/v2\/product_tag?post=1888"}],"curies":[{"name":"wp","href":"https:\/\/api.w.org\/{rel}","templated":true}]}}