{"id":19,"date":"2022-09-07T08:57:09","date_gmt":"2022-09-07T08:57:09","guid":{"rendered":"http:\/\/jyiele.com\/?post_type=product&#038;p=19"},"modified":"2025-03-09T11:39:06","modified_gmt":"2025-03-09T11:39:06","slug":"three-station-indoor-vacuum-ckt-breaker","status":"publish","type":"product","link":"https:\/\/www.jyiele.com\/pt\/produto\/three-station-indoor-vacuum-ckt-breaker\/","title":{"rendered":"BQVN-12GD Disjuntor de circuito a v\u00e1cuo interno de tr\u00eas esta\u00e7\u00f5es"},"content":{"rendered":"<h2>Perfil do produto<\/h2>\n<p>Esse disjuntor a v\u00e1cuo de tr\u00eas posi\u00e7\u00f5es integra um disjuntor a v\u00e1cuo, uma chave seccionadora, uma chave de aterramento e um sensor, tudo em uma \u00fanica unidade. Seu design montado na lateral est\u00e1 alinhado com a tend\u00eancia de miniaturiza\u00e7\u00e3o e cabe em gabinetes com dimens\u00f5es de 450 \u00d7 1000 \u00d7 1800. Ele \u00e9 adequado para redes de m\u00e9dia tens\u00e3o de 6 a 12 kV. O disjuntor assim projetado tem excelentes propriedades el\u00e9tricas e mec\u00e2nicas, uma estrutura confi\u00e1vel e est\u00e1vel e requer pouca manuten\u00e7\u00e3o.<\/p>\n<p>Atualmente, h\u00e1 dois modelos: BQVN-12GD\/630-25 e BQVN-12GD\/1250-31,5.<\/p>\n<p>Os pain\u00e9is de distribui\u00e7\u00e3o de alta tens\u00e3o tradicionais, como o XGN2 ou o XGN66, exigem a instala\u00e7\u00e3o separada de chaves seccionadoras, disjuntores a v\u00e1cuo, chaves de aterramento, sensores e dispositivos de intertravamento mec\u00e2nico em toda a f\u00e1brica, o que \u00e9 um processo complexo e demorado. Com esse novo produto, equipado com um disjuntor a v\u00e1cuo multifuncional com esta\u00e7\u00e3o de desconex\u00e3o integrada, esta\u00e7\u00e3o de disjuntor e esta\u00e7\u00e3o de aterramento, a instala\u00e7\u00e3o \u00e9 mais simples, r\u00e1pida e f\u00e1cil.<\/p>\n<p>Quando em uso, ele pode ser operado manual ou eletricamente:<\/p>\n<h2>Opera\u00e7\u00e3o manual:<\/h2>\n<p>Use a al\u00e7a especial de armazenamento de energia para armazenar energia.<br \/>\nCLOSE: Pressione o bot\u00e3o de fechamento (se houver uma trava de fechamento ou um dispositivo de subtens\u00e3o, a alimenta\u00e7\u00e3o do circuito secund\u00e1rio deve ser ligada primeiro).<br \/>\nAbrir: Pressione o bot\u00e3o Abrir.<\/p>\n<h2>Opera\u00e7\u00e3o motorizada:<\/h2>\n<p>Quando o circuito secund\u00e1rio for energizado, o dispositivo de armazenamento de energia armazenar\u00e1 energia automaticamente.<br \/>\nCLOSE: Pressione o bot\u00e3o de fechamento no circuito de controle.<br \/>\nAberto: pressione o bot\u00e3o de desconex\u00e3o no circuito de controle.<br \/>\nAo verificar o disjuntor a v\u00e1cuo de alta tens\u00e3o, preste aten\u00e7\u00e3o aos seguintes pontos:<\/p>\n<p>Ao usar o disjuntor a v\u00e1cuo para verificar a eletricidade, algu\u00e9m deve operar e uma pessoa deve supervisionar.<br \/>\nO operador fica na frente e o guardi\u00e3o fica atr\u00e1s.<br \/>\nPreste aten\u00e7\u00e3o ao n\u00edvel de tens\u00e3o do equipamento el\u00e9trico para garantir uma opera\u00e7\u00e3o segura.<br \/>\nN\u00e3o exponha o disjuntor ao sol quente, guarde-o em um local seco e ventilado e evite o contato com produtos qu\u00edmicos corrosivos.<br \/>\nA parte isolada \u00e9 a parte que vai do parafuso de conex\u00e3o de metal na parte inferior do indicador at\u00e9 a extremidade do anel de prote\u00e7\u00e3o; a parte de fixa\u00e7\u00e3o \u00e9 a parte abaixo do anel de prote\u00e7\u00e3o e o comprimento dessas partes varia de acordo com o n\u00edvel de tens\u00e3o.<br \/>\nOs disjuntores a v\u00e1cuo de alta tens\u00e3o s\u00f3 devem ser fabricados e usados da maneira normal para garantir a opera\u00e7\u00e3o segura do sistema.<\/p>\n<p>Teste de equipamentos que exigem verifica\u00e7\u00e3o el\u00e9trica.<br \/>\nAo verificar eletricamente as linhas de v\u00e1rias camadas instaladas no mesmo poste, a baixa tens\u00e3o deve ser testada antes da alta tens\u00e3o, e a camada inferior antes da camada superior.<br \/>\nEvite fortes vibra\u00e7\u00f5es ou impactos durante o armazenamento e o transporte, n\u00e3o ajuste nem desmonte \u00e0 vontade e n\u00e3o o utilize em tempo chuvoso ou com neve, para n\u00e3o afetar o desempenho do isolamento.<\/p>","protected":false},"excerpt":{"rendered":"<p>Esse disjuntor a v\u00e1cuo de tr\u00eas posi\u00e7\u00f5es de alta tens\u00e3o para ambientes internos tem \u00f3timo desempenho em termos de propriedades el\u00e9tricas e mec\u00e2nicas, com uma estrutura est\u00e1vel e longa vida \u00fatil. Ele utiliza polos de veda\u00e7\u00e3o fixos no circuito principal, o que permite que o disjuntor se adapte melhor ao ambiente e melhore a confiabilidade do isolamento.<\/p>","protected":false},"featured_media":1217,"template":"","meta":{"site-sidebar-layout":"default","site-content-layout":"","ast-site-content-layout":"default","site-content-style":"default","site-sidebar-style":"default","ast-global-header-display":"","ast-banner-title-visibility":"","ast-main-header-display":"","ast-hfb-above-header-display":"","ast-hfb-below-header-display":"","ast-hfb-mobile-header-display":"","site-post-title":"","ast-breadcrumbs-content":"","ast-featured-img":"","footer-sml-layout":"","ast-disable-related-posts":"","theme-transparent-header-meta":"default","adv-header-id-meta":"","stick-header-meta":"","header-above-stick-meta":"","header-main-stick-meta":"","header-below-stick-meta":"","astra-migrate-meta-layouts":"set","ast-page-background-enabled":"default","ast-page-background-meta":{"desktop":{"background-color":"var(--ast-global-color-4)","background-image":"","background-repeat":"repeat","background-position":"center center","background-size":"auto","background-attachment":"scroll","background-type":"","background-media":"","overlay-type":"","overlay-color":"","overlay-opacity":"","overlay-gradient":""},"tablet":{"background-color":"","background-image":"","background-repeat":"repeat","background-position":"center center","background-size":"auto","background-attachment":"scroll","background-type":"","background-media":"","overlay-type":"","overlay-color":"","overlay-opacity":"","overlay-gradient":""},"mobile":{"background-color":"","background-image":"","background-repeat":"repeat","background-position":"center center","background-size":"auto","background-attachment":"scroll","background-type":"","background-media":"","overlay-type":"","overlay-color":"","overlay-opacity":"","overlay-gradient":""}},"ast-content-background-meta":{"desktop":{"background-color":"var(--ast-global-color-5)","background-image":"","background-repeat":"repeat","background-position":"center center","background-size":"auto","background-attachment":"scroll","background-type":"","background-media":"","overlay-type":"","overlay-color":"","overlay-opacity":"","overlay-gradient":""},"tablet":{"background-color":"var(--ast-global-color-5)","background-image":"","background-repeat":"repeat","background-position":"center center","background-size":"auto","background-attachment":"scroll","background-type":"","background-media":"","overlay-type":"","overlay-color":"","overlay-opacity":"","overlay-gradient":""},"mobile":{"background-color":"var(--ast-global-color-5)","background-image":"","background-repeat":"repeat","background-position":"center center","background-size":"auto","background-attachment":"scroll","background-type":"","background-media":"","overlay-type":"","overlay-color":"","overlay-opacity":"","overlay-gradient":""}}},"product_brand":[],"product_cat":[26],"product_tag":[],"class_list":{"0":"post-19","1":"product","2":"type-product","3":"status-publish","4":"has-post-thumbnail","6":"product_cat-vacuum-circuit-breaker","7":"desktop-align-left","8":"tablet-align-left","9":"mobile-align-left","11":"first","12":"instock","13":"virtual","14":"product-type-simple"},"yoast_head":"<!-- This site is optimized with the Yoast SEO plugin v24.8.1 - https:\/\/yoast.com\/wordpress\/plugins\/seo\/ -->\n<title>Indoor Vacuum Circuit Breaker | Three-Station Switchgear Solution - JYIELE<\/title>\n<meta name=\"description\" content=\"Explore the JYIELE indoor vacuum circuit breaker, featuring three stations for efficient electrical control and protection. Built for reliability and performance, this breaker ensures seamless operation in indoor environments, providing essential circuit protection for various applications.\" \/>\n<meta name=\"robots\" content=\"index, follow, max-snippet:-1, max-image-preview:large, max-video-preview:-1\" \/>\n<link rel=\"canonical\" href=\"https:\/\/www.jyiele.com\/pt\/produto\/three-station-indoor-vacuum-ckt-breaker\/\" \/>\n<meta property=\"og:locale\" content=\"pt_BR\" \/>\n<meta property=\"og:type\" content=\"article\" \/>\n<meta property=\"og:title\" content=\"Indoor Vacuum Circuit Breaker | Three-Station Switchgear Solution - JYIELE\" \/>\n<meta property=\"og:description\" content=\"Explore the JYIELE indoor vacuum circuit breaker, featuring three stations for efficient electrical control and protection. Built for reliability and performance, this breaker ensures seamless operation in indoor environments, providing essential circuit protection for various applications.\" \/>\n<meta property=\"og:url\" content=\"https:\/\/www.jyiele.com\/pt\/produto\/three-station-indoor-vacuum-ckt-breaker\/\" \/>\n<meta property=\"og:site_name\" content=\"JYIELE\" \/>\n<meta property=\"article:modified_time\" content=\"2025-03-09T11:39:06+00:00\" \/>\n<meta property=\"og:image\" content=\"https:\/\/www.jyiele.com\/wp-content\/uploads\/2020\/04\/three-station-indoor-vacuum-ckt-breaker.webp\" \/>\n\t<meta property=\"og:image:width\" content=\"600\" \/>\n\t<meta property=\"og:image:height\" content=\"600\" \/>\n\t<meta property=\"og:image:type\" content=\"image\/webp\" \/>\n<meta name=\"twitter:card\" content=\"summary_large_image\" \/>\n<meta name=\"twitter:label1\" content=\"Est. tempo de leitura\" \/>\n\t<meta name=\"twitter:data1\" content=\"3 minutos\" \/>\n<script type=\"application\/ld+json\" class=\"yoast-schema-graph\">{\"@context\":\"https:\/\/schema.org\",\"@graph\":[{\"@type\":\"WebPage\",\"@id\":\"https:\/\/www.jyiele.com\/product\/three-station-indoor-vacuum-ckt-breaker\/\",\"url\":\"https:\/\/www.jyiele.com\/product\/three-station-indoor-vacuum-ckt-breaker\/\",\"name\":\"Indoor Vacuum Circuit Breaker | Three-Station Switchgear Solution - JYIELE\",\"isPartOf\":{\"@id\":\"https:\/\/www.jyiele.com\/#website\"},\"primaryImageOfPage\":{\"@id\":\"https:\/\/www.jyiele.com\/product\/three-station-indoor-vacuum-ckt-breaker\/#primaryimage\"},\"image\":{\"@id\":\"https:\/\/www.jyiele.com\/product\/three-station-indoor-vacuum-ckt-breaker\/#primaryimage\"},\"thumbnailUrl\":\"https:\/\/www.jyiele.com\/wp-content\/uploads\/2020\/04\/three-station-indoor-vacuum-ckt-breaker.webp\",\"datePublished\":\"2022-09-07T08:57:09+00:00\",\"dateModified\":\"2025-03-09T11:39:06+00:00\",\"description\":\"Explore the JYIELE indoor vacuum circuit breaker, featuring three stations for efficient electrical control and protection. Built for reliability and performance, this breaker ensures seamless operation in indoor environments, providing essential circuit protection for various applications.\",\"breadcrumb\":{\"@id\":\"https:\/\/www.jyiele.com\/product\/three-station-indoor-vacuum-ckt-breaker\/#breadcrumb\"},\"inLanguage\":\"pt-BR\",\"potentialAction\":[{\"@type\":\"ReadAction\",\"target\":[\"https:\/\/www.jyiele.com\/product\/three-station-indoor-vacuum-ckt-breaker\/\"]}]},{\"@type\":\"ImageObject\",\"inLanguage\":\"pt-BR\",\"@id\":\"https:\/\/www.jyiele.com\/product\/three-station-indoor-vacuum-ckt-breaker\/#primaryimage\",\"url\":\"https:\/\/www.jyiele.com\/wp-content\/uploads\/2020\/04\/three-station-indoor-vacuum-ckt-breaker.webp\",\"contentUrl\":\"https:\/\/www.jyiele.com\/wp-content\/uploads\/2020\/04\/three-station-indoor-vacuum-ckt-breaker.webp\",\"width\":600,\"height\":600,\"caption\":\"three-station-indoor-vacuum-ckt-breaker\"},{\"@type\":\"BreadcrumbList\",\"@id\":\"https:\/\/www.jyiele.com\/product\/three-station-indoor-vacuum-ckt-breaker\/#breadcrumb\",\"itemListElement\":[{\"@type\":\"ListItem\",\"position\":1,\"name\":\"Home\",\"item\":\"https:\/\/www.jyiele.com\/\"},{\"@type\":\"ListItem\",\"position\":2,\"name\":\"Product\",\"item\":\"https:\/\/www.jyiele.com\/product\/\"},{\"@type\":\"ListItem\",\"position\":3,\"name\":\"Vacuum Circuit Breaker\",\"item\":\"https:\/\/www.jyiele.com\/product-category\/vacuum-circuit-breaker\/\"},{\"@type\":\"ListItem\",\"position\":4,\"name\":\"BQVN-12GD Three Station Indoor Vacuum Ckt Breaker\"}]},{\"@type\":\"WebSite\",\"@id\":\"https:\/\/www.jyiele.com\/#website\",\"url\":\"https:\/\/www.jyiele.com\/\",\"name\":\"JYIELE\",\"description\":\"Vacuum Circuit Breaker manufacturer\",\"publisher\":{\"@id\":\"https:\/\/www.jyiele.com\/#organization\"},\"potentialAction\":[{\"@type\":\"SearchAction\",\"target\":{\"@type\":\"EntryPoint\",\"urlTemplate\":\"https:\/\/www.jyiele.com\/?s={search_term_string}\"},\"query-input\":{\"@type\":\"PropertyValueSpecification\",\"valueRequired\":true,\"valueName\":\"search_term_string\"}}],\"inLanguage\":\"pt-BR\"},{\"@type\":\"Organization\",\"@id\":\"https:\/\/www.jyiele.com\/#organization\",\"name\":\"JYIELE\",\"url\":\"https:\/\/www.jyiele.com\/\",\"logo\":{\"@type\":\"ImageObject\",\"inLanguage\":\"pt-BR\",\"@id\":\"https:\/\/www.jyiele.com\/#\/schema\/logo\/image\/\",\"url\":\"https:\/\/www.jyiele.com\/wp-content\/uploads\/2024\/09\/cropped-jyele-1.webp\",\"contentUrl\":\"https:\/\/www.jyiele.com\/wp-content\/uploads\/2024\/09\/cropped-jyele-1.webp\",\"width\":137,\"height\":60,\"caption\":\"JYIELE\"},\"image\":{\"@id\":\"https:\/\/www.jyiele.com\/#\/schema\/logo\/image\/\"}}]}<\/script>\n<!-- \/ Yoast SEO plugin. -->","yoast_head_json":{"title":"Disjuntor a v\u00e1cuo para ambientes internos e solu\u00e7\u00e3o de painel de tr\u00eas esta\u00e7\u00f5es - JYIELE","description":"Explore o disjuntor a v\u00e1cuo para ambientes internos da JYIELE, que apresenta tr\u00eas esta\u00e7\u00f5es para controle e prote\u00e7\u00e3o el\u00e9trica eficientes. Constru\u00eddo para oferecer confiabilidade e desempenho, esse disjuntor garante uma opera\u00e7\u00e3o perfeita em ambientes internos, fornecendo prote\u00e7\u00e3o essencial de circuito para v\u00e1rias aplica\u00e7\u00f5es.","robots":{"index":"index","follow":"follow","max-snippet":"max-snippet:-1","max-image-preview":"max-image-preview:large","max-video-preview":"max-video-preview:-1"},"canonical":"https:\/\/www.jyiele.com\/pt\/produto\/three-station-indoor-vacuum-ckt-breaker\/","og_locale":"pt_BR","og_type":"article","og_title":"Indoor Vacuum Circuit Breaker | Three-Station Switchgear Solution - JYIELE","og_description":"Explore the JYIELE indoor vacuum circuit breaker, featuring three stations for efficient electrical control and protection. Built for reliability and performance, this breaker ensures seamless operation in indoor environments, providing essential circuit protection for various applications.","og_url":"https:\/\/www.jyiele.com\/pt\/produto\/three-station-indoor-vacuum-ckt-breaker\/","og_site_name":"JYIELE","article_modified_time":"2025-03-09T11:39:06+00:00","og_image":[{"width":600,"height":600,"url":"https:\/\/www.jyiele.com\/wp-content\/uploads\/2020\/04\/three-station-indoor-vacuum-ckt-breaker.webp","type":"image\/webp"}],"twitter_card":"summary_large_image","twitter_misc":{"Est. tempo de leitura":"3 minutos"},"schema":{"@context":"https:\/\/schema.org","@graph":[{"@type":"WebPage","@id":"https:\/\/www.jyiele.com\/product\/three-station-indoor-vacuum-ckt-breaker\/","url":"https:\/\/www.jyiele.com\/product\/three-station-indoor-vacuum-ckt-breaker\/","name":"Disjuntor a v\u00e1cuo para ambientes internos e solu\u00e7\u00e3o de painel de tr\u00eas esta\u00e7\u00f5es - JYIELE","isPartOf":{"@id":"https:\/\/www.jyiele.com\/#website"},"primaryImageOfPage":{"@id":"https:\/\/www.jyiele.com\/product\/three-station-indoor-vacuum-ckt-breaker\/#primaryimage"},"image":{"@id":"https:\/\/www.jyiele.com\/product\/three-station-indoor-vacuum-ckt-breaker\/#primaryimage"},"thumbnailUrl":"https:\/\/www.jyiele.com\/wp-content\/uploads\/2020\/04\/three-station-indoor-vacuum-ckt-breaker.webp","datePublished":"2022-09-07T08:57:09+00:00","dateModified":"2025-03-09T11:39:06+00:00","description":"Explore o disjuntor a v\u00e1cuo para ambientes internos da JYIELE, que apresenta tr\u00eas esta\u00e7\u00f5es para controle e prote\u00e7\u00e3o el\u00e9trica eficientes. Constru\u00eddo para oferecer confiabilidade e desempenho, esse disjuntor garante uma opera\u00e7\u00e3o perfeita em ambientes internos, fornecendo prote\u00e7\u00e3o essencial de circuito para v\u00e1rias aplica\u00e7\u00f5es.","breadcrumb":{"@id":"https:\/\/www.jyiele.com\/product\/three-station-indoor-vacuum-ckt-breaker\/#breadcrumb"},"inLanguage":"pt-BR","potentialAction":[{"@type":"ReadAction","target":["https:\/\/www.jyiele.com\/product\/three-station-indoor-vacuum-ckt-breaker\/"]}]},{"@type":"ImageObject","inLanguage":"pt-BR","@id":"https:\/\/www.jyiele.com\/product\/three-station-indoor-vacuum-ckt-breaker\/#primaryimage","url":"https:\/\/www.jyiele.com\/wp-content\/uploads\/2020\/04\/three-station-indoor-vacuum-ckt-breaker.webp","contentUrl":"https:\/\/www.jyiele.com\/wp-content\/uploads\/2020\/04\/three-station-indoor-vacuum-ckt-breaker.webp","width":600,"height":600,"caption":"three-station-indoor-vacuum-ckt-breaker"},{"@type":"BreadcrumbList","@id":"https:\/\/www.jyiele.com\/product\/three-station-indoor-vacuum-ckt-breaker\/#breadcrumb","itemListElement":[{"@type":"ListItem","position":1,"name":"Home","item":"https:\/\/www.jyiele.com\/"},{"@type":"ListItem","position":2,"name":"Product","item":"https:\/\/www.jyiele.com\/product\/"},{"@type":"ListItem","position":3,"name":"Vacuum Circuit Breaker","item":"https:\/\/www.jyiele.com\/product-category\/vacuum-circuit-breaker\/"},{"@type":"ListItem","position":4,"name":"BQVN-12GD Three Station Indoor Vacuum Ckt Breaker"}]},{"@type":"WebSite","@id":"https:\/\/www.jyiele.com\/#website","url":"https:\/\/www.jyiele.com\/","name":"JYIELE","description":"Fabricante de disjuntores a v\u00e1cuo","publisher":{"@id":"https:\/\/www.jyiele.com\/#organization"},"potentialAction":[{"@type":"SearchAction","target":{"@type":"EntryPoint","urlTemplate":"https:\/\/www.jyiele.com\/?s={search_term_string}"},"query-input":{"@type":"PropertyValueSpecification","valueRequired":true,"valueName":"search_term_string"}}],"inLanguage":"pt-BR"},{"@type":"Organization","@id":"https:\/\/www.jyiele.com\/#organization","name":"JYIELE","url":"https:\/\/www.jyiele.com\/","logo":{"@type":"ImageObject","inLanguage":"pt-BR","@id":"https:\/\/www.jyiele.com\/#\/schema\/logo\/image\/","url":"https:\/\/www.jyiele.com\/wp-content\/uploads\/2024\/09\/cropped-jyele-1.webp","contentUrl":"https:\/\/www.jyiele.com\/wp-content\/uploads\/2024\/09\/cropped-jyele-1.webp","width":137,"height":60,"caption":"JYIELE"},"image":{"@id":"https:\/\/www.jyiele.com\/#\/schema\/logo\/image\/"}}]}},"_links":{"self":[{"href":"https:\/\/www.jyiele.com\/pt\/wp-json\/wp\/v2\/product\/19","targetHints":{"allow":["GET"]}}],"collection":[{"href":"https:\/\/www.jyiele.com\/pt\/wp-json\/wp\/v2\/product"}],"about":[{"href":"https:\/\/www.jyiele.com\/pt\/wp-json\/wp\/v2\/types\/product"}],"version-history":[{"count":1,"href":"https:\/\/www.jyiele.com\/pt\/wp-json\/wp\/v2\/product\/19\/revisions"}],"predecessor-version":[{"id":1483,"href":"https:\/\/www.jyiele.com\/pt\/wp-json\/wp\/v2\/product\/19\/revisions\/1483"}],"wp:featuredmedia":[{"embeddable":true,"href":"https:\/\/www.jyiele.com\/pt\/wp-json\/wp\/v2\/media\/1217"}],"wp:attachment":[{"href":"https:\/\/www.jyiele.com\/pt\/wp-json\/wp\/v2\/media?parent=19"}],"wp:term":[{"taxonomy":"product_brand","embeddable":true,"href":"https:\/\/www.jyiele.com\/pt\/wp-json\/wp\/v2\/product_brand?post=19"},{"taxonomy":"product_cat","embeddable":true,"href":"https:\/\/www.jyiele.com\/pt\/wp-json\/wp\/v2\/product_cat?post=19"},{"taxonomy":"product_tag","embeddable":true,"href":"https:\/\/www.jyiele.com\/pt\/wp-json\/wp\/v2\/product_tag?post=19"}],"curies":[{"name":"wp","href":"https:\/\/api.w.org\/{rel}","templated":true}]}}