{"id":1979,"date":"2024-11-13T10:10:11","date_gmt":"2024-11-13T10:10:11","guid":{"rendered":"https:\/\/www.jy-electric.com\/?post_type=product&#038;p=1979"},"modified":"2025-03-09T11:42:05","modified_gmt":"2025-03-09T11:42:05","slug":"1000vdc-30a-solar-panel-electrical-connectors-ip67","status":"publish","type":"product","link":"https:\/\/www.jyiele.com\/pt\/produto\/1000vdc-30a-solar-panel-electrical-connectors-ip67\/","title":{"rendered":"Conectores el\u00e9tricos para pain\u00e9is solares de 1000 VDC 30 A IP67 \u00e0 prova d'\u00e1gua PV-HCA30"},"content":{"rendered":"<h2>Recursos e vantagens<\/h2>\n<p>Design com trava de seguran\u00e7a: Usa um mecanismo de travamento de f\u00e1cil encaixe para uma conex\u00e3o firme e confi\u00e1vel; instala\u00e7\u00e3o r\u00e1pida e f\u00e1cil com muitos conectores solares.<br \/>\nMaterial de silicone de alta densidade: Resist\u00eancia ao calor, retardamento de chamas, fun\u00e7\u00f5es \u00e0 prova d'\u00e1gua e \u00e0 prova de poeira contribuem para um longo desempenho em um ambiente dif\u00edcil.<br \/>\nFun\u00e7\u00e3o \u00e0 prova d'\u00e1gua e de poeira: Equipado com an\u00e9is de borracha \u00e0 prova d'\u00e1gua de alta densidade, materiais de silicone de excelente qualidade, prote\u00e7\u00e3o de classe IP67 para diversas condi\u00e7\u00f5es clim\u00e1ticas.<br \/>\nN\u00facleo de cobre espessado: O n\u00facleo de cobre banhado por solda \u00e9 excelente em condutividade, com resist\u00eancia \u00e0 oxida\u00e7\u00e3o. A resist\u00eancia de contato pode ser t\u00e3o baixa quanto 0,5 m\u03a9 para garantir uma transmiss\u00e3o de corrente eficiente.<br \/>\nSuporte a alta tens\u00e3o nominal e corrente: apresenta alta tens\u00e3o nominal de at\u00e9 1000 V CC e alta corrente nominal de at\u00e9 45 A, o que torna o conector uma aplica\u00e7\u00e3o perfeita para estabelecimentos fotovoltaicos de grande escala<br \/>\nAmpla adaptabilidade \u00e0 temperatura: Opera em uma temperatura t\u00e3o baixa quanto -40 \u00b0C e t\u00e3o alta quanto +90 \u00b0C, enquanto a temperatura m\u00e1xima pode chegar a +105 \u00b0C, o que o torna muito adapt\u00e1vel a diferentes condi\u00e7\u00f5es ambientais.<br \/>\nAlta retard\u00e2ncia \u00e0 chama: Envolve retardante de chamas de grau UL-94-V0 e, portanto, atende \u00e0s demandas de seguran\u00e7a em ambientes de alta temperatura ou propensos a inc\u00eandios.<\/p>\n<h2>Par\u00e2metro do produto<\/h2>\n<figure class=\"wp-block-table\">\n<div class=\"scroll\">\n<table>\n<tbody>\n<tr>\n<td>N\u00famero de s\u00e9rie<\/td>\n<td>Par\u00e2metro<\/td>\n<td>Par\u00e2metro<\/td>\n<\/tr>\n<tr>\n<td>1<\/td>\n<td>Tipo<\/td>\n<td>Conector solar fotovoltaico<\/td>\n<\/tr>\n<tr>\n<td>2<\/td>\n<td>Tens\u00e3o nominal<\/td>\n<td>1000V CC<\/td>\n<\/tr>\n<tr>\n<td>3<\/td>\n<td>Corrente nominal<\/td>\n<td>45A (2,5\/4\/6mm2,14\/12\/10AWG)<\/td>\n<\/tr>\n<tr>\n<td>4<\/td>\n<td>Tens\u00e3o de teste<\/td>\n<td>8000V(50Hz,1min)<\/td>\n<\/tr>\n<tr>\n<td>5<\/td>\n<td>Faixa de temperatura<\/td>\n<td>-40\u00b0C ...+90\u00b0C<\/td>\n<\/tr>\n<tr>\n<td>6<\/td>\n<td>Temperatura limite superior<\/td>\n<td>+105\u00b0C<\/td>\n<\/tr>\n<tr>\n<td>7<\/td>\n<td>Grau de prote\u00e7\u00e3o<\/td>\n<td>IP2X\/ IP68<\/td>\n<\/tr>\n<tr>\n<td>8<\/td>\n<td>Resist\u00eancia de contato dos conectores de plugue<\/td>\n<td>0,5m\u03a9<\/td>\n<\/tr>\n<tr>\n<td>9<\/td>\n<td>Classe de seguran\u00e7a<\/td>\n<td>\u2161<\/td>\n<\/tr>\n<tr>\n<td>10<\/td>\n<td>Material de contato<\/td>\n<td>Cobre, banhado a estanho<\/td>\n<\/tr>\n<tr>\n<td>11<\/td>\n<td>Material de isolamento<\/td>\n<td>PPO<\/td>\n<\/tr>\n<tr>\n<td>12<\/td>\n<td>For\u00e7a de retirada\/for\u00e7a de inser\u00e7\u00e3o<\/td>\n<td>\u226550N\/\u226450N<\/td>\n<\/tr>\n<tr>\n<td>13<\/td>\n<td>Sistema de travamento<\/td>\n<td>Encaixe<\/td>\n<\/tr>\n<tr>\n<td>14<\/td>\n<td>Classe Flame<\/td>\n<td>UL-94-V0<\/td>\n<\/tr>\n<\/tbody>\n<\/table>\n<\/div>\n<\/figure>\n<figure class=\"wp-block-image size-full is-resized\"><img fetchpriority=\"high\" decoding=\"async\" class=\"alignnone wp-image-1983\" src=\"https:\/\/www.jy-electric.com\/wp-content\/uploads\/2024\/10\/30A-Solar-PV-Connector-Male-And-Female-294x300.webp\" alt=\"Conector solar fotovoltaico 30A macho e f\u00eamea\" width=\"450\" height=\"459\" srcset=\"https:\/\/www.jyiele.com\/wp-content\/uploads\/2024\/10\/30A-Solar-PV-Connector-Male-And-Female-294x300.webp 294w, https:\/\/www.jyiele.com\/wp-content\/uploads\/2024\/10\/30A-Solar-PV-Connector-Male-And-Female-12x12.webp 12w, https:\/\/www.jyiele.com\/wp-content\/uploads\/2024\/10\/30A-Solar-PV-Connector-Male-And-Female-600x613.webp 600w, https:\/\/www.jyiele.com\/wp-content\/uploads\/2024\/10\/30A-Solar-PV-Connector-Male-And-Female.webp 671w\" sizes=\"(max-width: 450px) 100vw, 450px\" \/><\/figure>\n<h2>Principais aplicativos<\/h2>\n<p><strong>Conectores el\u00e9tricos do painel solar<\/strong> pode ser aplicado a uma ampla gama de usos em sistemas de gera\u00e7\u00e3o de energia fotovoltaica, incluindo, entre outros, os seguintes cen\u00e1rios:<\/p>\n<p>Sistemas de energia solar residencial: Ser\u00e3o usados em conex\u00f5es de pain\u00e9is solares no telhado \u00e0 rede ou ao inversor para convers\u00e3o e transmiss\u00e3o de energia.<\/p>\n<p>Usinas de energia solar comerciais: Esses conectores encontrar\u00e3o aplica\u00e7\u00f5es em larga escala em projetos de energia solar que conectam conjuntos de pain\u00e9is solares para a transmiss\u00e3o eficaz de energia.<\/p>\n<p>Aplica\u00e7\u00f5es solares industriais: Os conectores el\u00e9tricos de pain\u00e9is solares podem ser aplicados em esta\u00e7\u00f5es de energia solar em escala industrial e em sistemas de energia solar.<\/p>\n<h2>Manuten\u00e7\u00e3o e cuidados<\/h2>\n<p>Inspe\u00e7\u00e3o regular: Inspecione regularmente a resist\u00eancia de contato do conector para garantir que sua condutividade esteja dentro de uma faixa normal.<br \/>\nLimpeza dos an\u00e9is de borracha \u00e0 prova d'\u00e1gua: Limpe os an\u00e9is de borracha \u00e0 prova d'\u00e1gua com frequ\u00eancia, pois o ac\u00famulo de poeira ou outras part\u00edculas pode interferir na veda\u00e7\u00e3o.<br \/>\nVerifique a trava de seguran\u00e7a: Verifique a estabilidade do mecanismo de travamento com o objetivo de garantir a confiabilidade das conex\u00f5es mesmo ap\u00f3s per\u00edodos de tempo.<br \/>\nPreste aten\u00e7\u00e3o \u00e0s conex\u00f5es corretas dos terminais positivo e negativo antes da instala\u00e7\u00e3o para evitar erros de polaridade do sistema que possam causar mau funcionamento.<br \/>\nProteja-se do sol e da chuva: Sempre que poss\u00edvel, evite a luz solar intensa e a chuva para ajudar a prolongar a vida \u00fatil do conector.<br \/>\nSeguindo as etapas descritas abaixo, a vida \u00fatil dos conectores el\u00e9tricos do painel solar pode ser prolongada para garantir a estabilidade de um sistema fotovoltaico.<\/p>","protected":false},"excerpt":{"rendered":"<p><strong>Conectores el\u00e9tricos do painel solar<\/strong> s\u00e3o partes importantes de um sistema fotovoltaico. Eles foram projetados para conectar pain\u00e9is solares a controladores, inversores e outras instala\u00e7\u00f5es para a transmiss\u00e3o m\u00e1xima de pot\u00eancia de sa\u00edda. Esse conector de 1000 VCC 30A foi projetado nas vers\u00f5es macho e f\u00eamea, \u00e0 prova d'\u00e1gua IP 67 e com os mais altos padr\u00f5es poss\u00edveis. Ele tem um design PV-HCA30 com excelente resist\u00eancia ao calor, \u00e0 prova d'\u00e1gua e \u00e0 prova de poeira, sendo adequado para instala\u00e7\u00e3o e manuten\u00e7\u00e3o em diferentes tipos de sistemas solares fotovoltaicos.<\/p>","protected":false},"featured_media":1986,"template":"","meta":{"site-sidebar-layout":"default","site-content-layout":"","ast-site-content-layout":"default","site-content-style":"default","site-sidebar-style":"default","ast-global-header-display":"","ast-banner-title-visibility":"","ast-main-header-display":"","ast-hfb-above-header-display":"","ast-hfb-below-header-display":"","ast-hfb-mobile-header-display":"","site-post-title":"","ast-breadcrumbs-content":"","ast-featured-img":"","footer-sml-layout":"","ast-disable-related-posts":"","theme-transparent-header-meta":"default","adv-header-id-meta":"","stick-header-meta":"","header-above-stick-meta":"","header-main-stick-meta":"","header-below-stick-meta":"","astra-migrate-meta-layouts":"set","ast-page-background-enabled":"default","ast-page-background-meta":{"desktop":{"background-color":"var(--ast-global-color-4)","background-image":"","background-repeat":"repeat","background-position":"center center","background-size":"auto","background-attachment":"scroll","background-type":"","background-media":"","overlay-type":"","overlay-color":"","overlay-opacity":"","overlay-gradient":""},"tablet":{"background-color":"","background-image":"","background-repeat":"repeat","background-position":"center center","background-size":"auto","background-attachment":"scroll","background-type":"","background-media":"","overlay-type":"","overlay-color":"","overlay-opacity":"","overlay-gradient":""},"mobile":{"background-color":"","background-image":"","background-repeat":"repeat","background-position":"center center","background-size":"auto","background-attachment":"scroll","background-type":"","background-media":"","overlay-type":"","overlay-color":"","overlay-opacity":"","overlay-gradient":""}},"ast-content-background-meta":{"desktop":{"background-color":"var(--ast-global-color-5)","background-image":"","background-repeat":"repeat","background-position":"center center","background-size":"auto","background-attachment":"scroll","background-type":"","background-media":"","overlay-type":"","overlay-color":"","overlay-opacity":"","overlay-gradient":""},"tablet":{"background-color":"var(--ast-global-color-5)","background-image":"","background-repeat":"repeat","background-position":"center center","background-size":"auto","background-attachment":"scroll","background-type":"","background-media":"","overlay-type":"","overlay-color":"","overlay-opacity":"","overlay-gradient":""},"mobile":{"background-color":"var(--ast-global-color-5)","background-image":"","background-repeat":"repeat","background-position":"center center","background-size":"auto","background-attachment":"scroll","background-type":"","background-media":"","overlay-type":"","overlay-color":"","overlay-opacity":"","overlay-gradient":""}}},"product_brand":[],"product_cat":[19],"product_tag":[],"class_list":{"0":"post-1979","1":"product","2":"type-product","3":"status-publish","4":"has-post-thumbnail","6":"product_cat-mc4-connector","7":"desktop-align-left","8":"tablet-align-left","9":"mobile-align-left","11":"first","12":"instock","13":"shipping-taxable","14":"product-type-simple"},"yoast_head":"<!-- This site is optimized with the Yoast SEO plugin v24.8.1 - https:\/\/yoast.com\/wordpress\/plugins\/seo\/ -->\n<title>Solar Panel Electrical Connectors Manufacturer Form China<\/title>\n<meta name=\"description\" content=\"Durable solar panel electrical connectors, IP67 waterproof rating, and heat resistance. Ideal for efficient, safe solar power system connections.\" \/>\n<meta name=\"robots\" content=\"index, follow, max-snippet:-1, max-image-preview:large, max-video-preview:-1\" \/>\n<link rel=\"canonical\" href=\"https:\/\/www.jyiele.com\/pt\/produto\/1000vdc-30a-solar-panel-electrical-connectors-ip67\/\" \/>\n<meta property=\"og:locale\" content=\"pt_BR\" \/>\n<meta property=\"og:type\" content=\"article\" \/>\n<meta property=\"og:title\" content=\"Solar Panel Electrical Connectors Manufacturer Form China\" \/>\n<meta property=\"og:description\" content=\"Durable solar panel electrical connectors, IP67 waterproof rating, and heat resistance. Ideal for efficient, safe solar power system connections.\" \/>\n<meta property=\"og:url\" content=\"https:\/\/www.jyiele.com\/pt\/produto\/1000vdc-30a-solar-panel-electrical-connectors-ip67\/\" \/>\n<meta property=\"og:site_name\" content=\"JYIELE\" \/>\n<meta property=\"article:modified_time\" content=\"2025-03-09T11:42:05+00:00\" \/>\n<meta property=\"og:image\" content=\"https:\/\/www.jyiele.com\/wp-content\/uploads\/2024\/10\/1000VDC-30A-Solar-Panel-Electrical-Connectors-IP67.webp\" \/>\n\t<meta property=\"og:image:width\" content=\"800\" \/>\n\t<meta property=\"og:image:height\" content=\"800\" \/>\n\t<meta property=\"og:image:type\" content=\"image\/webp\" \/>\n<meta name=\"twitter:card\" content=\"summary_large_image\" \/>\n<meta name=\"twitter:label1\" content=\"Est. tempo de leitura\" \/>\n\t<meta name=\"twitter:data1\" content=\"3 minutos\" \/>\n<script type=\"application\/ld+json\" class=\"yoast-schema-graph\">{\"@context\":\"https:\/\/schema.org\",\"@graph\":[{\"@type\":\"WebPage\",\"@id\":\"https:\/\/www.jyiele.com\/product\/1000vdc-30a-solar-panel-electrical-connectors-ip67\/\",\"url\":\"https:\/\/www.jyiele.com\/product\/1000vdc-30a-solar-panel-electrical-connectors-ip67\/\",\"name\":\"Solar Panel Electrical Connectors Manufacturer Form China\",\"isPartOf\":{\"@id\":\"https:\/\/www.jyiele.com\/#website\"},\"primaryImageOfPage\":{\"@id\":\"https:\/\/www.jyiele.com\/product\/1000vdc-30a-solar-panel-electrical-connectors-ip67\/#primaryimage\"},\"image\":{\"@id\":\"https:\/\/www.jyiele.com\/product\/1000vdc-30a-solar-panel-electrical-connectors-ip67\/#primaryimage\"},\"thumbnailUrl\":\"https:\/\/www.jyiele.com\/wp-content\/uploads\/2024\/10\/1000VDC-30A-Solar-Panel-Electrical-Connectors-IP67.webp\",\"datePublished\":\"2024-11-13T10:10:11+00:00\",\"dateModified\":\"2025-03-09T11:42:05+00:00\",\"description\":\"Durable solar panel electrical connectors, IP67 waterproof rating, and heat resistance. Ideal for efficient, safe solar power system connections.\",\"breadcrumb\":{\"@id\":\"https:\/\/www.jyiele.com\/product\/1000vdc-30a-solar-panel-electrical-connectors-ip67\/#breadcrumb\"},\"inLanguage\":\"pt-BR\",\"potentialAction\":[{\"@type\":\"ReadAction\",\"target\":[\"https:\/\/www.jyiele.com\/product\/1000vdc-30a-solar-panel-electrical-connectors-ip67\/\"]}]},{\"@type\":\"ImageObject\",\"inLanguage\":\"pt-BR\",\"@id\":\"https:\/\/www.jyiele.com\/product\/1000vdc-30a-solar-panel-electrical-connectors-ip67\/#primaryimage\",\"url\":\"https:\/\/www.jyiele.com\/wp-content\/uploads\/2024\/10\/1000VDC-30A-Solar-Panel-Electrical-Connectors-IP67.webp\",\"contentUrl\":\"https:\/\/www.jyiele.com\/wp-content\/uploads\/2024\/10\/1000VDC-30A-Solar-Panel-Electrical-Connectors-IP67.webp\",\"width\":800,\"height\":800,\"caption\":\"1000VDC 30A Solar Panel Electrical Connectors IP67\"},{\"@type\":\"BreadcrumbList\",\"@id\":\"https:\/\/www.jyiele.com\/product\/1000vdc-30a-solar-panel-electrical-connectors-ip67\/#breadcrumb\",\"itemListElement\":[{\"@type\":\"ListItem\",\"position\":1,\"name\":\"Home\",\"item\":\"https:\/\/www.jyiele.com\/\"},{\"@type\":\"ListItem\",\"position\":2,\"name\":\"Product\",\"item\":\"https:\/\/www.jyiele.com\/product\/\"},{\"@type\":\"ListItem\",\"position\":3,\"name\":\"MC4 Connector\",\"item\":\"https:\/\/www.jyiele.com\/product-category\/mc4-connector\/\"},{\"@type\":\"ListItem\",\"position\":4,\"name\":\"1000VDC 30A Solar Panel Electrical Connectors IP67 Waterproof PV-HCA30\"}]},{\"@type\":\"WebSite\",\"@id\":\"https:\/\/www.jyiele.com\/#website\",\"url\":\"https:\/\/www.jyiele.com\/\",\"name\":\"JYIELE\",\"description\":\"Vacuum Circuit Breaker manufacturer\",\"publisher\":{\"@id\":\"https:\/\/www.jyiele.com\/#organization\"},\"potentialAction\":[{\"@type\":\"SearchAction\",\"target\":{\"@type\":\"EntryPoint\",\"urlTemplate\":\"https:\/\/www.jyiele.com\/?s={search_term_string}\"},\"query-input\":{\"@type\":\"PropertyValueSpecification\",\"valueRequired\":true,\"valueName\":\"search_term_string\"}}],\"inLanguage\":\"pt-BR\"},{\"@type\":\"Organization\",\"@id\":\"https:\/\/www.jyiele.com\/#organization\",\"name\":\"JYIELE\",\"url\":\"https:\/\/www.jyiele.com\/\",\"logo\":{\"@type\":\"ImageObject\",\"inLanguage\":\"pt-BR\",\"@id\":\"https:\/\/www.jyiele.com\/#\/schema\/logo\/image\/\",\"url\":\"https:\/\/www.jyiele.com\/wp-content\/uploads\/2024\/09\/cropped-jyele-1.webp\",\"contentUrl\":\"https:\/\/www.jyiele.com\/wp-content\/uploads\/2024\/09\/cropped-jyele-1.webp\",\"width\":137,\"height\":60,\"caption\":\"JYIELE\"},\"image\":{\"@id\":\"https:\/\/www.jyiele.com\/#\/schema\/logo\/image\/\"}}]}<\/script>\n<!-- \/ Yoast SEO plugin. -->","yoast_head_json":{"title":"Conectores el\u00e9tricos para pain\u00e9is solares Fabricante da China","description":"Conectores el\u00e9tricos dur\u00e1veis para pain\u00e9is solares, classifica\u00e7\u00e3o IP67 \u00e0 prova d'\u00e1gua e resist\u00eancia ao calor. Ideal para conex\u00f5es eficientes e seguras do sistema de energia solar.","robots":{"index":"index","follow":"follow","max-snippet":"max-snippet:-1","max-image-preview":"max-image-preview:large","max-video-preview":"max-video-preview:-1"},"canonical":"https:\/\/www.jyiele.com\/pt\/produto\/1000vdc-30a-solar-panel-electrical-connectors-ip67\/","og_locale":"pt_BR","og_type":"article","og_title":"Solar Panel Electrical Connectors Manufacturer Form China","og_description":"Durable solar panel electrical connectors, IP67 waterproof rating, and heat resistance. Ideal for efficient, safe solar power system connections.","og_url":"https:\/\/www.jyiele.com\/pt\/produto\/1000vdc-30a-solar-panel-electrical-connectors-ip67\/","og_site_name":"JYIELE","article_modified_time":"2025-03-09T11:42:05+00:00","og_image":[{"width":800,"height":800,"url":"https:\/\/www.jyiele.com\/wp-content\/uploads\/2024\/10\/1000VDC-30A-Solar-Panel-Electrical-Connectors-IP67.webp","type":"image\/webp"}],"twitter_card":"summary_large_image","twitter_misc":{"Est. tempo de leitura":"3 minutos"},"schema":{"@context":"https:\/\/schema.org","@graph":[{"@type":"WebPage","@id":"https:\/\/www.jyiele.com\/product\/1000vdc-30a-solar-panel-electrical-connectors-ip67\/","url":"https:\/\/www.jyiele.com\/product\/1000vdc-30a-solar-panel-electrical-connectors-ip67\/","name":"Conectores el\u00e9tricos para pain\u00e9is solares Fabricante da China","isPartOf":{"@id":"https:\/\/www.jyiele.com\/#website"},"primaryImageOfPage":{"@id":"https:\/\/www.jyiele.com\/product\/1000vdc-30a-solar-panel-electrical-connectors-ip67\/#primaryimage"},"image":{"@id":"https:\/\/www.jyiele.com\/product\/1000vdc-30a-solar-panel-electrical-connectors-ip67\/#primaryimage"},"thumbnailUrl":"https:\/\/www.jyiele.com\/wp-content\/uploads\/2024\/10\/1000VDC-30A-Solar-Panel-Electrical-Connectors-IP67.webp","datePublished":"2024-11-13T10:10:11+00:00","dateModified":"2025-03-09T11:42:05+00:00","description":"Conectores el\u00e9tricos dur\u00e1veis para pain\u00e9is solares, classifica\u00e7\u00e3o IP67 \u00e0 prova d'\u00e1gua e resist\u00eancia ao calor. Ideal para conex\u00f5es eficientes e seguras do sistema de energia solar.","breadcrumb":{"@id":"https:\/\/www.jyiele.com\/product\/1000vdc-30a-solar-panel-electrical-connectors-ip67\/#breadcrumb"},"inLanguage":"pt-BR","potentialAction":[{"@type":"ReadAction","target":["https:\/\/www.jyiele.com\/product\/1000vdc-30a-solar-panel-electrical-connectors-ip67\/"]}]},{"@type":"ImageObject","inLanguage":"pt-BR","@id":"https:\/\/www.jyiele.com\/product\/1000vdc-30a-solar-panel-electrical-connectors-ip67\/#primaryimage","url":"https:\/\/www.jyiele.com\/wp-content\/uploads\/2024\/10\/1000VDC-30A-Solar-Panel-Electrical-Connectors-IP67.webp","contentUrl":"https:\/\/www.jyiele.com\/wp-content\/uploads\/2024\/10\/1000VDC-30A-Solar-Panel-Electrical-Connectors-IP67.webp","width":800,"height":800,"caption":"1000VDC 30A Solar Panel Electrical Connectors IP67"},{"@type":"BreadcrumbList","@id":"https:\/\/www.jyiele.com\/product\/1000vdc-30a-solar-panel-electrical-connectors-ip67\/#breadcrumb","itemListElement":[{"@type":"ListItem","position":1,"name":"Home","item":"https:\/\/www.jyiele.com\/"},{"@type":"ListItem","position":2,"name":"Product","item":"https:\/\/www.jyiele.com\/product\/"},{"@type":"ListItem","position":3,"name":"MC4 Connector","item":"https:\/\/www.jyiele.com\/product-category\/mc4-connector\/"},{"@type":"ListItem","position":4,"name":"1000VDC 30A Solar Panel Electrical Connectors IP67 Waterproof PV-HCA30"}]},{"@type":"WebSite","@id":"https:\/\/www.jyiele.com\/#website","url":"https:\/\/www.jyiele.com\/","name":"JYIELE","description":"Fabricante de disjuntores a v\u00e1cuo","publisher":{"@id":"https:\/\/www.jyiele.com\/#organization"},"potentialAction":[{"@type":"SearchAction","target":{"@type":"EntryPoint","urlTemplate":"https:\/\/www.jyiele.com\/?s={search_term_string}"},"query-input":{"@type":"PropertyValueSpecification","valueRequired":true,"valueName":"search_term_string"}}],"inLanguage":"pt-BR"},{"@type":"Organization","@id":"https:\/\/www.jyiele.com\/#organization","name":"JYIELE","url":"https:\/\/www.jyiele.com\/","logo":{"@type":"ImageObject","inLanguage":"pt-BR","@id":"https:\/\/www.jyiele.com\/#\/schema\/logo\/image\/","url":"https:\/\/www.jyiele.com\/wp-content\/uploads\/2024\/09\/cropped-jyele-1.webp","contentUrl":"https:\/\/www.jyiele.com\/wp-content\/uploads\/2024\/09\/cropped-jyele-1.webp","width":137,"height":60,"caption":"JYIELE"},"image":{"@id":"https:\/\/www.jyiele.com\/#\/schema\/logo\/image\/"}}]}},"_links":{"self":[{"href":"https:\/\/www.jyiele.com\/pt\/wp-json\/wp\/v2\/product\/1979","targetHints":{"allow":["GET"]}}],"collection":[{"href":"https:\/\/www.jyiele.com\/pt\/wp-json\/wp\/v2\/product"}],"about":[{"href":"https:\/\/www.jyiele.com\/pt\/wp-json\/wp\/v2\/types\/product"}],"version-history":[{"count":4,"href":"https:\/\/www.jyiele.com\/pt\/wp-json\/wp\/v2\/product\/1979\/revisions"}],"predecessor-version":[{"id":1987,"href":"https:\/\/www.jyiele.com\/pt\/wp-json\/wp\/v2\/product\/1979\/revisions\/1987"}],"wp:featuredmedia":[{"embeddable":true,"href":"https:\/\/www.jyiele.com\/pt\/wp-json\/wp\/v2\/media\/1986"}],"wp:attachment":[{"href":"https:\/\/www.jyiele.com\/pt\/wp-json\/wp\/v2\/media?parent=1979"}],"wp:term":[{"taxonomy":"product_brand","embeddable":true,"href":"https:\/\/www.jyiele.com\/pt\/wp-json\/wp\/v2\/product_brand?post=1979"},{"taxonomy":"product_cat","embeddable":true,"href":"https:\/\/www.jyiele.com\/pt\/wp-json\/wp\/v2\/product_cat?post=1979"},{"taxonomy":"product_tag","embeddable":true,"href":"https:\/\/www.jyiele.com\/pt\/wp-json\/wp\/v2\/product_tag?post=1979"}],"curies":[{"name":"wp","href":"https:\/\/api.w.org\/{rel}","templated":true}]}}