{"id":2113,"date":"2024-10-16T11:51:04","date_gmt":"2024-10-16T11:51:04","guid":{"rendered":"https:\/\/www.jy-electric.com\/?post_type=product&#038;p=2113"},"modified":"2025-03-09T11:35:15","modified_gmt":"2025-03-09T11:35:15","slug":"ip65-outdoorusing-waterproof-pc-plastic-electrical-mcb-distribution-box","status":"publish","type":"product","link":"https:\/\/www.jyiele.com\/pt\/produto\/ip65-outdoorusing-waterproof-pc-plastic-electrical-mcb-distribution-box\/","title":{"rendered":"HT Series Ip65 Outdoorusing Waterproof PC Plastic Electrical Mcb Distribution Box"},"content":{"rendered":"<h2>S\u00e9rie HT IP65 Caixa de distribui\u00e7\u00e3o el\u00e9trica MCB de pl\u00e1stico para PC \u00e0 prova d'\u00e1gua para ambientes externos<\/h2>\n<h2>Principais recursos:<\/h2>\n<p>Op\u00e7\u00f5es de entrada e sa\u00edda Diversas<br \/>\nA caixa \u00e9 projetada com orif\u00edcios de entrada e sa\u00edda pr\u00e9-reservados e inclui juntas de n\u00e1ilon correspondentes para mais op\u00e7\u00f5es de impermeabiliza\u00e7\u00e3o.<\/p>\n<p>Fita de PVC \u00e0 prova d'\u00e1gua<br \/>\nUma tira de PVC resistente e anticorros\u00e3o foi fixada na caixa para uma impermeabiliza\u00e7\u00e3o dur\u00e1vel.<\/p>\n<p>Projeto de instala\u00e7\u00e3o flex\u00edvel<br \/>\nOs orif\u00edcios de montagem pr\u00e9-perfurados e um trilho de montagem de 35 mm permitem a f\u00e1cil instala\u00e7\u00e3o de terminais de linha zero e de barra de aterramento, quando necess\u00e1rio.<\/p>\n<p>Montagem multiuso<br \/>\nAs carca\u00e7as oferecem v\u00e1rios orif\u00edcios de montagem reservados para acomodar m\u00e9todos mais f\u00e1ceis e adapt\u00e1veis de instala\u00e7\u00e3o em v\u00e1rios ambientes.<\/p>\n<p>Alojamento robusto<br \/>\nA carca\u00e7a feita de policarbonato resistente a impactos ou ABS \u00e9 adequada para condi\u00e7\u00f5es industriais dif\u00edceis.<\/p>\n<h4 class=\"wp-block-heading\">Especifica\u00e7\u00e3o do produto<\/h4>\n<figure class=\"wp-block-table\">\n<div class=\"scroll\">\n<table>\n<tbody>\n<tr>\n<td>Modelo<\/td>\n<td>Formas<\/td>\n<td>Classifica\u00e7\u00e3o IP<\/td>\n<td>Tamanhos dos produtos (C*L*A) (mm)<\/td>\n<td>peso do produto<\/td>\n<\/tr>\n<tr>\n<td>HT-5<\/td>\n<td>5 vias<\/td>\n<td>IP65<\/td>\n<td>120*160*95<\/td>\n<td>0.34KG<\/td>\n<\/tr>\n<tr>\n<td>HT-8<\/td>\n<td>8 maneiras<\/td>\n<td>IP65<\/td>\n<td>200*155*95<\/td>\n<td>0,53 KG<\/td>\n<\/tr>\n<tr>\n<td>HT-12<\/td>\n<td>12 vias<\/td>\n<td>IP65<\/td>\n<td>250*195*110<\/td>\n<td>0,84 KG<\/td>\n<\/tr>\n<tr>\n<td>HT-15<\/td>\n<td>15 maneiras<\/td>\n<td>IP65<\/td>\n<td>310*195*110<\/td>\n<td>0,9 KG<\/td>\n<\/tr>\n<tr>\n<td>HT-18<\/td>\n<td>18 maneiras<\/td>\n<td>IP65<\/td>\n<td>365*195*110<\/td>\n<td>1.07KG<\/td>\n<\/tr>\n<tr>\n<td>HT-24<\/td>\n<td>24 maneiras<\/td>\n<td>IP65<\/td>\n<td>360*280*110<\/td>\n<td>1,35 KG<\/td>\n<\/tr>\n<\/tbody>\n<\/table>\n<\/div>\n<\/figure>","protected":false},"excerpt":{"rendered":"<p>S\u00e9rie HT <strong>Caixa de distribui\u00e7\u00e3o de pl\u00e1stico<\/strong> projetado de acordo com os padr\u00f5es internacionais \u00e9 um tipo atraente e dur\u00e1vel. \u00c9 seguro, confi\u00e1vel e amplamente utilizado em f\u00e1bricas, edif\u00edcios, resid\u00eancias, shopping centers e muitos outros lugares.<\/p>\n<p>N\u00famero do modelo: HT-3<br \/>\nNome do produto: Caixa de distribui\u00e7\u00e3o el\u00e9trica<br \/>\nAplica\u00e7\u00e3o: Sistema de distribui\u00e7\u00e3o de energia de baixa tens\u00e3o<br \/>\nCor: cinza claro<br \/>\nTipo de instala\u00e7\u00e3o: Montagem em superf\u00edcie<br \/>\nGrau de prote\u00e7\u00e3o: IP65\/IP55\/IP44<br \/>\nFormas: 3 a 24 formas<br \/>\nGarantia: 24 meses<br \/>\nTens\u00e3o nominal: 220V-380V<br \/>\nFrequ\u00eancia nominal: 50-60HZ<br \/>\nCertifica\u00e7\u00e3o: CE, ROHS<\/p>\n<p>&nbsp;<\/p>","protected":false},"featured_media":2116,"template":"","meta":{"site-sidebar-layout":"default","site-content-layout":"","ast-site-content-layout":"default","site-content-style":"default","site-sidebar-style":"default","ast-global-header-display":"","ast-banner-title-visibility":"","ast-main-header-display":"","ast-hfb-above-header-display":"","ast-hfb-below-header-display":"","ast-hfb-mobile-header-display":"","site-post-title":"","ast-breadcrumbs-content":"","ast-featured-img":"","footer-sml-layout":"","ast-disable-related-posts":"","theme-transparent-header-meta":"default","adv-header-id-meta":"","stick-header-meta":"","header-above-stick-meta":"","header-main-stick-meta":"","header-below-stick-meta":"","astra-migrate-meta-layouts":"set","ast-page-background-enabled":"default","ast-page-background-meta":{"desktop":{"background-color":"var(--ast-global-color-4)","background-image":"","background-repeat":"repeat","background-position":"center center","background-size":"auto","background-attachment":"scroll","background-type":"","background-media":"","overlay-type":"","overlay-color":"","overlay-opacity":"","overlay-gradient":""},"tablet":{"background-color":"","background-image":"","background-repeat":"repeat","background-position":"center center","background-size":"auto","background-attachment":"scroll","background-type":"","background-media":"","overlay-type":"","overlay-color":"","overlay-opacity":"","overlay-gradient":""},"mobile":{"background-color":"","background-image":"","background-repeat":"repeat","background-position":"center center","background-size":"auto","background-attachment":"scroll","background-type":"","background-media":"","overlay-type":"","overlay-color":"","overlay-opacity":"","overlay-gradient":""}},"ast-content-background-meta":{"desktop":{"background-color":"var(--ast-global-color-5)","background-image":"","background-repeat":"repeat","background-position":"center center","background-size":"auto","background-attachment":"scroll","background-type":"","background-media":"","overlay-type":"","overlay-color":"","overlay-opacity":"","overlay-gradient":""},"tablet":{"background-color":"var(--ast-global-color-5)","background-image":"","background-repeat":"repeat","background-position":"center center","background-size":"auto","background-attachment":"scroll","background-type":"","background-media":"","overlay-type":"","overlay-color":"","overlay-opacity":"","overlay-gradient":""},"mobile":{"background-color":"var(--ast-global-color-5)","background-image":"","background-repeat":"repeat","background-position":"center center","background-size":"auto","background-attachment":"scroll","background-type":"","background-media":"","overlay-type":"","overlay-color":"","overlay-opacity":"","overlay-gradient":""}}},"product_brand":[],"product_cat":[23],"product_tag":[],"class_list":{"0":"post-2113","1":"product","2":"type-product","3":"status-publish","4":"has-post-thumbnail","6":"product_cat-waterproof-plastic-enclosure","7":"desktop-align-left","8":"tablet-align-left","9":"mobile-align-left","11":"first","12":"instock","13":"shipping-taxable","14":"product-type-simple"},"yoast_head":"<!-- This site is optimized with the Yoast SEO plugin v24.8.1 - https:\/\/yoast.com\/wordpress\/plugins\/seo\/ -->\n<title>Ip65 Outdoorusing Waterproof PC Plastic Electrical Mcb Distribution Box Factory - JYIELE<\/title>\n<meta name=\"robots\" content=\"index, follow, max-snippet:-1, max-image-preview:large, max-video-preview:-1\" \/>\n<link rel=\"canonical\" href=\"https:\/\/www.jyiele.com\/pt\/produto\/ip65-outdoorusing-waterproof-pc-plastic-electrical-mcb-distribution-box\/\" \/>\n<meta property=\"og:locale\" content=\"pt_BR\" \/>\n<meta property=\"og:type\" content=\"article\" \/>\n<meta property=\"og:title\" content=\"Ip65 Outdoorusing Waterproof PC Plastic Electrical Mcb Distribution Box Factory - JYIELE\" \/>\n<meta property=\"og:description\" content=\"HT Series Plastic Distribution Box designed by international standard is a kind of attractive and durable one. It is safe, reliable, and widely used in factories, buildings, residences, shopping centers, and many other places.  Model Number: HT-3 Product Name: Electrical Distribution Box Application: Low Voltage Power Distribution System Color: Light Grey Installation Type: Surface Mount Protection Degree: IP65\/IP55\/IP44 Ways: 3 to 24 ways Warranty: 24 Months Rated Voltage: 220V-380V Rated Frequency: 50-60HZ Certification: CE, ROHS  &nbsp;\" \/>\n<meta property=\"og:url\" content=\"https:\/\/www.jyiele.com\/pt\/produto\/ip65-outdoorusing-waterproof-pc-plastic-electrical-mcb-distribution-box\/\" \/>\n<meta property=\"og:site_name\" content=\"JYIELE\" \/>\n<meta property=\"article:modified_time\" content=\"2025-03-09T11:35:15+00:00\" \/>\n<meta property=\"og:image\" content=\"https:\/\/www.jyiele.com\/wp-content\/uploads\/2024\/10\/HT-Series-Ip65-Outdoorusing-Waterproof-PC-Plastic-Electrical-Mcb-Distribution-Box.webp\" \/>\n\t<meta property=\"og:image:width\" content=\"800\" \/>\n\t<meta property=\"og:image:height\" content=\"800\" \/>\n\t<meta property=\"og:image:type\" content=\"image\/webp\" \/>\n<meta name=\"twitter:card\" content=\"summary_large_image\" \/>\n<meta name=\"twitter:label1\" content=\"Est. tempo de leitura\" \/>\n\t<meta name=\"twitter:data1\" content=\"1 minuto\" \/>\n<script type=\"application\/ld+json\" class=\"yoast-schema-graph\">{\"@context\":\"https:\/\/schema.org\",\"@graph\":[{\"@type\":\"WebPage\",\"@id\":\"https:\/\/www.jyiele.com\/product\/ip65-outdoorusing-waterproof-pc-plastic-electrical-mcb-distribution-box\/\",\"url\":\"https:\/\/www.jyiele.com\/product\/ip65-outdoorusing-waterproof-pc-plastic-electrical-mcb-distribution-box\/\",\"name\":\"Ip65 Outdoorusing Waterproof PC Plastic Electrical Mcb Distribution Box Factory - JYIELE\",\"isPartOf\":{\"@id\":\"https:\/\/www.jyiele.com\/#website\"},\"primaryImageOfPage\":{\"@id\":\"https:\/\/www.jyiele.com\/product\/ip65-outdoorusing-waterproof-pc-plastic-electrical-mcb-distribution-box\/#primaryimage\"},\"image\":{\"@id\":\"https:\/\/www.jyiele.com\/product\/ip65-outdoorusing-waterproof-pc-plastic-electrical-mcb-distribution-box\/#primaryimage\"},\"thumbnailUrl\":\"https:\/\/www.jyiele.com\/wp-content\/uploads\/2024\/10\/HT-Series-Ip65-Outdoorusing-Waterproof-PC-Plastic-Electrical-Mcb-Distribution-Box.webp\",\"datePublished\":\"2024-10-16T11:51:04+00:00\",\"dateModified\":\"2025-03-09T11:35:15+00:00\",\"breadcrumb\":{\"@id\":\"https:\/\/www.jyiele.com\/product\/ip65-outdoorusing-waterproof-pc-plastic-electrical-mcb-distribution-box\/#breadcrumb\"},\"inLanguage\":\"pt-BR\",\"potentialAction\":[{\"@type\":\"ReadAction\",\"target\":[\"https:\/\/www.jyiele.com\/product\/ip65-outdoorusing-waterproof-pc-plastic-electrical-mcb-distribution-box\/\"]}]},{\"@type\":\"ImageObject\",\"inLanguage\":\"pt-BR\",\"@id\":\"https:\/\/www.jyiele.com\/product\/ip65-outdoorusing-waterproof-pc-plastic-electrical-mcb-distribution-box\/#primaryimage\",\"url\":\"https:\/\/www.jyiele.com\/wp-content\/uploads\/2024\/10\/HT-Series-Ip65-Outdoorusing-Waterproof-PC-Plastic-Electrical-Mcb-Distribution-Box.webp\",\"contentUrl\":\"https:\/\/www.jyiele.com\/wp-content\/uploads\/2024\/10\/HT-Series-Ip65-Outdoorusing-Waterproof-PC-Plastic-Electrical-Mcb-Distribution-Box.webp\",\"width\":800,\"height\":800,\"caption\":\"HT Series Ip65 Outdoorusing Waterproof PC Plastic Electrical Mcb Distribution Box\"},{\"@type\":\"BreadcrumbList\",\"@id\":\"https:\/\/www.jyiele.com\/product\/ip65-outdoorusing-waterproof-pc-plastic-electrical-mcb-distribution-box\/#breadcrumb\",\"itemListElement\":[{\"@type\":\"ListItem\",\"position\":1,\"name\":\"Home\",\"item\":\"https:\/\/www.jyiele.com\/\"},{\"@type\":\"ListItem\",\"position\":2,\"name\":\"Product\",\"item\":\"https:\/\/www.jyiele.com\/product\/\"},{\"@type\":\"ListItem\",\"position\":3,\"name\":\"Waterproof Plastic Enclosure\",\"item\":\"https:\/\/www.jyiele.com\/ja\/product-category\/waterproof-plastic-enclosure\/\"},{\"@type\":\"ListItem\",\"position\":4,\"name\":\"HT Series Ip65 Outdoorusing Waterproof PC Plastic Electrical Mcb Distribution Box\"}]},{\"@type\":\"WebSite\",\"@id\":\"https:\/\/www.jyiele.com\/#website\",\"url\":\"https:\/\/www.jyiele.com\/\",\"name\":\"JYIELE\",\"description\":\"Vacuum Circuit Breaker manufacturer\",\"publisher\":{\"@id\":\"https:\/\/www.jyiele.com\/#organization\"},\"potentialAction\":[{\"@type\":\"SearchAction\",\"target\":{\"@type\":\"EntryPoint\",\"urlTemplate\":\"https:\/\/www.jyiele.com\/?s={search_term_string}\"},\"query-input\":{\"@type\":\"PropertyValueSpecification\",\"valueRequired\":true,\"valueName\":\"search_term_string\"}}],\"inLanguage\":\"pt-BR\"},{\"@type\":\"Organization\",\"@id\":\"https:\/\/www.jyiele.com\/#organization\",\"name\":\"JYIELE\",\"url\":\"https:\/\/www.jyiele.com\/\",\"logo\":{\"@type\":\"ImageObject\",\"inLanguage\":\"pt-BR\",\"@id\":\"https:\/\/www.jyiele.com\/#\/schema\/logo\/image\/\",\"url\":\"https:\/\/www.jyiele.com\/wp-content\/uploads\/2024\/09\/cropped-jyele-1.webp\",\"contentUrl\":\"https:\/\/www.jyiele.com\/wp-content\/uploads\/2024\/09\/cropped-jyele-1.webp\",\"width\":137,\"height\":60,\"caption\":\"JYIELE\"},\"image\":{\"@id\":\"https:\/\/www.jyiele.com\/#\/schema\/logo\/image\/\"}}]}<\/script>\n<!-- \/ Yoast SEO plugin. -->","yoast_head_json":{"title":"Ip65 Outdoorusing Waterproof PC Plastic Electrical Mcb Distribution Box Factory - JYIELE","robots":{"index":"index","follow":"follow","max-snippet":"max-snippet:-1","max-image-preview":"max-image-preview:large","max-video-preview":"max-video-preview:-1"},"canonical":"https:\/\/www.jyiele.com\/pt\/produto\/ip65-outdoorusing-waterproof-pc-plastic-electrical-mcb-distribution-box\/","og_locale":"pt_BR","og_type":"article","og_title":"Ip65 Outdoorusing Waterproof PC Plastic Electrical Mcb Distribution Box Factory - JYIELE","og_description":"HT Series Plastic Distribution Box designed by international standard is a kind of attractive and durable one. It is safe, reliable, and widely used in factories, buildings, residences, shopping centers, and many other places.  Model Number: HT-3 Product Name: Electrical Distribution Box Application: Low Voltage Power Distribution System Color: Light Grey Installation Type: Surface Mount Protection Degree: IP65\/IP55\/IP44 Ways: 3 to 24 ways Warranty: 24 Months Rated Voltage: 220V-380V Rated Frequency: 50-60HZ Certification: CE, ROHS  &nbsp;","og_url":"https:\/\/www.jyiele.com\/pt\/produto\/ip65-outdoorusing-waterproof-pc-plastic-electrical-mcb-distribution-box\/","og_site_name":"JYIELE","article_modified_time":"2025-03-09T11:35:15+00:00","og_image":[{"width":800,"height":800,"url":"https:\/\/www.jyiele.com\/wp-content\/uploads\/2024\/10\/HT-Series-Ip65-Outdoorusing-Waterproof-PC-Plastic-Electrical-Mcb-Distribution-Box.webp","type":"image\/webp"}],"twitter_card":"summary_large_image","twitter_misc":{"Est. tempo de leitura":"1 minuto"},"schema":{"@context":"https:\/\/schema.org","@graph":[{"@type":"WebPage","@id":"https:\/\/www.jyiele.com\/product\/ip65-outdoorusing-waterproof-pc-plastic-electrical-mcb-distribution-box\/","url":"https:\/\/www.jyiele.com\/product\/ip65-outdoorusing-waterproof-pc-plastic-electrical-mcb-distribution-box\/","name":"Ip65 Outdoorusing Waterproof PC Plastic Electrical Mcb Distribution Box Factory - JYIELE","isPartOf":{"@id":"https:\/\/www.jyiele.com\/#website"},"primaryImageOfPage":{"@id":"https:\/\/www.jyiele.com\/product\/ip65-outdoorusing-waterproof-pc-plastic-electrical-mcb-distribution-box\/#primaryimage"},"image":{"@id":"https:\/\/www.jyiele.com\/product\/ip65-outdoorusing-waterproof-pc-plastic-electrical-mcb-distribution-box\/#primaryimage"},"thumbnailUrl":"https:\/\/www.jyiele.com\/wp-content\/uploads\/2024\/10\/HT-Series-Ip65-Outdoorusing-Waterproof-PC-Plastic-Electrical-Mcb-Distribution-Box.webp","datePublished":"2024-10-16T11:51:04+00:00","dateModified":"2025-03-09T11:35:15+00:00","breadcrumb":{"@id":"https:\/\/www.jyiele.com\/product\/ip65-outdoorusing-waterproof-pc-plastic-electrical-mcb-distribution-box\/#breadcrumb"},"inLanguage":"pt-BR","potentialAction":[{"@type":"ReadAction","target":["https:\/\/www.jyiele.com\/product\/ip65-outdoorusing-waterproof-pc-plastic-electrical-mcb-distribution-box\/"]}]},{"@type":"ImageObject","inLanguage":"pt-BR","@id":"https:\/\/www.jyiele.com\/product\/ip65-outdoorusing-waterproof-pc-plastic-electrical-mcb-distribution-box\/#primaryimage","url":"https:\/\/www.jyiele.com\/wp-content\/uploads\/2024\/10\/HT-Series-Ip65-Outdoorusing-Waterproof-PC-Plastic-Electrical-Mcb-Distribution-Box.webp","contentUrl":"https:\/\/www.jyiele.com\/wp-content\/uploads\/2024\/10\/HT-Series-Ip65-Outdoorusing-Waterproof-PC-Plastic-Electrical-Mcb-Distribution-Box.webp","width":800,"height":800,"caption":"HT Series Ip65 Outdoorusing Waterproof PC Plastic Electrical Mcb Distribution Box"},{"@type":"BreadcrumbList","@id":"https:\/\/www.jyiele.com\/product\/ip65-outdoorusing-waterproof-pc-plastic-electrical-mcb-distribution-box\/#breadcrumb","itemListElement":[{"@type":"ListItem","position":1,"name":"Home","item":"https:\/\/www.jyiele.com\/"},{"@type":"ListItem","position":2,"name":"Product","item":"https:\/\/www.jyiele.com\/product\/"},{"@type":"ListItem","position":3,"name":"Waterproof Plastic Enclosure","item":"https:\/\/www.jyiele.com\/ja\/product-category\/waterproof-plastic-enclosure\/"},{"@type":"ListItem","position":4,"name":"HT Series Ip65 Outdoorusing Waterproof PC Plastic Electrical Mcb Distribution Box"}]},{"@type":"WebSite","@id":"https:\/\/www.jyiele.com\/#website","url":"https:\/\/www.jyiele.com\/","name":"JYIELE","description":"Fabricante de disjuntores a v\u00e1cuo","publisher":{"@id":"https:\/\/www.jyiele.com\/#organization"},"potentialAction":[{"@type":"SearchAction","target":{"@type":"EntryPoint","urlTemplate":"https:\/\/www.jyiele.com\/?s={search_term_string}"},"query-input":{"@type":"PropertyValueSpecification","valueRequired":true,"valueName":"search_term_string"}}],"inLanguage":"pt-BR"},{"@type":"Organization","@id":"https:\/\/www.jyiele.com\/#organization","name":"JYIELE","url":"https:\/\/www.jyiele.com\/","logo":{"@type":"ImageObject","inLanguage":"pt-BR","@id":"https:\/\/www.jyiele.com\/#\/schema\/logo\/image\/","url":"https:\/\/www.jyiele.com\/wp-content\/uploads\/2024\/09\/cropped-jyele-1.webp","contentUrl":"https:\/\/www.jyiele.com\/wp-content\/uploads\/2024\/09\/cropped-jyele-1.webp","width":137,"height":60,"caption":"JYIELE"},"image":{"@id":"https:\/\/www.jyiele.com\/#\/schema\/logo\/image\/"}}]}},"_links":{"self":[{"href":"https:\/\/www.jyiele.com\/pt\/wp-json\/wp\/v2\/product\/2113","targetHints":{"allow":["GET"]}}],"collection":[{"href":"https:\/\/www.jyiele.com\/pt\/wp-json\/wp\/v2\/product"}],"about":[{"href":"https:\/\/www.jyiele.com\/pt\/wp-json\/wp\/v2\/types\/product"}],"version-history":[{"count":1,"href":"https:\/\/www.jyiele.com\/pt\/wp-json\/wp\/v2\/product\/2113\/revisions"}],"predecessor-version":[{"id":2118,"href":"https:\/\/www.jyiele.com\/pt\/wp-json\/wp\/v2\/product\/2113\/revisions\/2118"}],"wp:featuredmedia":[{"embeddable":true,"href":"https:\/\/www.jyiele.com\/pt\/wp-json\/wp\/v2\/media\/2116"}],"wp:attachment":[{"href":"https:\/\/www.jyiele.com\/pt\/wp-json\/wp\/v2\/media?parent=2113"}],"wp:term":[{"taxonomy":"product_brand","embeddable":true,"href":"https:\/\/www.jyiele.com\/pt\/wp-json\/wp\/v2\/product_brand?post=2113"},{"taxonomy":"product_cat","embeddable":true,"href":"https:\/\/www.jyiele.com\/pt\/wp-json\/wp\/v2\/product_cat?post=2113"},{"taxonomy":"product_tag","embeddable":true,"href":"https:\/\/www.jyiele.com\/pt\/wp-json\/wp\/v2\/product_tag?post=2113"}],"curies":[{"name":"wp","href":"https:\/\/api.w.org\/{rel}","templated":true}]}}