{"id":2127,"date":"2024-10-16T12:24:44","date_gmt":"2024-10-16T12:24:44","guid":{"rendered":"https:\/\/www.jy-electric.com\/?post_type=product&#038;p=2127"},"modified":"2024-10-16T12:24:44","modified_gmt":"2024-10-16T12:24:44","slug":"abs-plastic-transparent-connectivity-waterproof-box-ip-67-protection-window-hood","status":"publish","type":"product","link":"https:\/\/www.jyiele.com\/pt\/produto\/abs-plastic-transparent-connectivity-waterproof-box-ip-67-protection-window-hood\/","title":{"rendered":"Pl\u00e1stico ABS Transparente Conectividade Caixa \u00e0 prova d'\u00e1gua Prote\u00e7\u00e3o IP 67 Capuz da janela"},"content":{"rendered":"<h2>Vantagens e principais recursos do produto:<\/h2>\n<p>IP67 \u00e0 prova d'\u00e1gua e de poeira: Oferece boa prote\u00e7\u00e3o contra \u00e1gua e poeira em ambientes adversos.<br \/>\nMateriais dur\u00e1veis: Fabricado com ABS\/PC de qualidade para resist\u00eancia a impactos de at\u00e9 IK07\/IK08 e retardante de chamas UL94V-0.<br \/>\nProjeto personaliz\u00e1vel: Pode ser produzido em uma variedade de op\u00e7\u00f5es de tamanho e especifica\u00e7\u00e3o de acordo com a necessidade do cliente.<br \/>\n\u00c0 prova d'\u00e1gua em 360 graus: A fun\u00e7\u00e3o \u00e0 prova d'\u00e1gua pode atingir at\u00e9 IP68.<br \/>\nResist\u00eancia qu\u00edmica e ao calor: Resiste ao calor de at\u00e9 80\u00b0C e \u00e0 maioria dos produtos qu\u00edmicos.<br \/>\nAplica\u00e7\u00e3o universal: Encontra amplo uso em diversas aplica\u00e7\u00f5es internas e externas, como sistemas industriais e ambientais.<br \/>\nF\u00e1cil instala\u00e7\u00e3o: O design da base do terminal facilita a conex\u00e3o e a montagem.<\/p>\n<figure class=\"wp-block-table\">\n<div class=\"scroll\">\n<table>\n<tbody>\n<tr>\n<td>Fun\u00e7\u00e3o: \u00e0 prova d'\u00e1gua, \u00e0 prova de poeira, resistente a 80 graus<\/td>\n<td><\/td>\n<\/tr>\n<tr>\n<td>Embalagem de transporte: Caixa de papel\u00e3o<\/td>\n<td>Origem:Zhejiang, China<\/td>\n<\/tr>\n<tr>\n<td>Especifica\u00e7\u00e3o: 2P-18P<\/td>\n<td>C\u00f3digo HS: 3926909090<\/td>\n<\/tr>\n<\/tbody>\n<\/table>\n<\/div>\n<\/figure>\n<figure class=\"wp-block-table\">\n<div class=\"scroll\">\n<table>\n<tbody>\n<tr>\n<td>Material<\/td>\n<td>ABS \\ PC Novo material<\/td>\n<\/tr>\n<tr>\n<td>N\u00edvel de \u00e1gua<\/td>\n<td>IP67<\/td>\n<\/tr>\n<tr>\n<td>Cigarro de Vlamvertragende<\/td>\n<td>A UL94V-0 \u00e9 uma op\u00e7\u00e3o<\/td>\n<\/tr>\n<tr>\n<td>Certifica\u00e7\u00e3o<\/td>\n<td>RoHS; UL (material); SGS; CE; IP67<\/td>\n<\/tr>\n<tr>\n<td>Fun\u00e7\u00e3o<\/td>\n<td>Slagvastheid, hittebestendigheid, Koude weerstand, Chemische weerstand, Uitstekende elektrische prestaties glad oppervlak enz. .....<\/td>\n<\/tr>\n<tr>\n<td>Recurso<\/td>\n<td>O anel de ajuste est\u00e1 equipado com um ajuste de 360 graus de fundi\u00e7\u00e3o, tem uma boa resolu\u00e7\u00e3o e a prote\u00e7\u00e3o IP pode ser de at\u00e9 ip68. O corpo \u00e9 dotado de uma base de terminal para a conex\u00e3o de terminais<\/td>\n<\/tr>\n<tr>\n<td>Classifica\u00e7\u00e3o da esc\u00f3ria de pl\u00e1stico<\/td>\n<td>ABS em IK07, PC em 08<\/td>\n<\/tr>\n<tr>\n<td>Passagem do dedo<\/td>\n<td>Dispositivos de limpeza de \u00e1gua para diversas especifica\u00e7\u00f5es<\/td>\n<\/tr>\n<tr>\n<td>Verifica\u00e7\u00e3o do produto<\/td>\n<td>Pode ser alterado por causa da apar\u00eancia de um beb\u00ea<\/td>\n<\/tr>\n<tr>\n<td>Produto Maat<\/td>\n<td>Pode ser alterado de acordo com as especifica\u00e7\u00f5es, servi\u00e7o de consultoria espec\u00edfico para clientes<\/td>\n<\/tr>\n<tr>\n<td>Verpakking<\/td>\n<td>Servi\u00e7o de atendimento ao cliente<\/td>\n<\/tr>\n<tr>\n<td>MOQ<\/td>\n<td>A venda de produtos finos pode ser garantida<\/td>\n<\/tr>\n<tr>\n<td>Abertura de portas<\/td>\n<td>5-9 dias de trabalho<\/td>\n<\/tr>\n<tr>\n<td>Betalingstermijn<\/td>\n<td>T \\ T,Paypal<\/td>\n<\/tr>\n<tr>\n<td>Design Vermogen<\/td>\n<td>Podemos fornecer monstros, OEM e ODM s\u00e3o bem-vindos (Suporte, Engenharia, Fotografia, Monstros, Produtos)<\/td>\n<\/tr>\n<\/tbody>\n<\/table>\n<\/div>\n<\/figure>\n<figure class=\"wp-block-image size-large\"><img fetchpriority=\"high\" decoding=\"async\" class=\"alignnone wp-image-2129 size-full\" src=\"https:\/\/www.jy-electric.com\/wp-content\/uploads\/2024\/10\/Plastic-Transparent-Connectivity-Waterproof-Box-IP-67-Protection-Window-Hood.webp\" alt=\"Caixa imperme\u00e1vel de pl\u00e1stico transparente para conectividade Caixa imperme\u00e1vel de prote\u00e7\u00e3o IP 67 Capuz de janela\" width=\"1024\" height=\"499\" srcset=\"https:\/\/www.jyiele.com\/wp-content\/uploads\/2024\/10\/Plastic-Transparent-Connectivity-Waterproof-Box-IP-67-Protection-Window-Hood.webp 1024w, https:\/\/www.jyiele.com\/wp-content\/uploads\/2024\/10\/Plastic-Transparent-Connectivity-Waterproof-Box-IP-67-Protection-Window-Hood-300x146.webp 300w, https:\/\/www.jyiele.com\/wp-content\/uploads\/2024\/10\/Plastic-Transparent-Connectivity-Waterproof-Box-IP-67-Protection-Window-Hood-768x374.webp 768w, https:\/\/www.jyiele.com\/wp-content\/uploads\/2024\/10\/Plastic-Transparent-Connectivity-Waterproof-Box-IP-67-Protection-Window-Hood-18x9.webp 18w, https:\/\/www.jyiele.com\/wp-content\/uploads\/2024\/10\/Plastic-Transparent-Connectivity-Waterproof-Box-IP-67-Protection-Window-Hood-600x292.webp 600w\" sizes=\"(max-width: 1024px) 100vw, 1024px\" \/><\/figure>\n<figure class=\"wp-block-image size-full\"><img decoding=\"async\" class=\"alignnone wp-image-2131 size-full\" src=\"https:\/\/www.jy-electric.com\/wp-content\/uploads\/2024\/10\/Transparent-Connectivity-Waterproof-Box-IP-67-Protection-Window-Hood.webp\" alt=\"Conectividade transparente Caixa \u00e0 prova d&#039;\u00e1gua Prote\u00e7\u00e3o IP 67 Capuz com janela\" width=\"1024\" height=\"523\" srcset=\"https:\/\/www.jyiele.com\/wp-content\/uploads\/2024\/10\/Transparent-Connectivity-Waterproof-Box-IP-67-Protection-Window-Hood.webp 1024w, https:\/\/www.jyiele.com\/wp-content\/uploads\/2024\/10\/Transparent-Connectivity-Waterproof-Box-IP-67-Protection-Window-Hood-300x153.webp 300w, https:\/\/www.jyiele.com\/wp-content\/uploads\/2024\/10\/Transparent-Connectivity-Waterproof-Box-IP-67-Protection-Window-Hood-768x392.webp 768w, https:\/\/www.jyiele.com\/wp-content\/uploads\/2024\/10\/Transparent-Connectivity-Waterproof-Box-IP-67-Protection-Window-Hood-18x9.webp 18w, https:\/\/www.jyiele.com\/wp-content\/uploads\/2024\/10\/Transparent-Connectivity-Waterproof-Box-IP-67-Protection-Window-Hood-600x306.webp 600w\" sizes=\"(max-width: 1024px) 100vw, 1024px\" \/><\/figure>\n<figure class=\"wp-block-image size-large\"><img decoding=\"async\" class=\"alignnone wp-image-2132 size-full\" src=\"https:\/\/www.jy-electric.com\/wp-content\/uploads\/2024\/10\/Waterproof-Box-IP-67-Protection-Window-Hood.webp\" alt=\"Caixa \u00e0 prova d&#039;\u00e1gua IP 67 Prote\u00e7\u00e3o do cap\u00f4 da janela\" width=\"1024\" height=\"494\" srcset=\"https:\/\/www.jyiele.com\/wp-content\/uploads\/2024\/10\/Waterproof-Box-IP-67-Protection-Window-Hood.webp 1024w, https:\/\/www.jyiele.com\/wp-content\/uploads\/2024\/10\/Waterproof-Box-IP-67-Protection-Window-Hood-300x145.webp 300w, https:\/\/www.jyiele.com\/wp-content\/uploads\/2024\/10\/Waterproof-Box-IP-67-Protection-Window-Hood-768x371.webp 768w, https:\/\/www.jyiele.com\/wp-content\/uploads\/2024\/10\/Waterproof-Box-IP-67-Protection-Window-Hood-18x9.webp 18w, https:\/\/www.jyiele.com\/wp-content\/uploads\/2024\/10\/Waterproof-Box-IP-67-Protection-Window-Hood-600x289.webp 600w\" sizes=\"(max-width: 1024px) 100vw, 1024px\" \/><\/figure>\n<figure class=\"wp-block-image size-large\"><img loading=\"lazy\" decoding=\"async\" class=\"alignnone wp-image-2133 size-full\" src=\"https:\/\/www.jy-electric.com\/wp-content\/uploads\/2024\/10\/Waterproof-Box-IP-67-Protection-Window.webp\" alt=\"Caixa \u00e0 prova d&#039;\u00e1gua Janela de prote\u00e7\u00e3o IP 67\" width=\"1024\" height=\"550\" srcset=\"https:\/\/www.jyiele.com\/wp-content\/uploads\/2024\/10\/Waterproof-Box-IP-67-Protection-Window.webp 1024w, https:\/\/www.jyiele.com\/wp-content\/uploads\/2024\/10\/Waterproof-Box-IP-67-Protection-Window-300x161.webp 300w, https:\/\/www.jyiele.com\/wp-content\/uploads\/2024\/10\/Waterproof-Box-IP-67-Protection-Window-768x413.webp 768w, https:\/\/www.jyiele.com\/wp-content\/uploads\/2024\/10\/Waterproof-Box-IP-67-Protection-Window-18x10.webp 18w, https:\/\/www.jyiele.com\/wp-content\/uploads\/2024\/10\/Waterproof-Box-IP-67-Protection-Window-600x322.webp 600w\" sizes=\"(max-width: 1024px) 100vw, 1024px\" \/><\/figure>\n<figure class=\"wp-block-image size-large\"><img loading=\"lazy\" decoding=\"async\" class=\"alignnone wp-image-2130 size-full\" src=\"https:\/\/www.jy-electric.com\/wp-content\/uploads\/2024\/10\/Protection-Window-Hood.webp\" alt=\"Cap\u00f4 da janela de prote\u00e7\u00e3o\" width=\"1024\" height=\"526\" srcset=\"https:\/\/www.jyiele.com\/wp-content\/uploads\/2024\/10\/Protection-Window-Hood.webp 1024w, https:\/\/www.jyiele.com\/wp-content\/uploads\/2024\/10\/Protection-Window-Hood-300x154.webp 300w, https:\/\/www.jyiele.com\/wp-content\/uploads\/2024\/10\/Protection-Window-Hood-768x395.webp 768w, https:\/\/www.jyiele.com\/wp-content\/uploads\/2024\/10\/Protection-Window-Hood-18x9.webp 18w, https:\/\/www.jyiele.com\/wp-content\/uploads\/2024\/10\/Protection-Window-Hood-600x308.webp 600w\" sizes=\"(max-width: 1024px) 100vw, 1024px\" \/><\/figure>\n<figure class=\"wp-block-image size-large\"><img loading=\"lazy\" decoding=\"async\" class=\"alignnone wp-image-2136 size-full\" src=\"https:\/\/www.jy-electric.com\/wp-content\/uploads\/2024\/10\/IP-67-Protection-Window-Hood.webp\" alt=\"Prote\u00e7\u00e3o IP 67 Capuz da janela\" width=\"1024\" height=\"517\" srcset=\"https:\/\/www.jyiele.com\/wp-content\/uploads\/2024\/10\/IP-67-Protection-Window-Hood.webp 1024w, https:\/\/www.jyiele.com\/wp-content\/uploads\/2024\/10\/IP-67-Protection-Window-Hood-300x151.webp 300w, https:\/\/www.jyiele.com\/wp-content\/uploads\/2024\/10\/IP-67-Protection-Window-Hood-768x388.webp 768w, https:\/\/www.jyiele.com\/wp-content\/uploads\/2024\/10\/IP-67-Protection-Window-Hood-18x9.webp 18w, https:\/\/www.jyiele.com\/wp-content\/uploads\/2024\/10\/IP-67-Protection-Window-Hood-600x303.webp 600w\" sizes=\"(max-width: 1024px) 100vw, 1024px\" \/><\/figure>\n<figure class=\"wp-block-image size-large\"><img loading=\"lazy\" decoding=\"async\" class=\"alignnone wp-image-2134 size-full\" src=\"https:\/\/www.jy-electric.com\/wp-content\/uploads\/2024\/10\/Window-Hood.webp\" alt=\"Cap\u00f4 da janela\" width=\"1024\" height=\"642\" srcset=\"https:\/\/www.jyiele.com\/wp-content\/uploads\/2024\/10\/Window-Hood.webp 1024w, https:\/\/www.jyiele.com\/wp-content\/uploads\/2024\/10\/Window-Hood-300x188.webp 300w, https:\/\/www.jyiele.com\/wp-content\/uploads\/2024\/10\/Window-Hood-768x482.webp 768w, https:\/\/www.jyiele.com\/wp-content\/uploads\/2024\/10\/Window-Hood-18x12.webp 18w, https:\/\/www.jyiele.com\/wp-content\/uploads\/2024\/10\/Window-Hood-600x376.webp 600w\" sizes=\"(max-width: 1024px) 100vw, 1024px\" \/><\/figure>","protected":false},"excerpt":{"rendered":"<p>A caixa imperme\u00e1vel de pl\u00e1stico ABS IP 67 Protection Window Hood pode ser usada em aplica\u00e7\u00f5es internas e externas em sistemas el\u00e9tricos, comunica\u00e7\u00f5es, equipamentos de combate a inc\u00eandio, fabrica\u00e7\u00e3o de a\u00e7o, ind\u00fastrias petroqu\u00edmicas, eletr\u00f4nica, redes de energia, ferrovias, edif\u00edcios, minera\u00e7\u00e3o, aeroportos, portos mar\u00edtimos, hot\u00e9is, navios, instala\u00e7\u00f5es industriais, processamento de \u00e1guas residuais e equipamentos ambientais.<\/p>","protected":false},"featured_media":2135,"template":"","meta":{"site-sidebar-layout":"default","site-content-layout":"","ast-site-content-layout":"default","site-content-style":"default","site-sidebar-style":"default","ast-global-header-display":"","ast-banner-title-visibility":"","ast-main-header-display":"","ast-hfb-above-header-display":"","ast-hfb-below-header-display":"","ast-hfb-mobile-header-display":"","site-post-title":"","ast-breadcrumbs-content":"","ast-featured-img":"","footer-sml-layout":"","ast-disable-related-posts":"","theme-transparent-header-meta":"default","adv-header-id-meta":"","stick-header-meta":"","header-above-stick-meta":"","header-main-stick-meta":"","header-below-stick-meta":"","astra-migrate-meta-layouts":"set","ast-page-background-enabled":"default","ast-page-background-meta":{"desktop":{"background-color":"var(--ast-global-color-4)","background-image":"","background-repeat":"repeat","background-position":"center center","background-size":"auto","background-attachment":"scroll","background-type":"","background-media":"","overlay-type":"","overlay-color":"","overlay-opacity":"","overlay-gradient":""},"tablet":{"background-color":"","background-image":"","background-repeat":"repeat","background-position":"center center","background-size":"auto","background-attachment":"scroll","background-type":"","background-media":"","overlay-type":"","overlay-color":"","overlay-opacity":"","overlay-gradient":""},"mobile":{"background-color":"","background-image":"","background-repeat":"repeat","background-position":"center center","background-size":"auto","background-attachment":"scroll","background-type":"","background-media":"","overlay-type":"","overlay-color":"","overlay-opacity":"","overlay-gradient":""}},"ast-content-background-meta":{"desktop":{"background-color":"var(--ast-global-color-5)","background-image":"","background-repeat":"repeat","background-position":"center center","background-size":"auto","background-attachment":"scroll","background-type":"","background-media":"","overlay-type":"","overlay-color":"","overlay-opacity":"","overlay-gradient":""},"tablet":{"background-color":"var(--ast-global-color-5)","background-image":"","background-repeat":"repeat","background-position":"center center","background-size":"auto","background-attachment":"scroll","background-type":"","background-media":"","overlay-type":"","overlay-color":"","overlay-opacity":"","overlay-gradient":""},"mobile":{"background-color":"var(--ast-global-color-5)","background-image":"","background-repeat":"repeat","background-position":"center center","background-size":"auto","background-attachment":"scroll","background-type":"","background-media":"","overlay-type":"","overlay-color":"","overlay-opacity":"","overlay-gradient":""}}},"product_brand":[],"product_cat":[27],"product_tag":[],"class_list":{"0":"post-2127","1":"product","2":"type-product","3":"status-publish","4":"has-post-thumbnail","6":"product_cat-other","7":"desktop-align-left","8":"tablet-align-left","9":"mobile-align-left","11":"first","12":"instock","13":"shipping-taxable","14":"product-type-simple"},"yoast_head":"<!-- This site is optimized with the Yoast SEO plugin v24.8.1 - https:\/\/yoast.com\/wordpress\/plugins\/seo\/ -->\n<title>ABS Plastic Transparent Connectivity Waterproof Box IP 67 Protection Window Hood - JYIELE<\/title>\n<meta name=\"robots\" content=\"index, follow, max-snippet:-1, max-image-preview:large, max-video-preview:-1\" \/>\n<link rel=\"canonical\" href=\"https:\/\/www.jyiele.com\/pt\/produto\/abs-plastic-transparent-connectivity-waterproof-box-ip-67-protection-window-hood\/\" \/>\n<meta property=\"og:locale\" content=\"pt_BR\" \/>\n<meta property=\"og:type\" content=\"article\" \/>\n<meta property=\"og:title\" content=\"ABS Plastic Transparent Connectivity Waterproof Box IP 67 Protection Window Hood - JYIELE\" \/>\n<meta property=\"og:description\" content=\"ABS Plastic Waterproof Box IP 67 Protection Window Hood can be used for both indoor and outdoor applications in electrical systems, communications, firefighting equipment, steel manufacturing, the petrochemical industries, electronics, power grids, railways, buildings, mining, airports, seaports, hotels, ships, industrial facilities, wastewater processing, and environmental equipment.\" \/>\n<meta property=\"og:url\" content=\"https:\/\/www.jyiele.com\/pt\/produto\/abs-plastic-transparent-connectivity-waterproof-box-ip-67-protection-window-hood\/\" \/>\n<meta property=\"og:site_name\" content=\"JYIELE\" \/>\n<meta property=\"og:image\" content=\"https:\/\/www.jyiele.com\/wp-content\/uploads\/2024\/10\/ABS-Plastic-Transparent-Connectivity-Waterproof-Box-IP-67-Protection-Window-Hood.webp\" \/>\n\t<meta property=\"og:image:width\" content=\"800\" \/>\n\t<meta property=\"og:image:height\" content=\"800\" \/>\n\t<meta property=\"og:image:type\" content=\"image\/webp\" \/>\n<meta name=\"twitter:card\" content=\"summary_large_image\" \/>\n<meta name=\"twitter:label1\" content=\"Est. tempo de leitura\" \/>\n\t<meta name=\"twitter:data1\" content=\"3 minutos\" \/>\n<script type=\"application\/ld+json\" class=\"yoast-schema-graph\">{\"@context\":\"https:\/\/schema.org\",\"@graph\":[{\"@type\":\"WebPage\",\"@id\":\"https:\/\/www.jyiele.com\/product\/abs-plastic-transparent-connectivity-waterproof-box-ip-67-protection-window-hood\/\",\"url\":\"https:\/\/www.jyiele.com\/product\/abs-plastic-transparent-connectivity-waterproof-box-ip-67-protection-window-hood\/\",\"name\":\"ABS Plastic Transparent Connectivity Waterproof Box IP 67 Protection Window Hood - JYIELE\",\"isPartOf\":{\"@id\":\"https:\/\/www.jyiele.com\/#website\"},\"primaryImageOfPage\":{\"@id\":\"https:\/\/www.jyiele.com\/product\/abs-plastic-transparent-connectivity-waterproof-box-ip-67-protection-window-hood\/#primaryimage\"},\"image\":{\"@id\":\"https:\/\/www.jyiele.com\/product\/abs-plastic-transparent-connectivity-waterproof-box-ip-67-protection-window-hood\/#primaryimage\"},\"thumbnailUrl\":\"https:\/\/www.jyiele.com\/wp-content\/uploads\/2024\/10\/ABS-Plastic-Transparent-Connectivity-Waterproof-Box-IP-67-Protection-Window-Hood.webp\",\"datePublished\":\"2024-10-16T12:24:44+00:00\",\"breadcrumb\":{\"@id\":\"https:\/\/www.jyiele.com\/product\/abs-plastic-transparent-connectivity-waterproof-box-ip-67-protection-window-hood\/#breadcrumb\"},\"inLanguage\":\"pt-BR\",\"potentialAction\":[{\"@type\":\"ReadAction\",\"target\":[\"https:\/\/www.jyiele.com\/product\/abs-plastic-transparent-connectivity-waterproof-box-ip-67-protection-window-hood\/\"]}]},{\"@type\":\"ImageObject\",\"inLanguage\":\"pt-BR\",\"@id\":\"https:\/\/www.jyiele.com\/product\/abs-plastic-transparent-connectivity-waterproof-box-ip-67-protection-window-hood\/#primaryimage\",\"url\":\"https:\/\/www.jyiele.com\/wp-content\/uploads\/2024\/10\/ABS-Plastic-Transparent-Connectivity-Waterproof-Box-IP-67-Protection-Window-Hood.webp\",\"contentUrl\":\"https:\/\/www.jyiele.com\/wp-content\/uploads\/2024\/10\/ABS-Plastic-Transparent-Connectivity-Waterproof-Box-IP-67-Protection-Window-Hood.webp\",\"width\":800,\"height\":800,\"caption\":\"ABS Plastic Transparent Connectivity Waterproof Box IP 67 Protection Window Hood\"},{\"@type\":\"BreadcrumbList\",\"@id\":\"https:\/\/www.jyiele.com\/product\/abs-plastic-transparent-connectivity-waterproof-box-ip-67-protection-window-hood\/#breadcrumb\",\"itemListElement\":[{\"@type\":\"ListItem\",\"position\":1,\"name\":\"Home\",\"item\":\"https:\/\/www.jyiele.com\/\"},{\"@type\":\"ListItem\",\"position\":2,\"name\":\"Product\",\"item\":\"https:\/\/www.jyiele.com\/product\/\"},{\"@type\":\"ListItem\",\"position\":3,\"name\":\"Other\",\"item\":\"https:\/\/www.jyiele.com\/product-category\/other\/\"},{\"@type\":\"ListItem\",\"position\":4,\"name\":\"ABS Plastic Transparent Connectivity Waterproof Box IP 67 Protection Window Hood\"}]},{\"@type\":\"WebSite\",\"@id\":\"https:\/\/www.jyiele.com\/#website\",\"url\":\"https:\/\/www.jyiele.com\/\",\"name\":\"JYIELE\",\"description\":\"Vacuum Circuit Breaker manufacturer\",\"publisher\":{\"@id\":\"https:\/\/www.jyiele.com\/#organization\"},\"potentialAction\":[{\"@type\":\"SearchAction\",\"target\":{\"@type\":\"EntryPoint\",\"urlTemplate\":\"https:\/\/www.jyiele.com\/?s={search_term_string}\"},\"query-input\":{\"@type\":\"PropertyValueSpecification\",\"valueRequired\":true,\"valueName\":\"search_term_string\"}}],\"inLanguage\":\"pt-BR\"},{\"@type\":\"Organization\",\"@id\":\"https:\/\/www.jyiele.com\/#organization\",\"name\":\"JYIELE\",\"url\":\"https:\/\/www.jyiele.com\/\",\"logo\":{\"@type\":\"ImageObject\",\"inLanguage\":\"pt-BR\",\"@id\":\"https:\/\/www.jyiele.com\/#\/schema\/logo\/image\/\",\"url\":\"https:\/\/www.jyiele.com\/wp-content\/uploads\/2024\/09\/cropped-jyele-1.webp\",\"contentUrl\":\"https:\/\/www.jyiele.com\/wp-content\/uploads\/2024\/09\/cropped-jyele-1.webp\",\"width\":137,\"height\":60,\"caption\":\"JYIELE\"},\"image\":{\"@id\":\"https:\/\/www.jyiele.com\/#\/schema\/logo\/image\/\"}}]}<\/script>\n<!-- \/ Yoast SEO plugin. -->","yoast_head_json":{"title":"Caixa \u00e0 prova d'\u00e1gua de pl\u00e1stico ABS transparente para conectividade Caixa \u00e0 prova d'\u00e1gua com prote\u00e7\u00e3o IP 67 Capuz da janela - JYIELE","robots":{"index":"index","follow":"follow","max-snippet":"max-snippet:-1","max-image-preview":"max-image-preview:large","max-video-preview":"max-video-preview:-1"},"canonical":"https:\/\/www.jyiele.com\/pt\/produto\/abs-plastic-transparent-connectivity-waterproof-box-ip-67-protection-window-hood\/","og_locale":"pt_BR","og_type":"article","og_title":"ABS Plastic Transparent Connectivity Waterproof Box IP 67 Protection Window Hood - JYIELE","og_description":"ABS Plastic Waterproof Box IP 67 Protection Window Hood can be used for both indoor and outdoor applications in electrical systems, communications, firefighting equipment, steel manufacturing, the petrochemical industries, electronics, power grids, railways, buildings, mining, airports, seaports, hotels, ships, industrial facilities, wastewater processing, and environmental equipment.","og_url":"https:\/\/www.jyiele.com\/pt\/produto\/abs-plastic-transparent-connectivity-waterproof-box-ip-67-protection-window-hood\/","og_site_name":"JYIELE","og_image":[{"width":800,"height":800,"url":"https:\/\/www.jyiele.com\/wp-content\/uploads\/2024\/10\/ABS-Plastic-Transparent-Connectivity-Waterproof-Box-IP-67-Protection-Window-Hood.webp","type":"image\/webp"}],"twitter_card":"summary_large_image","twitter_misc":{"Est. tempo de leitura":"3 minutos"},"schema":{"@context":"https:\/\/schema.org","@graph":[{"@type":"WebPage","@id":"https:\/\/www.jyiele.com\/product\/abs-plastic-transparent-connectivity-waterproof-box-ip-67-protection-window-hood\/","url":"https:\/\/www.jyiele.com\/product\/abs-plastic-transparent-connectivity-waterproof-box-ip-67-protection-window-hood\/","name":"Caixa \u00e0 prova d'\u00e1gua de pl\u00e1stico ABS transparente para conectividade Caixa \u00e0 prova d'\u00e1gua com prote\u00e7\u00e3o IP 67 Capuz da janela - JYIELE","isPartOf":{"@id":"https:\/\/www.jyiele.com\/#website"},"primaryImageOfPage":{"@id":"https:\/\/www.jyiele.com\/product\/abs-plastic-transparent-connectivity-waterproof-box-ip-67-protection-window-hood\/#primaryimage"},"image":{"@id":"https:\/\/www.jyiele.com\/product\/abs-plastic-transparent-connectivity-waterproof-box-ip-67-protection-window-hood\/#primaryimage"},"thumbnailUrl":"https:\/\/www.jyiele.com\/wp-content\/uploads\/2024\/10\/ABS-Plastic-Transparent-Connectivity-Waterproof-Box-IP-67-Protection-Window-Hood.webp","datePublished":"2024-10-16T12:24:44+00:00","breadcrumb":{"@id":"https:\/\/www.jyiele.com\/product\/abs-plastic-transparent-connectivity-waterproof-box-ip-67-protection-window-hood\/#breadcrumb"},"inLanguage":"pt-BR","potentialAction":[{"@type":"ReadAction","target":["https:\/\/www.jyiele.com\/product\/abs-plastic-transparent-connectivity-waterproof-box-ip-67-protection-window-hood\/"]}]},{"@type":"ImageObject","inLanguage":"pt-BR","@id":"https:\/\/www.jyiele.com\/product\/abs-plastic-transparent-connectivity-waterproof-box-ip-67-protection-window-hood\/#primaryimage","url":"https:\/\/www.jyiele.com\/wp-content\/uploads\/2024\/10\/ABS-Plastic-Transparent-Connectivity-Waterproof-Box-IP-67-Protection-Window-Hood.webp","contentUrl":"https:\/\/www.jyiele.com\/wp-content\/uploads\/2024\/10\/ABS-Plastic-Transparent-Connectivity-Waterproof-Box-IP-67-Protection-Window-Hood.webp","width":800,"height":800,"caption":"ABS Plastic Transparent Connectivity Waterproof Box IP 67 Protection Window Hood"},{"@type":"BreadcrumbList","@id":"https:\/\/www.jyiele.com\/product\/abs-plastic-transparent-connectivity-waterproof-box-ip-67-protection-window-hood\/#breadcrumb","itemListElement":[{"@type":"ListItem","position":1,"name":"Home","item":"https:\/\/www.jyiele.com\/"},{"@type":"ListItem","position":2,"name":"Product","item":"https:\/\/www.jyiele.com\/product\/"},{"@type":"ListItem","position":3,"name":"Other","item":"https:\/\/www.jyiele.com\/product-category\/other\/"},{"@type":"ListItem","position":4,"name":"ABS Plastic Transparent Connectivity Waterproof Box IP 67 Protection Window Hood"}]},{"@type":"WebSite","@id":"https:\/\/www.jyiele.com\/#website","url":"https:\/\/www.jyiele.com\/","name":"JYIELE","description":"Fabricante de disjuntores a v\u00e1cuo","publisher":{"@id":"https:\/\/www.jyiele.com\/#organization"},"potentialAction":[{"@type":"SearchAction","target":{"@type":"EntryPoint","urlTemplate":"https:\/\/www.jyiele.com\/?s={search_term_string}"},"query-input":{"@type":"PropertyValueSpecification","valueRequired":true,"valueName":"search_term_string"}}],"inLanguage":"pt-BR"},{"@type":"Organization","@id":"https:\/\/www.jyiele.com\/#organization","name":"JYIELE","url":"https:\/\/www.jyiele.com\/","logo":{"@type":"ImageObject","inLanguage":"pt-BR","@id":"https:\/\/www.jyiele.com\/#\/schema\/logo\/image\/","url":"https:\/\/www.jyiele.com\/wp-content\/uploads\/2024\/09\/cropped-jyele-1.webp","contentUrl":"https:\/\/www.jyiele.com\/wp-content\/uploads\/2024\/09\/cropped-jyele-1.webp","width":137,"height":60,"caption":"JYIELE"},"image":{"@id":"https:\/\/www.jyiele.com\/#\/schema\/logo\/image\/"}}]}},"_links":{"self":[{"href":"https:\/\/www.jyiele.com\/pt\/wp-json\/wp\/v2\/product\/2127","targetHints":{"allow":["GET"]}}],"collection":[{"href":"https:\/\/www.jyiele.com\/pt\/wp-json\/wp\/v2\/product"}],"about":[{"href":"https:\/\/www.jyiele.com\/pt\/wp-json\/wp\/v2\/types\/product"}],"version-history":[{"count":2,"href":"https:\/\/www.jyiele.com\/pt\/wp-json\/wp\/v2\/product\/2127\/revisions"}],"predecessor-version":[{"id":2137,"href":"https:\/\/www.jyiele.com\/pt\/wp-json\/wp\/v2\/product\/2127\/revisions\/2137"}],"wp:featuredmedia":[{"embeddable":true,"href":"https:\/\/www.jyiele.com\/pt\/wp-json\/wp\/v2\/media\/2135"}],"wp:attachment":[{"href":"https:\/\/www.jyiele.com\/pt\/wp-json\/wp\/v2\/media?parent=2127"}],"wp:term":[{"taxonomy":"product_brand","embeddable":true,"href":"https:\/\/www.jyiele.com\/pt\/wp-json\/wp\/v2\/product_brand?post=2127"},{"taxonomy":"product_cat","embeddable":true,"href":"https:\/\/www.jyiele.com\/pt\/wp-json\/wp\/v2\/product_cat?post=2127"},{"taxonomy":"product_tag","embeddable":true,"href":"https:\/\/www.jyiele.com\/pt\/wp-json\/wp\/v2\/product_tag?post=2127"}],"curies":[{"name":"wp","href":"https:\/\/api.w.org\/{rel}","templated":true}]}}