{"id":2138,"date":"2024-10-16T12:32:07","date_gmt":"2024-10-16T12:32:07","guid":{"rendered":"https:\/\/www.jy-electric.com\/?post_type=product&#038;p=2138"},"modified":"2025-03-09T11:34:08","modified_gmt":"2025-03-09T11:34:08","slug":"waterproof-electrical-plastic-junction-box-with-hinge","status":"publish","type":"product","link":"https:\/\/www.jyiele.com\/pt\/produto\/waterproof-electrical-plastic-junction-box-with-hinge\/","title":{"rendered":"Caixa de jun\u00e7\u00e3o pl\u00e1stica el\u00e9trica \u00e0 prova d'\u00e1gua com dobradi\u00e7a S\u00e9rie F"},"content":{"rendered":"<h2>Caixa de jun\u00e7\u00e3o pl\u00e1stica el\u00e9trica \u00e0 prova d'\u00e1gua com dobradi\u00e7a<\/h2>\n<p>Com um design de dobradi\u00e7a e trava para facilitar o acesso, essa caixa de jun\u00e7\u00e3o \u00e9 equipada com fivelas robustas que garantem uma veda\u00e7\u00e3o segura, melhorando a impermeabilidade e a seguran\u00e7a el\u00e9trica. O material dur\u00e1vel oferece excelente resist\u00eancia a raios UV, condi\u00e7\u00f5es clim\u00e1ticas e corros\u00e3o, tornando-a ideal para uso a longo prazo.<\/p>\n<h2>Aplicativo:<\/h2>\n<p>Essa caixa de jun\u00e7\u00e3o \u00e0 prova d'\u00e1gua \u00e9 adequada para uma ampla gama de aplica\u00e7\u00f5es internas e externas, incluindo sistemas el\u00e9tricos, comunica\u00e7\u00f5es, equipamentos de combate a inc\u00eandios, fabrica\u00e7\u00e3o de a\u00e7o, ind\u00fastrias petroqu\u00edmicas, eletr\u00f4nicos, redes de energia, ferrovias, edif\u00edcios, minera\u00e7\u00e3o, aeroportos, portos mar\u00edtimos, hot\u00e9is, navios, instala\u00e7\u00f5es industriais, tratamento de \u00e1guas residuais e equipamentos de prote\u00e7\u00e3o ambiental.<\/p>\n<h2>Instala\u00e7\u00e3o:<\/h2>\n<p>Interno: A base inclui orif\u00edcios de instala\u00e7\u00e3o pr\u00e9-perfurados para montagem de placas de circuito ou trilhos DIN (cada caixa vem com mais de 2 porcas de lat\u00e3o M4).<br \/>\nExterno: Pode ser montado diretamente em paredes ou superf\u00edcies planas usando parafusos ou pregos atrav\u00e9s dos orif\u00edcios pr\u00e9-perfurados na base.<\/p>\n<p>Orif\u00edcio de sa\u00edda:<\/p>\n<p>Furos de sa\u00edda personaliz\u00e1veis podem ser adicionados de acordo com os requisitos do cliente, e a instala\u00e7\u00e3o de prensa-cabos melhora o desempenho \u00e0 prova d'\u00e1gua.<\/p>\n<h4 class=\"wp-block-heading\">Modelo de produto nomeado<\/h4>\n<figure class=\"wp-block-table\">\n<div class=\"scroll\">\n<table>\n<tbody>\n<tr>\n<td rowspan=\"8\">Modelo AGF-20\/30\/160<\/td>\n<td>A<\/td>\n<td>material<\/td>\n<td>A:ABS P:PC<\/td>\n<\/tr>\n<tr>\n<td>G<\/td>\n<td>Cor da tampa<\/td>\n<td>G:Cinza T:Transparente<\/td>\n<\/tr>\n<tr>\n<td rowspan=\"3\">F<\/td>\n<td rowspan=\"3\">tipo<\/td>\n<td>F: Pontos de articula\u00e7\u00e3o de pl\u00e1stico no formato<\/td>\n<\/tr>\n<tr>\n<td>P: Dobradi\u00e7a pl\u00e1stica em formato de dobradi\u00e7a<\/td>\n<\/tr>\n<tr>\n<td>H:Dobradi\u00e7a de a\u00e7o inoxid\u00e1vel e tipo de trava<\/td>\n<\/tr>\n<tr>\n<td>20<\/td>\n<td>Largura (W)<\/td>\n<td><\/td>\n<\/tr>\n<tr>\n<td>30<\/td>\n<td>Comprimento (L)<\/td>\n<td>Dobradi\u00e7a, trave a superf\u00edcie de montagem<\/td>\n<\/tr>\n<tr>\n<td>160<\/td>\n<td>Altamente(H)<\/td>\n<td>Com tampa<\/td>\n<\/tr>\n<\/tbody>\n<\/table>\n<\/div>\n<\/figure>\n<h4 class=\"wp-block-heading\">Par\u00e2metros t\u00e9cnicos<\/h4>\n<figure class=\"wp-block-table\">\n<div class=\"scroll\">\n<table>\n<tbody>\n<tr>\n<td colspan=\"2\"><strong>Descrever<\/strong><\/td>\n<td>PC (policarbonato)<\/td>\n<td>ABS<\/td>\n<\/tr>\n<tr>\n<td colspan=\"2\">Grau de prote\u00e7\u00e3o (EN 60529)<\/td>\n<td>IP65<\/td>\n<td>IP65<\/td>\n<\/tr>\n<tr>\n<td colspan=\"2\">Resist\u00eancia a choques (EN 62262)<\/td>\n<td>IK08<\/td>\n<td>IK08<\/td>\n<\/tr>\n<tr>\n<td colspan=\"2\">Faixa de temperatura (curto prazo)<\/td>\n<td>-40\u2103~120\u2103<\/td>\n<td>-40\u2103~80\u2103<\/td>\n<\/tr>\n<tr>\n<td colspan=\"2\">Faixa de temperatura (cont\u00ednua)<\/td>\n<td>-40\u2103~80\u2103<\/td>\n<td>-40\u2103~60\u2103<\/td>\n<\/tr>\n<tr>\n<td colspan=\"2\">Isolamento<\/td>\n<td>Totalmente isolado<\/td>\n<td>Totalmente isolado<\/td>\n<\/tr>\n<tr>\n<td rowspan=\"2\">Cor e brilho<\/td>\n<td>opaco - parte cinza claro<\/td>\n<td>RAL 7035<\/td>\n<td>RAL 7035<\/td>\n<\/tr>\n<tr>\n<td>pe\u00e7a de cobertura transparente para PC<\/td>\n<td>transparente\/cinza-fuma\u00e7a<\/td>\n<td>transparente\/cinza-fuma\u00e7a<\/td>\n<\/tr>\n<tr>\n<td colspan=\"2\">Cor da dobradi\u00e7a\/fivelas (PC)<\/td>\n<td>RAL 7035<\/td>\n<td>RAL 7035<\/td>\n<\/tr>\n<tr>\n<td colspan=\"2\">Junta de veda\u00e7\u00e3o<\/td>\n<td>PUR\/EPDM<\/td>\n<td>PUR\/EPDM<\/td>\n<\/tr>\n<tr>\n<td colspan=\"2\">Grau retardador de chamas<\/td>\n<td>UL94-5V<\/td>\n<td>UL94HB<\/td>\n<\/tr>\n<tr>\n<td colspan=\"2\">Teste de fio queimado (IEC695-2-1)<\/td>\n<td>960\u2103<\/td>\n<td>650\u2103<\/td>\n<\/tr>\n<tr>\n<td colspan=\"2\">N\u00e3o t\u00f3xico<\/td>\n<td>Sem halog\u00eanio<\/td>\n<td>Sem halog\u00eanio<\/td>\n<\/tr>\n<tr>\n<td colspan=\"2\">Teste de raios ultravioleta<\/td>\n<td>UL 508(IN M\u00e1quina de envelhecimento 720h)<\/td>\n<td><\/td>\n<\/tr>\n<tr>\n<td colspan=\"2\">Desempenho de resist\u00eancia qu\u00edmica<\/td>\n<td>Bom<\/td>\n<td>Bom<\/td>\n<\/tr>\n<\/tbody>\n<\/table>\n<\/div>\n<\/figure>\n<h4 class=\"wp-block-heading\">Especifica\u00e7\u00e3o do produto<\/h4>\n<figure class=\"wp-block-table\">\n<div class=\"scroll\">\n<table>\n<tbody>\n<tr>\n<td>W*H*D<\/td>\n<td colspan=\"2\">ABS Cobertura s\u00f3lida<\/td>\n<td colspan=\"2\">PC Cobertura s\u00f3lida<\/td>\n<td>Classifica\u00e7\u00e3o IP<\/td>\n<\/tr>\n<tr>\n<td>Dimens\u00e3o do contorno (MM)<\/td>\n<td>Modelo<\/td>\n<td>C\u00f3digo do pedido<\/td>\n<td>Modelo<\/td>\n<td>C\u00f3digo do pedido<\/td>\n<td>IP65<\/td>\n<\/tr>\n<tr>\n<td>300*200*160<\/td>\n<td>AG-3020160<\/td>\n<td>042429191400017<\/td>\n<td>PG-3020160<\/td>\n<td>042429191400019<\/td>\n<td>IP65<\/td>\n<\/tr>\n<tr>\n<td>300*200*170<\/td>\n<td>AG-3020170<\/td>\n<td>00203020170069<\/td>\n<td>PG-3020170<\/td>\n<td>00203020170075<\/td>\n<td>IP65<\/td>\n<\/tr>\n<tr>\n<td>300*200*180<\/td>\n<td>AG-3020180<\/td>\n<td>00303020180075<\/td>\n<td>PG-3020180<\/td>\n<td>00303020180081<\/td>\n<td>IP65<\/td>\n<\/tr>\n<tr>\n<td>400*300*170<\/td>\n<td>AG-3040170<\/td>\n<td>00403040170081<\/td>\n<td>PG-3040170<\/td>\n<td>00403040170115<\/td>\n<td>IP65<\/td>\n<\/tr>\n<tr>\n<td>400*300*180<\/td>\n<td>AG-3040180<\/td>\n<td>005030400180081<\/td>\n<td>PG-3040180<\/td>\n<td>005030400180122<\/td>\n<td>IP65<\/td>\n<\/tr>\n<tr>\n<td>500*400*200<\/td>\n<td>AG-4050200<\/td>\n<td>00604050222140<\/td>\n<td>PG-4050200<\/td>\n<td>00604050200209<\/td>\n<td>IP65<\/td>\n<\/tr>\n<tr>\n<td>600*500*220<\/td>\n<td>AG-5060220<\/td>\n<td>007050600205<\/td>\n<td>PG-5060220<\/td>\n<td>007050600235<\/td>\n<td>IP65<\/td>\n<\/tr>\n<tr>\n<td>150*100*70<\/td>\n<td>AG-151070<\/td>\n<td>04201510700001<\/td>\n<td>PG-151070<\/td>\n<td>04201510700003<\/td>\n<td>IP65<\/td>\n<\/tr>\n<tr>\n<td>150*150*90<\/td>\n<td>AG-151590<\/td>\n<td>04211515900005<\/td>\n<td>PG-151590<\/td>\n<td>04211515900007<\/td>\n<td>IP65<\/td>\n<\/tr>\n<tr>\n<td>200*100*70<\/td>\n<td>AG-201070<\/td>\n<td>04222010700009<\/td>\n<td>PG-201070<\/td>\n<td>04222010700011<\/td>\n<td>IP65<\/td>\n<\/tr>\n<tr>\n<td>220*170*110<\/td>\n<td>AG-2217110<\/td>\n<td>042322171100013<\/td>\n<td>PG-2217110<\/td>\n<td>042322171100015<\/td>\n<td>IP65<\/td>\n<\/tr>\n<tr>\n<td>290*190*140<\/td>\n<td>AG-2919140<\/td>\n<td>042429191400017<\/td>\n<td>PG-2919140<\/td>\n<td>042429191400019<\/td>\n<td>IP65<\/td>\n<\/tr>\n<tr>\n<td>330*330*130<\/td>\n<td>AG-3333130<\/td>\n<td>042533331300021<\/td>\n<td>PG-3333130<\/td>\n<td>042533331300023<\/td>\n<td>IP65<\/td>\n<\/tr>\n<tr>\n<td>390*290*160<\/td>\n<td>AG-3929160<\/td>\n<td>042639291600025<\/td>\n<td>PG-3929160<\/td>\n<td>042639291600027<\/td>\n<td>IP65<\/td>\n<\/tr>\n<\/tbody>\n<\/table>\n<\/div>\n<\/figure>\n<h4 class=\"wp-block-heading\"><\/h4>","protected":false},"excerpt":{"rendered":"<p>O <strong>Caixa de jun\u00e7\u00e3o pl\u00e1stica el\u00e9trica \u00e0 prova d'\u00e1gua<\/strong> foi projetado para proteger e proteger com seguran\u00e7a sua aplica\u00e7\u00e3o contra intemp\u00e9ries com uma tampa articulada e com trava. Fabricado com material resistente a raios UV para servi\u00e7o prolongado em ambientes adversos. Acomoda orif\u00edcios de sa\u00edda do cliente para entradas ou fios de montagem com v\u00e1rias op\u00e7\u00f5es de instala\u00e7\u00e3o simples e f\u00e1ceis, tornando-o adequado para uso interno e externo em muitas aplica\u00e7\u00f5es.<\/p>","protected":false},"featured_media":2141,"template":"","meta":{"site-sidebar-layout":"default","site-content-layout":"","ast-site-content-layout":"default","site-content-style":"default","site-sidebar-style":"default","ast-global-header-display":"","ast-banner-title-visibility":"","ast-main-header-display":"","ast-hfb-above-header-display":"","ast-hfb-below-header-display":"","ast-hfb-mobile-header-display":"","site-post-title":"","ast-breadcrumbs-content":"","ast-featured-img":"","footer-sml-layout":"","ast-disable-related-posts":"","theme-transparent-header-meta":"default","adv-header-id-meta":"","stick-header-meta":"","header-above-stick-meta":"","header-main-stick-meta":"","header-below-stick-meta":"","astra-migrate-meta-layouts":"set","ast-page-background-enabled":"default","ast-page-background-meta":{"desktop":{"background-color":"var(--ast-global-color-4)","background-image":"","background-repeat":"repeat","background-position":"center center","background-size":"auto","background-attachment":"scroll","background-type":"","background-media":"","overlay-type":"","overlay-color":"","overlay-opacity":"","overlay-gradient":""},"tablet":{"background-color":"","background-image":"","background-repeat":"repeat","background-position":"center center","background-size":"auto","background-attachment":"scroll","background-type":"","background-media":"","overlay-type":"","overlay-color":"","overlay-opacity":"","overlay-gradient":""},"mobile":{"background-color":"","background-image":"","background-repeat":"repeat","background-position":"center center","background-size":"auto","background-attachment":"scroll","background-type":"","background-media":"","overlay-type":"","overlay-color":"","overlay-opacity":"","overlay-gradient":""}},"ast-content-background-meta":{"desktop":{"background-color":"var(--ast-global-color-5)","background-image":"","background-repeat":"repeat","background-position":"center center","background-size":"auto","background-attachment":"scroll","background-type":"","background-media":"","overlay-type":"","overlay-color":"","overlay-opacity":"","overlay-gradient":""},"tablet":{"background-color":"var(--ast-global-color-5)","background-image":"","background-repeat":"repeat","background-position":"center center","background-size":"auto","background-attachment":"scroll","background-type":"","background-media":"","overlay-type":"","overlay-color":"","overlay-opacity":"","overlay-gradient":""},"mobile":{"background-color":"var(--ast-global-color-5)","background-image":"","background-repeat":"repeat","background-position":"center center","background-size":"auto","background-attachment":"scroll","background-type":"","background-media":"","overlay-type":"","overlay-color":"","overlay-opacity":"","overlay-gradient":""}}},"product_brand":[],"product_cat":[23],"product_tag":[],"class_list":{"0":"post-2138","1":"product","2":"type-product","3":"status-publish","4":"has-post-thumbnail","6":"product_cat-waterproof-plastic-enclosure","7":"desktop-align-left","8":"tablet-align-left","9":"mobile-align-left","11":"first","12":"instock","13":"shipping-taxable","14":"product-type-simple"},"yoast_head":"<!-- This site is optimized with the Yoast SEO plugin v24.8.1 - https:\/\/yoast.com\/wordpress\/plugins\/seo\/ -->\n<title>F Series Waterproof Electrical Plastic Junction Box With Hinge - JYIELE<\/title>\n<meta name=\"robots\" content=\"index, follow, max-snippet:-1, max-image-preview:large, max-video-preview:-1\" \/>\n<link rel=\"canonical\" href=\"https:\/\/www.jyiele.com\/pt\/produto\/waterproof-electrical-plastic-junction-box-with-hinge\/\" \/>\n<meta property=\"og:locale\" content=\"pt_BR\" \/>\n<meta property=\"og:type\" content=\"article\" \/>\n<meta property=\"og:title\" content=\"F Series Waterproof Electrical Plastic Junction Box With Hinge - JYIELE\" \/>\n<meta property=\"og:description\" content=\"The Waterproof Electrical Plastic Junction Box is designed to protect and safely weatherproof your application with a hinged and latched lid. Manufactured from heavy-duty UV-resistant material for long service in harsh environments. Accommodates customer outlet holes for inlets or mounting wires with several easy, simple installation options, making it suitable for indoor and outdoor usage in many applications.\" \/>\n<meta property=\"og:url\" content=\"https:\/\/www.jyiele.com\/pt\/produto\/waterproof-electrical-plastic-junction-box-with-hinge\/\" \/>\n<meta property=\"og:site_name\" content=\"JYIELE\" \/>\n<meta property=\"article:modified_time\" content=\"2025-03-09T11:34:08+00:00\" \/>\n<meta property=\"og:image\" content=\"https:\/\/www.jyiele.com\/wp-content\/uploads\/2024\/10\/Electrical-Plastic-Junction-Box.webp\" \/>\n\t<meta property=\"og:image:width\" content=\"800\" \/>\n\t<meta property=\"og:image:height\" content=\"800\" \/>\n\t<meta property=\"og:image:type\" content=\"image\/webp\" \/>\n<meta name=\"twitter:card\" content=\"summary_large_image\" \/>\n<meta name=\"twitter:label1\" content=\"Est. tempo de leitura\" \/>\n\t<meta name=\"twitter:data1\" content=\"2 minutos\" \/>\n<script type=\"application\/ld+json\" class=\"yoast-schema-graph\">{\"@context\":\"https:\/\/schema.org\",\"@graph\":[{\"@type\":\"WebPage\",\"@id\":\"https:\/\/www.jyiele.com\/ja\/product\/waterproof-electrical-plastic-junction-box-with-hinge\/\",\"url\":\"https:\/\/www.jyiele.com\/ja\/product\/waterproof-electrical-plastic-junction-box-with-hinge\/\",\"name\":\"F Series Waterproof Electrical Plastic Junction Box With Hinge - JYIELE\",\"isPartOf\":{\"@id\":\"https:\/\/www.jyiele.com\/#website\"},\"primaryImageOfPage\":{\"@id\":\"https:\/\/www.jyiele.com\/ja\/product\/waterproof-electrical-plastic-junction-box-with-hinge\/#primaryimage\"},\"image\":{\"@id\":\"https:\/\/www.jyiele.com\/ja\/product\/waterproof-electrical-plastic-junction-box-with-hinge\/#primaryimage\"},\"thumbnailUrl\":\"https:\/\/www.jyiele.com\/wp-content\/uploads\/2024\/10\/Electrical-Plastic-Junction-Box.webp\",\"datePublished\":\"2024-10-16T12:32:07+00:00\",\"dateModified\":\"2025-03-09T11:34:08+00:00\",\"breadcrumb\":{\"@id\":\"https:\/\/www.jyiele.com\/ja\/product\/waterproof-electrical-plastic-junction-box-with-hinge\/#breadcrumb\"},\"inLanguage\":\"pt-BR\",\"potentialAction\":[{\"@type\":\"ReadAction\",\"target\":[\"https:\/\/www.jyiele.com\/ja\/product\/waterproof-electrical-plastic-junction-box-with-hinge\/\"]}]},{\"@type\":\"ImageObject\",\"inLanguage\":\"pt-BR\",\"@id\":\"https:\/\/www.jyiele.com\/ja\/product\/waterproof-electrical-plastic-junction-box-with-hinge\/#primaryimage\",\"url\":\"https:\/\/www.jyiele.com\/wp-content\/uploads\/2024\/10\/Electrical-Plastic-Junction-Box.webp\",\"contentUrl\":\"https:\/\/www.jyiele.com\/wp-content\/uploads\/2024\/10\/Electrical-Plastic-Junction-Box.webp\",\"width\":800,\"height\":800,\"caption\":\"Electrical Plastic Junction Box\"},{\"@type\":\"BreadcrumbList\",\"@id\":\"https:\/\/www.jyiele.com\/ja\/product\/waterproof-electrical-plastic-junction-box-with-hinge\/#breadcrumb\",\"itemListElement\":[{\"@type\":\"ListItem\",\"position\":1,\"name\":\"Home\",\"item\":\"https:\/\/www.jyiele.com\/\"},{\"@type\":\"ListItem\",\"position\":2,\"name\":\"Product\",\"item\":\"https:\/\/www.jyiele.com\/product\/\"},{\"@type\":\"ListItem\",\"position\":3,\"name\":\"Waterproof Plastic Enclosure\",\"item\":\"https:\/\/www.jyiele.com\/ja\/product-category\/waterproof-plastic-enclosure\/\"},{\"@type\":\"ListItem\",\"position\":4,\"name\":\"F Series Waterproof Electrical Plastic Junction Box With Hinge\"}]},{\"@type\":\"WebSite\",\"@id\":\"https:\/\/www.jyiele.com\/#website\",\"url\":\"https:\/\/www.jyiele.com\/\",\"name\":\"JYIELE\",\"description\":\"Vacuum Circuit Breaker manufacturer\",\"publisher\":{\"@id\":\"https:\/\/www.jyiele.com\/#organization\"},\"potentialAction\":[{\"@type\":\"SearchAction\",\"target\":{\"@type\":\"EntryPoint\",\"urlTemplate\":\"https:\/\/www.jyiele.com\/?s={search_term_string}\"},\"query-input\":{\"@type\":\"PropertyValueSpecification\",\"valueRequired\":true,\"valueName\":\"search_term_string\"}}],\"inLanguage\":\"pt-BR\"},{\"@type\":\"Organization\",\"@id\":\"https:\/\/www.jyiele.com\/#organization\",\"name\":\"JYIELE\",\"url\":\"https:\/\/www.jyiele.com\/\",\"logo\":{\"@type\":\"ImageObject\",\"inLanguage\":\"pt-BR\",\"@id\":\"https:\/\/www.jyiele.com\/#\/schema\/logo\/image\/\",\"url\":\"https:\/\/www.jyiele.com\/wp-content\/uploads\/2024\/09\/cropped-jyele-1.webp\",\"contentUrl\":\"https:\/\/www.jyiele.com\/wp-content\/uploads\/2024\/09\/cropped-jyele-1.webp\",\"width\":137,\"height\":60,\"caption\":\"JYIELE\"},\"image\":{\"@id\":\"https:\/\/www.jyiele.com\/#\/schema\/logo\/image\/\"}}]}<\/script>\n<!-- \/ Yoast SEO plugin. -->","yoast_head_json":{"title":"Caixa de jun\u00e7\u00e3o pl\u00e1stica el\u00e9trica \u00e0 prova d'\u00e1gua da s\u00e9rie F com dobradi\u00e7a - JYIELE","robots":{"index":"index","follow":"follow","max-snippet":"max-snippet:-1","max-image-preview":"max-image-preview:large","max-video-preview":"max-video-preview:-1"},"canonical":"https:\/\/www.jyiele.com\/pt\/produto\/waterproof-electrical-plastic-junction-box-with-hinge\/","og_locale":"pt_BR","og_type":"article","og_title":"F Series Waterproof Electrical Plastic Junction Box With Hinge - JYIELE","og_description":"The Waterproof Electrical Plastic Junction Box is designed to protect and safely weatherproof your application with a hinged and latched lid. Manufactured from heavy-duty UV-resistant material for long service in harsh environments. Accommodates customer outlet holes for inlets or mounting wires with several easy, simple installation options, making it suitable for indoor and outdoor usage in many applications.","og_url":"https:\/\/www.jyiele.com\/pt\/produto\/waterproof-electrical-plastic-junction-box-with-hinge\/","og_site_name":"JYIELE","article_modified_time":"2025-03-09T11:34:08+00:00","og_image":[{"width":800,"height":800,"url":"https:\/\/www.jyiele.com\/wp-content\/uploads\/2024\/10\/Electrical-Plastic-Junction-Box.webp","type":"image\/webp"}],"twitter_card":"summary_large_image","twitter_misc":{"Est. tempo de leitura":"2 minutos"},"schema":{"@context":"https:\/\/schema.org","@graph":[{"@type":"WebPage","@id":"https:\/\/www.jyiele.com\/ja\/product\/waterproof-electrical-plastic-junction-box-with-hinge\/","url":"https:\/\/www.jyiele.com\/ja\/product\/waterproof-electrical-plastic-junction-box-with-hinge\/","name":"Caixa de jun\u00e7\u00e3o pl\u00e1stica el\u00e9trica \u00e0 prova d'\u00e1gua da s\u00e9rie F com dobradi\u00e7a - JYIELE","isPartOf":{"@id":"https:\/\/www.jyiele.com\/#website"},"primaryImageOfPage":{"@id":"https:\/\/www.jyiele.com\/ja\/product\/waterproof-electrical-plastic-junction-box-with-hinge\/#primaryimage"},"image":{"@id":"https:\/\/www.jyiele.com\/ja\/product\/waterproof-electrical-plastic-junction-box-with-hinge\/#primaryimage"},"thumbnailUrl":"https:\/\/www.jyiele.com\/wp-content\/uploads\/2024\/10\/Electrical-Plastic-Junction-Box.webp","datePublished":"2024-10-16T12:32:07+00:00","dateModified":"2025-03-09T11:34:08+00:00","breadcrumb":{"@id":"https:\/\/www.jyiele.com\/ja\/product\/waterproof-electrical-plastic-junction-box-with-hinge\/#breadcrumb"},"inLanguage":"pt-BR","potentialAction":[{"@type":"ReadAction","target":["https:\/\/www.jyiele.com\/ja\/product\/waterproof-electrical-plastic-junction-box-with-hinge\/"]}]},{"@type":"ImageObject","inLanguage":"pt-BR","@id":"https:\/\/www.jyiele.com\/ja\/product\/waterproof-electrical-plastic-junction-box-with-hinge\/#primaryimage","url":"https:\/\/www.jyiele.com\/wp-content\/uploads\/2024\/10\/Electrical-Plastic-Junction-Box.webp","contentUrl":"https:\/\/www.jyiele.com\/wp-content\/uploads\/2024\/10\/Electrical-Plastic-Junction-Box.webp","width":800,"height":800,"caption":"Electrical Plastic Junction Box"},{"@type":"BreadcrumbList","@id":"https:\/\/www.jyiele.com\/ja\/product\/waterproof-electrical-plastic-junction-box-with-hinge\/#breadcrumb","itemListElement":[{"@type":"ListItem","position":1,"name":"Home","item":"https:\/\/www.jyiele.com\/"},{"@type":"ListItem","position":2,"name":"Product","item":"https:\/\/www.jyiele.com\/product\/"},{"@type":"ListItem","position":3,"name":"Waterproof Plastic Enclosure","item":"https:\/\/www.jyiele.com\/ja\/product-category\/waterproof-plastic-enclosure\/"},{"@type":"ListItem","position":4,"name":"F Series Waterproof Electrical Plastic Junction Box With Hinge"}]},{"@type":"WebSite","@id":"https:\/\/www.jyiele.com\/#website","url":"https:\/\/www.jyiele.com\/","name":"JYIELE","description":"Fabricante de disjuntores a v\u00e1cuo","publisher":{"@id":"https:\/\/www.jyiele.com\/#organization"},"potentialAction":[{"@type":"SearchAction","target":{"@type":"EntryPoint","urlTemplate":"https:\/\/www.jyiele.com\/?s={search_term_string}"},"query-input":{"@type":"PropertyValueSpecification","valueRequired":true,"valueName":"search_term_string"}}],"inLanguage":"pt-BR"},{"@type":"Organization","@id":"https:\/\/www.jyiele.com\/#organization","name":"JYIELE","url":"https:\/\/www.jyiele.com\/","logo":{"@type":"ImageObject","inLanguage":"pt-BR","@id":"https:\/\/www.jyiele.com\/#\/schema\/logo\/image\/","url":"https:\/\/www.jyiele.com\/wp-content\/uploads\/2024\/09\/cropped-jyele-1.webp","contentUrl":"https:\/\/www.jyiele.com\/wp-content\/uploads\/2024\/09\/cropped-jyele-1.webp","width":137,"height":60,"caption":"JYIELE"},"image":{"@id":"https:\/\/www.jyiele.com\/#\/schema\/logo\/image\/"}}]}},"_links":{"self":[{"href":"https:\/\/www.jyiele.com\/pt\/wp-json\/wp\/v2\/product\/2138","targetHints":{"allow":["GET"]}}],"collection":[{"href":"https:\/\/www.jyiele.com\/pt\/wp-json\/wp\/v2\/product"}],"about":[{"href":"https:\/\/www.jyiele.com\/pt\/wp-json\/wp\/v2\/types\/product"}],"version-history":[{"count":2,"href":"https:\/\/www.jyiele.com\/pt\/wp-json\/wp\/v2\/product\/2138\/revisions"}],"predecessor-version":[{"id":2142,"href":"https:\/\/www.jyiele.com\/pt\/wp-json\/wp\/v2\/product\/2138\/revisions\/2142"}],"wp:featuredmedia":[{"embeddable":true,"href":"https:\/\/www.jyiele.com\/pt\/wp-json\/wp\/v2\/media\/2141"}],"wp:attachment":[{"href":"https:\/\/www.jyiele.com\/pt\/wp-json\/wp\/v2\/media?parent=2138"}],"wp:term":[{"taxonomy":"product_brand","embeddable":true,"href":"https:\/\/www.jyiele.com\/pt\/wp-json\/wp\/v2\/product_brand?post=2138"},{"taxonomy":"product_cat","embeddable":true,"href":"https:\/\/www.jyiele.com\/pt\/wp-json\/wp\/v2\/product_cat?post=2138"},{"taxonomy":"product_tag","embeddable":true,"href":"https:\/\/www.jyiele.com\/pt\/wp-json\/wp\/v2\/product_tag?post=2138"}],"curies":[{"name":"wp","href":"https:\/\/api.w.org\/{rel}","templated":true}]}}