{"id":95,"date":"2022-09-08T17:17:26","date_gmt":"2022-09-08T17:17:26","guid":{"rendered":"http:\/\/jyiele.com\/?post_type=product&#038;p=49"},"modified":"2025-03-09T11:40:04","modified_gmt":"2025-03-09T11:40:04","slug":"indoor-auxiliary-handcart-switchgear-breaker","status":"publish","type":"product","link":"https:\/\/www.jyiele.com\/pt\/produto\/indoor-auxiliary-handcart-switchgear-breaker\/","title":{"rendered":"ZN85-40.5 Disjuntor de carrinho de m\u00e3o auxiliar interno"},"content":{"rendered":"<h2 class=\"wp-block-heading\">Geral<\/h2>\n<p>O carrinho de m\u00e3o auxiliar ZN85, projetado e produzido por n\u00f3s, tem um mecanismo de acionamento por haste de parafuso e pode ser movido com facilidade, evitando danos ao mecanismo de acionamento devido \u00e0 opera\u00e7\u00e3o incorreta. Ele se aplica aos sistemas de energia segmentados de barramento \u00fanico de corrente alternada trif\u00e1sica de 50 Hz e 40,5 kV nos comutadores met\u00e1licos m\u00f3veis blindados KYN61-40,5.<\/p>\n<h2 class=\"wp-block-heading\">Padr\u00f5es de produtos<\/h2>\n<p>O carrinho de m\u00e3o auxiliar ZN85 \u00e9 produzido de acordo com os seguintes padr\u00f5es e c\u00f3digos.<\/p>\n<p>GB\/T 11022-2011 Especifica\u00e7\u00f5es comuns para padr\u00f5es de aparelhagem de alta tens\u00e3o e aparelhagem de controle<\/p>\n<p>\u25cf IEC 62271-2007 Aparelhagem de alta tens\u00e3o e aparelhagem de controle - Parte 1: Especifica\u00e7\u00f5es comuns<\/p>\n<h2 class=\"wp-block-heading\">Condi\u00e7\u00f5es operacionais<\/h2>\n<p>Condi\u00e7\u00f5es normais de opera\u00e7\u00e3o<\/p>\n<p>Temperatura ambiente: -40\u2103~+40\u2103 (abaixo de 35\u2103 em 24 horas)<\/p>\n<p>Umidade relativa: \u226495% (m\u00e9dia di\u00e1ria) ou \u226490% (m\u00e9dia mensal)<\/p>\n<p>Altitude: \u22641000m<\/p>\n<h2 class=\"wp-block-heading\">Par\u00e2metros t\u00e9cnicos<\/h2>\n<p>1.1 Par\u00e2metros t\u00e9cnicos<\/p>\n<figure class=\"wp-block-table\">\n<div class=\"scroll\">\n<table>\n<tbody>\n<tr>\n<td>\u00a0\u00a0 Item<\/td>\n<td>Unidade<\/td>\n<td>Valor de refer\u00eancia<\/td>\n<\/tr>\n<tr>\n<td>\u00a0\u00a0 Tens\u00e3o nominal<\/td>\n<td>kV<\/td>\n<td>40.5<\/td>\n<\/tr>\n<tr>\n<td>Tens\u00e3o suport\u00e1vel de impulso de raio<\/td>\n<td>kV<\/td>\n<td>185<\/td>\n<\/tr>\n<tr>\n<td>\u00a0\u00a0 N\u00edvel de isolamento nominal Tens\u00e3o de resist\u00eancia \u00e0 frequ\u00eancia de pot\u00eancia de 1 minuto<\/td>\n<td>kV<\/td>\n<td>95<\/td>\n<\/tr>\n<tr>\n<td>\u00a0\u00a0 Frequ\u00eancia nominal<\/td>\n<td>Hz<\/td>\n<td>50\/60<\/td>\n<\/tr>\n<\/tbody>\n<\/table>\n<\/div>\n<\/figure>\n<p>1.2 Desenho da liga\u00e7\u00e3o entre o contato m\u00f3vel e o contato fixo<\/p>\n<figure class=\"wp-block-image size-full\"><img fetchpriority=\"high\" decoding=\"async\" class=\"alignnone wp-image-789 size-full\" src=\"http:\/\/jyiele.com\/wp-content\/uploads\/2020\/04\/High-Voltage-Vcb-01.webp\" alt=\"Alta voltagem-Vcb\" width=\"845\" height=\"146\" srcset=\"https:\/\/www.jyiele.com\/wp-content\/uploads\/2020\/04\/High-Voltage-Vcb-01.webp 845w, https:\/\/www.jyiele.com\/wp-content\/uploads\/2020\/04\/High-Voltage-Vcb-01-300x52.webp 300w, https:\/\/www.jyiele.com\/wp-content\/uploads\/2020\/04\/High-Voltage-Vcb-01-768x133.webp 768w, https:\/\/www.jyiele.com\/wp-content\/uploads\/2020\/04\/High-Voltage-Vcb-01-18x3.webp 18w, https:\/\/www.jyiele.com\/wp-content\/uploads\/2020\/04\/High-Voltage-Vcb-01-600x104.webp 600w\" sizes=\"(max-width: 845px) 100vw, 845px\" \/><\/figure>\n<p>Dimens\u00e3o geral e de instala\u00e7\u00e3o<\/p>\n<p>Dimens\u00e3o geral do carrinho de m\u00e3o com isolamento ZN85-40.5 (largura do gabinete: 1400 mm)<\/p>\n<figure class=\"wp-block-image size-full\"><img decoding=\"async\" class=\"alignnone wp-image-790 size-full\" src=\"http:\/\/jyiele.com\/wp-content\/uploads\/2020\/04\/High-Voltage-Vcb-02.webp\" alt=\"Alta voltagem-Vcb\" width=\"845\" height=\"376\" srcset=\"https:\/\/www.jyiele.com\/wp-content\/uploads\/2020\/04\/High-Voltage-Vcb-02.webp 845w, https:\/\/www.jyiele.com\/wp-content\/uploads\/2020\/04\/High-Voltage-Vcb-02-300x133.webp 300w, https:\/\/www.jyiele.com\/wp-content\/uploads\/2020\/04\/High-Voltage-Vcb-02-768x342.webp 768w, https:\/\/www.jyiele.com\/wp-content\/uploads\/2020\/04\/High-Voltage-Vcb-02-18x8.webp 18w, https:\/\/www.jyiele.com\/wp-content\/uploads\/2020\/04\/High-Voltage-Vcb-02-600x267.webp 600w\" sizes=\"(max-width: 845px) 100vw, 845px\" \/><\/figure>\n<figure class=\"wp-block-table\">\n<div class=\"scroll\">\n<table>\n<tbody>\n<tr>\n<td>\u00a0\u00a0 Corrente nominal (A)<\/td>\n<td>630<\/td>\n<td>1250<\/td>\n<\/tr>\n<tr>\n<td>\u00a0\u00a0 Tamanho do contato fixo D (mm)<\/td>\n<td>\u03c635<\/td>\n<td>meio 49<\/td>\n<\/tr>\n<tr>\n<td>\u00a0\u00a0 dist\u00e2ncia entre fases (mm)<\/td>\n<td colspan=\"2\">300<\/td>\n<\/tr>\n<tr>\n<td>\u00a0\u00a0 Curso do carrinho de m\u00e3o (mm)<\/td>\n<td colspan=\"2\">610\u00b12<\/td>\n<\/tr>\n<\/tbody>\n<\/table>\n<\/div>\n<\/figure>\n<figure class=\"wp-block-image size-full\"><img decoding=\"async\" class=\"alignnone wp-image-788 size-full\" src=\"http:\/\/jyiele.com\/wp-content\/uploads\/2020\/04\/High-Voltage-Vcb-03.webp\" alt=\"Alta voltagem-Vcb\" width=\"845\" height=\"342\" srcset=\"https:\/\/www.jyiele.com\/wp-content\/uploads\/2020\/04\/High-Voltage-Vcb-03.webp 845w, https:\/\/www.jyiele.com\/wp-content\/uploads\/2020\/04\/High-Voltage-Vcb-03-300x121.webp 300w, https:\/\/www.jyiele.com\/wp-content\/uploads\/2020\/04\/High-Voltage-Vcb-03-768x311.webp 768w, https:\/\/www.jyiele.com\/wp-content\/uploads\/2020\/04\/High-Voltage-Vcb-03-18x7.webp 18w, https:\/\/www.jyiele.com\/wp-content\/uploads\/2020\/04\/High-Voltage-Vcb-03-600x243.webp 600w\" sizes=\"(max-width: 845px) 100vw, 845px\" \/><\/figure>\n<figure class=\"wp-block-table\">\n<div class=\"scroll\">\n<table>\n<tbody>\n<tr>\n<td>59<\/td>\n<td>Para a chave auxiliar na posi\u00e7\u00e3o de opera\u00e7\u00e3o<\/td>\n<\/tr>\n<tr>\n<td>58<\/td>\n<td>ou a chave auxiliar na posi\u00e7\u00e3o de opera\u00e7\u00e3o<\/td>\n<\/tr>\n<tr>\n<td>Y1<\/td>\n<td>Eletro\u00edm\u00e3 de bloqueio (pe\u00e7a opcional)<\/td>\n<\/tr>\n<\/tbody>\n<\/table>\n<\/div>\n<\/figure>","protected":false},"excerpt":{"rendered":"<p>O disjuntor auxiliar de carrinho de m\u00e3o interno de alta tens\u00e3o ZN85-40.5 \u00e9 adequado para sistemas de energia CA 50Hz. 35kV, usado como dispositivo de prote\u00e7\u00e3o e controle em usinas de energia, subesta\u00e7\u00f5es, etc,<\/p>","protected":false},"featured_media":780,"template":"","meta":{"site-sidebar-layout":"default","site-content-layout":"","ast-site-content-layout":"default","site-content-style":"default","site-sidebar-style":"default","ast-global-header-display":"","ast-banner-title-visibility":"","ast-main-header-display":"","ast-hfb-above-header-display":"","ast-hfb-below-header-display":"","ast-hfb-mobile-header-display":"","site-post-title":"","ast-breadcrumbs-content":"","ast-featured-img":"","footer-sml-layout":"","ast-disable-related-posts":"","theme-transparent-header-meta":"default","adv-header-id-meta":"","stick-header-meta":"","header-above-stick-meta":"","header-main-stick-meta":"","header-below-stick-meta":"","astra-migrate-meta-layouts":"set","ast-page-background-enabled":"default","ast-page-background-meta":{"desktop":{"background-color":"var(--ast-global-color-4)","background-image":"","background-repeat":"repeat","background-position":"center center","background-size":"auto","background-attachment":"scroll","background-type":"","background-media":"","overlay-type":"","overlay-color":"","overlay-opacity":"","overlay-gradient":""},"tablet":{"background-color":"","background-image":"","background-repeat":"repeat","background-position":"center center","background-size":"auto","background-attachment":"scroll","background-type":"","background-media":"","overlay-type":"","overlay-color":"","overlay-opacity":"","overlay-gradient":""},"mobile":{"background-color":"","background-image":"","background-repeat":"repeat","background-position":"center center","background-size":"auto","background-attachment":"scroll","background-type":"","background-media":"","overlay-type":"","overlay-color":"","overlay-opacity":"","overlay-gradient":""}},"ast-content-background-meta":{"desktop":{"background-color":"var(--ast-global-color-5)","background-image":"","background-repeat":"repeat","background-position":"center center","background-size":"auto","background-attachment":"scroll","background-type":"","background-media":"","overlay-type":"","overlay-color":"","overlay-opacity":"","overlay-gradient":""},"tablet":{"background-color":"var(--ast-global-color-5)","background-image":"","background-repeat":"repeat","background-position":"center center","background-size":"auto","background-attachment":"scroll","background-type":"","background-media":"","overlay-type":"","overlay-color":"","overlay-opacity":"","overlay-gradient":""},"mobile":{"background-color":"var(--ast-global-color-5)","background-image":"","background-repeat":"repeat","background-position":"center center","background-size":"auto","background-attachment":"scroll","background-type":"","background-media":"","overlay-type":"","overlay-color":"","overlay-opacity":"","overlay-gradient":""}}},"product_brand":[],"product_cat":[26],"product_tag":[],"class_list":{"0":"post-95","1":"product","2":"type-product","3":"status-publish","4":"has-post-thumbnail","6":"product_cat-vacuum-circuit-breaker","7":"desktop-align-left","8":"tablet-align-left","9":"mobile-align-left","11":"first","12":"instock","13":"shipping-taxable","14":"purchasable","15":"product-type-simple"},"yoast_head":"<!-- This site is optimized with the Yoast SEO plugin v24.8.1 - https:\/\/yoast.com\/wordpress\/plugins\/seo\/ -->\n<title>ZN85-40.5 Indoor Auxiliary Handcart Switchgear Breaker - JYIELE<\/title>\n<meta name=\"description\" content=\"ZN85-40.5 Indoor Auxiliary Handcart switchgear breaker offered by China manufacturer JYIELE Electric Manufacture. Buy directly with low price and high quality.our circuit breaker ensures efficient power distribution and maximum safety.\" \/>\n<meta name=\"robots\" content=\"index, follow, max-snippet:-1, max-image-preview:large, max-video-preview:-1\" \/>\n<link rel=\"canonical\" href=\"https:\/\/www.jyiele.com\/pt\/produto\/indoor-auxiliary-handcart-switchgear-breaker\/\" \/>\n<meta property=\"og:locale\" content=\"pt_BR\" \/>\n<meta property=\"og:type\" content=\"article\" \/>\n<meta property=\"og:title\" content=\"ZN85-40.5 Indoor Auxiliary Handcart Switchgear Breaker - JYIELE\" \/>\n<meta property=\"og:description\" content=\"ZN85-40.5 Indoor Auxiliary Handcart switchgear breaker offered by China manufacturer JYIELE Electric Manufacture. Buy directly with low price and high quality.our circuit breaker ensures efficient power distribution and maximum safety.\" \/>\n<meta property=\"og:url\" content=\"https:\/\/www.jyiele.com\/pt\/produto\/indoor-auxiliary-handcart-switchgear-breaker\/\" \/>\n<meta property=\"og:site_name\" content=\"JYIELE\" \/>\n<meta property=\"article:modified_time\" content=\"2025-03-09T11:40:04+00:00\" \/>\n<meta property=\"og:image\" content=\"https:\/\/www.jyiele.com\/wp-content\/uploads\/2020\/04\/Indoor-Auxiliary-Handcart-Switchgear-Breaker.webp\" \/>\n\t<meta property=\"og:image:width\" content=\"600\" \/>\n\t<meta property=\"og:image:height\" content=\"600\" \/>\n\t<meta property=\"og:image:type\" content=\"image\/webp\" \/>\n<meta name=\"twitter:card\" content=\"summary_large_image\" \/>\n<meta name=\"twitter:label1\" content=\"Est. tempo de leitura\" \/>\n\t<meta name=\"twitter:data1\" content=\"2 minutos\" \/>\n<script type=\"application\/ld+json\" class=\"yoast-schema-graph\">{\"@context\":\"https:\/\/schema.org\",\"@graph\":[{\"@type\":\"WebPage\",\"@id\":\"https:\/\/www.jyiele.com\/product\/indoor-auxiliary-handcart-switchgear-breaker\/\",\"url\":\"https:\/\/www.jyiele.com\/product\/indoor-auxiliary-handcart-switchgear-breaker\/\",\"name\":\"ZN85-40.5 Indoor Auxiliary Handcart Switchgear Breaker - JYIELE\",\"isPartOf\":{\"@id\":\"https:\/\/www.jyiele.com\/#website\"},\"primaryImageOfPage\":{\"@id\":\"https:\/\/www.jyiele.com\/product\/indoor-auxiliary-handcart-switchgear-breaker\/#primaryimage\"},\"image\":{\"@id\":\"https:\/\/www.jyiele.com\/product\/indoor-auxiliary-handcart-switchgear-breaker\/#primaryimage\"},\"thumbnailUrl\":\"https:\/\/www.jyiele.com\/wp-content\/uploads\/2020\/04\/Indoor-Auxiliary-Handcart-Switchgear-Breaker.webp\",\"datePublished\":\"2022-09-08T17:17:26+00:00\",\"dateModified\":\"2025-03-09T11:40:04+00:00\",\"description\":\"ZN85-40.5 Indoor Auxiliary Handcart switchgear breaker offered by China manufacturer JYIELE Electric Manufacture. Buy directly with low price and high quality.our circuit breaker ensures efficient power distribution and maximum safety.\",\"breadcrumb\":{\"@id\":\"https:\/\/www.jyiele.com\/product\/indoor-auxiliary-handcart-switchgear-breaker\/#breadcrumb\"},\"inLanguage\":\"pt-BR\",\"potentialAction\":[{\"@type\":\"ReadAction\",\"target\":[\"https:\/\/www.jyiele.com\/product\/indoor-auxiliary-handcart-switchgear-breaker\/\"]}]},{\"@type\":\"ImageObject\",\"inLanguage\":\"pt-BR\",\"@id\":\"https:\/\/www.jyiele.com\/product\/indoor-auxiliary-handcart-switchgear-breaker\/#primaryimage\",\"url\":\"https:\/\/www.jyiele.com\/wp-content\/uploads\/2020\/04\/Indoor-Auxiliary-Handcart-Switchgear-Breaker.webp\",\"contentUrl\":\"https:\/\/www.jyiele.com\/wp-content\/uploads\/2020\/04\/Indoor-Auxiliary-Handcart-Switchgear-Breaker.webp\",\"width\":600,\"height\":600,\"caption\":\"Indoor Auxiliary Handcart Switchgear Breaker\"},{\"@type\":\"BreadcrumbList\",\"@id\":\"https:\/\/www.jyiele.com\/product\/indoor-auxiliary-handcart-switchgear-breaker\/#breadcrumb\",\"itemListElement\":[{\"@type\":\"ListItem\",\"position\":1,\"name\":\"Home\",\"item\":\"https:\/\/www.jyiele.com\/\"},{\"@type\":\"ListItem\",\"position\":2,\"name\":\"Product\",\"item\":\"https:\/\/www.jyiele.com\/product\/\"},{\"@type\":\"ListItem\",\"position\":3,\"name\":\"Vacuum Circuit Breaker\",\"item\":\"https:\/\/www.jyiele.com\/product-category\/vacuum-circuit-breaker\/\"},{\"@type\":\"ListItem\",\"position\":4,\"name\":\"ZN85-40.5 Indoor Auxiliary Handcart Switchgear Breaker\"}]},{\"@type\":\"WebSite\",\"@id\":\"https:\/\/www.jyiele.com\/#website\",\"url\":\"https:\/\/www.jyiele.com\/\",\"name\":\"JYIELE\",\"description\":\"Vacuum Circuit Breaker manufacturer\",\"publisher\":{\"@id\":\"https:\/\/www.jyiele.com\/#organization\"},\"potentialAction\":[{\"@type\":\"SearchAction\",\"target\":{\"@type\":\"EntryPoint\",\"urlTemplate\":\"https:\/\/www.jyiele.com\/?s={search_term_string}\"},\"query-input\":{\"@type\":\"PropertyValueSpecification\",\"valueRequired\":true,\"valueName\":\"search_term_string\"}}],\"inLanguage\":\"pt-BR\"},{\"@type\":\"Organization\",\"@id\":\"https:\/\/www.jyiele.com\/#organization\",\"name\":\"JYIELE\",\"url\":\"https:\/\/www.jyiele.com\/\",\"logo\":{\"@type\":\"ImageObject\",\"inLanguage\":\"pt-BR\",\"@id\":\"https:\/\/www.jyiele.com\/#\/schema\/logo\/image\/\",\"url\":\"https:\/\/www.jyiele.com\/wp-content\/uploads\/2024\/09\/cropped-jyele-1.webp\",\"contentUrl\":\"https:\/\/www.jyiele.com\/wp-content\/uploads\/2024\/09\/cropped-jyele-1.webp\",\"width\":137,\"height\":60,\"caption\":\"JYIELE\"},\"image\":{\"@id\":\"https:\/\/www.jyiele.com\/#\/schema\/logo\/image\/\"}}]}<\/script>\n<!-- \/ Yoast SEO plugin. -->","yoast_head_json":{"title":"ZN85-40.5 Disjuntor de carrinho de m\u00e3o auxiliar interno - JYIELE","description":"ZN85-40.5 Disjuntor de carrinho de m\u00e3o auxiliar interno oferecido pelo fabricante chin\u00eas JYIELE Electric Manufacture. Compre diretamente com pre\u00e7o baixo e alta qualidade. Nosso disjuntor garante distribui\u00e7\u00e3o eficiente de energia e seguran\u00e7a m\u00e1xima.","robots":{"index":"index","follow":"follow","max-snippet":"max-snippet:-1","max-image-preview":"max-image-preview:large","max-video-preview":"max-video-preview:-1"},"canonical":"https:\/\/www.jyiele.com\/pt\/produto\/indoor-auxiliary-handcart-switchgear-breaker\/","og_locale":"pt_BR","og_type":"article","og_title":"ZN85-40.5 Indoor Auxiliary Handcart Switchgear Breaker - JYIELE","og_description":"ZN85-40.5 Indoor Auxiliary Handcart switchgear breaker offered by China manufacturer JYIELE Electric Manufacture. Buy directly with low price and high quality.our circuit breaker ensures efficient power distribution and maximum safety.","og_url":"https:\/\/www.jyiele.com\/pt\/produto\/indoor-auxiliary-handcart-switchgear-breaker\/","og_site_name":"JYIELE","article_modified_time":"2025-03-09T11:40:04+00:00","og_image":[{"width":600,"height":600,"url":"https:\/\/www.jyiele.com\/wp-content\/uploads\/2020\/04\/Indoor-Auxiliary-Handcart-Switchgear-Breaker.webp","type":"image\/webp"}],"twitter_card":"summary_large_image","twitter_misc":{"Est. tempo de leitura":"2 minutos"},"schema":{"@context":"https:\/\/schema.org","@graph":[{"@type":"WebPage","@id":"https:\/\/www.jyiele.com\/product\/indoor-auxiliary-handcart-switchgear-breaker\/","url":"https:\/\/www.jyiele.com\/product\/indoor-auxiliary-handcart-switchgear-breaker\/","name":"ZN85-40.5 Disjuntor de carrinho de m\u00e3o auxiliar interno - JYIELE","isPartOf":{"@id":"https:\/\/www.jyiele.com\/#website"},"primaryImageOfPage":{"@id":"https:\/\/www.jyiele.com\/product\/indoor-auxiliary-handcart-switchgear-breaker\/#primaryimage"},"image":{"@id":"https:\/\/www.jyiele.com\/product\/indoor-auxiliary-handcart-switchgear-breaker\/#primaryimage"},"thumbnailUrl":"https:\/\/www.jyiele.com\/wp-content\/uploads\/2020\/04\/Indoor-Auxiliary-Handcart-Switchgear-Breaker.webp","datePublished":"2022-09-08T17:17:26+00:00","dateModified":"2025-03-09T11:40:04+00:00","description":"ZN85-40.5 Disjuntor de carrinho de m\u00e3o auxiliar interno oferecido pelo fabricante chin\u00eas JYIELE Electric Manufacture. Compre diretamente com pre\u00e7o baixo e alta qualidade. Nosso disjuntor garante distribui\u00e7\u00e3o eficiente de energia e seguran\u00e7a m\u00e1xima.","breadcrumb":{"@id":"https:\/\/www.jyiele.com\/product\/indoor-auxiliary-handcart-switchgear-breaker\/#breadcrumb"},"inLanguage":"pt-BR","potentialAction":[{"@type":"ReadAction","target":["https:\/\/www.jyiele.com\/product\/indoor-auxiliary-handcart-switchgear-breaker\/"]}]},{"@type":"ImageObject","inLanguage":"pt-BR","@id":"https:\/\/www.jyiele.com\/product\/indoor-auxiliary-handcart-switchgear-breaker\/#primaryimage","url":"https:\/\/www.jyiele.com\/wp-content\/uploads\/2020\/04\/Indoor-Auxiliary-Handcart-Switchgear-Breaker.webp","contentUrl":"https:\/\/www.jyiele.com\/wp-content\/uploads\/2020\/04\/Indoor-Auxiliary-Handcart-Switchgear-Breaker.webp","width":600,"height":600,"caption":"Indoor Auxiliary Handcart Switchgear Breaker"},{"@type":"BreadcrumbList","@id":"https:\/\/www.jyiele.com\/product\/indoor-auxiliary-handcart-switchgear-breaker\/#breadcrumb","itemListElement":[{"@type":"ListItem","position":1,"name":"Home","item":"https:\/\/www.jyiele.com\/"},{"@type":"ListItem","position":2,"name":"Product","item":"https:\/\/www.jyiele.com\/product\/"},{"@type":"ListItem","position":3,"name":"Vacuum Circuit Breaker","item":"https:\/\/www.jyiele.com\/product-category\/vacuum-circuit-breaker\/"},{"@type":"ListItem","position":4,"name":"ZN85-40.5 Indoor Auxiliary Handcart Switchgear Breaker"}]},{"@type":"WebSite","@id":"https:\/\/www.jyiele.com\/#website","url":"https:\/\/www.jyiele.com\/","name":"JYIELE","description":"Fabricante de disjuntores a v\u00e1cuo","publisher":{"@id":"https:\/\/www.jyiele.com\/#organization"},"potentialAction":[{"@type":"SearchAction","target":{"@type":"EntryPoint","urlTemplate":"https:\/\/www.jyiele.com\/?s={search_term_string}"},"query-input":{"@type":"PropertyValueSpecification","valueRequired":true,"valueName":"search_term_string"}}],"inLanguage":"pt-BR"},{"@type":"Organization","@id":"https:\/\/www.jyiele.com\/#organization","name":"JYIELE","url":"https:\/\/www.jyiele.com\/","logo":{"@type":"ImageObject","inLanguage":"pt-BR","@id":"https:\/\/www.jyiele.com\/#\/schema\/logo\/image\/","url":"https:\/\/www.jyiele.com\/wp-content\/uploads\/2024\/09\/cropped-jyele-1.webp","contentUrl":"https:\/\/www.jyiele.com\/wp-content\/uploads\/2024\/09\/cropped-jyele-1.webp","width":137,"height":60,"caption":"JYIELE"},"image":{"@id":"https:\/\/www.jyiele.com\/#\/schema\/logo\/image\/"}}]}},"_links":{"self":[{"href":"https:\/\/www.jyiele.com\/pt\/wp-json\/wp\/v2\/product\/95","targetHints":{"allow":["GET"]}}],"collection":[{"href":"https:\/\/www.jyiele.com\/pt\/wp-json\/wp\/v2\/product"}],"about":[{"href":"https:\/\/www.jyiele.com\/pt\/wp-json\/wp\/v2\/types\/product"}],"version-history":[{"count":2,"href":"https:\/\/www.jyiele.com\/pt\/wp-json\/wp\/v2\/product\/95\/revisions"}],"predecessor-version":[{"id":1481,"href":"https:\/\/www.jyiele.com\/pt\/wp-json\/wp\/v2\/product\/95\/revisions\/1481"}],"wp:featuredmedia":[{"embeddable":true,"href":"https:\/\/www.jyiele.com\/pt\/wp-json\/wp\/v2\/media\/780"}],"wp:attachment":[{"href":"https:\/\/www.jyiele.com\/pt\/wp-json\/wp\/v2\/media?parent=95"}],"wp:term":[{"taxonomy":"product_brand","embeddable":true,"href":"https:\/\/www.jyiele.com\/pt\/wp-json\/wp\/v2\/product_brand?post=95"},{"taxonomy":"product_cat","embeddable":true,"href":"https:\/\/www.jyiele.com\/pt\/wp-json\/wp\/v2\/product_cat?post=95"},{"taxonomy":"product_tag","embeddable":true,"href":"https:\/\/www.jyiele.com\/pt\/wp-json\/wp\/v2\/product_tag?post=95"}],"curies":[{"name":"wp","href":"https:\/\/api.w.org\/{rel}","templated":true}]}}